{"id":3766,"date":"2021-01-16T19:29:02","date_gmt":"2021-01-16T18:29:02","guid":{"rendered":"https:\/\/ecl-pisarka.pl\/?page_id=3766"},"modified":"2026-02-19T12:11:44","modified_gmt":"2026-02-19T11:11:44","slug":"wywiad-z-autorka-romansow","status":"publish","type":"page","link":"https:\/\/ecl-pisarka.pl\/index.php\/wywiad-z-autorka-romansow\/","title":{"rendered":"Wywiad z autork\u0105 romans\u00f3w"},"content":{"rendered":"\n<h2 class=\"wp-block-heading has-text-align-center has-large-font-size\">Wywiad z autork\u0105 romans\u00f3w&#8230;<\/h2>\n\n\n<div class=\"wp-block-image\">\n<figure class=\"aligncenter size-medium\"><img loading=\"lazy\" decoding=\"async\" width=\"208\" height=\"300\" src=\"https:\/\/ecl-pisarka.pl\/wp-content\/uploads\/2025\/03\/P1017002-208x300.jpg\" alt=\"wywiady autorskie\" class=\"wp-image-6751\" srcset=\"https:\/\/ecl-pisarka.pl\/wp-content\/uploads\/2025\/03\/P1017002-208x300.jpg 208w, https:\/\/ecl-pisarka.pl\/wp-content\/uploads\/2025\/03\/P1017002-710x1024.jpg 710w, https:\/\/ecl-pisarka.pl\/wp-content\/uploads\/2025\/03\/P1017002-768x1108.jpg 768w, https:\/\/ecl-pisarka.pl\/wp-content\/uploads\/2025\/03\/P1017002-1065x1536.jpg 1065w, https:\/\/ecl-pisarka.pl\/wp-content\/uploads\/2025\/03\/P1017002-1419x2048.jpg 1419w, https:\/\/ecl-pisarka.pl\/wp-content\/uploads\/2025\/03\/P1017002-300x433.jpg 300w, https:\/\/ecl-pisarka.pl\/wp-content\/uploads\/2025\/03\/P1017002-600x866.jpg 600w, https:\/\/ecl-pisarka.pl\/wp-content\/uploads\/2025\/03\/P1017002-scaled.jpg 1774w\" sizes=\"auto, (max-width: 208px) 100vw, 208px\" \/><\/figure>\n<\/div>\n\n\n<p>Wywiad z <a href=\"https:\/\/ecl-pisarka.pl\/index.php\/autorka-romansow\/\">autork\u0105 romans\u00f3w<\/a> przeprowadzi\u0142y ni\u017cej wymienione osoby i instytucje:<\/p>\n\n\n\n<ol class=\"wp-block-list\">\n<li><a href=\"https:\/\/ewelina-czyta.blogspot.com\/2021\/12\/kilka-pytan-do-ewelina-c-lisowska.html\" target=\"_blank\" rel=\"noopener\">Ewelina-czyta<\/a><\/li>\n\n\n\n<li><a href=\"https:\/\/czytadlojagody.blogspot.com\/2022\/12\/czat-z-ewelina-clisowska-krolowa.html?fbclid=IwAR2NuhFuLsRg92IdsjPaGN5U6X2v_BRFGBZLrFy4LNTvjd7yMwmJQpKqZ8Q\" target=\"_blank\" rel=\"noopener\">Czytad\u0142o<\/a><\/li>\n\n\n\n<li><a href=\"https:\/\/czytadlojagody.blogspot.com\/2022\/10\/ewelina-clisowska-nowy-eden-powrot-raju.html?fbclid=IwAR2NuhFuLsRg92IdsjPaGN5U6X2v_BRFGBZLrFy4LNTvjd7yMwmJQpKqZ8Q\" target=\"_blank\" rel=\"noopener\">Czytad\u0142o<\/a><\/li>\n\n\n\n<li><a href=\"https:\/\/pisarzepolscy.pl\/wiadomosci\/pokaz\/273,wywiad-z-ewelina-c-lisowska-autorka-krolowej-zebrakow\" target=\"_blank\" rel=\"noopener\">Pisarze Polscy PL<\/a><\/li>\n\n\n\n<li><a href=\"https:\/\/pisarzepolscy.pl\/wiadomosci\/pokaz\/285,wywiad-z-ewelina-c-lisowska\" target=\"_blank\" rel=\"noopener\">Pisarze Polscy PL<\/a><\/li>\n\n\n\n<li><a href=\"https:\/\/motylliteracki.blogspot.com\/2022\/11\/wizytowka-autorska-ewelina-c-lisowska.html?fbclid=IwAR0keepu2FXkXBdRk1nYQ84nKC6F7ScUyhPWq_uyoYJJY69CEwIS-LDuHxg\" target=\"_blank\" rel=\"noopener\">Motyl Literacki<\/a><\/li>\n\n\n\n<li><a href=\"https:\/\/czytadlojagody.blogspot.com\/2023\/07\/ewelina-c-lisowska-seria-wiek-niewazny.html\" target=\"_blank\" rel=\"noopener\">Czytad\u0142o &#8211; wywiad o serii WIEK-NIEWA\u017bNY<\/a><\/li>\n\n\n\n<li><a href=\"https:\/\/czytadlojagody.blogspot.com\/2023\/09\/ewelina-c-lisowska-guard-wywiad.html\" target=\"_blank\" rel=\"noopener\">Czytad\u0142o &#8211; wywiad zwi\u0105zany z romansem sci-fi GUARD<\/a><\/li>\n\n\n\n<li><a href=\"https:\/\/www.youtube.com\/watch?v=wz_SaO_vWuk\" target=\"_blank\" rel=\"noopener\">Biblioteka Publiczna w Rajczy<\/a> &#x1f3a4;<\/li>\n<\/ol>\n\n\n\n<p class=\"has-text-align-center has-medium-font-size\"><\/p>\n\n\n\n<h2 class=\"wp-block-heading has-text-align-center has-large-font-size\">RECENZJE i nie tylko<\/h2>\n\n\n\n<p>Gdzie znajdziesz recenzje powie\u015bci Eweliny C Lisowksiej? W mediach spo\u0142eczno\u015bciowych oraz na portalach literackich.<\/p>\n\n\n\n<ol class=\"wp-block-list\">\n<li>Lubimy czyta\u0107<\/li>\n\n\n\n<li>Recenzenci Literatury<\/li>\n\n\n\n<li>Facebook &#8211; udost\u0119pniam posty na moim profilu autorskim<\/li>\n\n\n\n<li>Instagram<\/li>\n\n\n\n<li>Na kanapie<\/li>\n\n\n\n<li>Granice<\/li>\n\n\n\n<li>Ridero Ksi\u0105\u017cki<\/li>\n\n\n\n<li>Tu M\u00f3wi Ksi\u0105\u017cka<\/li>\n\n\n\n<li>Poezja Ma G\u0142os<\/li>\n<\/ol>\n\n\n\n<h2 class=\"wp-block-heading has-text-align-center has-large-font-size\">WSP\u00d3\u0141PRACA<\/h2>\n\n\n\n<p class=\"has-text-align-center has-medium-font-size\">Serdecznie dzi\u0119kujemy za owocn\u0105 wsp\u00f3\u0142prac\u0119 <strong>panu Czarkowi Papajowi<\/strong> z <strong>Poezja ma g\u0142os<\/strong> oraz <strong><a href=\"https:\/\/ecl-pisarka.pl\/index.php\/2022\/08\/01\/posluchaj-fragmentu-nowy-eden\/\">Tu M\u00f3wi Ksi\u0105\u017cka<\/a><\/strong>, kt\u00f3ry nagra\u0142 dla nas premierowe fragmenty wielu powie\u015bci.<\/p>\n\n\n<div class=\"wp-block-image\">\n<figure class=\"aligncenter size-full is-resized\"><img loading=\"lazy\" decoding=\"async\" width=\"900\" height=\"900\" src=\"https:\/\/ecl-pisarka.pl\/wp-content\/uploads\/2022\/08\/Poezja-ma-glos.jpg\" alt=\"\" class=\"wp-image-4675\" style=\"width:225px;height:225px\" srcset=\"https:\/\/ecl-pisarka.pl\/wp-content\/uploads\/2022\/08\/Poezja-ma-glos.jpg 900w, https:\/\/ecl-pisarka.pl\/wp-content\/uploads\/2022\/08\/Poezja-ma-glos-300x300.jpg 300w, https:\/\/ecl-pisarka.pl\/wp-content\/uploads\/2022\/08\/Poezja-ma-glos-150x150.jpg 150w, https:\/\/ecl-pisarka.pl\/wp-content\/uploads\/2022\/08\/Poezja-ma-glos-768x768.jpg 768w, https:\/\/ecl-pisarka.pl\/wp-content\/uploads\/2022\/08\/Poezja-ma-glos-400x400.jpg 400w, https:\/\/ecl-pisarka.pl\/wp-content\/uploads\/2022\/08\/Poezja-ma-glos-85x85.jpg 85w\" sizes=\"auto, (max-width: 900px) 100vw, 900px\" \/><figcaption class=\"wp-element-caption\"><a href=\"https:\/\/poezjamaglos.pl\/\" target=\"_blank\" rel=\"noopener\">Poezja ma g\u0142os<\/a><\/figcaption><\/figure>\n<\/div>\n\n<div class=\"wp-block-image\">\n<figure class=\"aligncenter size-full is-resized\"><a href=\"https:\/\/mowiksiazka.pl\/\" target=\"_blank\" rel=\"noopener\"><img loading=\"lazy\" decoding=\"async\" width=\"358\" height=\"359\" src=\"https:\/\/ecl-pisarka.pl\/wp-content\/uploads\/2022\/11\/308345016_108621018672633_902505861254092085_n.png\" alt=\"\" class=\"wp-image-4998\" style=\"width:269px;height:269px\" srcset=\"https:\/\/ecl-pisarka.pl\/wp-content\/uploads\/2022\/11\/308345016_108621018672633_902505861254092085_n.png 358w, https:\/\/ecl-pisarka.pl\/wp-content\/uploads\/2022\/11\/308345016_108621018672633_902505861254092085_n-300x300.png 300w, https:\/\/ecl-pisarka.pl\/wp-content\/uploads\/2022\/11\/308345016_108621018672633_902505861254092085_n-150x150.png 150w, https:\/\/ecl-pisarka.pl\/wp-content\/uploads\/2022\/11\/308345016_108621018672633_902505861254092085_n-85x85.png 85w\" sizes=\"auto, (max-width: 358px) 100vw, 358px\" \/><\/a><figcaption class=\"wp-element-caption\">Tu M\u00f3wi Ksi\u0105\u017cka<\/figcaption><\/figure>\n<\/div>\n\n\n<p class=\"has-text-align-center has-medium-font-size\">W maju 2021 mia\u0142 miejsce literacki debiut Eweliny C Lisowskiej w czasopi\u015bmie <strong>BEZKRES<\/strong>. Na \u0142amach pisma ukaza\u0142o si\u0119 opowiadanie <em>&#8222;Perfekcyjny ruch d\u0142oni&#8221;<\/em>. Dzi\u0119kujemy za mo\u017cliwo\u015b\u0107 publikacji tego romantycznego opowiadania. Z opowiadanie naturalnie rozwin\u0119\u0142a si\u0119 powie\u015b\u0107, kt\u00f3ra b\u0119dzie wydana w serii Brzydka Mi\u0142o\u015b\u0107.<\/p>\n\n\n<div class=\"wp-block-image\">\n<figure class=\"aligncenter size-large is-resized\"><img loading=\"lazy\" decoding=\"async\" width=\"500\" height=\"500\" src=\"https:\/\/ecl-pisarka.pl\/wp-content\/uploads\/2021\/05\/wydawnictwo-dobrota-logo-1613621153.jpg\" alt=\"\" class=\"wp-image-4358\" style=\"width:272px;height:272px\" srcset=\"https:\/\/ecl-pisarka.pl\/wp-content\/uploads\/2021\/05\/wydawnictwo-dobrota-logo-1613621153.jpg 500w, https:\/\/ecl-pisarka.pl\/wp-content\/uploads\/2021\/05\/wydawnictwo-dobrota-logo-1613621153-300x300.jpg 300w, https:\/\/ecl-pisarka.pl\/wp-content\/uploads\/2021\/05\/wydawnictwo-dobrota-logo-1613621153-150x150.jpg 150w, https:\/\/ecl-pisarka.pl\/wp-content\/uploads\/2021\/05\/wydawnictwo-dobrota-logo-1613621153-100x100.jpg 100w\" sizes=\"auto, (max-width: 500px) 100vw, 500px\" \/><figcaption class=\"wp-element-caption\"><a href=\"https:\/\/bezkres-pismo.pl\/sklep\/pl\/\" class=\"rank-math-link\" target=\"_blank\" rel=\"noopener\">Czasopismo BEZKRES wydawnictwa DOBROTA<\/a><\/figcaption><\/figure>\n<\/div>","protected":false},"excerpt":{"rendered":"<p>Wywiady, recenzje, wsp\u00f3\u0142prace&#8230;<\/p>\n","protected":false},"author":1,"featured_media":5457,"parent":0,"menu_order":0,"comment_status":"closed","ping_status":"closed","template":"","meta":{"footnotes":""},"class_list":["post-3766","page","type-page","status-publish","has-post-thumbnail","hentry"],"_links":{"self":[{"href":"https:\/\/ecl-pisarka.pl\/index.php\/wp-json\/wp\/v2\/pages\/3766","targetHints":{"allow":["GET"]}}],"collection":[{"href":"https:\/\/ecl-pisarka.pl\/index.php\/wp-json\/wp\/v2\/pages"}],"about":[{"href":"https:\/\/ecl-pisarka.pl\/index.php\/wp-json\/wp\/v2\/types\/page"}],"author":[{"embeddable":true,"href":"https:\/\/ecl-pisarka.pl\/index.php\/wp-json\/wp\/v2\/users\/1"}],"replies":[{"embeddable":true,"href":"https:\/\/ecl-pisarka.pl\/index.php\/wp-json\/wp\/v2\/comments?post=3766"}],"version-history":[{"count":46,"href":"https:\/\/ecl-pisarka.pl\/index.php\/wp-json\/wp\/v2\/pages\/3766\/revisions"}],"predecessor-version":[{"id":7370,"href":"https:\/\/ecl-pisarka.pl\/index.php\/wp-json\/wp\/v2\/pages\/3766\/revisions\/7370"}],"wp:featuredmedia":[{"embeddable":true,"href":"https:\/\/ecl-pisarka.pl\/index.php\/wp-json\/wp\/v2\/media\/5457"}],"wp:attachment":[{"href":"https:\/\/ecl-pisarka.pl\/index.php\/wp-json\/wp\/v2\/media?parent=3766"}],"curies":[{"name":"wp","href":"https:\/\/api.w.org\/{rel}","templated":true}]}}