{"id":1099,"date":"2020-05-19T14:42:12","date_gmt":"2020-05-19T13:42:12","guid":{"rendered":"https:\/\/ecl-pisarka.pl\/?post_type=product&#038;p=1099"},"modified":"2024-02-05T19:02:24","modified_gmt":"2024-02-05T18:02:24","slug":"wiek-niewazny-cz-1-pdf","status":"publish","type":"product","link":"https:\/\/ecl-pisarka.pl\/index.php\/produkt\/wiek-niewazny-cz-1-pdf\/","title":{"rendered":"Ewelina C Lisowska WIEK-NIEWA\u017bNY cz. 1. Szukaj\u0105c siebie * ebook  PDF"},"content":{"rendered":"<h2 style=\"text-align: center;\">Ewelina C Lisowska<\/h2>\n<h1 style=\"text-align: center;\">&#8222;Wiek-niewa\u017cny cz. 1. Szukaj\u0105c siebie&#8221;<\/h1>\n<h3 style=\"text-align: center;\">ebook PDF<\/h3>\n<p>&nbsp;<\/p>\n<p><img loading=\"lazy\" decoding=\"async\" class=\"aligncenter wp-image-4873 size-full\" src=\"https:\/\/ecl-pisarka.pl\/wp-content\/uploads\/2020\/05\/WIEK-NIEWAZNY-Szukajac-siebie.jpg\" alt=\"\" width=\"2240\" height=\"1260\" srcset=\"https:\/\/ecl-pisarka.pl\/wp-content\/uploads\/2020\/05\/WIEK-NIEWAZNY-Szukajac-siebie.jpg 2240w, https:\/\/ecl-pisarka.pl\/wp-content\/uploads\/2020\/05\/WIEK-NIEWAZNY-Szukajac-siebie-300x169.jpg 300w, https:\/\/ecl-pisarka.pl\/wp-content\/uploads\/2020\/05\/WIEK-NIEWAZNY-Szukajac-siebie-1024x576.jpg 1024w, https:\/\/ecl-pisarka.pl\/wp-content\/uploads\/2020\/05\/WIEK-NIEWAZNY-Szukajac-siebie-768x432.jpg 768w, https:\/\/ecl-pisarka.pl\/wp-content\/uploads\/2020\/05\/WIEK-NIEWAZNY-Szukajac-siebie-1536x864.jpg 1536w, https:\/\/ecl-pisarka.pl\/wp-content\/uploads\/2020\/05\/WIEK-NIEWAZNY-Szukajac-siebie-2048x1152.jpg 2048w, https:\/\/ecl-pisarka.pl\/wp-content\/uploads\/2020\/05\/WIEK-NIEWAZNY-Szukajac-siebie-400x225.jpg 400w\" sizes=\"auto, (max-width: 2240px) 100vw, 2240px\" \/><\/p>\n<p style=\"text-align: center;\"><strong>Wi\u0119cej na temat romansu tutaj <a href=\"https:\/\/ecl-pisarka.pl\/index.php\/category\/wiek-niewazny-1-romans-wspolczesny\/\">WIEK-NIEWA\u017bNY 1 Szukaj\u0105c siebie<\/a><\/strong><\/p>\n<p style=\"text-align: center;\">Zobacz cytaty z ksi\u0105\u017cki na <a href=\"https:\/\/pl.pinterest.com\/napisz0304\/_created\/\" target=\"_blank\" rel=\"noopener\">PINTEREST<\/a> oraz <a href=\"https:\/\/stylowi.pl\/ewelina_capanda_1989\" target=\"_blank\" rel=\"noopener\">STYLOWI.PL<\/a><\/p>\n<p>&nbsp;<\/p>\n<h2>SPIS TRE\u015aCI<\/h2>\n<p>ROZDZIA\u0141 1. Moje mi\u0142osne fiaska\u2026str. 7<br \/>\nROZDZIA\u0141 2. Wiek \u2013 niewa\u017cny\u2026str. 12<br \/>\nROZDZIA\u0141 3. Morskozielony\u2026str. 17<br \/>\nROZDZIA\u0141 4. Omdla\u0142a damulka \u2026str. 22<br \/>\nROZDZIA\u0141 5. Kaloryfer pana Zi\u0119by\u2026str. 30<br \/>\nROZDZIA\u0141 6. Wariatka\u2026str. 45<br \/>\nROZDZIA\u0141 7. Urodzinowe z\u0142udzenia mi\u0142osne\u2026str. 49<br \/>\nROZDZIA\u0141 8. Zwyczajny facet\u2026str. 56<br \/>\nROZDZIA\u0141 9. Pod baczn\u0105 obserwacj\u0105\u2026str. 60<br \/>\nROZDZIA\u0141 10. Bez mi\u0142o\u015bci\u2026str. 67<\/p>\n<div class=\"su-spoiler su-spoiler-style-default su-spoiler-icon-plus su-spoiler-closed\" data-scroll-offset=\"0\" data-anchor-in-url=\"no\"><div class=\"su-spoiler-title\" tabindex=\"0\" role=\"button\"><span class=\"su-spoiler-icon\"><\/span>Czytaj dalej<\/div><div class=\"su-spoiler-content su-u-clearfix su-u-trim\">\n<p>ROZDZIA\u0141 11. Za trzy dni jutro\u2026str. 71<br \/>\nROZDZIA\u0141 12. Pan kucharz Zi\u0119ba\u2026str. 75<br \/>\nROZDZIA\u0141 13. Pod opiek\u0105 pana D\u2026str. 79<br \/>\nROZDZIA\u0141 14. Odstawi\u0107 leki\u2026str. 84<br \/>\nROZDZIA\u0141 15. D\u0142u\u017cnik\u2026str. 88<br \/>\nROZDZIA\u0141 16. Uciekinierka\u2026str. 93<br \/>\nROZDZIA\u0141 17. Powr\u00f3t do przesz\u0142o\u015bci\u2026str. 98<br \/>\nROZDZIA\u0141 18. Powierzchnia ska\u017cona\u2026str. 105<br \/>\nROZDZIA\u0141 19. Dotyk prawdziwej mi\u0142o\u015bci\u2026str. 112<br \/>\nROZDZIA\u0141 20. Dotyk na pr\u00f3b\u0119\u2026str. 117<\/p>\n<p>ROZDZIA\u0141 21. Koniec sielanki\u2026str. 121<br \/>\nROZDZIA\u0141 22. Ukochany wr\u00f3g\u2026str. 125<br \/>\nROZDZIA\u0141 23. Syndrom z\u0142amanego serca\u2026str. 128<br \/>\nROZDZIA\u0141 24. Zwi\u0105zek na pr\u00f3b\u0119\u2026str. 134<br \/>\nROZDZIA\u0141 25. Z sercem na d\u0142oni\u2026str. 137<br \/>\nROZDZIA\u0141 26. Ostatnia deska do trumny\u2026str. 141<br \/>\nROZDZIA\u0141 27. Najwspanialszy facet na \u015bwiecie\u2026str. 146<br \/>\nROZDZIA\u0141 28. TA godzina\u2026str. 150<br \/>\nROZDZIA\u0141 29. Rozklejona w jego ramionach\u2026str. 155<br \/>\nROZDZIA\u0141 30. Po moim trupie!&#8230; str. 158<\/p>\n<p>ROZDZIA\u0141 31. Pomy\u0142ka losu\u2026str. 162<br \/>\nROZDZIA\u0141 32. Sierota\u2026str. 165<br \/>\nROZDZIA\u0141 33. Czu\u0142y dotyk\u2026str. 169<br \/>\nROZDZIA\u0141 34. By\u0107 albo nie by\u0107\u2026str. 172<br \/>\nROZDZIA\u0141 35. Pierwszy poca\u0142unek\u2026str. 176<br \/>\nROZDZIA\u0141 36. Sen\u2026str. 179<br \/>\nROZDZIA\u0141 37. Zazdro\u015b\u0107\u2026str. 183<br \/>\nROZDZIA\u0141 38. Kocham Ci\u0119\u2026str. 187<br \/>\nROZDZIA\u0141 39. Podw\u00f3jna depresja\u2026str. 190<br \/>\nROZDZIA\u0141 40. Dla Jego dobra\u2026str. 193<\/p>\n<p>ROZDZIA\u0141 41. Jeszcze tylko ten jeden raz\u2026str. 195<br \/>\nROZDZIA\u0141 42. \u017begnaj Kochanie\u2026str. 197<br \/>\nROZDZIA\u0141 43. Spowied\u017a wariatki\u2026str. 201<br \/>\nROZDZIA\u0141 44. Definitywny koniec\u2026<\/p>\n<\/div><\/div>\n<p style=\"text-align: center;\">\n<p>&nbsp;<\/p>\n","protected":false},"excerpt":{"rendered":"<h1 style=\"text-align: center;\">Wiek-niewa\u017cny cz. 1. Szukaj\u0105c siebie<\/h1>\n<h2 style=\"text-align: center;\">Ewelina C Lisowska<\/h2>\n<p>Wydawnictwo Romanse<\/p>\n<p>Romans wsp\u00f3\u0142czesny<\/p>\n<p>ISBN ebooka PDF: 978-83-955314-<span class=\"bold\">4<\/span>-6<\/p>\n<p>Data wydania: 05.09.2019<\/p>\n<p>Ilo\u015b\u0107 stron A4: 210 str.<\/p>\n<p>&nbsp;<\/p>\n<p><a href=\"https:\/\/ecl-pisarka.pl\/index.php\/produkt\/wiek-niewazny-cz-1-ebook-mobi\/\">WIEK-NIEWA\u017bNY cz. 1. Szukaj\u0105c siebie MOBI<\/a><\/p>\n<p><a href=\"https:\/\/ecl-pisarka.pl\/index.php\/produkt\/wiek-niewazny-cz-1-ebook-epub\/\">WIEK-NIEWA\u017bNY cz. 1. Szukaj\u0105c siebie EPUB<\/a><\/p>\n<p><a href=\"https:\/\/ecl-pisarka.pl\/index.php\/2021\/11\/09\/wiek-niewazny-1-fragment-ksiazki\/\"><strong>Przeczytaj darmowy fragment tekstu<\/strong><\/a><\/p>\n<p><a href=\"https:\/\/www.youtube.com\/watch?v=nkUSiX1nxpU&amp;list=PL-Wfhy80J6IkSGXNFAGVvO7qTWQZD2qfD&amp;index=9\">Pos\u0142uchaj fragmentu ksi\u0105\u017cki<\/a><\/p>\n<p>&nbsp;<\/p>\n<p>&nbsp;<\/p>\n<h1 style=\"text-align: center;\">Wiek-niewa\u017cny cz. 1. Szukaj\u0105c siebie &#8211; opis<\/h1>\n<h3>Mi\u0142o\u015b\u0107 z depresj\u0105 w tle<\/h3>\n<p>Czy istnieje szansa na szcz\u0119\u015bliwy zwi\u0105zek z osob\u0105 chor\u0105 na nawracaj\u0105c\u0105 depresj\u0119? O tym przekona\u0142 si\u0119 g\u0142\u00f3wny bohater romansu &#8211; Dariusz Zi\u0119ba. Darek jako m\u0119\u017cczyzna wra\u017cliwy, zdaje sobie spraw\u0119 z ryzyka, kt\u00f3re b\u0119dzie musia\u0142 ponie\u015b\u0107, pakuj\u0105c si\u0119 w zwi\u0105zek z Katarzyn\u0105. Wra\u017cliwa, zraniona, samotna trzydziestolatka ma na swoim koncie wiele nieszcz\u0119\u015bliwych mi\u0142ostek. Kobieta nie wierzy ju\u017c w to, \u017ce ktokolwiek m\u00f3g\u0142by j\u0105 pokocha\u0107, a ju\u017c na pewno nie m\u0119\u017cczyzna, w kt\u00f3rym si\u0119 zakocha\u0142a.<\/p>\n<h3><strong>Sk\u0105d tak niska samoocena?<\/strong><\/h3>\n<p>Od zawsze inna, dziwna, nietypowa. Bardzo wra\u017cliwa osoba postrzega \u015bwiat inaczej ni\u017c osoby mniej wra\u017cliwe. Bardzo \u0142atwo jest tak\u0105 osob\u0119 skrzywdzi\u0107 i doprowadzi\u0107 na skraj za\u0142amania nerwowego. Kasia jest niepewna siebie i swojej warto\u015bci, lecz mimo to podj\u0119\u0142a walk\u0119 z \u017cyciem i dzielnie prowadzi swoj\u0105 firm\u0119. Niestety w \u017cyciu Kasi brak jest mi\u0142o\u015bci, co jest jej osobistym, \u017cyciowym dramatem powoduj\u0105cym u niej depresj\u0119. Czy Dariusz zdo\u0142a pokona\u0107 negatywne my\u015bli Kasi, aby dziewczyna pozwoli\u0142a mu si\u0119 do siebie zbli\u017cy\u0107?<\/p>\n<h3><strong>Romans wsp\u00f3\u0142czesny &#8211; platoniczna mi\u0142o\u015b\u0107<\/strong><\/h3>\n<p>Gdy Kasia dowie si\u0119, \u017ce Darek si\u0119 w niej zakocha\u0142, b\u0119dzie robi\u0142a wszystko, aby nie dopu\u015bci\u0107 tego do \u015bwiadomo\u015bci &#8211; bo przecie\u017c nie mo\u017ce jej pokocha\u0107 kto\u015b taki jak Dariusz Zi\u0119ba! Kobieta idealizuje obiekt swoich uczu\u0107, stara si\u0119 trzyma\u0107 od niego z daleka, aby nie ulec z\u0142udzeniom. Bo dla Katarzyny mi\u0142o\u015b\u0107 Darka jest niczym senne z\u0142udzenie, co\u015b co nie mo\u017ce przytrafi\u0107 si\u0119 od tak, kobiecie takiej jak ona. Czy dziewczyna w ko\u0144cu zdo\u0142a przezwyci\u0119\u017cy\u0107 swoje l\u0119ki i kompleksy, aby zazna\u0107 mi\u0142o\u015bci w ramionach ukochanego? Aby si\u0119 dowiedzie\u0107 przeczytaj <a href=\"https:\/\/ecl-pisarka.pl\/index.php\/kategoria-produktu\/ksiazki-romanse-wspolczesne\/wiek-niewazny-1-szukajac-siebie\/\">WIEK-NIEWA\u017bNY cz. 1. Szukaj\u0105c siebie<\/a>.<\/p>\n<p>&nbsp;<\/p>\n<p>&nbsp;<\/p>\n<p>&nbsp;<\/p>\n","protected":false},"featured_media":5207,"template":"","meta":[],"product_brand":[],"product_cat":[196,47,207],"product_tag":[137,161,166,163,61],"class_list":{"0":"post-1099","1":"product","2":"type-product","3":"status-publish","4":"has-post-thumbnail","6":"product_cat-ebook-romanse-wspolczesne","7":"product_cat-ebooki","8":"product_cat-wiek-niewazny-1-szukajac-siebie","9":"product_tag-ebook-pdf","10":"product_tag-ewelina-c-lisowska","11":"product_tag-romans-wspolczesny","12":"product_tag-wiek-niewazny","13":"product_tag-wiek-niewazny-1","15":"first","16":"instock","17":"taxable","18":"shipping-taxable","19":"purchasable","20":"product-type-simple"},"_links":{"self":[{"href":"https:\/\/ecl-pisarka.pl\/index.php\/wp-json\/wp\/v2\/product\/1099","targetHints":{"allow":["GET"]}}],"collection":[{"href":"https:\/\/ecl-pisarka.pl\/index.php\/wp-json\/wp\/v2\/product"}],"about":[{"href":"https:\/\/ecl-pisarka.pl\/index.php\/wp-json\/wp\/v2\/types\/product"}],"wp:featuredmedia":[{"embeddable":true,"href":"https:\/\/ecl-pisarka.pl\/index.php\/wp-json\/wp\/v2\/media\/5207"}],"wp:attachment":[{"href":"https:\/\/ecl-pisarka.pl\/index.php\/wp-json\/wp\/v2\/media?parent=1099"}],"wp:term":[{"taxonomy":"product_brand","embeddable":true,"href":"https:\/\/ecl-pisarka.pl\/index.php\/wp-json\/wp\/v2\/product_brand?post=1099"},{"taxonomy":"product_cat","embeddable":true,"href":"https:\/\/ecl-pisarka.pl\/index.php\/wp-json\/wp\/v2\/product_cat?post=1099"},{"taxonomy":"product_tag","embeddable":true,"href":"https:\/\/ecl-pisarka.pl\/index.php\/wp-json\/wp\/v2\/product_tag?post=1099"}],"curies":[{"name":"wp","href":"https:\/\/api.w.org\/{rel}","templated":true}]}}