{"id":1120,"date":"2020-05-19T18:44:30","date_gmt":"2020-05-19T17:44:30","guid":{"rendered":"https:\/\/ecl-pisarka.pl\/?post_type=product&#038;p=1120"},"modified":"2024-02-05T19:01:09","modified_gmt":"2024-02-05T18:01:09","slug":"natura-derwana-ebook-pdf","status":"publish","type":"product","link":"https:\/\/ecl-pisarka.pl\/index.php\/produkt\/natura-derwana-ebook-pdf\/","title":{"rendered":"Ewelina C Lisowska NATURA DERWANA ebook PDF"},"content":{"rendered":"<h2 style=\"text-align: center;\">Ewelina C Lisowska<\/h2>\n<h1 style=\"text-align: center;\">NATURA DERWANA<\/h1>\n<h3 style=\"text-align: center;\">ebook PDF<\/h3>\n<p>&nbsp;<\/p>\n<p><img loading=\"lazy\" decoding=\"async\" class=\"aligncenter wp-image-4872 size-full\" src=\"https:\/\/ecl-pisarka.pl\/wp-content\/uploads\/2020\/05\/Natura-Derwana.jpg\" alt=\"\" width=\"2240\" height=\"1260\" srcset=\"https:\/\/ecl-pisarka.pl\/wp-content\/uploads\/2020\/05\/Natura-Derwana.jpg 2240w, https:\/\/ecl-pisarka.pl\/wp-content\/uploads\/2020\/05\/Natura-Derwana-300x169.jpg 300w, https:\/\/ecl-pisarka.pl\/wp-content\/uploads\/2020\/05\/Natura-Derwana-1024x576.jpg 1024w, https:\/\/ecl-pisarka.pl\/wp-content\/uploads\/2020\/05\/Natura-Derwana-768x432.jpg 768w, https:\/\/ecl-pisarka.pl\/wp-content\/uploads\/2020\/05\/Natura-Derwana-1536x864.jpg 1536w, https:\/\/ecl-pisarka.pl\/wp-content\/uploads\/2020\/05\/Natura-Derwana-2048x1152.jpg 2048w, https:\/\/ecl-pisarka.pl\/wp-content\/uploads\/2020\/05\/Natura-Derwana-400x225.jpg 400w\" sizes=\"auto, (max-width: 2240px) 100vw, 2240px\" \/><\/p>\n<p style=\"text-align: center;\"><strong>Wi\u0119cej na temat ksi\u0105\u017cki przeczytasz tutaj <a href=\"https:\/\/ecl-pisarka.pl\/index.php\/category\/natura-derwana-romans-historyczny\/\">NATURA DERWANA<\/a><\/strong><\/p>\n<p style=\"text-align: center;\">Zobacz cytaty z ksi\u0105\u017cki na <a href=\"https:\/\/pl.pinterest.com\/napisz0304\/_created\/\" target=\"_blank\" rel=\"noopener\">PINTEREST<\/a> oraz <a href=\"https:\/\/stylowi.pl\/ewelina_capanda_1989\" target=\"_blank\" rel=\"noopener\">STYLOWI.PL<\/a><\/p>\n<h2 style=\"text-align: center;\"><\/h2>\n<h2>SPIS TRE\u015aCI<\/h2>\n<p>ZIMA\u2026.. str. 6<br \/>\n7&#8230;.. Rozdzia\u0142 1. Ogr\u00f3d Genowefy<br \/>\n15&#8230;..Wpis 1. Pami\u0119tnika Jadzi Malinowskiej<br \/>\n16&#8230;.. Rozdzia\u0142 2. R\u00f3\u017ca Derwana<br \/>\n32&#8230;.. Wpis 2. Pami\u0119tnika Jadzi Malinowskiej<br \/>\n33&#8230;.. Rozdzia\u0142 3. Ogr\u00f3d Wiktora<br \/>\n46&#8230;..Wpis 3. Pami\u0119tnika Jadzi Malinowskiej<br \/>\n48&#8230;..Rozdzia\u0142 4. Storczyk<br \/>\n57&#8230;..Wpis 4. Pami\u0119tnika Jadzi Malinowskiej<br \/>\n58&#8230;.. Rozdzia\u0142 5. Bukiet czerwonych r\u00f3\u017c<br \/>\n65&#8230;..Wpis 5. Pami\u0119tnika Jadzi Malinowskiej<br \/>\n66&#8230;..Rozdzia\u0142 6. Ogr\u00f3d Jadzi<br \/>\n73&#8230;.. Rozdzia\u0142 7. Krystyna<br \/>\n81&#8230;.. Rozdzia\u0142 8. Ogr\u00f3d domowy<br \/>\n90&#8230;.. Rozdzia\u0142 9. Odrzucony pan<br \/>\n93&#8230;..Wpis 6. Pami\u0119tnika Jadzi Malinowskiej<\/p>\n<div class=\"su-spoiler su-spoiler-style-default su-spoiler-icon-plus su-spoiler-closed\" data-scroll-offset=\"0\" data-anchor-in-url=\"no\"><div class=\"su-spoiler-title\" tabindex=\"0\" role=\"button\"><span class=\"su-spoiler-icon\"><\/span>Czytaj dalej<\/div><div class=\"su-spoiler-content su-u-clearfix su-u-trim\">\n<p>WIOSNA\u2026..str.96<\/p>\n<p>97&#8230;..Rozdzia\u0142 1. Kaktus bez kolc\u00f3w<br \/>\n106&#8230;..Rozdzia\u0142 2. Julia<br \/>\n115&#8230;..Rozdzia\u0142 3. Tropikalna d\u017cungla<br \/>\n126&#8230;..Rozdzia\u0142 4. R\u00f3\u017ca pn\u0105ca<br \/>\n132&#8230;..Rozdzia\u0142 5. Spadkobierczyni<br \/>\n143&#8230;..Rozdzia\u0142 6. Rajski ogr\u00f3d<br \/>\n153&#8230;..Rozdzia\u0142 7. Drzewo<\/p>\n<p>LATO..\u2026str. 165<\/p>\n<p>166&#8230;..Rozdzia\u0142 1. Z\u0142amane drzewo<br \/>\n177&#8230;..Rozdzia\u0142 2. Mg\u0142a<br \/>\n192&#8230;..Rozdzia\u0142 3. Dziki ogr\u00f3d<br \/>\n205&#8230;..Rozdzia\u0142 4. Szklarnia<br \/>\n217&#8230;..Rozdzia\u0142 5. Justyna<br \/>\n226&#8230;..Rozdzia\u0142 6. Kwiaciarnia<br \/>\n239&#8230;..Rozdzia\u0142 7. Bo\u017ce kwiatki<\/p>\n<p>JESIE\u0143\u2026..str. 239<\/p>\n<p>247&#8230;&#8230;Rozdzia\u0142 1. Burza<br \/>\n253&#8230;..Rozdzia\u0142 2. Dzienniki<br \/>\n269&#8230;..Rozdzia\u0142 3. Starzec<br \/>\n262&#8230;..Rozdzia\u0142 4. Ucieczka<br \/>\n278&#8230;..Rozdzia\u0142 5. Duch przesz\u0142o\u015bci<br \/>\n285&#8230;..Rozdzia\u0142 6. Ogr\u00f3d Rados\u0142awa<br \/>\n298&#8230;..Rozdzia\u0142 7. Ziemia i Niebo<\/p>\n<p>O autorce\u2026..str. 305<\/p>\n<\/div><\/div>\n<p>&nbsp;<\/p>\n","protected":false},"excerpt":{"rendered":"<h1 style=\"text-align: center;\">Natura Derwana<\/h1>\n<h2 style=\"text-align: center;\">Ewelina C Lisowska<\/h2>\n<h3 style=\"text-align: center;\">Jest po powie\u015b\u0107 romantyczna osadzona w polskich realiach XIX wieku.<\/h3>\n<p>Wydawnictwo Romanse<\/p>\n<p>Romans historyczny, duchowo\u015b\u0107<\/p>\n<p>ISBN ebooka PDF: 978-83-955314-<span class=\"bold\">9<\/span>-1<\/p>\n<p>Data wydania: 21.03.2020<\/p>\n<p>Ilo\u015b\u0107 stron A4: 309 str.<\/p>\n<p>&nbsp;<\/p>\n<p><a href=\"https:\/\/ecl-pisarka.pl\/index.php\/produkt\/natura-derwana-ewelina-c-lisowska-ksiazka-drukowana\/\">NATURA DERWANA ksi\u0105\u017cka<\/a><\/p>\n<p><a href=\"https:\/\/ecl-pisarka.pl\/index.php\/produkt\/natura-derwana-ebook-mobi\/\">NATURA DERWANA MOBI<\/a><\/p>\n<p><a href=\"https:\/\/ecl-pisarka.pl\/index.php\/produkt\/natura-derwana-ebook-epub\/\">NATURA DERWANA EPUB<\/a><\/p>\n<p><a href=\"https:\/\/ecl-pisarka.pl\/index.php\/2021\/11\/09\/natura-derwana-fragment-ksiazki\/\"><strong>Przeczytaj darmowy fragment tekstu<\/strong><\/a><\/p>\n<p><a href=\"https:\/\/www.youtube.com\/watch?v=QbEFJTeH4Po&amp;list=PL-Wfhy80J6IkSGXNFAGVvO7qTWQZD2qfD&amp;index=7\">Pos\u0142uchaj fragmentu ksi\u0105\u017cki<\/a><\/p>\n<p>&nbsp;<\/p>\n<p>&nbsp;<\/p>\n<h1 style=\"text-align: center;\">Natura Derwana &#8211; opis<\/h1>\n<p>Ksi\u0105\u017cka opowiada o mi\u0142o\u015bci mi\u0119dzy przedstawicielami dw\u00f3ch r\u00f3\u017cnych klas spo\u0142ecznych, kt\u00f3ra w wieku XIX wi\u0105za\u0142a si\u0119 z pope\u0142nieniem mezaliansu. Co stanie si\u0119, gdy s\u0142u\u017c\u0105ca zakocha si\u0119 w swoim panu, i to z wzajemno\u015bci\u0105? S\u0142u\u017c\u0105ca, jako osoba, kt\u00f3ra pracuje, s\u0142u\u017c\u0105c swoim pa\u0144stwu, jest osob\u0105 biedn\u0105, kt\u00f3ra nie mo\u017ce liczy\u0107 na awans spo\u0142eczny. Dlatego nic dziwnego w tym, \u017ce gdy uczucia Jadwigi Malinowskiej w ko\u0144cu ujrz\u0105 \u015bwiat\u0142o dzienne, zostan\u0105 odczytane w dwuznaczny spos\u00f3b. A Derwan, jako szanowany urz\u0119dnik pa\u0144stwowy, kt\u00f3ry nie mo\u017ce pozwoli\u0107 sobie na skandal\u2026 Czy on zawalczy o ich uczucie?<\/p>\n<h3><strong>Tutaj nic nie jest oczywiste<\/strong><\/h3>\n<p>Ona musi unika\u0107 jego, bo jest biedna i jest s\u0142u\u017c\u0105c\u0105, on musi si\u0119 mie\u0107 na baczno\u015bci, aby zapobiec plotkom, \u017ce jest pracodawc\u0105, kt\u00f3ry wykorzystuje swoje podw\u0142adne. Mimo uczu\u0107, kt\u00f3rymi darz\u0105 si\u0119 Derwan i Jadzia, tych dwoje b\u0119dzie musia\u0142o si\u0119 trzyma\u0107 od siebie z daleka. Lecz nawet poprawa statusu materialnego panny Malinowskiej, nie przyniesie rozwi\u0105zania sytuacji. Derwan, kt\u00f3ry zosta\u0142 odrzucony przed Jadzi\u0119, stanie nagle w obliczu oskar\u017cenia, lecz niezwi\u0105zanego z wykorzystywaniem. B\u0119dzie pos\u0105dzony o prze\u015bladowanie Jadzi\u2026<\/p>\n<h3><strong>M\u0142oda spadkobierczyni<\/strong><\/h3>\n<p>Jadwiga odziedziczy ogr\u00f3d po pewnym arystokracie. Ratusz, kt\u00f3ry b\u0119dzie ro\u015bci\u0142 sobie prawa do tego terenu, zrobi wszystko, aby zniech\u0119ci\u0107 dziewczyn\u0119 do mieszkania w obr\u0119bie pa\u0142acu, w pomieszczeniach przeznaczonych dla s\u0142u\u017cby. Zaczn\u0105 si\u0119 pogr\u00f3\u017cki, a nawet atak na jej osob\u0119. Jedynym wybawc\u0105 dziewczyny, w jej oczach, b\u0119dzie Derwan. Lecz czy m\u0119\u017cczyzna na pewno nie ma nic wsp\u00f3lnego z atakami na Jadzi\u0119? Czy Derwan wci\u0105\u017c kocha pann\u0119 Malinowsk\u0105? Czy te\u017c jego serce pozosta\u0142o zimne jak kamie\u0144, do\u015bwiadczone bolesnym odrzuceniem?<\/p>\n<h3><strong>Pami\u0119tnik Jadwigi Malinowskiej<\/strong><\/h3>\n<p>Obok szybko biegn\u0105cej akcji, w romansie pojawiaj\u0105 si\u0119 osobiste zapiski Jadwigi, w kt\u00f3rych opisuje ona swoje prze\u017cycia duchowe. Subiektywne postrzeganie \u015bwiata, kt\u00f3rego stw\u00f3rc\u0105 jest B\u00f3g, sk\u0142oni Jadzi\u0119 do opisywania zjawisk przyrody, kt\u00f3re jej zdaniem zas\u0142uguj\u0105 na uwielbienie i podziw. Wpisy do pami\u0119tnika przynios\u0105 odrobin\u0119 refleksji i wytchnienia w pr\u0119dkiej akcji. Je\u015bli szukasz romansu, kt\u00f3ry jest jednocze\u015bnie dynamiczny i refleksyjny, to \u201e<a href=\"https:\/\/ecl-pisarka.pl\/index.php\/kategoria-produktu\/ksiazki-romanse-historyczne\/natura-derwana\/\">Natura Derwana<\/a>\u201d jest dla Ciebie.<\/p>\n","protected":false},"featured_media":5206,"template":"","meta":[],"product_brand":[],"product_cat":[195,47,203,197],"product_tag":[50,137,161,136,262,165,164],"class_list":{"0":"post-1120","1":"product","2":"type-product","3":"status-publish","4":"has-post-thumbnail","6":"product_cat-ebook-romanse-historyczne","7":"product_cat-ebooki","8":"product_cat-natura-derwana","9":"product_cat-powiesci-religijne","10":"product_tag-ebook","11":"product_tag-ebook-pdf","12":"product_tag-ewelina-c-lisowska","13":"product_tag-natura-derwana","14":"product_tag-powiesci-religijne","15":"product_tag-romans-historyczny","16":"product_tag-wiek-xix","18":"first","19":"instock","20":"taxable","21":"shipping-taxable","22":"purchasable","23":"product-type-simple"},"_links":{"self":[{"href":"https:\/\/ecl-pisarka.pl\/index.php\/wp-json\/wp\/v2\/product\/1120","targetHints":{"allow":["GET"]}}],"collection":[{"href":"https:\/\/ecl-pisarka.pl\/index.php\/wp-json\/wp\/v2\/product"}],"about":[{"href":"https:\/\/ecl-pisarka.pl\/index.php\/wp-json\/wp\/v2\/types\/product"}],"wp:featuredmedia":[{"embeddable":true,"href":"https:\/\/ecl-pisarka.pl\/index.php\/wp-json\/wp\/v2\/media\/5206"}],"wp:attachment":[{"href":"https:\/\/ecl-pisarka.pl\/index.php\/wp-json\/wp\/v2\/media?parent=1120"}],"wp:term":[{"taxonomy":"product_brand","embeddable":true,"href":"https:\/\/ecl-pisarka.pl\/index.php\/wp-json\/wp\/v2\/product_brand?post=1120"},{"taxonomy":"product_cat","embeddable":true,"href":"https:\/\/ecl-pisarka.pl\/index.php\/wp-json\/wp\/v2\/product_cat?post=1120"},{"taxonomy":"product_tag","embeddable":true,"href":"https:\/\/ecl-pisarka.pl\/index.php\/wp-json\/wp\/v2\/product_tag?post=1120"}],"curies":[{"name":"wp","href":"https:\/\/api.w.org\/{rel}","templated":true}]}}