{"id":1123,"date":"2020-05-19T18:58:46","date_gmt":"2020-05-19T17:58:46","guid":{"rendered":"https:\/\/ecl-pisarka.pl\/?post_type=product&#038;p=1123"},"modified":"2024-02-05T19:00:24","modified_gmt":"2024-02-05T18:00:24","slug":"natura-derwana-ebook-epub","status":"publish","type":"product","link":"https:\/\/ecl-pisarka.pl\/index.php\/produkt\/natura-derwana-ebook-epub\/","title":{"rendered":"Ewelina C Lisowska NATURA DERWANA ebook ePUB"},"content":{"rendered":"<h2 style=\"text-align: center;\">Ewelina C Lisowska<\/h2>\n<h1 style=\"text-align: center;\">NATURA DERWANA<\/h1>\n<h3 style=\"text-align: center;\">ebook ePUB<\/h3>\n<p>&nbsp;<\/p>\n<p><img loading=\"lazy\" decoding=\"async\" class=\"aligncenter wp-image-4872 size-full\" src=\"https:\/\/ecl-pisarka.pl\/wp-content\/uploads\/2020\/05\/Natura-Derwana.jpg\" alt=\"\" width=\"2240\" height=\"1260\" srcset=\"https:\/\/ecl-pisarka.pl\/wp-content\/uploads\/2020\/05\/Natura-Derwana.jpg 2240w, https:\/\/ecl-pisarka.pl\/wp-content\/uploads\/2020\/05\/Natura-Derwana-300x169.jpg 300w, https:\/\/ecl-pisarka.pl\/wp-content\/uploads\/2020\/05\/Natura-Derwana-1024x576.jpg 1024w, https:\/\/ecl-pisarka.pl\/wp-content\/uploads\/2020\/05\/Natura-Derwana-768x432.jpg 768w, https:\/\/ecl-pisarka.pl\/wp-content\/uploads\/2020\/05\/Natura-Derwana-1536x864.jpg 1536w, https:\/\/ecl-pisarka.pl\/wp-content\/uploads\/2020\/05\/Natura-Derwana-2048x1152.jpg 2048w, https:\/\/ecl-pisarka.pl\/wp-content\/uploads\/2020\/05\/Natura-Derwana-400x225.jpg 400w\" sizes=\"auto, (max-width: 2240px) 100vw, 2240px\" \/><\/p>\n<p style=\"text-align: center;\"><strong>Wi\u0119cej na temat ksi\u0105\u017cki tutaj <a href=\"https:\/\/ecl-pisarka.pl\/index.php\/category\/natura-derwana-romans-historyczny\/\">NATURA DERWANA<\/a><\/strong><\/p>\n<p style=\"text-align: center;\">Zobacz cytaty z ksi\u0105\u017cki na <a href=\"https:\/\/pl.pinterest.com\/napisz0304\/_created\/\" target=\"_blank\" rel=\"noopener\">PINTEREST<\/a> oraz <a href=\"https:\/\/stylowi.pl\/ewelina_capanda_1989\" target=\"_blank\" rel=\"noopener\">STYLOWI.PL<\/a><\/p>\n<p>&nbsp;<\/p>\n<h3>SPIS TRE\u015aCI<\/h3>\n<p>ZIMA\u2026.. str. 6<br \/>\n7&#8230;.. Rozdzia\u0142 1. Ogr\u00f3d Genowefy<br \/>\n15&#8230;..Wpis 1. Pami\u0119tnika Jadzi Malinowskiej<br \/>\n16&#8230;.. Rozdzia\u0142 2. R\u00f3\u017ca Derwana<br \/>\n32&#8230;.. Wpis 2. Pami\u0119tnika Jadzi Malinowskiej<br \/>\n33&#8230;.. Rozdzia\u0142 3. Ogr\u00f3d Wiktora<br \/>\n46&#8230;..Wpis 3. Pami\u0119tnika Jadzi Malinowskiej<br \/>\n48&#8230;..Rozdzia\u0142 4. Storczyk<br \/>\n57&#8230;..Wpis 4. Pami\u0119tnika Jadzi Malinowskiej<br \/>\n58&#8230;.. Rozdzia\u0142 5. Bukiet czerwonych r\u00f3\u017c<br \/>\n65&#8230;..Wpis 5. Pami\u0119tnika Jadzi Malinowskiej<br \/>\n66&#8230;..Rozdzia\u0142 6. Ogr\u00f3d Jadzi<br \/>\n73&#8230;.. Rozdzia\u0142 7. Krystyna<br \/>\n81&#8230;.. Rozdzia\u0142 8. Ogr\u00f3d domowy<br \/>\n90&#8230;.. Rozdzia\u0142 9. Odrzucony pan<br \/>\n93&#8230;..Wpis 6. Pami\u0119tnika Jadzi Malinowskiej<\/p>\n<div class=\"su-spoiler su-spoiler-style-default su-spoiler-icon-plus su-spoiler-closed\" data-scroll-offset=\"0\" data-anchor-in-url=\"no\"><div class=\"su-spoiler-title\" tabindex=\"0\" role=\"button\"><span class=\"su-spoiler-icon\"><\/span>Czytaj dalej<\/div><div class=\"su-spoiler-content su-u-clearfix su-u-trim\">\n<p>WIOSNA\u2026..str.96<\/p>\n<p>97&#8230;..Rozdzia\u0142 1. Kaktus bez kolc\u00f3w<br \/>\n106&#8230;..Rozdzia\u0142 2. Julia<br \/>\n115&#8230;..Rozdzia\u0142 3. Tropikalna d\u017cungla<br \/>\n126&#8230;..Rozdzia\u0142 4. R\u00f3\u017ca pn\u0105ca<br \/>\n132&#8230;..Rozdzia\u0142 5. Spadkobierczyni<br \/>\n143&#8230;..Rozdzia\u0142 6. Rajski ogr\u00f3d<br \/>\n153&#8230;..Rozdzia\u0142 7. Drzewo<\/p>\n<p>LATO..\u2026str. 165<\/p>\n<p>166&#8230;..Rozdzia\u0142 1. Z\u0142amane drzewo<br \/>\n177&#8230;..Rozdzia\u0142 2. Mg\u0142a<br \/>\n192&#8230;..Rozdzia\u0142 3. Dziki ogr\u00f3d<br \/>\n205&#8230;..Rozdzia\u0142 4. Szklarnia<br \/>\n217&#8230;..Rozdzia\u0142 5. Justyna<br \/>\n226&#8230;..Rozdzia\u0142 6. Kwiaciarnia<br \/>\n239&#8230;..Rozdzia\u0142 7. Bo\u017ce kwiatki<\/p>\n<p>JESIE\u0143\u2026..str. 239<\/p>\n<p>247&#8230;&#8230;Rozdzia\u0142 1. Burza<br \/>\n253&#8230;..Rozdzia\u0142 2. Dzienniki<br \/>\n269&#8230;..Rozdzia\u0142 3. Starzec<br \/>\n262&#8230;..Rozdzia\u0142 4. Ucieczka<br \/>\n278&#8230;..Rozdzia\u0142 5. Duch przesz\u0142o\u015bci<br \/>\n285&#8230;..Rozdzia\u0142 6. Ogr\u00f3d Rados\u0142awa<br \/>\n298&#8230;..Rozdzia\u0142 7. Ziemia i Niebo<\/p>\n<p>O autorce\u2026..str. 305<\/p>\n<\/div><\/div>\n<p>&nbsp;<\/p>\n","protected":false},"excerpt":{"rendered":"<h1 style=\"text-align: center;\">NATURA DERWANA<\/h1>\n<h2 style=\"text-align: center;\">Ewelina C Lisowska<\/h2>\n<h3 style=\"text-align: center;\">Jest po powie\u015b\u0107 romantyczna osadzona w polskich realiach XIX wieku.<\/h3>\n<p>Wydawnictwo Romanse<\/p>\n<p>Romans historyczny, duchowo\u015b\u0107<\/p>\n<p>ISBN ebooka EPUB: 978-83-957176-<span class=\"bold\">0<\/span>-4<\/p>\n<p>Data wydania: 21.03.2020<\/p>\n<p>Pojemno\u015b\u0107 pliku: 1276 MB<\/p>\n<p>&nbsp;<\/p>\n<p><a href=\"https:\/\/ecl-pisarka.pl\/index.php\/produkt\/natura-derwana-ewelina-c-lisowska-ksiazka-drukowana\/\">NATURA DERWANA ksi\u0105\u017cka<\/a><\/p>\n<p><a href=\"https:\/\/ecl-pisarka.pl\/index.php\/produkt\/natura-derwana-ebook-mobi\/\">NATURA DERWANA MOBI<\/a><\/p>\n<p><a href=\"https:\/\/ecl-pisarka.pl\/index.php\/produkt\/natura-derwana-ebook-pdf\/\">NATURA DERWANA PDF<\/a><\/p>\n<p><a href=\"https:\/\/ecl-pisarka.pl\/index.php\/2021\/11\/09\/natura-derwana-fragment-ksiazki\/\"><strong>Przeczytaj darmowy fragment tekstu<\/strong><\/a><\/p>\n<p><a href=\"https:\/\/www.youtube.com\/watch?v=QbEFJTeH4Po&amp;list=PL-Wfhy80J6IkSGXNFAGVvO7qTWQZD2qfD&amp;index=7\">Pos\u0142uchaj fragmentu ksi\u0105\u017cki<\/a><\/p>\n<p>&nbsp;<\/p>\n<p>&nbsp;<\/p>\n<h1 style=\"text-align: center;\">Natura Derwana &#8211; opis<\/h1>\n<h3><strong>O czym jest &#8222;NATURA DERWANA&#8221;?<\/strong><\/h3>\n<p>Romans historyczny<a href=\"https:\/\/ecl-pisarka.pl\/index.php\/kategoria-produktu\/ksiazki-romanse-historyczne\/natura-derwana\/\"> NATURA DERWANA<\/a> to powie\u015b\u0107 osadzona w wieku XIX. W mie\u015bcie zaczyna pojawia\u0107 si\u0119 elektryczno\u015b\u0107, powstaj\u0105 fabryki, pewne utarte \u015bcie\u017cki powoli odchodz\u0105 w niepami\u0119\u0107. Lecz jedna rzecz si\u0119 nie zmienia \u2013 podzia\u0142 na biednych i bogatych. Walka o polepszenie statusu \u017cycia, szczeg\u00f3lnie w\u015br\u00f3d ubogich panien, stawia uk\u0142ad pan- s\u0142u\u017c\u0105ca pod znakiem niemoralno\u015bci i mezaliansu. Dlatego nic dziwnego, \u017ce g\u0142\u00f3wni bohaterowie powie\u015bci staraj\u0105 si\u0119 zabi\u0107 w zal\u0105\u017cku to, co si\u0119 mi\u0119dzy nimi narodzi\u0142o.<\/p>\n<h3><strong>Jadwiga Malinowska \u2013 s\u0142u\u017c\u0105ca i ogrodniczka<\/strong><\/h3>\n<p>Biedna dziewczyna ze wsi, kt\u00f3ra od dziecka pracuje ze swoj\u0105 matk\u0105 jako s\u0142u\u017c\u0105ca, pojawia si\u0119 pewnego ranka u bram posiad\u0142o\u015bci pa\u0144stwa Drozd\u00f3w. Jadzia ma opiekowa\u0107 si\u0119 kwiatami pani Drozd, matki Derwana. Ta skromna i dobrze u\u0142o\u017cona panienka pr\u0119dko zaskarbia sobie serce pana domu, kt\u00f3ry zakochuje si\u0119 w niej, mimo powszechnie panuj\u0105cych stereotyp\u00f3w i walki o zachowanie statusu materialnego dobrze urodzonych. Lecz Jadwiga nie chce wzbogaci\u0107 si\u0119 kosztem Derwana, ona odrzuca jego mi\u0142o\u015bci, mimo i\u017c sama niechc\u0105cy si\u0119 w nim zakochuje.<\/p>\n<h3><strong>Derwan Drozd \u2013 urz\u0119dnik pa\u0144stwowy<\/strong><\/h3>\n<p>Ten trzydziestopi\u0119cioletni m\u0119\u017cczyzna po\u015bwi\u0119ci\u0142 swoje \u017cycie polityce i pracy w ratuszu. Stary kawaler s\u0142uchaj\u0105cy swojej mamusi, zamkni\u0119ty w sobie, szorstki\u2026 Lecz pozory myl\u0105. Prawdziwa natura Derwana drzemie w jego sercu i to Jadzia pomaga jej si\u0119 wydosta\u0107 na zewn\u0105trz. Metamorfoza Derwana nie mo\u017ce by\u0107 jednak w pe\u0142ni dokonana, gdy\u017c zranione serce wyostrza pewne cechy charakteru, kt\u00f3re dzia\u0142aj\u0105 na niekorzy\u015b\u0107 tego m\u0119\u017cczyzny.<\/p>\n<h3><strong>Jaki b\u0119dzie fina\u0142 tej historii?<\/strong><\/h3>\n<p>Mog\u0119 powiedzie\u0107 tylko tyle, \u017ce Derwan b\u0119dzie musia\u0142 wybra\u0107 mi\u0119dzy mi\u0142o\u015bci\u0105 a polityk\u0105. Na jego drodze stanie wiele kandydatek na \u017con\u0119, lecz jego serce b\u0119dzie uparcie tkwi\u0142o przy swoim. Poznamy matk\u0119 Jadzi, inne s\u0142u\u017c\u0105ce w domu Drozd\u00f3w, pewnego przystojnego prawnika i braci Derwana. Ale powie\u015b\u0107 ma r\u00f3wnie\u017c swoje duchowe drugie dno, zatem i B\u00f3g pojawi si\u0119 na kartach powie\u015bci.<\/p>\n","protected":false},"featured_media":5206,"template":"","meta":[],"product_brand":[],"product_cat":[195,47,203,197],"product_tag":[50,140,161,136,262,165,164],"class_list":{"0":"post-1123","1":"product","2":"type-product","3":"status-publish","4":"has-post-thumbnail","6":"product_cat-ebook-romanse-historyczne","7":"product_cat-ebooki","8":"product_cat-natura-derwana","9":"product_cat-powiesci-religijne","10":"product_tag-ebook","11":"product_tag-ebook-epub","12":"product_tag-ewelina-c-lisowska","13":"product_tag-natura-derwana","14":"product_tag-powiesci-religijne","15":"product_tag-romans-historyczny","16":"product_tag-wiek-xix","18":"first","19":"instock","20":"taxable","21":"shipping-taxable","22":"purchasable","23":"product-type-simple"},"_links":{"self":[{"href":"https:\/\/ecl-pisarka.pl\/index.php\/wp-json\/wp\/v2\/product\/1123","targetHints":{"allow":["GET"]}}],"collection":[{"href":"https:\/\/ecl-pisarka.pl\/index.php\/wp-json\/wp\/v2\/product"}],"about":[{"href":"https:\/\/ecl-pisarka.pl\/index.php\/wp-json\/wp\/v2\/types\/product"}],"wp:featuredmedia":[{"embeddable":true,"href":"https:\/\/ecl-pisarka.pl\/index.php\/wp-json\/wp\/v2\/media\/5206"}],"wp:attachment":[{"href":"https:\/\/ecl-pisarka.pl\/index.php\/wp-json\/wp\/v2\/media?parent=1123"}],"wp:term":[{"taxonomy":"product_brand","embeddable":true,"href":"https:\/\/ecl-pisarka.pl\/index.php\/wp-json\/wp\/v2\/product_brand?post=1123"},{"taxonomy":"product_cat","embeddable":true,"href":"https:\/\/ecl-pisarka.pl\/index.php\/wp-json\/wp\/v2\/product_cat?post=1123"},{"taxonomy":"product_tag","embeddable":true,"href":"https:\/\/ecl-pisarka.pl\/index.php\/wp-json\/wp\/v2\/product_tag?post=1123"}],"curies":[{"name":"wp","href":"https:\/\/api.w.org\/{rel}","templated":true}]}}