{"id":1125,"date":"2020-05-20T10:22:09","date_gmt":"2020-05-20T09:22:09","guid":{"rendered":"https:\/\/ecl-pisarka.pl\/?post_type=product&#038;p=1125"},"modified":"2024-02-05T18:59:35","modified_gmt":"2024-02-05T17:59:35","slug":"natura-derwana-ebook-mobi","status":"publish","type":"product","link":"https:\/\/ecl-pisarka.pl\/index.php\/produkt\/natura-derwana-ebook-mobi\/","title":{"rendered":"Ewelina C Lisowska NATURA DERWANA  ebook Mobi"},"content":{"rendered":"<h2 style=\"text-align: center;\">Ewelina C Lisowska<\/h2>\n<h1 style=\"text-align: center;\">NATURA DERWANA<\/h1>\n<h3 style=\"text-align: center;\">ebook Mobi<\/h3>\n<blockquote><p><img loading=\"lazy\" decoding=\"async\" class=\"aligncenter wp-image-4872 size-full\" src=\"https:\/\/ecl-pisarka.pl\/wp-content\/uploads\/2020\/05\/Natura-Derwana.jpg\" alt=\"\" width=\"2240\" height=\"1260\" srcset=\"https:\/\/ecl-pisarka.pl\/wp-content\/uploads\/2020\/05\/Natura-Derwana.jpg 2240w, https:\/\/ecl-pisarka.pl\/wp-content\/uploads\/2020\/05\/Natura-Derwana-300x169.jpg 300w, https:\/\/ecl-pisarka.pl\/wp-content\/uploads\/2020\/05\/Natura-Derwana-1024x576.jpg 1024w, https:\/\/ecl-pisarka.pl\/wp-content\/uploads\/2020\/05\/Natura-Derwana-768x432.jpg 768w, https:\/\/ecl-pisarka.pl\/wp-content\/uploads\/2020\/05\/Natura-Derwana-1536x864.jpg 1536w, https:\/\/ecl-pisarka.pl\/wp-content\/uploads\/2020\/05\/Natura-Derwana-2048x1152.jpg 2048w, https:\/\/ecl-pisarka.pl\/wp-content\/uploads\/2020\/05\/Natura-Derwana-400x225.jpg 400w\" sizes=\"auto, (max-width: 2240px) 100vw, 2240px\" \/><\/p><\/blockquote>\n<p style=\"text-align: center;\"><strong>Wi\u0119cej o ebooku<a href=\"https:\/\/ecl-pisarka.pl\/index.php\/category\/ebooknaturaderwana\/\"> NATURA DERWANA na BLOGU<\/a>.<\/strong><\/p>\n<p style=\"text-align: center;\">Zobacz cytaty z ksi\u0105\u017cki na <a href=\"https:\/\/pl.pinterest.com\/napisz0304\/_created\/\" target=\"_blank\" rel=\"noopener\">PINTEREST<\/a> oraz <a href=\"https:\/\/stylowi.pl\/ewelina_capanda_1989\" target=\"_blank\" rel=\"noopener\">STYLOWI.PL<\/a><\/p>\n<p>&nbsp;<\/p>\n<h2>SPIS TRE\u015aCI<\/h2>\n<p>ZIMA\u2026.. str. 6<br \/>\n7&#8230;.. Rozdzia\u0142 1. Ogr\u00f3d Genowefy<br \/>\n15&#8230;..Wpis 1. Pami\u0119tnika Jadzi Malinowskiej<br \/>\n16&#8230;.. Rozdzia\u0142 2. R\u00f3\u017ca Derwana<br \/>\n32&#8230;.. Wpis 2. Pami\u0119tnika Jadzi Malinowskiej<br \/>\n33&#8230;.. Rozdzia\u0142 3. Ogr\u00f3d Wiktora<br \/>\n46&#8230;..Wpis 3. Pami\u0119tnika Jadzi Malinowskiej<br \/>\n48&#8230;..Rozdzia\u0142 4. Storczyk<br \/>\n57&#8230;..Wpis 4. Pami\u0119tnika Jadzi Malinowskiej<br \/>\n58&#8230;.. Rozdzia\u0142 5. Bukiet czerwonych r\u00f3\u017c<br \/>\n65&#8230;..Wpis 5. Pami\u0119tnika Jadzi Malinowskiej<br \/>\n66&#8230;..Rozdzia\u0142 6. Ogr\u00f3d Jadzi<br \/>\n73&#8230;.. Rozdzia\u0142 7. Krystyna<br \/>\n81&#8230;.. Rozdzia\u0142 8. Ogr\u00f3d domowy<br \/>\n90&#8230;.. Rozdzia\u0142 9. Odrzucony pan<br \/>\n93&#8230;..Wpis 6. Pami\u0119tnika Jadzi Malinowskiej<\/p>\n<div class=\"su-spoiler su-spoiler-style-default su-spoiler-icon-plus su-spoiler-closed\" data-scroll-offset=\"0\" data-anchor-in-url=\"no\"><div class=\"su-spoiler-title\" tabindex=\"0\" role=\"button\"><span class=\"su-spoiler-icon\"><\/span>Czytaj dalej<\/div><div class=\"su-spoiler-content su-u-clearfix su-u-trim\">\n<p>WIOSNA\u2026..str.96<\/p>\n<p>97&#8230;..Rozdzia\u0142 1. Kaktus bez kolc\u00f3w<br \/>\n106&#8230;..Rozdzia\u0142 2. Julia<br \/>\n115&#8230;..Rozdzia\u0142 3. Tropikalna d\u017cungla<br \/>\n126&#8230;..Rozdzia\u0142 4. R\u00f3\u017ca pn\u0105ca<br \/>\n132&#8230;..Rozdzia\u0142 5. Spadkobierczyni<br \/>\n143&#8230;..Rozdzia\u0142 6. Rajski ogr\u00f3d<br \/>\n153&#8230;..Rozdzia\u0142 7. Drzewo<\/p>\n<p>LATO..\u2026str. 165<\/p>\n<p>166&#8230;..Rozdzia\u0142 1. Z\u0142amane drzewo<br \/>\n177&#8230;..Rozdzia\u0142 2. Mg\u0142a<br \/>\n192&#8230;..Rozdzia\u0142 3. Dziki ogr\u00f3d<br \/>\n205&#8230;..Rozdzia\u0142 4. Szklarnia<br \/>\n217&#8230;..Rozdzia\u0142 5. Justyna<br \/>\n226&#8230;..Rozdzia\u0142 6. Kwiaciarnia<br \/>\n239&#8230;..Rozdzia\u0142 7. Bo\u017ce kwiatki<\/p>\n<p>JESIE\u0143\u2026..str. 239<\/p>\n<p>247&#8230;&#8230;Rozdzia\u0142 1. Burza<br \/>\n253&#8230;..Rozdzia\u0142 2. Dzienniki<br \/>\n269&#8230;..Rozdzia\u0142 3. Starzec<br \/>\n262&#8230;..Rozdzia\u0142 4. Ucieczka<br \/>\n278&#8230;..Rozdzia\u0142 5. Duch przesz\u0142o\u015bci<br \/>\n285&#8230;..Rozdzia\u0142 6. Ogr\u00f3d Rados\u0142awa<br \/>\n298&#8230;..Rozdzia\u0142 7. Ziemia i Niebo<\/p>\n<p>O autorce\u2026..str. 305<\/p>\n<\/div><\/div>\n<p>&nbsp;<\/p>\n","protected":false},"excerpt":{"rendered":"<h1 style=\"text-align: center;\">Natura Derwana<\/h1>\n<h2 style=\"text-align: center;\">Ewelina C.Lisowska<\/h2>\n<h3 style=\"text-align: center;\">Jest po powie\u015b\u0107 romantyczna osadzona w polskich realiach XIX wieku.<\/h3>\n<p>Wydawnictwo Romanse<\/p>\n<p>Romans historyczny, duchowo\u015b\u0107<\/p>\n<p>ISBN ebooka Mobi: 978-83-957176-<span class=\"bold\">1<\/span>-1<\/p>\n<p>Data wydania: 21.03.2020<\/p>\n<p>Pojemno\u015b\u0107 pliku: 1599 MB<\/p>\n<p><a href=\"https:\/\/ecl-pisarka.pl\/index.php\/produkt\/natura-derwana-ewelina-c-lisowska-ksiazka-drukowana\/\">NATURA DERWANA ksi\u0105\u017cka<\/a><\/p>\n<p><a href=\"https:\/\/ecl-pisarka.pl\/index.php\/produkt\/natura-derwana-ebook-epub\/\">NATURA DERWANA EPUB<\/a><\/p>\n<p><a href=\"https:\/\/ecl-pisarka.pl\/index.php\/produkt\/natura-derwana-ebook-pdf\/\">NATURA DERWANA PDF<\/a><\/p>\n<p><a href=\"https:\/\/ecl-pisarka.pl\/index.php\/2021\/11\/09\/natura-derwana-fragment-ksiazki\/\"><strong>Przeczytaj darmowy fragment tekstu<\/strong><\/a><\/p>\n<p><a href=\"https:\/\/www.youtube.com\/watch?v=QbEFJTeH4Po&amp;list=PL-Wfhy80J6IkSGXNFAGVvO7qTWQZD2qfD&amp;index=7\">Pos\u0142uchaj fragmentu ksi\u0105\u017cki<\/a><\/p>\n<p>&nbsp;<\/p>\n<p>&nbsp;<\/p>\n<h1 style=\"text-align: center;\">Natura Derwana &#8211; opis<\/h1>\n<p>Historia mi\u0142o\u015bci zakazanej: pan &#8211;\u00a0 s\u0142u\u017c\u0105ca. Tych dwoje musi pokona\u0107 barier\u0119 finansow\u0105 oraz przeciwno\u015bci zwi\u0105zane z podzia\u0142em na klasy spo\u0142eczne. Jadzia, jako s\u0142u\u017c\u0105ca, zaliczana jest do klasy ni\u017cszej, natomiast Derwan, jako urz\u0119dnik pa\u0144stwowy i w\u0142a\u015bciciel willi, jest usytuowany w hierarchii wy\u017cej ni\u017c ona. Czy z tego co\u015b b\u0119dzie?<\/p>\n<h3><strong>Zakochany, stary kawaler<\/strong><\/h3>\n<p>Derwan po\u015bwi\u0119ci\u0142 swoje \u017cycie polityce i pracy w ratuszu, czerpi\u0105c przyk\u0142ad z ojca, kt\u00f3ry by\u0142 prezydentem miasta. Po \u015bmierci taty, Derwan kontynuuje jego dzie\u0142o, d\u0105\u017c\u0105c do przej\u0119cia w\u0142adzy w mie\u015bcie. Powo\u0142uje w tym celu parti\u0119 i wysuwa pewne wa\u017cne dla mieszka\u0144c\u00f3w okolicznych wiosek postulaty. Dlatego gdy Jadzia nagle stanie si\u0119 w\u0142a\u015bcicielk\u0105 ogrodu po \u015bwi\u0119tej pami\u0119ci arystokracie Dalenieckim, ogr\u00f3d stanie w centrum zainteresowania partii Derwana Drozda. Przecie\u017c tak ogromny teren potrzebuje \u201ezagospodarowania\u201d \u2013 miasto potrzebuje rozwoju. Lecz Jadzia jest innego zdania.<\/p>\n<h3><strong>Jadwiga \u2013 uduchowiona ogrodniczka<\/strong><\/h3>\n<p>Ta biedna dziewczyna wychowa\u0142a si\u0119 u boku matki, razem z ni\u0105 s\u0142u\u017c\u0105c u pa\u0144stwa. Matka wpoi\u0142a jej dekalog post\u0119powania s\u0142u\u017c\u0105cej, kt\u00f3rego ona strze\u017ce niczym \u015bwi\u0119tego kodeksu. Dlatego gdy Jadzia zakocha si\u0119 w swoim panu, b\u0119dzie robi\u0142a wszystko, aby si\u0119 o tym nie dowiedzia\u0142. Co wi\u0119cej, b\u0119dzie udawa\u0142a, \u017ce nic do niego nie czuje, nawet w obliczu jego wyzna\u0144 i zapewnie\u0144 o gor\u0105cej mi\u0142o\u015bci. A gdy Derwan dowie si\u0119, \u017ce Jadzia jest spadkobierczyni\u0105 fortuny, b\u0119dzie zastanawia\u0142 si\u0119, co Jadwiga da\u0142a Dalenieckiemu w zamian za spadek.<\/p>\n<h3><strong>Romans historyczny<\/strong><\/h3>\n<p style=\"text-align: left;\">Uwielbiam pisa\u0107 powie\u015bci, kt\u00f3rych akcja dzieje si\u0119 w dalekiej przesz\u0142o\u015bci. T\u0142o historyczne gra tutaj rol\u0119 marginaln\u0105, staram si\u0119 raczej skupia\u0107 na obyczajach, realiach \u017cyciowych panuj\u0105cych w danej epoce, nie wymieniaj\u0105c przy tym konkretnych dat. Na pierwszym miejscu jest tutaj mi\u0142o\u015b\u0107 i relacje, przemy\u015blenia, refleksje, sprawy duchowe i te ca\u0142kiem przyziemne. Przeczytaj <a href=\"https:\/\/ecl-pisarka.pl\/index.php\/kategoria-produktu\/ksiazki-romanse-historyczne\/natura-derwana\/\">NATUR\u0118 DERWANA<\/a> i dowiedz si\u0119, co jeszcze skrywa ta powie\u015b\u0107.<\/p>\n","protected":false},"featured_media":5206,"template":"","meta":[],"product_brand":[],"product_cat":[195,47,203,197],"product_tag":[50,138,161,136,262,164],"class_list":{"0":"post-1125","1":"product","2":"type-product","3":"status-publish","4":"has-post-thumbnail","6":"product_cat-ebook-romanse-historyczne","7":"product_cat-ebooki","8":"product_cat-natura-derwana","9":"product_cat-powiesci-religijne","10":"product_tag-ebook","11":"product_tag-ebook-mobi","12":"product_tag-ewelina-c-lisowska","13":"product_tag-natura-derwana","14":"product_tag-powiesci-religijne","15":"product_tag-wiek-xix","17":"first","18":"instock","19":"taxable","20":"shipping-taxable","21":"purchasable","22":"product-type-simple"},"_links":{"self":[{"href":"https:\/\/ecl-pisarka.pl\/index.php\/wp-json\/wp\/v2\/product\/1125","targetHints":{"allow":["GET"]}}],"collection":[{"href":"https:\/\/ecl-pisarka.pl\/index.php\/wp-json\/wp\/v2\/product"}],"about":[{"href":"https:\/\/ecl-pisarka.pl\/index.php\/wp-json\/wp\/v2\/types\/product"}],"wp:featuredmedia":[{"embeddable":true,"href":"https:\/\/ecl-pisarka.pl\/index.php\/wp-json\/wp\/v2\/media\/5206"}],"wp:attachment":[{"href":"https:\/\/ecl-pisarka.pl\/index.php\/wp-json\/wp\/v2\/media?parent=1125"}],"wp:term":[{"taxonomy":"product_brand","embeddable":true,"href":"https:\/\/ecl-pisarka.pl\/index.php\/wp-json\/wp\/v2\/product_brand?post=1125"},{"taxonomy":"product_cat","embeddable":true,"href":"https:\/\/ecl-pisarka.pl\/index.php\/wp-json\/wp\/v2\/product_cat?post=1125"},{"taxonomy":"product_tag","embeddable":true,"href":"https:\/\/ecl-pisarka.pl\/index.php\/wp-json\/wp\/v2\/product_tag?post=1125"}],"curies":[{"name":"wp","href":"https:\/\/api.w.org\/{rel}","templated":true}]}}