{"id":1134,"date":"2020-05-20T11:09:23","date_gmt":"2020-05-20T10:09:23","guid":{"rendered":"https:\/\/ecl-pisarka.pl\/?post_type=product&#038;p=1134"},"modified":"2024-02-05T18:57:42","modified_gmt":"2024-02-05T17:57:42","slug":"wiek-niewazny-cz-2-ebook-epub","status":"publish","type":"product","link":"https:\/\/ecl-pisarka.pl\/index.php\/produkt\/wiek-niewazny-cz-2-ebook-epub\/","title":{"rendered":"Ewelina C Lisowska WIEK-NIEWA\u017bNY cz. 2. Powroty *  ebook ePUB"},"content":{"rendered":"<h1 style=\"text-align: center;\">Wiek-niewa\u017cny cz. 2. Powroty<\/h1>\n<h2 style=\"text-align: center;\">Ewelina C Lisowska<\/h2>\n<h3 style=\"text-align: center;\">ebook ePUB<\/h3>\n<p>&nbsp;<\/p>\n<blockquote><p><img loading=\"lazy\" decoding=\"async\" class=\"aligncenter wp-image-4871 size-full\" src=\"https:\/\/ecl-pisarka.pl\/wp-content\/uploads\/2020\/05\/WIEK-NIEWAZNY-Powroty.jpg\" alt=\"\" width=\"2240\" height=\"1260\" srcset=\"https:\/\/ecl-pisarka.pl\/wp-content\/uploads\/2020\/05\/WIEK-NIEWAZNY-Powroty.jpg 2240w, https:\/\/ecl-pisarka.pl\/wp-content\/uploads\/2020\/05\/WIEK-NIEWAZNY-Powroty-300x169.jpg 300w, https:\/\/ecl-pisarka.pl\/wp-content\/uploads\/2020\/05\/WIEK-NIEWAZNY-Powroty-1024x576.jpg 1024w, https:\/\/ecl-pisarka.pl\/wp-content\/uploads\/2020\/05\/WIEK-NIEWAZNY-Powroty-768x432.jpg 768w, https:\/\/ecl-pisarka.pl\/wp-content\/uploads\/2020\/05\/WIEK-NIEWAZNY-Powroty-1536x864.jpg 1536w, https:\/\/ecl-pisarka.pl\/wp-content\/uploads\/2020\/05\/WIEK-NIEWAZNY-Powroty-2048x1152.jpg 2048w, https:\/\/ecl-pisarka.pl\/wp-content\/uploads\/2020\/05\/WIEK-NIEWAZNY-Powroty-400x225.jpg 400w\" sizes=\"auto, (max-width: 2240px) 100vw, 2240px\" \/><\/p><\/blockquote>\n<p style=\"text-align: center;\"><strong>Wi\u0119cej na temat ksi\u0105\u017cki tutaj <a href=\"https:\/\/ecl-pisarka.pl\/index.php\/category\/wiek-niewazny-2-romans-wspolczesny\/\">WIEK-NIEWA\u017bNY 2 Powroty<\/a><\/strong><\/p>\n<p style=\"text-align: center;\">Zobacz cytaty z ksi\u0105\u017cki na <a href=\"https:\/\/pl.pinterest.com\/napisz0304\/_created\/\" target=\"_blank\" rel=\"noopener\">PINTEREST<\/a> oraz <a href=\"https:\/\/stylowi.pl\/ewelina_capanda_1989\" target=\"_blank\" rel=\"noopener\">STYLOWI.PL<\/a><\/p>\n<p>&nbsp;<\/p>\n<h3 style=\"text-align: center;\"><\/h3>\n<p>&nbsp;<\/p>\n<h3>SPIS TRE\u015aCI<\/h3>\n<p>7\u2026..ROZDZIA\u0141 1. Uspokajaj\u0105cy smak melisy<br \/>\n16\u2026..ROZDZIA\u0141 2. Galeryjny powiew przesz\u0142o\u015bci<br \/>\n22\u2026..ROZDZIA\u0141 3. Oliwkowa zemsta<br \/>\n30\u2026..ROZDZIA\u0141 4. Ostatnie spojrzenie<br \/>\n34\u2026..ROZDZIA\u0141 5. Szukaj\u0105c sensu \u017cycia<br \/>\n36\u2026..ROZDZIA\u0141 6. Bezdomny<br \/>\n40\u2026..ROZDZIA\u0141 7. W\u0142adys\u0142aw Kostka<br \/>\n43\u2026..ROZDZIA\u0141 8. Nowy dom<br \/>\n47\u2026..ROZDZIA\u0141 9. Mi\u0142osierna opiekunka<br \/>\n49\u2026..ROZDZIA\u0141 10. Strasznie zaro\u015bni\u0119ty cz\u0142owiek<\/p>\n<div class=\"su-spoiler su-spoiler-style-default su-spoiler-icon-plus su-spoiler-closed\" data-scroll-offset=\"0\" data-anchor-in-url=\"no\"><div class=\"su-spoiler-title\" tabindex=\"0\" role=\"button\"><span class=\"su-spoiler-icon\"><\/span>Czytaj dalej<\/div><div class=\"su-spoiler-content su-u-clearfix su-u-trim\">\n<p>51\u2026..ROZDZIA\u0141 11. Historia W\u0142adka<br \/>\n54\u2026..ROZDZIA\u0141 12. W obj\u0119ciach obcego<br \/>\n56\u2026..ROZDZIA\u0141 13. Zwierzenia wariatki<br \/>\n60\u2026..ROZDZIA\u0141 14. Dziwny cz\u0142owiek<br \/>\n64\u2026..ROZDZIA\u0141 15. Nocne zwierzenia<br \/>\n67\u2026..ROZDZIA\u0141 16. Pod opiek\u0105 wikinga-olbrzyma<br \/>\n70\u2026..ROZDZIA\u0141 17. Wiking-przyb\u0142\u0119da kontra pan ASP<br \/>\n75\u2026..ROZDZIA\u0141 18. Flirtuj\u0105c otwarcie z panem ASP<br \/>\n78\u2026..ROZDZIA\u0141 19. Smak obcych ust<br \/>\n80\u2026..ROZDZIA\u0141 20. Nieudana randka<br \/>\n86\u2026..ROZDZIA\u0141 21. Galeryjne z\u0142udzenia<br \/>\n92\u2026..ROZDZIA\u0141 22. Czy W\u0142adek do Darek?<br \/>\n96\u2026..ROZDZIA\u0141 23. Nutka romantyzmu<br \/>\n99\u2026..ROZDZIA\u0141 24. Nieuzasadniona pewno\u015b\u0107<br \/>\n102\u2026..ROZDZIA\u0141 25. Nieudana pr\u00f3ba demaskacji<br \/>\n105\u2026..ROZDZIA\u0141 26. Przed\u015bwi\u0105teczna ucieczka<br \/>\n108\u2026..ROZDZIA\u0141 27. Krzes\u0142o prawdy<br \/>\n113\u2026..ROZDZIA\u0141 28. Przebudzenie bestii<br \/>\n118\u2026..ROZDZIA\u0141 29. Pierwsze rozczarowanie<br \/>\n121\u2026..ROZDZIA\u0141 30. Drugie rozczarowanie<br \/>\n125\u2026..ROZDZIA\u0141 31. Prze\u0142amanie pierwszej bariery<br \/>\n128\u2026..ROZDZIA\u0141 32. Kolejne wyja\u015bnienia<br \/>\n130\u2026..ROZDZIA\u0141 33. Oswajaj\u0105c dawne demony<br \/>\n132&#8230;..ROZDZIA\u0141 34. Dezorientacja<br \/>\n135&#8230;..ROZDZIA\u0141 35. Romantyczne wzg\u00f3rze<br \/>\n139&#8230;..ROZDZIA\u0141 36. Wahania nastroju<br \/>\n142&#8230;..ROZDZIA\u0141 37. Tak zwyczajnie razem<br \/>\n146&#8230;..ROZDZIA\u0141 38. Gor\u0105czka nami\u0119tno\u015bci<br \/>\n149&#8230;..ROZDZIA\u0141 39. Wyprawa po szcz\u0119\u015bcie<br \/>\n152&#8230;..ROZDZIA\u0141 40. S\u0142odkogorzki<br \/>\n155&#8230;..ROZDZIA\u0141 41. Mokra Misska<br \/>\n158&#8230;..ROZDZIA\u0141 42. Wielka improwizacja<br \/>\n160&#8230;..ROZDZIA\u0141 43. Seksowna prowokacja<br \/>\n164&#8230;..ROZDZIA\u0141 44. Intymne zwierzenia<br \/>\n169&#8230;..ROZDZIA\u0141 45. Dotyk abstrakcji<br \/>\n171&#8230;..ROZDZIA\u0141 46. Dylematy moralne<br \/>\n175&#8230;..ROZDZIA\u0141 47. W samo serce<br \/>\n178&#8230;..ROZDZIA\u0141 48. Chora niepewno\u015b\u0107<br \/>\n181&#8230;..ROZDZIA\u0141 49. List od Niedorobionego<br \/>\n183&#8230;..ROZDZIA\u0141 50. Powracaj\u0105c do przesz\u0142o\u015bci<br \/>\n186&#8230;..ROZDZIA\u0141 51. Obna\u017cony strach<br \/>\n190&#8230;..ROZDZIA\u0141 52. Jego nago\u015b\u0107<br \/>\n193&#8230;..ROZDZIA\u0141 53. Pi\u0119kna od A do \u017b<br \/>\n196&#8230;..ROZDZIA\u0141 54. Przymierze wierno\u015bci<br \/>\n198&#8230;..ROZDZIA\u0141 55. Szara codzienno\u015b\u0107<br \/>\n201&#8230;..ROZDZIA\u0141 56. Erotycznie skr\u0119powani<br \/>\n204&#8230;..ROZDZIA\u0141 57. Zazdrosny pan Zi\u0119ba<br \/>\n207&#8230;..ROZDZIA\u0141 58. Kamienny szcz\u0119ko\u015bcisk<br \/>\n210&#8230;..ROZDZIA\u0141 59. Obrona Raju<br \/>\n213&#8230;..ROZDZIA\u0141 60. Mi\u0142osne upojenie<br \/>\n216&#8230;..ROZDZIA\u0141 61. Niech\u0119tny u\u015bcisk d\u0142oni<br \/>\n218&#8230;..ROZDZIA\u0141 62. Atak Malczewskiego<br \/>\n221&#8230;..ROZDZIA\u0141 63. \u0179r\u00f3d\u0142o bezpiecze\u0144stwa<br \/>\n224&#8230;..ROZDZIA\u0141 64. Poca\u0142unki na strychu<br \/>\n226&#8230;..ROZDZIA\u0141 65. Chc\u0119, ale nie chc\u0119!<br \/>\n230&#8230;..ROZDZIA\u0141 66. Przed-orgazm<br \/>\n232&#8230;..ROZDZIA\u0141 67. Punkt kulminacyjny<br \/>\n233&#8230;..ROZDZIA\u0141 68. Odrzucona<br \/>\n234\u2026.ROZDZIA\u0141 69. Ucieczka<br \/>\n236\u2026.ROZDZIA\u0141 70. Po\u017cegnanie<br \/>\n238\u2026..ROZDZIA\u0141 71. B\u00f3l, no\u017ce i zaufanie<br \/>\n240\u2026..ROZDZIA\u0141 72. Kolejny powr\u00f3t<br \/>\n243\u2026..ROZDZIA\u0141 73. Wstydliwy problem<br \/>\n246\u2026..ROZDZIA\u0141 74. Wystawiona do wiatru<br \/>\n248\u2026..ROZDZIA\u0141 75. G\u00f3rki Ma\u0142e 123<br \/>\n250\u2026..ROZDZIA\u0141 76. Kochaj mnie<br \/>\n251\u2026..ROZDZIA\u0141 77. Nieudana pr\u00f3ba<br \/>\n254\u2026..ROZDZIA\u0141 78. Powroty<br \/>\n257\u2026..O autorce<\/p>\n<\/div><\/div>\n<p>&nbsp;<\/p>\n","protected":false},"excerpt":{"rendered":"<h1 style=\"text-align: center;\">WIEK-NIEWA\u017bNY cz. 2.Powroty<\/h1>\n<h2 style=\"text-align: center;\">Ewelina C Lisowska<\/h2>\n<p>&nbsp;<\/p>\n<p>Wydawnictwo Romanse<\/p>\n<p>Romans wsp\u00f3\u0142czesny, erotyka<\/p>\n<p>ISBN ebooka EPUB: 978-83-957176-<span class=\"bold\">4<\/span>-2<\/p>\n<p>Data wydania: 11.05.2020<\/p>\n<p>Pojemno\u015b\u0107 pliku: 991 KB<\/p>\n<p>&nbsp;<\/p>\n<p><a href=\"https:\/\/ecl-pisarka.pl\/index.php\/produkt\/wiek-niewazny-cz-2-ebook-pdf\/\">WIEK-NIEWA\u017bNY cz. 2. Powroty PDF<\/a><\/p>\n<p><a href=\"https:\/\/ecl-pisarka.pl\/index.php\/produkt\/wiek-niewazny-cz-2-mobi\/\">WIEK-NIEWA\u017bNY cz. 2. MOBI<\/a><\/p>\n<p><a href=\"https:\/\/ecl-pisarka.pl\/index.php\/2021\/11\/09\/wiek-niewazny-2-fragment-ksiazki\/\"><strong>Przeczytaj darmowy fragment tekstu<\/strong><\/a><\/p>\n<p><a href=\"https:\/\/www.youtube.com\/watch?v=_m_kDMjRz-E&amp;list=PL-Wfhy80J6IkSGXNFAGVvO7qTWQZD2qfD&amp;index=8\">Pos\u0142uchaj fragmentu ksi\u0105\u017cki<\/a><\/p>\n<p>&nbsp;<\/p>\n<p>&nbsp;<\/p>\n<h1 style=\"text-align: center;\">Wiek-niewa\u017cny cz. 2. Powroty &#8211; opis<\/h1>\n<h3><strong>Romans wsp\u00f3\u0142czesny<\/strong><\/h3>\n<p>W pierwszej cz\u0119\u015bci <a href=\"https:\/\/ecl-pisarka.pl\/index.php\/kategoria-produktu\/ksiazki-romanse-wspolczesne\/wiek-niewazny-1-szukajac-siebie\/\">WIEK-NIEWA\u017bNY pt. Szukaj\u0105c siebie<\/a> poznajemy Katarzyn\u0119, kt\u00f3ra choruje na depresj\u0119 i l\u0119ki. Od dziecka boryka si\u0119 z nisk\u0105 samoocen\u0105. Ju\u017c jako doros\u0142a kobieta, nie wierzy w to, \u017ce jaki\u015b m\u0119\u017cczyzna m\u00f3g\u0142by j\u0105 naprawd\u0119 pokocha\u0107. W pierwszej cz\u0119\u015bci powie\u015bci znalaz\u0142 si\u0119 jednak pewien \u015bmia\u0142ek, kt\u00f3ry odwa\u017cy\u0142 si\u0119 podj\u0105\u0107 ryzyko. Dariusz Zi\u0119ba postawi\u0142 wszystko na jedn\u0105 kart\u0119 i przegra\u0142\u2026<\/p>\n<h2><strong>Powroty<\/strong><\/h2>\n<p>Kasi\u0119 spotykamy po roku od chwili zerwania wszelkich kontakt\u00f3w z Dariuszem. Tych dwoje wpada na siebie przypadkowo. On postanawia wykorzysta\u0107 sytuacj\u0119, aby odnowi\u0107 znajomo\u015b\u0107. Ona nadal wzbrania si\u0119 przed jego zalotami. Wszak Kasia mocno zrani\u0142a Darka, a on mocno zrani\u0142 j\u0105. Jednak czy uda si\u0119 poskleja\u0107 to, co zosta\u0142o zniszczone ju\u017c w zal\u0105\u017cku? Kasia jest bardzo nieufna, wci\u0105\u017c krwawi\u0105 w niej stare rany, daj\u0105 o sobie zna\u0107 kompleksy. Daro, jako m\u0119\u017cczyzna po przej\u015bciach, jest jednak bardziej optymistyczny i walczy do samego ko\u0144ca.<\/p>\n<h2><strong>Ten trzeci<\/strong><\/h2>\n<p>Gdy ostatnia szansa na szcz\u0119\u015bliwy zwi\u0105zek zostaje zniweczona, pojawia si\u0119 w \u017cyciu Kasi kto\u015b jeszcze. Bezdomny m\u0119\u017cczyzna, nad kt\u00f3rym lituje si\u0119 empatyczna i wra\u017cliwa kobieta, staje nagle w centrum jej \u017cycia, dodaj\u0105c sensu ka\u017cdemu kolejnemu dniowi. Lecz W\u0142adys\u0142aw ma swoje skrz\u0119tnie schowane tajemnice, kt\u00f3re mog\u0105 mie\u0107 ogromny wp\u0142yw na \u017cycie Kasi. Tych dwoje poczuje co\u015b do siebie, lecz wierne serce kobiety b\u0119dzie si\u0119 kurczowo trzyma\u0142o dawnych sk\u0142onno\u015bci. Czy Kasia i W\u0142adek b\u0119d\u0105 razem? Czy Dariusz na zawsze odszed\u0142 z \u017cycia Kasi? Czy W\u0142adek mo\u017ce zagra\u017ca\u0107 Kasi?<\/p>\n<h2><strong>Romans erotyk<\/strong><\/h2>\n<p><a href=\"https:\/\/ecl-pisarka.pl\/index.php\/kategoria-produktu\/ksiazki-romanse-wspolczesne\/wiek-niewazny-2-powroty\/\">Wiek-niewa\u017cny cz. 2. Powroty<\/a> to m\u00f3j pierwszy romans erotyk, kt\u00f3ry otwarcie porusza sfery tabu. W dzisiejszych czasach to ju\u017c nikogo nie dziwi, jednak w tym przypadku chodzi o przej\u015bcie z mi\u0142o\u015bci platonicznej do mi\u0142o\u015bci cielesnej. Opisy scen erotycznych nie emanuj\u0105 wulgarno\u015bci\u0105 i brakiem wszelkich zahamowa\u0144. My\u015bl\u0119, \u017ce to r\u00f3wnie\u017c jest pewnego rodzaju nowo\u015b\u0107, kt\u00f3ra mo\u017ce przynie\u015b\u0107 och\u0142od\u0119 czytelniczkom gor\u0105cych erotyk\u00f3w.<\/p>\n","protected":false},"featured_media":5205,"template":"","meta":[],"product_brand":[],"product_cat":[196,47,208],"product_tag":[50,140,161,166,163,139],"class_list":{"0":"post-1134","1":"product","2":"type-product","3":"status-publish","4":"has-post-thumbnail","6":"product_cat-ebook-romanse-wspolczesne","7":"product_cat-ebooki","8":"product_cat-wiek-niewazny-2-powroty","9":"product_tag-ebook","10":"product_tag-ebook-epub","11":"product_tag-ewelina-c-lisowska","12":"product_tag-romans-wspolczesny","13":"product_tag-wiek-niewazny","14":"product_tag-wiek-niewazny-2","16":"first","17":"instock","18":"taxable","19":"shipping-taxable","20":"purchasable","21":"product-type-simple"},"_links":{"self":[{"href":"https:\/\/ecl-pisarka.pl\/index.php\/wp-json\/wp\/v2\/product\/1134","targetHints":{"allow":["GET"]}}],"collection":[{"href":"https:\/\/ecl-pisarka.pl\/index.php\/wp-json\/wp\/v2\/product"}],"about":[{"href":"https:\/\/ecl-pisarka.pl\/index.php\/wp-json\/wp\/v2\/types\/product"}],"wp:featuredmedia":[{"embeddable":true,"href":"https:\/\/ecl-pisarka.pl\/index.php\/wp-json\/wp\/v2\/media\/5205"}],"wp:attachment":[{"href":"https:\/\/ecl-pisarka.pl\/index.php\/wp-json\/wp\/v2\/media?parent=1134"}],"wp:term":[{"taxonomy":"product_brand","embeddable":true,"href":"https:\/\/ecl-pisarka.pl\/index.php\/wp-json\/wp\/v2\/product_brand?post=1134"},{"taxonomy":"product_cat","embeddable":true,"href":"https:\/\/ecl-pisarka.pl\/index.php\/wp-json\/wp\/v2\/product_cat?post=1134"},{"taxonomy":"product_tag","embeddable":true,"href":"https:\/\/ecl-pisarka.pl\/index.php\/wp-json\/wp\/v2\/product_tag?post=1134"}],"curies":[{"name":"wp","href":"https:\/\/api.w.org\/{rel}","templated":true}]}}