{"id":1136,"date":"2020-05-20T11:20:52","date_gmt":"2020-05-20T10:20:52","guid":{"rendered":"https:\/\/ecl-pisarka.pl\/?post_type=product&#038;p=1136"},"modified":"2024-02-05T18:56:46","modified_gmt":"2024-02-05T17:56:46","slug":"wiek-niewazny-cz-2-mobi","status":"publish","type":"product","link":"https:\/\/ecl-pisarka.pl\/index.php\/produkt\/wiek-niewazny-cz-2-mobi\/","title":{"rendered":"Ewelina C Lisowska WIEK-NIEWA\u017bNY cz. 2. Powroty *  ebook Mobi"},"content":{"rendered":"<h1 style=\"text-align: center;\">Wiek-niewa\u017cny cz. 2. Powroty<\/h1>\n<h2 style=\"text-align: center;\">Ewelina C Lisowska<\/h2>\n<h3 style=\"text-align: center;\">ebook Mobi<\/h3>\n<blockquote><p><img loading=\"lazy\" decoding=\"async\" class=\"aligncenter wp-image-4871 size-full\" src=\"https:\/\/ecl-pisarka.pl\/wp-content\/uploads\/2020\/05\/WIEK-NIEWAZNY-Powroty.jpg\" alt=\"\" width=\"2240\" height=\"1260\" srcset=\"https:\/\/ecl-pisarka.pl\/wp-content\/uploads\/2020\/05\/WIEK-NIEWAZNY-Powroty.jpg 2240w, https:\/\/ecl-pisarka.pl\/wp-content\/uploads\/2020\/05\/WIEK-NIEWAZNY-Powroty-300x169.jpg 300w, https:\/\/ecl-pisarka.pl\/wp-content\/uploads\/2020\/05\/WIEK-NIEWAZNY-Powroty-1024x576.jpg 1024w, https:\/\/ecl-pisarka.pl\/wp-content\/uploads\/2020\/05\/WIEK-NIEWAZNY-Powroty-768x432.jpg 768w, https:\/\/ecl-pisarka.pl\/wp-content\/uploads\/2020\/05\/WIEK-NIEWAZNY-Powroty-1536x864.jpg 1536w, https:\/\/ecl-pisarka.pl\/wp-content\/uploads\/2020\/05\/WIEK-NIEWAZNY-Powroty-2048x1152.jpg 2048w, https:\/\/ecl-pisarka.pl\/wp-content\/uploads\/2020\/05\/WIEK-NIEWAZNY-Powroty-400x225.jpg 400w\" sizes=\"auto, (max-width: 2240px) 100vw, 2240px\" \/><\/p><\/blockquote>\n<p style=\"text-align: center;\"><strong>Wi\u0119cej na temat powie\u015bci tutaj <a href=\"https:\/\/ecl-pisarka.pl\/index.php\/category\/wiek-niewazny-2-romans-wspolczesny\/\">WIEK-NIEWA\u017bNY 2 Powroty<\/a><\/strong><\/p>\n<p style=\"text-align: center;\">Zobacz cytaty z ksi\u0105\u017cki na <a href=\"https:\/\/pl.pinterest.com\/napisz0304\/_created\/\" target=\"_blank\" rel=\"noopener\">PINTEREST<\/a> oraz <a href=\"https:\/\/stylowi.pl\/ewelina_capanda_1989\" target=\"_blank\" rel=\"noopener\">STYLOWI.PL<\/a><\/p>\n<h3 style=\"text-align: center;\"><\/h3>\n<p>&nbsp;<\/p>\n<p>&nbsp;<\/p>\n<h3>SPIS TRE\u015aCI<\/h3>\n<p>7\u2026..ROZDZIA\u0141 1. Uspokajaj\u0105cy smak melisy<br \/>\n16\u2026..ROZDZIA\u0141 2. Galeryjny powiew przesz\u0142o\u015bci<br \/>\n22\u2026..ROZDZIA\u0141 3. Oliwkowa zemsta<br \/>\n30\u2026..ROZDZIA\u0141 4. Ostatnie spojrzenie<br \/>\n34\u2026..ROZDZIA\u0141 5. Szukaj\u0105c sensu \u017cycia<br \/>\n36\u2026..ROZDZIA\u0141 6. Bezdomny<br \/>\n40\u2026..ROZDZIA\u0141 7. W\u0142adys\u0142aw Kostka<br \/>\n43\u2026..ROZDZIA\u0141 8. Nowy dom<br \/>\n47\u2026..ROZDZIA\u0141 9. Mi\u0142osierna opiekunka<br \/>\n49\u2026..ROZDZIA\u0141 10. Strasznie zaro\u015bni\u0119ty cz\u0142owiek<\/p>\n<div class=\"su-spoiler su-spoiler-style-default su-spoiler-icon-plus su-spoiler-closed\" data-scroll-offset=\"0\" data-anchor-in-url=\"no\"><div class=\"su-spoiler-title\" tabindex=\"0\" role=\"button\"><span class=\"su-spoiler-icon\"><\/span>Czytaj dalej<\/div><div class=\"su-spoiler-content su-u-clearfix su-u-trim\">\n<p>51\u2026..ROZDZIA\u0141 11. Historia W\u0142adka<br \/>\n54\u2026..ROZDZIA\u0141 12. W obj\u0119ciach obcego<br \/>\n56\u2026..ROZDZIA\u0141 13. Zwierzenia wariatki<br \/>\n60\u2026..ROZDZIA\u0141 14. Dziwny cz\u0142owiek<br \/>\n64\u2026..ROZDZIA\u0141 15. Nocne zwierzenia<br \/>\n67\u2026..ROZDZIA\u0141 16. Pod opiek\u0105 wikinga-olbrzyma<br \/>\n70\u2026..ROZDZIA\u0141 17. Wiking-przyb\u0142\u0119da kontra pan ASP<br \/>\n75\u2026..ROZDZIA\u0141 18. Flirtuj\u0105c otwarcie z panem ASP<br \/>\n78\u2026..ROZDZIA\u0141 19. Smak obcych ust<br \/>\n80\u2026..ROZDZIA\u0141 20. Nieudana randka<br \/>\n86\u2026..ROZDZIA\u0141 21. Galeryjne z\u0142udzenia<br \/>\n92\u2026..ROZDZIA\u0141 22. Czy W\u0142adek do Darek?<br \/>\n96\u2026..ROZDZIA\u0141 23. Nutka romantyzmu<br \/>\n99\u2026..ROZDZIA\u0141 24. Nieuzasadniona pewno\u015b\u0107<br \/>\n102\u2026..ROZDZIA\u0141 25. Nieudana pr\u00f3ba demaskacji<br \/>\n105\u2026..ROZDZIA\u0141 26. Przed\u015bwi\u0105teczna ucieczka<br \/>\n108\u2026..ROZDZIA\u0141 27. Krzes\u0142o prawdy<br \/>\n113\u2026..ROZDZIA\u0141 28. Przebudzenie bestii<br \/>\n118\u2026..ROZDZIA\u0141 29. Pierwsze rozczarowanie<br \/>\n121\u2026..ROZDZIA\u0141 30. Drugie rozczarowanie<br \/>\n125\u2026..ROZDZIA\u0141 31. Prze\u0142amanie pierwszej bariery<br \/>\n128\u2026..ROZDZIA\u0141 32. Kolejne wyja\u015bnienia<br \/>\n130\u2026..ROZDZIA\u0141 33. Oswajaj\u0105c dawne demony<br \/>\n132&#8230;..ROZDZIA\u0141 34. Dezorientacja<br \/>\n135&#8230;..ROZDZIA\u0141 35. Romantyczne wzg\u00f3rze<br \/>\n139&#8230;..ROZDZIA\u0141 36. Wahania nastroju<br \/>\n142&#8230;..ROZDZIA\u0141 37. Tak zwyczajnie razem<br \/>\n146&#8230;..ROZDZIA\u0141 38. Gor\u0105czka nami\u0119tno\u015bci<br \/>\n149&#8230;..ROZDZIA\u0141 39. Wyprawa po szcz\u0119\u015bcie<br \/>\n152&#8230;..ROZDZIA\u0141 40. S\u0142odkogorzki<br \/>\n155&#8230;..ROZDZIA\u0141 41. Mokra Misska<br \/>\n158&#8230;..ROZDZIA\u0141 42. Wielka improwizacja<br \/>\n160&#8230;..ROZDZIA\u0141 43. Seksowna prowokacja<br \/>\n164&#8230;..ROZDZIA\u0141 44. Intymne zwierzenia<br \/>\n169&#8230;..ROZDZIA\u0141 45. Dotyk abstrakcji<br \/>\n171&#8230;..ROZDZIA\u0141 46. Dylematy moralne<br \/>\n175&#8230;..ROZDZIA\u0141 47. W samo serce<br \/>\n178&#8230;..ROZDZIA\u0141 48. Chora niepewno\u015b\u0107<br \/>\n181&#8230;..ROZDZIA\u0141 49. List od Niedorobionego<br \/>\n183&#8230;..ROZDZIA\u0141 50. Powracaj\u0105c do przesz\u0142o\u015bci<br \/>\n186&#8230;..ROZDZIA\u0141 51. Obna\u017cony strach<br \/>\n190&#8230;..ROZDZIA\u0141 52. Jego nago\u015b\u0107<br \/>\n193&#8230;..ROZDZIA\u0141 53. Pi\u0119kna od A do \u017b<br \/>\n196&#8230;..ROZDZIA\u0141 54. Przymierze wierno\u015bci<br \/>\n198&#8230;..ROZDZIA\u0141 55. Szara codzienno\u015b\u0107<br \/>\n201&#8230;..ROZDZIA\u0141 56. Erotycznie skr\u0119powani<br \/>\n204&#8230;..ROZDZIA\u0141 57. Zazdrosny pan Zi\u0119ba<br \/>\n207&#8230;..ROZDZIA\u0141 58. Kamienny szcz\u0119ko\u015bcisk<br \/>\n210&#8230;..ROZDZIA\u0141 59. Obrona Raju<br \/>\n213&#8230;..ROZDZIA\u0141 60. Mi\u0142osne upojenie<br \/>\n216&#8230;..ROZDZIA\u0141 61. Niech\u0119tny u\u015bcisk d\u0142oni<br \/>\n218&#8230;..ROZDZIA\u0141 62. Atak Malczewskiego<br \/>\n221&#8230;..ROZDZIA\u0141 63. \u0179r\u00f3d\u0142o bezpiecze\u0144stwa<br \/>\n224&#8230;..ROZDZIA\u0141 64. Poca\u0142unki na strychu<br \/>\n226&#8230;..ROZDZIA\u0141 65. Chc\u0119, ale nie chc\u0119!<br \/>\n230&#8230;..ROZDZIA\u0141 66. Przed-orgazm<br \/>\n232&#8230;..ROZDZIA\u0141 67. Punkt kulminacyjny<br \/>\n233&#8230;..ROZDZIA\u0141 68. Odrzucona<br \/>\n234\u2026.ROZDZIA\u0141 69. Ucieczka<br \/>\n236\u2026.ROZDZIA\u0141 70. Po\u017cegnanie<br \/>\n238\u2026..ROZDZIA\u0141 71. B\u00f3l, no\u017ce i zaufanie<br \/>\n240\u2026..ROZDZIA\u0141 72. Kolejny powr\u00f3t<br \/>\n243\u2026..ROZDZIA\u0141 73. Wstydliwy problem<br \/>\n246\u2026..ROZDZIA\u0141 74. Wystawiona do wiatru<br \/>\n248\u2026..ROZDZIA\u0141 75. G\u00f3rki Ma\u0142e 123<br \/>\n250\u2026..ROZDZIA\u0141 76. Kochaj mnie<br \/>\n251\u2026..ROZDZIA\u0141 77. Nieudana pr\u00f3ba<br \/>\n254\u2026..ROZDZIA\u0141 78. Powroty<br \/>\n257\u2026..O autorce<\/p>\n<\/div><\/div>\n<p>&nbsp;<\/p>\n","protected":false},"excerpt":{"rendered":"<h1 style=\"text-align: center;\">Wiek-niewa\u017cny cz. 2. Powroty<\/h1>\n<h2 style=\"text-align: center;\">Ewelina C Lisowska<\/h2>\n<p>&nbsp;<\/p>\n<p>Wydawnictwo Romanse<\/p>\n<p>Romans wsp\u00f3\u0142czesny, erotyka<\/p>\n<p>ISBN ebooka Mobi: 978-83-957176-<span class=\"bold\">3<\/span>-5<\/p>\n<p>Data wydania: 11.05.2020<\/p>\n<p>Pojemno\u015b\u0107 pliku: 1079 KB<\/p>\n<p>&nbsp;<\/p>\n<p><a href=\"https:\/\/ecl-pisarka.pl\/index.php\/produkt\/wiek-niewazny-cz-2-ebook-epub\/\">Wiek-niewa\u017cny cz. 2. Powroty EPUB<\/a><\/p>\n<p><a href=\"https:\/\/ecl-pisarka.pl\/index.php\/produkt\/wiek-niewazny-cz-2-ebook-pdf\/\">Wiek-niewa\u017cny cz. 2. Powroty\u00a0PDF<\/a><\/p>\n<p><a href=\"https:\/\/ecl-pisarka.pl\/index.php\/2021\/11\/09\/wiek-niewazny-2-fragment-ksiazki\/\"><strong>Przeczytaj darmowy fragment tekstu<\/strong><\/a><\/p>\n<p><a href=\"https:\/\/www.youtube.com\/watch?v=_m_kDMjRz-E&amp;list=PL-Wfhy80J6IkSGXNFAGVvO7qTWQZD2qfD&amp;index=8\">Pos\u0142uchah fragmentu ksi\u0105\u017cki<\/a><\/p>\n<p>&nbsp;<\/p>\n<p>&nbsp;<\/p>\n<h1 style=\"text-align: center;\">Wiek-niewa\u017cny cz. 2. Powroty &#8211; opis<\/h1>\n<p><strong>O czym jest &#8222;<a href=\"https:\/\/ecl-pisarka.pl\/index.php\/kategoria-produktu\/ksiazki-romanse-wspolczesne\/wiek-niewazny-2-powroty\/\">Wiek-niewa\u017cny cz. 2. Powroty<\/a>&#8222;?<\/strong><\/p>\n<p>Tytu\u0142 drugiej cz\u0119\u015bci WIEK-NIEWA\u017bNY, jak sama nazwa wskazuje, wi\u0105\u017ce si\u0119 z powrotami, ale i tak\u017ce z po\u017cegnaniami. Odk\u0105d Kasia zerwa\u0142a z Darkiem, min\u0105\u0142 rok. By\u0142 to czas zmian, kt\u00f3ry przyni\u00f3s\u0142 obydwu bohaterom chwile trudne, lecz owocne w przemy\u015blenia odno\u015bnie sensu dalszego \u017cycia. Co mo\u017ce wynikn\u0105\u0107 z ponownego spotkania Kasi i Darka? Tych dwoje spotka si\u0119 ju\u017c w pierwszym rozdziale ksi\u0105\u017cki zatytu\u0142owanym &#8222;Uspokajaj\u0105cy smak melisy&#8221;.<\/p>\n<h2><strong>Narratorem powie\u015bci jest Katarzyna<\/strong><\/h2>\n<p>Tak jak <strong><em>Szukaj\u0105c siebie<\/em><\/strong>, <strong><em>Powroty<\/em><\/strong> posiadaj\u0105 bardzo subiektywn\u0105 narratork\u0119, kt\u00f3r\u0105 jest Katarzyna. Ta trzydziestojednoletnia kobieta tak mocno prze\u017cy\u0142a rozstanie z ukochanym, \u017ce musia\u0142a zrezygnowa\u0107 ze swojej firmy i zmieni\u0107 swoje \u017cycie o sto osiemdziesi\u0105t stopni. Zamieszka\u0142a razem z Solskim i Jol\u0105 i podj\u0119\u0142a prac\u0119 w galerii Solskiego &#8211; Ma\u0142e Prado. Kasia ma przyjaci\u00f3\u0142k\u0119, kt\u00f3ra pomaga jej w trudnych chwilach. Dziewczyna znajduje tak\u017ce oparcie w wierze w Boga i modlitwie.<\/p>\n<h2><strong>Powr\u00f3t Darka<\/strong><\/h2>\n<p>Walka z depresj\u0105, l\u0119kami i nisk\u0105 samoocen\u0105 wci\u0105\u017c przek\u0142ada si\u0119 na jej \u017cycie. Dlatego po roku Dariusz zastanie Kasi\u0119 w takim samym stanie, w jakim widzia\u0142 j\u0105 po raz ostatni. Ograniczona l\u0119kiem i niskim poczuciem w\u0142asnej warto\u015bci, w zalotach Darka b\u0119dzie szuka\u0142a drugiego dna. Niestety tym razem kobieta przejdzie sam\u0105 siebie i ponownie odrzuci starania ukochanego&#8230;<\/p>\n<h2><strong>Romans-erotyk<\/strong><\/h2>\n<p><strong><em>WIEK-NIEWA\u017bNY cz. 2. Powroty<\/em><\/strong> to m\u00f3j pierwszy romans, w kt\u00f3rym tak\u017ce pojawia si\u0119 erotyka. M\u00f3j debiut w tej dziedzinie nie jest jednak przepe\u0142niony wulgaryzmami, kt\u00f3re ceni\u0105 sobie niekt\u00f3re czytelniczki erotyk\u00f3w. Seks jest tutaj opisany nieco metaforycznie, cho\u0107 nie brak w nim cielesnej namacalno\u015bci. Warto przekona\u0107 si\u0119, czy taki spos\u00f3b opisywania cielesnych zbli\u017ce\u0144 oka\u017ce si\u0119 mi\u0142\u0105 alternatyw\u0105 dla tradycyjnego modelu prezentowanego przez liczne wydawnictwa.<\/p>\n<p>&nbsp;<\/p>\n","protected":false},"featured_media":5205,"template":"","meta":[],"product_brand":[],"product_cat":[196,47,208],"product_tag":[50,138,161,166,163,139],"class_list":{"0":"post-1136","1":"product","2":"type-product","3":"status-publish","4":"has-post-thumbnail","6":"product_cat-ebook-romanse-wspolczesne","7":"product_cat-ebooki","8":"product_cat-wiek-niewazny-2-powroty","9":"product_tag-ebook","10":"product_tag-ebook-mobi","11":"product_tag-ewelina-c-lisowska","12":"product_tag-romans-wspolczesny","13":"product_tag-wiek-niewazny","14":"product_tag-wiek-niewazny-2","16":"first","17":"instock","18":"taxable","19":"shipping-taxable","20":"purchasable","21":"product-type-simple"},"_links":{"self":[{"href":"https:\/\/ecl-pisarka.pl\/index.php\/wp-json\/wp\/v2\/product\/1136","targetHints":{"allow":["GET"]}}],"collection":[{"href":"https:\/\/ecl-pisarka.pl\/index.php\/wp-json\/wp\/v2\/product"}],"about":[{"href":"https:\/\/ecl-pisarka.pl\/index.php\/wp-json\/wp\/v2\/types\/product"}],"wp:featuredmedia":[{"embeddable":true,"href":"https:\/\/ecl-pisarka.pl\/index.php\/wp-json\/wp\/v2\/media\/5205"}],"wp:attachment":[{"href":"https:\/\/ecl-pisarka.pl\/index.php\/wp-json\/wp\/v2\/media?parent=1136"}],"wp:term":[{"taxonomy":"product_brand","embeddable":true,"href":"https:\/\/ecl-pisarka.pl\/index.php\/wp-json\/wp\/v2\/product_brand?post=1136"},{"taxonomy":"product_cat","embeddable":true,"href":"https:\/\/ecl-pisarka.pl\/index.php\/wp-json\/wp\/v2\/product_cat?post=1136"},{"taxonomy":"product_tag","embeddable":true,"href":"https:\/\/ecl-pisarka.pl\/index.php\/wp-json\/wp\/v2\/product_tag?post=1136"}],"curies":[{"name":"wp","href":"https:\/\/api.w.org\/{rel}","templated":true}]}}