{"id":1193,"date":"2020-06-08T10:46:59","date_gmt":"2020-06-08T09:46:59","guid":{"rendered":"https:\/\/ecl-pisarka.pl\/?post_type=product&#038;p=1193"},"modified":"2024-02-05T18:55:28","modified_gmt":"2024-02-05T17:55:28","slug":"impresje-wiktorii-epub","status":"publish","type":"product","link":"https:\/\/ecl-pisarka.pl\/index.php\/produkt\/impresje-wiktorii-epub\/","title":{"rendered":"Ewelina C Lisowska IMPRESJE WIKTORII epub ebook"},"content":{"rendered":"<h2 style=\"text-align: center;\">Ewelina C Lisowska<\/h2>\n<h1 style=\"text-align: center;\">IMPRESJE WIKTORII epub<\/h1>\n<h3 style=\"text-align: center;\">ebook<\/h3>\n<p>&nbsp;<\/p>\n<p><img loading=\"lazy\" decoding=\"async\" class=\"aligncenter wp-image-4870 size-full\" src=\"https:\/\/ecl-pisarka.pl\/wp-content\/uploads\/2020\/06\/Impresje-Wiktorii.jpg\" alt=\"\" width=\"2240\" height=\"1260\" srcset=\"https:\/\/ecl-pisarka.pl\/wp-content\/uploads\/2020\/06\/Impresje-Wiktorii.jpg 2240w, https:\/\/ecl-pisarka.pl\/wp-content\/uploads\/2020\/06\/Impresje-Wiktorii-300x169.jpg 300w, https:\/\/ecl-pisarka.pl\/wp-content\/uploads\/2020\/06\/Impresje-Wiktorii-1024x576.jpg 1024w, https:\/\/ecl-pisarka.pl\/wp-content\/uploads\/2020\/06\/Impresje-Wiktorii-768x432.jpg 768w, https:\/\/ecl-pisarka.pl\/wp-content\/uploads\/2020\/06\/Impresje-Wiktorii-1536x864.jpg 1536w, https:\/\/ecl-pisarka.pl\/wp-content\/uploads\/2020\/06\/Impresje-Wiktorii-2048x1152.jpg 2048w, https:\/\/ecl-pisarka.pl\/wp-content\/uploads\/2020\/06\/Impresje-Wiktorii-400x225.jpg 400w\" sizes=\"auto, (max-width: 2240px) 100vw, 2240px\" \/><\/p>\n<p style=\"text-align: center;\"><strong>Wi\u0119cej na temat ksi\u0105\u017cki przeczytasz tutaj <a href=\"https:\/\/ecl-pisarka.pl\/index.php\/category\/impresjewiktorii\/\">IMPRESJE WIKTORII.<\/a><\/strong><\/p>\n<p style=\"text-align: center;\">Zobacz cytaty z ksi\u0105\u017cki na <a href=\"https:\/\/pl.pinterest.com\/napisz0304\/_created\/\" target=\"_blank\" rel=\"noopener\">PINTEREST<\/a> oraz <a href=\"https:\/\/stylowi.pl\/ewelina_capanda_1989\" target=\"_blank\" rel=\"noopener\">STYLOWI.PL<\/a><\/p>\n<h3><\/h3>\n<p>&nbsp;<\/p>\n","protected":false},"excerpt":{"rendered":"<p>&nbsp;<\/p>\n<h2 style=\"text-align: center;\">Ewelina C Lisowska<\/h2>\n<h1 style=\"text-align: center;\">IMPRESJE WIKTORII epub<\/h1>\n<p><strong>Wydawnictwo Romanse<\/strong><\/p>\n<p><strong>Romans historyczny<\/strong><\/p>\n<p><strong>Data wydania: 22.05.2023<\/strong><\/p>\n<p>&nbsp;<\/p>\n<h4>Zobacz tak\u017ce:<\/h4>\n<p><a href=\"https:\/\/ecl-pisarka.pl\/index.php\/produkt\/impresje-wiktorii-pdf\/\">Impresje Wiktorii PDF<\/a><\/p>\n<p><a href=\"https:\/\/ecl-pisarka.pl\/index.php\/produkt\/impresje-wiktorii-mobi\/\">Impresje Wiktorii MOBI<\/a><\/p>\n<p><a href=\"https:\/\/ecl-pisarka.pl\/index.php\/produkt\/impresje-wiktorii-ksiazka\/\">Impresje Wiktorii ksi\u0105\u017cka drukowana<\/a><\/p>\n<p><a href=\"https:\/\/ecl-pisarka.pl\/index.php\/2021\/11\/10\/impresje-wiktorii-fragment-ksiazki\/\"><strong>Przeczytaj darmowy fragment tekstu<\/strong><\/a><\/p>\n<p><a href=\"https:\/\/www.youtube.com\/watch?v=FL1GnoCluCk&amp;list=PL-Wfhy80J6IkSGXNFAGVvO7qTWQZD2qfD&amp;index=5\">Pos\u0142uchaj fragmentu ksi\u0105\u017cki<\/a><\/p>\n<p>&nbsp;<\/p>\n<h1 style=\"text-align: center;\">Impresje Wiktorii &#8211; opis<\/h1>\n<p>Romans, Polska wiek XIX. Wiktoria to m\u0142oda, dojrzewaj\u0105ca kobietka z wy\u017cszych sfer, niepozbawiona w\u0142a\u015bciwej dla swojej klasy dumy wynikaj\u0105cej z pochodzenia oraz artystycznego wykszta\u0142cenia. Zamieszkuje dw\u00f3r wraz z ojcem (posiadaczem ziemskim) i dwiema siostrami (Ester\u0105 oraz Joann\u0105). Pobo\u017cny ojciec dba o dobre wychowanie panien i wpaja im zasady moralne wynikaj\u0105ce z doktryn religii katolickiej.<\/p>\n<h2>Okrutny ojciec<\/h2>\n<p>Dlatego nic dziwnego, \u017ce gdy romans Wiktorii (kt\u00f3ry ko\u0144czy si\u0119 niechcian\u0105 ci\u0105\u017c\u0105 i \u015blubem kochanka z inn\u0105 dam\u0105), wychodzi na jaw, surowy ojciec postanawia ukara\u0107 swoj\u0105 grzeszn\u0105 c\u00f3rk\u0119 w najbardziej upokarzaj\u0105cy dla niej spos\u00f3b. Najpierw wiezie j\u0105 na \u015blub kochanka, p\u00f3\u017aniej wywozi do wsi, gdzie przed wie\u015bniakami wyrzeka si\u0119 swojej c\u00f3rki, a p\u00f3\u017aniej oddaje j\u0105 jednemu z nich w zamian za cieln\u0105 krow\u0119, pod warunkiem, \u017ce tamten we\u017amie z ni\u0105 \u015blub.<\/p>\n<h2>Dobry ch\u0142op<\/h2>\n<p>Benedykt Walczak jako jedyny podejmuje si\u0119 dope\u0142nienia tej transakcji i zabiera Wiktori\u0119 do swojego domu. Dziewczynie nie jest \u0142atwo przystosowa\u0107 si\u0119 do nowych warunk\u00f3w \u017cycia, wci\u0105\u017c my\u015bli o utraconym ukochanym\u2026 a zakochany Benedykt robi wszystko, aby jego \u017conie by\u0142o dobrze. Mi\u0119dzy nimi rodzi si\u0119 uczucie, lecz niespodziewany powr\u00f3t kochanka Wiktorii przewraca \u017cycie Walczak\u00f3w do g\u00f3ry nogami\u2026 Czy Benedykt i Wiktoria w ko\u0144cu b\u0119d\u0105 razem?<\/p>\n<h2>Dylematy<\/h2>\n<p><a href=\"https:\/\/ecl-pisarka.pl\/index.php\/kategoria-produktu\/ksiazki-romanse-historyczne\/impresje-wiktorii\/\">IMPRESJE WIKTORII<\/a> nios\u0105 za sob\u0105 dylemat moralno-egzystencjonalny bohaterki wynikaj\u0105cy z przekona\u0144 religijnych. Pojawia si\u0119 tam mi\u0119dzy innymi odpowied\u017a na to, czy B\u00f3g karze nas za nasze grzechy, czy mo\u017ce jednak sami \u015bci\u0105gamy na siebie ich konsekwencje. Czy sprawiedliwo\u015b\u0107 istnieje? Czy przykazanie \u201eSzanuj matk\u0119 i ojca swego\u201d dzia\u0142a tak\u017ce w przypadku, gdy ojciec staje si\u0119 oprawc\u0105 swoich w\u0142asnych dzieci?<\/p>\n<h2 style=\"text-align: center;\"><\/h2>\n","protected":false},"featured_media":5198,"template":"","meta":[],"product_brand":[],"product_cat":[195,47,204],"product_tag":[140,161,145,165,164],"class_list":{"0":"post-1193","1":"product","2":"type-product","3":"status-publish","4":"has-post-thumbnail","6":"product_cat-ebook-romanse-historyczne","7":"product_cat-ebooki","8":"product_cat-impresje-wiktorii","9":"product_tag-ebook-epub","10":"product_tag-ewelina-c-lisowska","11":"product_tag-impresje-wiktorii","12":"product_tag-romans-historyczny","13":"product_tag-wiek-xix","15":"first","16":"instock","17":"downloadable","18":"taxable","19":"shipping-taxable","20":"purchasable","21":"product-type-simple"},"_links":{"self":[{"href":"https:\/\/ecl-pisarka.pl\/index.php\/wp-json\/wp\/v2\/product\/1193","targetHints":{"allow":["GET"]}}],"collection":[{"href":"https:\/\/ecl-pisarka.pl\/index.php\/wp-json\/wp\/v2\/product"}],"about":[{"href":"https:\/\/ecl-pisarka.pl\/index.php\/wp-json\/wp\/v2\/types\/product"}],"wp:featuredmedia":[{"embeddable":true,"href":"https:\/\/ecl-pisarka.pl\/index.php\/wp-json\/wp\/v2\/media\/5198"}],"wp:attachment":[{"href":"https:\/\/ecl-pisarka.pl\/index.php\/wp-json\/wp\/v2\/media?parent=1193"}],"wp:term":[{"taxonomy":"product_brand","embeddable":true,"href":"https:\/\/ecl-pisarka.pl\/index.php\/wp-json\/wp\/v2\/product_brand?post=1193"},{"taxonomy":"product_cat","embeddable":true,"href":"https:\/\/ecl-pisarka.pl\/index.php\/wp-json\/wp\/v2\/product_cat?post=1193"},{"taxonomy":"product_tag","embeddable":true,"href":"https:\/\/ecl-pisarka.pl\/index.php\/wp-json\/wp\/v2\/product_tag?post=1193"}],"curies":[{"name":"wp","href":"https:\/\/api.w.org\/{rel}","templated":true}]}}