{"id":1196,"date":"2020-06-08T11:00:43","date_gmt":"2020-06-08T10:00:43","guid":{"rendered":"https:\/\/ecl-pisarka.pl\/?post_type=product&#038;p=1196"},"modified":"2024-02-05T18:54:59","modified_gmt":"2024-02-05T17:54:59","slug":"impresje-wiktorii-pdf","status":"publish","type":"product","link":"https:\/\/ecl-pisarka.pl\/index.php\/produkt\/impresje-wiktorii-pdf\/","title":{"rendered":"Ewelina C Lisowska IMPRESJE WIKTORII pdf ebook"},"content":{"rendered":"<h2 style=\"text-align: center;\">Ewelina C Lisowska<\/h2>\n<h1 style=\"text-align: center;\">IMPRESJE WIKTORII pdf<\/h1>\n<h3 style=\"text-align: center;\">ebook<\/h3>\n<p><img loading=\"lazy\" decoding=\"async\" class=\"aligncenter wp-image-4870 size-full\" src=\"https:\/\/ecl-pisarka.pl\/wp-content\/uploads\/2020\/06\/Impresje-Wiktorii.jpg\" alt=\"\" width=\"2240\" height=\"1260\" srcset=\"https:\/\/ecl-pisarka.pl\/wp-content\/uploads\/2020\/06\/Impresje-Wiktorii.jpg 2240w, https:\/\/ecl-pisarka.pl\/wp-content\/uploads\/2020\/06\/Impresje-Wiktorii-300x169.jpg 300w, https:\/\/ecl-pisarka.pl\/wp-content\/uploads\/2020\/06\/Impresje-Wiktorii-1024x576.jpg 1024w, https:\/\/ecl-pisarka.pl\/wp-content\/uploads\/2020\/06\/Impresje-Wiktorii-768x432.jpg 768w, https:\/\/ecl-pisarka.pl\/wp-content\/uploads\/2020\/06\/Impresje-Wiktorii-1536x864.jpg 1536w, https:\/\/ecl-pisarka.pl\/wp-content\/uploads\/2020\/06\/Impresje-Wiktorii-2048x1152.jpg 2048w, https:\/\/ecl-pisarka.pl\/wp-content\/uploads\/2020\/06\/Impresje-Wiktorii-400x225.jpg 400w\" sizes=\"auto, (max-width: 2240px) 100vw, 2240px\" \/><\/p>\n<p style=\"text-align: center;\"><strong>Wi\u0119cej na temat ksi\u0105\u017cki przeczytasz tutaj <a href=\"https:\/\/ecl-pisarka.pl\/index.php\/category\/impresjewiktorii\/\">IMPRESJE WIKTORII.<\/a><\/strong><\/p>\n<p style=\"text-align: center;\">Zobacz cytaty z ksi\u0105\u017cki na <a href=\"https:\/\/pl.pinterest.com\/napisz0304\/_created\/\" target=\"_blank\" rel=\"noopener\">PINTEREST<\/a> oraz <a href=\"https:\/\/stylowi.pl\/ewelina_capanda_1989\" target=\"_blank\" rel=\"noopener\">STYLOWI.PL<\/a><\/p>\n<p>&nbsp;<\/p>\n<p>&nbsp;<\/p>\n","protected":false},"excerpt":{"rendered":"<h2 style=\"text-align: center;\">Ewelina C Lisowska<\/h2>\n<h1 style=\"text-align: center;\">IMPRESJE WIKTORII pdf<\/h1>\n<h2 style=\"text-align: center;\">ebook<\/h2>\n<p><strong>Wydawnictwo Romanse<\/strong><\/p>\n<p><strong>Romans historyczny<\/strong><\/p>\n<p><strong>Data wydania: 22.05.2023<\/strong><\/p>\n<p><strong>Wydanie 2.<\/strong><\/p>\n<p>&nbsp;<\/p>\n<h4>Zobacz tak\u017ce:<\/h4>\n<p><a href=\"https:\/\/ecl-pisarka.pl\/index.php\/produkt\/impresje-wiktorii-ewelina-c-lisowska-ebook-mobi\/\">Impresje Wiktorii MOBI<\/a><\/p>\n<p><a href=\"https:\/\/ecl-pisarka.pl\/index.php\/produkt\/impresje-wiktorii-ebook-epub\/\">Impresje Wiktorii EPUB<\/a><\/p>\n<p><a href=\"https:\/\/ecl-pisarka.pl\/index.php\/produkt\/impresje-wiktorii-ewelina-c-lisowska-ksiazka-drukowana\/\">Impresje Wiktorii ksi\u0105\u017cka drukowana<\/a><\/p>\n<h4><a href=\"https:\/\/ecl-pisarka.pl\/index.php\/2021\/11\/10\/impresje-wiktorii-fragment-ksiazki\/\"><strong>Przeczytaj darmowy fragment tekstu<\/strong><\/a><\/h4>\n<p><a href=\"https:\/\/www.youtube.com\/watch?v=FL1GnoCluCk&amp;list=PL-Wfhy80J6IkSGXNFAGVvO7qTWQZD2qfD&amp;index=5\">Pos\u0142uchaj fragmentu ksi\u0105\u017cki<\/a><\/p>\n<p>&nbsp;<\/p>\n<h1 style=\"text-align: center;\">Opis<\/h1>\n<h3><strong><a href=\"https:\/\/ecl-pisarka.pl\/index.php\/kategoria-produktu\/ksiazki-romanse-historyczne\/impresje-wiktorii\/\">IMPRESJE WIKTORII<\/a> O czym jest ta ksi\u0105\u017cka?<\/strong><\/h3>\n<p>Jest to romans historyczny, kt\u00f3rego akcja rozgrywa si\u0119 w XIX wieku. Ksi\u0105\u017cka mia\u0142a swoj\u0105 premier\u0119 w czerwcu 2020 roku, ukaza\u0142a si\u0119 jako ebook. Pocz\u0105tkiem 2021 roku ukaza\u0142a si\u0119 ksi\u0105\u017cka drukowana IMPRESJE WITKORII w nowym, drugim ju\u017c wydaniu. Zawiera ona pos\u0142owie, kt\u00f3re t\u0142umaczy mniej zorientowanym czytelnikom realia tej epoki oraz miejsca, w kt\u00f3rych rozgrywa si\u0119 akcja.<\/p>\n<h3><strong>G\u0142\u00f3wni bohaterowie<\/strong><\/h3>\n<p>Poznajemy Wiktori\u0119 (dwudziestoletni\u0105 c\u00f3rk\u0119 w\u0142a\u015bciciela ziemskiego), gdy jej serce jest pe\u0142ne idea\u0142\u00f3w. Dziewczyna marzy o wyidealizowanej mi\u0142o\u015bci, malowaniu obraz\u00f3w w Pary\u017cu i \u017cyciu jak ze snu. W pogardzie ma ch\u0142op\u00f3w &#8211; to jak si\u0119 ubieraj\u0105, ich nieprzyjemny zapach i brak wiedzy. Wiktoria wdaje si\u0119 w romans z m\u0119\u017cczyzn\u0105 &#8222;idealnym&#8221;, kt\u00f3ry jaki\u015b czasu p\u00f3\u017aniej porzuca j\u0105, pozostawiaj\u0105c j\u0105 przy nadziei. Ci\u0105\u017ca to ostatni gw\u00f3\u017ad\u017a do trumny, bowiem ojciec dziewczyny wyrzuca j\u0105 z domu i ka\u017ce o\u017ceni\u0107 si\u0119 z ch\u0142opem. Lecz to jeszcze nie koniec kary.<\/p>\n<h3><strong>Wiktoria w domu Benedykta<\/strong><\/h3>\n<p>Ten skromny ch\u0142op jako jedyny wyci\u0105ga pomocn\u0105 r\u0119k\u0119 do Wiktorii. Postanawia o\u017ceni\u0107 si\u0119 z ni\u0105, mimo i\u017c dziewczyna spodziewa si\u0119 nie\u015blubnego dziecka innego m\u0119\u017cczyzny. Benek otacza szlachciank\u0119 opiek\u0105, oszcz\u0119dza jej si\u0142y, broni przed matk\u0105, kt\u00f3rej nie podoba si\u0119 synowa. Wiktoria musi nauczy\u0107 si\u0119 \u017cy\u0107 w nowych warunkach. Lecz ta m\u0142oda osoba nauczy si\u0119 tak\u017ce czego\u015b o wiele cenniejszego: szacunku do ludzi i bezwarunkowej mi\u0142o\u015bci.<\/p>\n<h3><strong>Czy Wiktoria pokocha Benedykta?<\/strong><\/h3>\n<p>Bez w\u0105tpienia to nie b\u0119dzie takie proste. Swoim zachowaniem Wiktoria skrzywdzi Benedykta i to nie jeden raz. Zakochany m\u0119\u017cczyzna jest jednak sk\u0142onny do wybaczania. Tych dwoje przejdzie wiele, zanim zrozumie, co tak naprawd\u0119 liczy si\u0119 w \u017cyciu najbardziej. A m\u0119\u017cczyzna, kt\u00f3ry w oczach panienki z dworku by\u0142 nikim, nagle zacznie nabiera\u0107 na warto\u015bci. Szkoda tylko, \u017ce dziewczyna zbyt p\u00f3\u017ano zorientuje si\u0119, co jest dla niej tak naprawd\u0119 najwa\u017cniejsze.<\/p>\n","protected":false},"featured_media":5198,"template":"","meta":[],"product_brand":[],"product_cat":[195,47,204],"product_tag":[50,137,145,165,164],"class_list":{"0":"post-1196","1":"product","2":"type-product","3":"status-publish","4":"has-post-thumbnail","6":"product_cat-ebook-romanse-historyczne","7":"product_cat-ebooki","8":"product_cat-impresje-wiktorii","9":"product_tag-ebook","10":"product_tag-ebook-pdf","11":"product_tag-impresje-wiktorii","12":"product_tag-romans-historyczny","13":"product_tag-wiek-xix","15":"first","16":"instock","17":"taxable","18":"shipping-taxable","19":"purchasable","20":"product-type-simple"},"_links":{"self":[{"href":"https:\/\/ecl-pisarka.pl\/index.php\/wp-json\/wp\/v2\/product\/1196","targetHints":{"allow":["GET"]}}],"collection":[{"href":"https:\/\/ecl-pisarka.pl\/index.php\/wp-json\/wp\/v2\/product"}],"about":[{"href":"https:\/\/ecl-pisarka.pl\/index.php\/wp-json\/wp\/v2\/types\/product"}],"wp:featuredmedia":[{"embeddable":true,"href":"https:\/\/ecl-pisarka.pl\/index.php\/wp-json\/wp\/v2\/media\/5198"}],"wp:attachment":[{"href":"https:\/\/ecl-pisarka.pl\/index.php\/wp-json\/wp\/v2\/media?parent=1196"}],"wp:term":[{"taxonomy":"product_brand","embeddable":true,"href":"https:\/\/ecl-pisarka.pl\/index.php\/wp-json\/wp\/v2\/product_brand?post=1196"},{"taxonomy":"product_cat","embeddable":true,"href":"https:\/\/ecl-pisarka.pl\/index.php\/wp-json\/wp\/v2\/product_cat?post=1196"},{"taxonomy":"product_tag","embeddable":true,"href":"https:\/\/ecl-pisarka.pl\/index.php\/wp-json\/wp\/v2\/product_tag?post=1196"}],"curies":[{"name":"wp","href":"https:\/\/api.w.org\/{rel}","templated":true}]}}