{"id":1197,"date":"2020-06-08T11:11:37","date_gmt":"2020-06-08T10:11:37","guid":{"rendered":"https:\/\/ecl-pisarka.pl\/?post_type=product&#038;p=1197"},"modified":"2024-02-05T18:54:26","modified_gmt":"2024-02-05T17:54:26","slug":"impresje-wiktorii-mobi","status":"publish","type":"product","link":"https:\/\/ecl-pisarka.pl\/index.php\/produkt\/impresje-wiktorii-mobi\/","title":{"rendered":"Ewelina C Lisowska IMPRESJE WIKTORII mobi ebook"},"content":{"rendered":"<h2 style=\"text-align: center;\">Ewelina C Lisowska<\/h2>\n<h1 style=\"text-align: center;\">IMPRESJE WIKTORII mobi<\/h1>\n<h3 style=\"text-align: center;\">ebook<\/h3>\n<blockquote><p><img loading=\"lazy\" decoding=\"async\" class=\"aligncenter wp-image-4870 size-full\" src=\"https:\/\/ecl-pisarka.pl\/wp-content\/uploads\/2020\/06\/Impresje-Wiktorii.jpg\" alt=\"\" width=\"2240\" height=\"1260\" srcset=\"https:\/\/ecl-pisarka.pl\/wp-content\/uploads\/2020\/06\/Impresje-Wiktorii.jpg 2240w, https:\/\/ecl-pisarka.pl\/wp-content\/uploads\/2020\/06\/Impresje-Wiktorii-300x169.jpg 300w, https:\/\/ecl-pisarka.pl\/wp-content\/uploads\/2020\/06\/Impresje-Wiktorii-1024x576.jpg 1024w, https:\/\/ecl-pisarka.pl\/wp-content\/uploads\/2020\/06\/Impresje-Wiktorii-768x432.jpg 768w, https:\/\/ecl-pisarka.pl\/wp-content\/uploads\/2020\/06\/Impresje-Wiktorii-1536x864.jpg 1536w, https:\/\/ecl-pisarka.pl\/wp-content\/uploads\/2020\/06\/Impresje-Wiktorii-2048x1152.jpg 2048w, https:\/\/ecl-pisarka.pl\/wp-content\/uploads\/2020\/06\/Impresje-Wiktorii-400x225.jpg 400w\" sizes=\"auto, (max-width: 2240px) 100vw, 2240px\" \/><\/p><\/blockquote>\n<p style=\"text-align: center;\"><strong>Wi\u0119cej na temat ksi\u0105\u017cki przeczytasz na blogu <a href=\"https:\/\/ecl-pisarka.pl\/index.php\/category\/impresjewiktorii\/\">IMPRESJE WIKTORII<\/a><\/strong><\/p>\n<p style=\"text-align: center;\">Zobacz cytaty z ksi\u0105\u017cki na <a href=\"https:\/\/pl.pinterest.com\/napisz0304\/_created\/\" target=\"_blank\" rel=\"noopener\">PINTEREST<\/a> oraz <a href=\"https:\/\/stylowi.pl\/ewelina_capanda_1989\" target=\"_blank\" rel=\"noopener\">STYLOWI.PL<\/a><\/p>\n<p>&nbsp;<\/p>\n<p>&nbsp;<\/p>\n<p>&nbsp;<\/p>\n","protected":false},"excerpt":{"rendered":"<h2 style=\"text-align: center;\">Ewelina C.Lisowska<\/h2>\n<h1 style=\"text-align: center;\">IMPRESJE WIKTORII mobi<\/h1>\n<h2 style=\"text-align: center;\">ebook<\/h2>\n<p><strong>Wydawnictwo Romanse<\/strong><\/p>\n<p><strong>Romans historyczny<\/strong><\/p>\n<p><strong>Data wydania: 22.05.2023<\/strong><\/p>\n<p><strong>Wydanie 2.<\/strong><\/p>\n<p>&nbsp;<\/p>\n<h4>Zobacz tak\u017ce:<\/h4>\n<p><a href=\"https:\/\/ecl-pisarka.pl\/index.php\/produkt\/impresje-wiktorii-pdf\/\">Impresje Wiktorii PDF<\/a><\/p>\n<p><a href=\"https:\/\/ecl-pisarka.pl\/index.php\/produkt\/impresje-wiktorii-epub\/\">Impresje Wiktorii EPUB<\/a><\/p>\n<p><a href=\"https:\/\/ecl-pisarka.pl\/index.php\/produkt\/impresje-wiktorii-ksiazka\/\">Impresje Wiktorii ksi\u0105\u017cka drukowana<\/a><\/p>\n<h4><a href=\"https:\/\/ecl-pisarka.pl\/index.php\/2021\/11\/10\/impresje-wiktorii-fragment-ksiazki\/\"><strong>Przeczytaj darmowy fragment tekstu<\/strong><\/a><\/h4>\n<p><a href=\"https:\/\/www.youtube.com\/watch?v=FL1GnoCluCk&amp;list=PL-Wfhy80J6IkSGXNFAGVvO7qTWQZD2qfD&amp;index=5\">Pos\u0142uchaj fragmentu ksi\u0105\u017cki<\/a><\/p>\n<p>&nbsp;<\/p>\n<p>&nbsp;<\/p>\n<h1 style=\"text-align: center;\">Opis<\/h1>\n<h3><strong><a href=\"https:\/\/ecl-pisarka.pl\/index.php\/kategoria-produktu\/ksiazki-romanse-historyczne\/impresje-wiktorii\/\">Impresje Wiktorii<\/a> \u2013 o czym jest ta ksi\u0105\u017cka?<\/strong><\/h3>\n<p>Panna Wiktoria Jankowska to dwudziestoletnia c\u00f3rka w\u0142a\u015bciciela dworku (ziemia\u0144stwo polskie, wiek XIX). Teodor Jankowski pragnie, aby jego c\u00f3rka wysz\u0142a dobrze za m\u0105\u017c. Lecz w \u017cyciu Wiktorii pojawia si\u0119 amant, kt\u00f3ry wykorzystuje jej naiwno\u015b\u0107. Dziewczyna zachodzi w ci\u0105\u017c\u0119, za co zostaje wyp\u0119dzona z domu. Jednak to nie koniec kary \u2013 Wiktoria ma zosta\u0107 \u017con\u0105 ch\u0142opa i zamieszka\u0107 z nim razem w jego cha\u0142upie wraz z matk\u0105 i babk\u0105. Wiki brzydzi si\u0119 ch\u0142op\u00f3w, unika ich za wszelk\u0105 cen\u0119. Teraz przyjdzie jej zmierzy\u0107 si\u0119 z now\u0105 rzeczywisto\u015bci\u0105.<\/p>\n<h3><strong>Benedykt Walczak \u2013 bohater powie\u015bci IMPRESJE WIKTORII<\/strong><\/h3>\n<p>Benedykt nie jest tak romantyczny jak kochanek Wiktorii. Jest praktyczny, troch\u0119 nieokrzesany i dziki, a najwy\u017csz\u0105 warto\u015b\u0107 stanowi dla niego sprawiedliwo\u015b\u0107. Jako jedyny m\u0119\u017cczyzna z ca\u0142ej wiejskiej osady, postanawia przygarn\u0105\u0107 pod sw\u00f3j dach kobiet\u0119 z nie\u015blubnym dzieckiem i poj\u0105\u0107 j\u0105 za \u017con\u0119. Lecz to nie jest pierwsze spotkanie Wiktorii i Benedykta. Zakochany ch\u0142op nigdy nie \u015bmia\u0142 si\u0119gn\u0105\u0107 po kobiet\u0119 wywodz\u0105c\u0105 si\u0119 z wy\u017cszej klasy. A po \u015blubie nie spodziewa si\u0119 nag\u0142ego wybuchu mi\u0142o\u015bci. Co wi\u0119cej, Wiktoria bardzo brzydko potraktuje Benka, co zepsuje ich wzajemne relacje.<\/p>\n<h3><strong>Inni bohaterowie romansu historycznego \u201eImpresje Wiktorii\u201d<\/strong><\/h3>\n<p>Wiktoria ma dwie siostry, kt\u00f3re podobnie jak ona, s\u0105 zdane na \u0142ask\u0119 ojca. Teodor nie nale\u017cy do \u0142atwych ludzi, o czym mo\u017cemy przekona\u0107 si\u0119, czytaj\u0105c ksi\u0105\u017ck\u0119. Ten cz\u0142owiek posunie si\u0119 do czyn\u00f3w wysoce haniebnych, byle tylko osi\u0105gn\u0105\u0107 sw\u00f3j cel. Hipokryzja jego religijno\u015bci przejdzie wszelkie oczekiwania.<\/p>\n<h3><strong>Drugie dno ksi\u0105\u017cki<\/strong><\/h3>\n<p>Uwielbiam wplata\u0107 w moje powie\u015bci w\u0105tek przemiany duchowej i psychicznej bohater\u00f3w. Wiktoria przejdzie metamorfoz\u0119, podobnie jak Benedykt i ka\u017cda z postaci wyst\u0119puj\u0105cych w IMPRESJACH WIKTORII. Z jednej strony trud \u017cycia, z drugiej opieka Boga. Tak, romans ten zdecydowanie posiada drugie, duchowe dno, kt\u00f3re zawa\u017cy o losie Wiktorii i jej m\u0119\u017ca. Bohaterowie tej powie\u015bci s\u0105 bowiem nie tylko ciele\u015bni, ale posiadaj\u0105 swoj\u0105 cz\u0105stk\u0119 duchow\u0105, kt\u00f3ra sk\u0142ada si\u0119 na ca\u0142okszta\u0142t osobowo\u015bci.<\/p>\n","protected":false},"featured_media":5198,"template":"","meta":[],"product_brand":[],"product_cat":[195,47,204],"product_tag":[50,138,161,145,165,164],"class_list":{"0":"post-1197","1":"product","2":"type-product","3":"status-publish","4":"has-post-thumbnail","6":"product_cat-ebook-romanse-historyczne","7":"product_cat-ebooki","8":"product_cat-impresje-wiktorii","9":"product_tag-ebook","10":"product_tag-ebook-mobi","11":"product_tag-ewelina-c-lisowska","12":"product_tag-impresje-wiktorii","13":"product_tag-romans-historyczny","14":"product_tag-wiek-xix","16":"first","17":"instock","18":"taxable","19":"shipping-taxable","20":"purchasable","21":"product-type-simple"},"_links":{"self":[{"href":"https:\/\/ecl-pisarka.pl\/index.php\/wp-json\/wp\/v2\/product\/1197","targetHints":{"allow":["GET"]}}],"collection":[{"href":"https:\/\/ecl-pisarka.pl\/index.php\/wp-json\/wp\/v2\/product"}],"about":[{"href":"https:\/\/ecl-pisarka.pl\/index.php\/wp-json\/wp\/v2\/types\/product"}],"wp:featuredmedia":[{"embeddable":true,"href":"https:\/\/ecl-pisarka.pl\/index.php\/wp-json\/wp\/v2\/media\/5198"}],"wp:attachment":[{"href":"https:\/\/ecl-pisarka.pl\/index.php\/wp-json\/wp\/v2\/media?parent=1197"}],"wp:term":[{"taxonomy":"product_brand","embeddable":true,"href":"https:\/\/ecl-pisarka.pl\/index.php\/wp-json\/wp\/v2\/product_brand?post=1197"},{"taxonomy":"product_cat","embeddable":true,"href":"https:\/\/ecl-pisarka.pl\/index.php\/wp-json\/wp\/v2\/product_cat?post=1197"},{"taxonomy":"product_tag","embeddable":true,"href":"https:\/\/ecl-pisarka.pl\/index.php\/wp-json\/wp\/v2\/product_tag?post=1197"}],"curies":[{"name":"wp","href":"https:\/\/api.w.org\/{rel}","templated":true}]}}