{"id":1687,"date":"2020-08-20T18:06:15","date_gmt":"2020-08-20T17:06:15","guid":{"rendered":"https:\/\/ecl-pisarka.pl\/?post_type=product&#038;p=1687"},"modified":"2024-02-05T18:53:22","modified_gmt":"2024-02-05T17:53:22","slug":"walerian-i-roza-pdf-eclisowska","status":"publish","type":"product","link":"https:\/\/ecl-pisarka.pl\/index.php\/produkt\/walerian-i-roza-pdf-eclisowska\/","title":{"rendered":"Ewelina C Lisowska WALERIAN I R\u00d3\u017bA pdf"},"content":{"rendered":"<p>&nbsp;<\/p>\n<h2 style=\"text-align: center;\">Ewelina C Lisowska<\/h2>\n<blockquote>\n<h1 style=\"text-align: center;\">Walerian i R\u00f3\u017ca pdf<\/h1>\n<h3 style=\"text-align: center;\">Romans, wiek XIX.<\/h3>\n<\/blockquote>\n<p>&nbsp;<\/p>\n<p><img loading=\"lazy\" decoding=\"async\" class=\"aligncenter wp-image-4869 size-full\" src=\"https:\/\/ecl-pisarka.pl\/wp-content\/uploads\/2020\/08\/Walerian-i-Roza.jpg\" alt=\"\" width=\"2240\" height=\"1260\" srcset=\"https:\/\/ecl-pisarka.pl\/wp-content\/uploads\/2020\/08\/Walerian-i-Roza.jpg 2240w, https:\/\/ecl-pisarka.pl\/wp-content\/uploads\/2020\/08\/Walerian-i-Roza-300x169.jpg 300w, https:\/\/ecl-pisarka.pl\/wp-content\/uploads\/2020\/08\/Walerian-i-Roza-1024x576.jpg 1024w, https:\/\/ecl-pisarka.pl\/wp-content\/uploads\/2020\/08\/Walerian-i-Roza-768x432.jpg 768w, https:\/\/ecl-pisarka.pl\/wp-content\/uploads\/2020\/08\/Walerian-i-Roza-1536x864.jpg 1536w, https:\/\/ecl-pisarka.pl\/wp-content\/uploads\/2020\/08\/Walerian-i-Roza-2048x1152.jpg 2048w, https:\/\/ecl-pisarka.pl\/wp-content\/uploads\/2020\/08\/Walerian-i-Roza-400x225.jpg 400w\" sizes=\"auto, (max-width: 2240px) 100vw, 2240px\" \/><\/p>\n<p style=\"text-align: center;\"><a href=\"https:\/\/ecl-pisarka.pl\/index.php\/category\/walerian-i-roza\/\"><strong>Wi\u0119cej na temat ksi\u0105\u017cki WALERIAN I R\u00d3\u017bA<\/strong><\/a><\/p>\n<p style=\"text-align: center;\">Zobacz cytaty z ksi\u0105\u017cki na <a href=\"https:\/\/pl.pinterest.com\/napisz0304\/_created\/\" target=\"_blank\" rel=\"noopener\">PINTEREST<\/a> oraz <a href=\"https:\/\/stylowi.pl\/ewelina_capanda_1989\" target=\"_blank\" rel=\"noopener\">STYLOWI.PL<\/a><\/p>\n<p>&nbsp;<\/p>\n<h2 style=\"text-align: center;\"><strong>Spis tre\u015bci<\/strong><\/h2>\n<p style=\"text-align: center;\"><strong>Cz\u0119\u015b\u0107 1 \u2013 \u017bona Waleriana\u2026\u2026\u2026\u2026&#8230;\u2026.6.<\/strong><br \/>\n1. Spektakl \u017cycia\u2026\u2026\u2026\u2026\u2026\u2026\u2026\u2026\u2026\u2026\u2026..7.<br \/>\n2. Poca\u0142unek na wag\u0119 z\u0142ota\u2026\u2026\u2026\u2026.13.<br \/>\n3. Polny wiatr\u2026\u2026\u2026\u2026\u2026\u2026\u2026\u2026\u2026\u2026\u2026\u2026..22.<br \/>\n4.Gwa\u0142towne zmiany\u2026\u2026\u2026\u2026\u2026\u2026\u2026\u2026.38.<br \/>\n5. Poca\u0142unek ksi\u0119cia\u2026\u2026\u2026\u2026\u2026\u2026\u2026\u2026..48.<br \/>\n6. Dziwne sam na sam\u2026\u2026\u2026\u2026\u2026\u2026\u202656.<br \/>\n7. Ob\u0142awa\u2026\u2026\u2026\u2026\u2026\u2026\u2026\u2026\u2026\u2026\u2026\u2026\u2026\u2026.67.<br \/>\n8. Uprowadzona\u2026\u2026\u2026\u2026\u2026\u2026\u2026\u2026\u2026\u2026..77.<br \/>\n9. Brak akceptacji\u2026\u2026\u2026\u2026\u2026\u2026\u2026\u2026\u2026&#8230;86.<br \/>\n10. Nami\u0119tno\u015bci Waleriana\u2026\u2026\u2026..100.<br \/>\n11. U\u015bwiadomiona\u2026\u2026\u2026\u2026\u2026\u2026\u2026\u2026..112.<br \/>\n12. Gorzka prawda\u2026\u2026\u2026\u2026\u2026\u2026\u2026\u2026..125.<br \/>\n13. Szukaj\u0105c przebaczenia\u2026\u2026\u2026\u2026.154.<br \/>\n14. Krok po kroku\u2026\u2026\u2026\u2026\u2026\u2026\u2026.\u2026&#8230;153.<br \/>\n15. Na samo dno\u2026\u2026\u2026\u2026\u2026\u2026\u2026\u2026\u2026..172.<br \/>\n16. Sparali\u017cowany\u2026\u2026\u2026\u2026\u2026\u2026\u2026\u2026&#8230;185.<br \/>\n17. W obj\u0119ciach wariatki\u2026\u2026\u2026\u2026\u2026197.<br \/>\n18. Schwytana w sid\u0142a\u2026\u2026\u2026\u2026\u2026\u2026..211.<br \/>\n19. Po\u017cegnania\u2026\u2026\u2026\u2026\u2026\u2026\u2026\u2026\u2026\u2026..223.<\/p>\n<p>&nbsp;<\/p>\n<p style=\"text-align: center;\"><div class=\"su-spoiler su-spoiler-style-default su-spoiler-icon-plus su-spoiler-closed\" data-scroll-offset=\"0\" data-anchor-in-url=\"no\"><div class=\"su-spoiler-title\" tabindex=\"0\" role=\"button\"><span class=\"su-spoiler-icon\"><\/span>Czytaj dalej<\/div><div class=\"su-spoiler-content su-u-clearfix su-u-trim\">\n<p style=\"text-align: center;\"><strong>Cz\u0119\u015b\u0107 2. Pokuta Waleriana\u2026\u2026\u2026\u2026231.<\/strong><br \/>\n1. Jesienna herbatka\u2026\u2026\u2026\u2026\u2026\u2026\u2026.232.<br \/>\n2. Klara\u2026\u2026\u2026\u2026\u2026\u2026\u2026\u2026\u2026\u2026\u2026\u2026\u2026\u2026\u2026.246.<br \/>\n3. Samob\u00f3jca\u2026\u2026\u2026\u2026\u2026\u2026\u2026\u2026\u2026\u2026\u2026..263.<br \/>\n4. Odmieniony\u2026\u2026\u2026\u2026\u2026\u2026\u2026\u2026\u2026\u2026\u2026273.<br \/>\n5. Dwulicowa stra\u017cniczka\u2026\u2026\u2026\u2026\u2026285.<br \/>\n6. Nad urwiskiem emocji\u2026\u2026\u2026\u2026&#8230;292.<br \/>\n7. Brak zaufania\u2026\u2026\u2026\u2026\u2026\u2026\u2026\u2026\u2026\u2026.299.<br \/>\n8. Pokuta\u2026\u2026\u2026\u2026\u2026\u2026\u2026\u2026\u2026\u2026\u2026\u2026\u2026&#8230;310.<br \/>\n9. L\u0119k ma cztery kopyta\u2026\u2026\u2026\u2026\u2026.322.<br \/>\n10. Wsp\u00f3lna przeja\u017cd\u017cka\u2026\u2026\u2026\u2026..334.<br \/>\n11. Bez sensu\u2026\u2026\u2026\u2026\u2026\u2026\u2026\u2026\u2026\u2026\u2026.342.<br \/>\nO autorce\u2026\u2026\u2026\u2026\u2026\u2026\u2026\u2026\u2026\u2026\u2026\u2026\u2026.350.<\/p>\n<p style=\"text-align: center;\"><\/div><\/div>\n<p>&nbsp;<\/p>\n<p>&nbsp;<\/p>\n<h2>Patronat medialny<\/h2>\n<p>Romans historyczny &#8222;Walerian i R\u00f3\u017ca&#8221; autorstwa polskiej pisarki romans\u00f3w Eweliny C. Lisowskiej, zosta\u0142 obj\u0119ty trzema <strong>patronatami medialnymi<\/strong>:<\/p>\n<ul>\n<li>Extremely books Instagram<\/li>\n<li>Ewelina-czyta<\/li>\n<li>Czasostrefa.pl<\/li>\n<\/ul>\n<p>&nbsp;<\/p>\n<p>&nbsp;<\/p>\n<p>&nbsp;<\/p>\n","protected":false},"excerpt":{"rendered":"<h2 style=\"text-align: center;\">Ewelina C.Lisowska<\/h2>\n<h1 style=\"text-align: center;\">Walerian i R\u00f3\u017ca pdf<\/h1>\n<h3 style=\"text-align: center;\"><em>Prawdziwa mi\u0142o\u015b\u0107 przetrwa wszystko.<\/em><\/h3>\n<h3 style=\"text-align: center;\"><\/h3>\n<p>Wydawnictwo Romanse<\/p>\n<p>Romans historyczny<\/p>\n<p>ISBN ebooka PDF 978-83-958780-<span class=\"bold\">1<\/span>-5<\/p>\n<p>Data wydania: 14.09.2020<\/p>\n<p>ilo\u015b\u0107 stron A4: 350 stron<\/p>\n<p>&nbsp;<\/p>\n<h4>Zobacz tak\u017ce:<\/h4>\n<p><a href=\"https:\/\/ecl-pisarka.pl\/index.php\/produkt\/walerian-i-roza-mobi\/\">Walerian i R\u00f3\u017ca Mobi<\/a><\/p>\n<p><a href=\"https:\/\/ecl-pisarka.pl\/index.php\/produkt\/walerian-i-roza-epub-ewelina-c-lisowska\/\">Walerian i R\u00f3\u017ca EPUB<\/a><\/p>\n<p><a href=\"https:\/\/ecl-pisarka.pl\/index.php\/produkt\/walerian-i-roza-ksiazka-drukowana\/\">Walerian i R\u00f3\u017ca ksi\u0105\u017cka drukowana<\/a><\/p>\n<p><a href=\"https:\/\/ecl-pisarka.pl\/index.php\/2021\/11\/09\/walerian-i-roza-fragment-ksiazki\/\"><strong>Przeczytaj darmowy fragment tekstu<\/strong><\/a><\/p>\n<p><a href=\"https:\/\/www.youtube.com\/watch?v=K8q22cnZqo4&amp;list=PL-Wfhy80J6IkSGXNFAGVvO7qTWQZD2qfD&amp;index=4\">Pos\u0142uchaj fragmentu ksi\u0105\u017cki<\/a><\/p>\n<p>&nbsp;<\/p>\n<p>&nbsp;<\/p>\n<h1 style=\"text-align: center;\">Opis<\/h1>\n<h3 style=\"text-align: left;\">Powie\u015b\u0107 romantyczna osadzona w polskich realiach XIX wieku. Premiera 14 wrze\u015bnia 2020 roku.<\/h3>\n<h3><strong>\u201eWalerian i R\u00f3\u017ca\u201d <\/strong><strong>\u00a0Ewelina C.Lisowska<\/strong><\/h3>\n<p>Jedno przypadkowe spotkanie na balu przeradza si\u0119 w sprytnie uknuty plan podboju serca ukochanej damy. Walerian Or\u0142owski nie cofnie si\u0119 przed niczym, aby zyska\u0107 stuprocentowe oddanie swojej ukochanej baron\u00f3wny Angeliki Dulskiej. Zakochany m\u0142odzieniec postanawia wykorzysta\u0107 m\u0142od\u0105 i niedo\u015bwiadczon\u0105 (jego zdaniem) dziewczyn\u0119, aby wzbudzi\u0107 zazdro\u015b\u0107 Angeliki. Nieszcz\u0119sna R\u00f3\u017ca Najman nawet nie wie, \u017ce przypadkowe spotkanie z hrabi\u0105 sprawi, \u017ce jej przysz\u0142o\u015b\u0107 zostanie zwi\u0105zana z jego \u017cyciem, a ona sama stanie si\u0119 kukie\u0142k\u0105 w teatrze Waleriana Or\u0142owskiego.<\/p>\n<h2><strong>Bohaterowie<\/strong><\/h2>\n<p>R\u00f3\u017ca to zwyczajna, wiejska dziewczyna, ch\u0142opka, kt\u00f3rej ojciec dorobi\u0142 si\u0119 na hazardzie. Najman prowadzi hodowl\u0119 koni wy\u015bcigowych, kt\u00f3re cz\u0119sto wygrywaj\u0105 z innymi ko\u0144mi w hipodromowych gonitwach. Ten cz\u0142owiek ju\u017c starannie zaprojektowa\u0142 \u017cycie swojej m\u0142odszej c\u00f3rki. R\u00f3\u017ca ma ci\u0119\u017cko pracowa\u0107, aby w przysz\u0142o\u015bci sta\u0107 si\u0119 hodowc\u0105 koni pe\u0142nej krwi angielskiej, co najmniej r\u00f3wnie dobrym jak sam Najman. Dziewczyna nie ma wyboru, musi spe\u0142nia\u0107 kaprysy ojca. Nie mo\u017ce te\u017c uciec w ma\u0142\u017ce\u0144stwo, chyba, \u017ce jej narzeczonym zostanie sam Walerian Or\u0142owski.<\/p>\n<h2><strong>Hrabia Walerian Or\u0142owski<\/strong><\/h2>\n<p>M\u0142ody, zakochany m\u0119\u017cczyzna podporz\u0105dkowa\u0142 swoje \u017cycie zalotom w stosunku do Angeliki &#8211; kobiety niezdecydowanej i bardzo wymagaj\u0105cej. Gdy hrabia zda sobie spraw\u0119 z tego, \u017ce jego ukochana ma zamiar wzi\u0105\u0107 \u015blub z ksi\u0119ciem Druckim, nie b\u0119dzie patrzy\u0142 na konsekwencje swoich dzia\u0142a\u0144. Zacznie otwarte zaloty w stosunku do R\u00f3\u017cy Najman, kt\u00f3ra b\u0119dzie jedynie wabikiem w tej grze. Mimo \u015bwiadomo\u015bci, \u017ce jest wykorzystywana, panna Najman zgodzi si\u0119 zagra\u0107 g\u0142\u00f3wn\u0105 rol\u0119 w teatrzyku Waleriana Or\u0142owskiego. Niestety, dziewczyna zakocha si\u0119 a i serce hrabiego nie pozostanie jej oboj\u0119tne. Ale to dopiero pocz\u0105tek tej historii\u2026<\/p>\n<p>Co z tego wyniknie? Kt\u00f3ra mi\u0142o\u015b\u0107 wygra? Czy Walerian i R\u00f3\u017ca b\u0119d\u0105 razem? Przeczytaj romans historyczny <a href=\"https:\/\/ecl-pisarka.pl\/index.php\/kategoria-produktu\/ksiazki-romanse-historyczne\/walerian-i-roza\/\">WALERIAN I R\u00d3\u017bA<\/a>.<\/p>\n","protected":false},"featured_media":5196,"template":"","meta":[],"product_brand":[],"product_cat":[195,47,206],"product_tag":[50,137,161,165,160,164],"class_list":{"0":"post-1687","1":"product","2":"type-product","3":"status-publish","4":"has-post-thumbnail","6":"product_cat-ebook-romanse-historyczne","7":"product_cat-ebooki","8":"product_cat-walerian-i-roza","9":"product_tag-ebook","10":"product_tag-ebook-pdf","11":"product_tag-ewelina-c-lisowska","12":"product_tag-romans-historyczny","13":"product_tag-walerian-i-roza","14":"product_tag-wiek-xix","16":"first","17":"instock","18":"taxable","19":"shipping-taxable","20":"purchasable","21":"product-type-simple"},"_links":{"self":[{"href":"https:\/\/ecl-pisarka.pl\/index.php\/wp-json\/wp\/v2\/product\/1687","targetHints":{"allow":["GET"]}}],"collection":[{"href":"https:\/\/ecl-pisarka.pl\/index.php\/wp-json\/wp\/v2\/product"}],"about":[{"href":"https:\/\/ecl-pisarka.pl\/index.php\/wp-json\/wp\/v2\/types\/product"}],"wp:featuredmedia":[{"embeddable":true,"href":"https:\/\/ecl-pisarka.pl\/index.php\/wp-json\/wp\/v2\/media\/5196"}],"wp:attachment":[{"href":"https:\/\/ecl-pisarka.pl\/index.php\/wp-json\/wp\/v2\/media?parent=1687"}],"wp:term":[{"taxonomy":"product_brand","embeddable":true,"href":"https:\/\/ecl-pisarka.pl\/index.php\/wp-json\/wp\/v2\/product_brand?post=1687"},{"taxonomy":"product_cat","embeddable":true,"href":"https:\/\/ecl-pisarka.pl\/index.php\/wp-json\/wp\/v2\/product_cat?post=1687"},{"taxonomy":"product_tag","embeddable":true,"href":"https:\/\/ecl-pisarka.pl\/index.php\/wp-json\/wp\/v2\/product_tag?post=1687"}],"curies":[{"name":"wp","href":"https:\/\/api.w.org\/{rel}","templated":true}]}}