{"id":1705,"date":"2020-08-20T19:02:10","date_gmt":"2020-08-20T18:02:10","guid":{"rendered":"https:\/\/ecl-pisarka.pl\/?post_type=product&#038;p=1705"},"modified":"2024-02-05T18:51:25","modified_gmt":"2024-02-05T17:51:25","slug":"walerian-i-roza-mobi","status":"publish","type":"product","link":"https:\/\/ecl-pisarka.pl\/index.php\/produkt\/walerian-i-roza-mobi\/","title":{"rendered":"Ewelina C Lisowska WALERIAN I R\u00d3\u017bA mobi"},"content":{"rendered":"<h2 style=\"text-align: center;\">Ewelina C Lisowska<\/h2>\n<h1 style=\"text-align: center;\">WALERIAN I R\u00d3\u017bA mobi<\/h1>\n<h2 style=\"text-align: center;\"><strong>Historia mi\u0142o\u015bci rodem z XIX wieku.<\/strong><\/h2>\n<p>&nbsp;<\/p>\n<p style=\"text-align: center;\"><strong>Wi\u0119cej na temat ksi\u0105\u017cki tutaj <a href=\"https:\/\/ecl-pisarka.pl\/index.php\/category\/walerian-i-roza\/\">WALERIAN I R\u00d3\u017bA<\/a><\/strong><\/p>\n<p><img loading=\"lazy\" decoding=\"async\" class=\"aligncenter wp-image-4869 size-full\" src=\"https:\/\/ecl-pisarka.pl\/wp-content\/uploads\/2020\/08\/Walerian-i-Roza.jpg\" alt=\"\" width=\"2240\" height=\"1260\" srcset=\"https:\/\/ecl-pisarka.pl\/wp-content\/uploads\/2020\/08\/Walerian-i-Roza.jpg 2240w, https:\/\/ecl-pisarka.pl\/wp-content\/uploads\/2020\/08\/Walerian-i-Roza-300x169.jpg 300w, https:\/\/ecl-pisarka.pl\/wp-content\/uploads\/2020\/08\/Walerian-i-Roza-1024x576.jpg 1024w, https:\/\/ecl-pisarka.pl\/wp-content\/uploads\/2020\/08\/Walerian-i-Roza-768x432.jpg 768w, https:\/\/ecl-pisarka.pl\/wp-content\/uploads\/2020\/08\/Walerian-i-Roza-1536x864.jpg 1536w, https:\/\/ecl-pisarka.pl\/wp-content\/uploads\/2020\/08\/Walerian-i-Roza-2048x1152.jpg 2048w, https:\/\/ecl-pisarka.pl\/wp-content\/uploads\/2020\/08\/Walerian-i-Roza-400x225.jpg 400w\" sizes=\"auto, (max-width: 2240px) 100vw, 2240px\" \/><\/p>\n<p style=\"text-align: center;\">Zobacz cytaty z ksi\u0105\u017cki na <a href=\"https:\/\/pl.pinterest.com\/napisz0304\/_created\/\" target=\"_blank\" rel=\"noopener\">PINTEREST<\/a> oraz <a href=\"https:\/\/stylowi.pl\/ewelina_capanda_1989\" target=\"_blank\" rel=\"noopener\">STYLOWI.PL<\/a><\/p>\n<p>&nbsp;<\/p>\n<p style=\"text-align: center;\"><strong>Spis tre\u015bci<\/strong><br \/>\n<strong>Cz\u0119\u015b\u0107 1 \u2013 \u017bona Waleriana\u2026\u2026\u2026.6.<\/strong><br \/>\n1. Spektakl \u017cycia\u2026\u2026\u2026\u2026\u2026\u2026\u2026\u2026\u2026\u2026\u2026..7.<br \/>\n2. Poca\u0142unek na wag\u0119 z\u0142ota\u2026\u2026\u2026\u2026\u2026.13.<br \/>\n3. Polny wiatr\u2026\u2026\u2026\u2026\u2026\u2026\u2026\u2026\u2026\u2026\u2026\u202622.<br \/>\n4.Gwa\u0142towne zmiany\u2026\u2026\u2026\u2026\u2026\u2026\u2026\u2026\u202638.<br \/>\n5. Poca\u0142unek ksi\u0119cia\u2026\u2026\u2026\u2026\u2026\u2026\u2026\u2026..48.<br \/>\n6. Dziwne sam na sam\u2026\u2026\u2026\u2026\u2026\u2026\u2026\u202656.<br \/>\n7. Ob\u0142awa\u2026\u2026\u2026\u2026\u2026\u2026\u2026\u2026\u2026\u2026\u2026\u2026\u2026\u2026..67.<br \/>\n8. Uprowadzona\u2026\u2026\u2026\u2026\u2026\u2026\u2026\u2026\u2026\u2026\u202677.<br \/>\n9. Brak akceptacji\u2026\u2026\u2026\u2026\u2026\u2026\u2026\u2026\u2026..86.<br \/>\n10. Nami\u0119tno\u015bci Waleriana\u2026\u2026\u2026\u2026..100.<br \/>\n11. U\u015bwiadomiona\u2026\u2026\u2026\u2026\u2026\u2026\u2026\u2026\u2026\u2026.112.<br \/>\n12. Gorzka prawda\u2026\u2026\u2026\u2026\u2026\u2026\u2026\u2026\u2026.125.<br \/>\n13. Szukaj\u0105c przebaczenia\u2026\u2026\u2026\u2026\u2026..154.<br \/>\n14. Krok po kroku\u2026\u2026\u2026\u2026\u2026\u2026\u2026.\u2026\u2026.153.<br \/>\n15. Na samo dno\u2026\u2026\u2026\u2026\u2026\u2026\u2026\u2026\u2026\u2026.172.<br \/>\n16. Sparali\u017cowany\u2026\u2026\u2026\u2026\u2026\u2026\u2026\u2026\u2026.185.<br \/>\n17. W obj\u0119ciach wariatki\u2026\u2026\u2026\u2026\u2026\u2026197.<br \/>\n18. Schwytana w sid\u0142a\u2026\u2026\u2026\u2026\u2026\u2026\u2026211.<br \/>\n19. Po\u017cegnania\u2026\u2026\u2026\u2026\u2026\u2026\u2026\u2026\u2026\u2026..223.<\/p>\n<p>&nbsp;<\/p>\n<p style=\"text-align: center;\"><div class=\"su-spoiler su-spoiler-style-default su-spoiler-icon-plus su-spoiler-closed\" data-scroll-offset=\"0\" data-anchor-in-url=\"no\"><div class=\"su-spoiler-title\" tabindex=\"0\" role=\"button\"><span class=\"su-spoiler-icon\"><\/span>Czytaj dalej<\/div><div class=\"su-spoiler-content su-u-clearfix su-u-trim\">\n<p style=\"text-align: center;\"><strong>Cz\u0119\u015b\u0107 2. Pokuta Waleriana\u2026\u2026\u2026231.<\/strong><br \/>\n1. Jesienna herbatka\u2026\u2026\u2026\u2026\u2026\u2026\u2026\u2026232.<br \/>\n2. Klara\u2026\u2026\u2026\u2026\u2026\u2026\u2026\u2026\u2026\u2026\u2026\u2026\u2026&#8230;246.<br \/>\n3. Samob\u00f3jca\u2026\u2026\u2026\u2026\u2026\u2026\u2026\u2026\u2026\u2026\u2026..263.<br \/>\n4. Odmieniony\u2026\u2026\u2026\u2026\u2026\u2026\u2026\u2026\u2026\u2026\u2026..273.<br \/>\n5. Dwulicowa stra\u017cniczka\u2026\u2026\u2026\u2026\u2026285.<br \/>\n6. Nad urwiskiem emocji\u2026\u2026\u2026\u2026\u2026.292.<br \/>\n7. Brak zaufania\u2026\u2026\u2026\u2026\u2026\u2026\u2026\u2026\u2026.299.<br \/>\n8. Pokuta\u2026\u2026\u2026\u2026\u2026\u2026\u2026\u2026\u2026\u2026\u2026\u2026&#8230;310.<br \/>\n9. L\u0119k ma cztery kopyta\u2026\u2026\u2026\u2026\u2026.322.<br \/>\n10. Wsp\u00f3lna przeja\u017cd\u017cka\u2026\u2026\u2026\u2026\u2026..334.<br \/>\n11. Bez sensu\u2026\u2026\u2026\u2026\u2026\u2026\u2026\u2026\u2026\u2026\u2026..342.<br \/>\nO autorce\u2026\u2026\u2026\u2026\u2026\u2026\u2026\u2026\u2026\u2026\u2026\u2026\u2026..350.<\/p>\n<p style=\"text-align: center;\"><\/div><\/div>\n<p>&nbsp;<\/p>\n<p>&nbsp;<\/p>\n<h2>Patronat medialny<\/h2>\n<p>Romans historyczny &#8222;Walerian i R\u00f3\u017ca&#8221; autorstwa polskiej pisarki romans\u00f3w Eweliny C. Lisowskiej, zosta\u0142 obj\u0119ty trzema <strong>patronatami medialnymi<\/strong>:<\/p>\n<ul>\n<li>Extremely books Instagram<\/li>\n<li>Ewelina-czyta<\/li>\n<li>Czasostrefa.pl<\/li>\n<\/ul>\n","protected":false},"excerpt":{"rendered":"<h1 style=\"text-align: center;\">Ewelina C Lisowska<\/h1>\n<h1 style=\"text-align: center;\">WALERIAN I R\u00d3\u017bA mobi<\/h1>\n<h2 style=\"text-align: center;\">Prawdziwa mi\u0142o\u015b\u0107 przetrwa wszystko.<\/h2>\n<h3 style=\"text-align: center;\"><strong>Romans, wiek XIX.<\/strong><\/h3>\n<p>Wydawnictwo Romanse<\/p>\n<p>Romans historyczny<\/p>\n<p>ISBN ebooka Mobi 978-83-958780-<span class=\"bold\">3<\/span>-9<\/p>\n<p>Data wydania: 14.09.2020<\/p>\n<p>Pojemno\u015b\u0107 pliku: 1797 MB<\/p>\n<p>&nbsp;<\/p>\n<h4><strong>Zobacz tak\u017ce:<\/strong><\/h4>\n<p><a href=\"https:\/\/ecl-pisarka.pl\/index.php\/produkt\/walerian-i-roza-pdf-eclisowska\/\">Walerian i R\u00f3\u017ca PDF<\/a><\/p>\n<p><a href=\"https:\/\/ecl-pisarka.pl\/index.php\/produkt\/walerian-i-roza-epub\/\">Walerian i R\u00f3\u017ca EPUB<\/a><\/p>\n<p><a href=\"https:\/\/ecl-pisarka.pl\/index.php\/produkt\/walerian-i-roza-ksiazka-drukowana\/\">Walerian i R\u00f3\u017ca ksi\u0105\u017cka drukowana\u00a0<\/a><\/p>\n<h4><a href=\"https:\/\/ecl-pisarka.pl\/index.php\/2021\/11\/09\/walerian-i-roza-fragment-ksiazki\/\"><strong>Przeczytaj darmowy fragment tekstu<\/strong><\/a><\/h4>\n<p><a href=\"https:\/\/www.youtube.com\/watch?v=K8q22cnZqo4&amp;list=PL-Wfhy80J6IkSGXNFAGVvO7qTWQZD2qfD&amp;index=4\">Pos\u0142uchaj fragmentu ksi\u0105\u017cki<\/a><\/p>\n<p>&nbsp;<\/p>\n<p>&nbsp;<\/p>\n<h1 style=\"text-align: center;\">Walerian i R\u00f3\u017ca &#8211; opis<\/h1>\n<p>Hrabia Walerian Or\u0142owski jest od wielu lat jest zakochany w baron\u00f3wnie Angelice Dulskiej, kt\u00f3ra wci\u0105\u017c wodzi go za nos. Na pewnym balu, ten zakochany desperat wpada na pomys\u0142, kt\u00f3ry ma w ko\u0144cu pom\u00f3c mu obna\u017cy\u0107 uczucia ukochanej. Jego ofiar\u0105 pada panna R\u00f3\u017ca Najman, c\u00f3rka ch\u0142opskiego dorobkiewicza, znawczyni je\u017adziectwa i hodowli koni.<\/p>\n<p>Niewinna i przestraszona istotka znalaz\u0142a si\u0119 na balu na w\u0142asne \u017cyczenie, jednak czuj\u0105c si\u0119 tam \u017ale, postanawia natychmiast opu\u015bci\u0107 to pe\u0142ne ludzi miejsce. Wtedy na jej drodze staje hrabia! Dziewczyna wylewa wino na jego garnitur, sama kalecz\u0105c swoj\u0105 d\u0142o\u0144 podczas upadku. M\u0119\u017cczyzna, kt\u00f3rego wola\u0142aby na swojej drodze nie spotka\u0107, opiekuje si\u0119 ni\u0105.<\/p>\n<h3>Konsekwencje?<\/h3>\n<p>Hrabia wpada na pomys\u0142, \u017ceby wzbudzi\u0107 zazdro\u015b\u0107 w ukochanej, wykorzystuj\u0105c do tego pann\u0119 Najman. Baron\u00f3wna wydaje si\u0119 by\u0107 o ni\u0105 zazdrosna, wi\u0119c m\u0119\u017cczyzna rusza \u015bladem swojej ofiary, aby czym pr\u0119dzej wykorzysta\u0107 j\u0105 do swoich cel\u00f3w. Nie\u015bwiadoma tego, R\u00f3\u017ca Najman, ma zagra\u0107 g\u0142\u00f3wn\u0105 rol\u0119 w spektaklu jego \u017cycia.<\/p>\n<p><em>Pech Waleriana b\u0119dzie polega\u0142 na tym, \u017ce nagle zorientuje si\u0119, \u017ce obydwie damy s\u0105 mu bliskie. Kt\u00f3r\u0105 z nich wybierze? Dumn\u0105 Angelik\u0119 czy skromn\u0105 R\u00f3\u017c\u0119? Przeczytaj romans historyczny <a href=\"https:\/\/ecl-pisarka.pl\/index.php\/kategoria-produktu\/ksiazki-romanse-historyczne\/walerian-i-roza\/\">WALERIAN I R\u00d3\u017bA<\/a>.<\/em><\/p>\n<p>&nbsp;<\/p>\n<p>&nbsp;<\/p>\n<p style=\"text-align: center;\">\n","protected":false},"featured_media":5196,"template":"","meta":[],"product_brand":[],"product_cat":[195,47,206],"product_tag":[50,138,161,165,160,164],"class_list":{"0":"post-1705","1":"product","2":"type-product","3":"status-publish","4":"has-post-thumbnail","6":"product_cat-ebook-romanse-historyczne","7":"product_cat-ebooki","8":"product_cat-walerian-i-roza","9":"product_tag-ebook","10":"product_tag-ebook-mobi","11":"product_tag-ewelina-c-lisowska","12":"product_tag-romans-historyczny","13":"product_tag-walerian-i-roza","14":"product_tag-wiek-xix","16":"first","17":"instock","18":"taxable","19":"shipping-taxable","20":"purchasable","21":"product-type-simple"},"_links":{"self":[{"href":"https:\/\/ecl-pisarka.pl\/index.php\/wp-json\/wp\/v2\/product\/1705","targetHints":{"allow":["GET"]}}],"collection":[{"href":"https:\/\/ecl-pisarka.pl\/index.php\/wp-json\/wp\/v2\/product"}],"about":[{"href":"https:\/\/ecl-pisarka.pl\/index.php\/wp-json\/wp\/v2\/types\/product"}],"wp:featuredmedia":[{"embeddable":true,"href":"https:\/\/ecl-pisarka.pl\/index.php\/wp-json\/wp\/v2\/media\/5196"}],"wp:attachment":[{"href":"https:\/\/ecl-pisarka.pl\/index.php\/wp-json\/wp\/v2\/media?parent=1705"}],"wp:term":[{"taxonomy":"product_brand","embeddable":true,"href":"https:\/\/ecl-pisarka.pl\/index.php\/wp-json\/wp\/v2\/product_brand?post=1705"},{"taxonomy":"product_cat","embeddable":true,"href":"https:\/\/ecl-pisarka.pl\/index.php\/wp-json\/wp\/v2\/product_cat?post=1705"},{"taxonomy":"product_tag","embeddable":true,"href":"https:\/\/ecl-pisarka.pl\/index.php\/wp-json\/wp\/v2\/product_tag?post=1705"}],"curies":[{"name":"wp","href":"https:\/\/api.w.org\/{rel}","templated":true}]}}