{"id":195,"date":"2019-08-20T12:32:04","date_gmt":"2019-08-20T12:32:04","guid":{"rendered":"https:\/\/ecl-pisarka.pl\/?post_type=product&#038;p=195"},"modified":"2024-02-05T19:04:56","modified_gmt":"2024-02-05T18:04:56","slug":"substytuty-milosci-ebook-mobi","status":"publish","type":"product","link":"https:\/\/ecl-pisarka.pl\/index.php\/produkt\/substytuty-milosci-ebook-mobi\/","title":{"rendered":"Ewelina C Lisowska SUBSTYTUTY MI\u0141O\u015aCI ebook MOBI"},"content":{"rendered":"<h2 style=\"text-align: center;\"><span style=\"font-size: 16px;\">Ewelina C Lisowska<\/span><\/h2>\n<h1 style=\"text-align: center;\">SUBSTYTUTY MI\u0141O\u015aCI<\/h1>\n<h3 style=\"text-align: center;\">ebook MOBI<\/h3>\n<p><img loading=\"lazy\" decoding=\"async\" class=\"aligncenter wp-image-4874 size-full\" src=\"https:\/\/ecl-pisarka.pl\/wp-content\/uploads\/2019\/08\/Sybstytuty-Milosci.jpg\" alt=\"\" width=\"2240\" height=\"1260\" srcset=\"https:\/\/ecl-pisarka.pl\/wp-content\/uploads\/2019\/08\/Sybstytuty-Milosci.jpg 2240w, https:\/\/ecl-pisarka.pl\/wp-content\/uploads\/2019\/08\/Sybstytuty-Milosci-300x169.jpg 300w, https:\/\/ecl-pisarka.pl\/wp-content\/uploads\/2019\/08\/Sybstytuty-Milosci-1024x576.jpg 1024w, https:\/\/ecl-pisarka.pl\/wp-content\/uploads\/2019\/08\/Sybstytuty-Milosci-768x432.jpg 768w, https:\/\/ecl-pisarka.pl\/wp-content\/uploads\/2019\/08\/Sybstytuty-Milosci-1536x864.jpg 1536w, https:\/\/ecl-pisarka.pl\/wp-content\/uploads\/2019\/08\/Sybstytuty-Milosci-2048x1152.jpg 2048w, https:\/\/ecl-pisarka.pl\/wp-content\/uploads\/2019\/08\/Sybstytuty-Milosci-400x225.jpg 400w\" sizes=\"auto, (max-width: 2240px) 100vw, 2240px\" \/><\/p>\n<h3 style=\"text-align: center;\"><strong>Wi\u0119cej na temat ksi\u0105\u017cki <a href=\"https:\/\/ecl-pisarka.pl\/index.php\/category\/substytutymilosci\/\">SUBSTYTUTY MI\u0141O\u015aCI<\/a><\/strong><\/h3>\n<p style=\"text-align: center;\">Zobacz cytaty z ksi\u0105\u017cki na <a href=\"https:\/\/pl.pinterest.com\/napisz0304\/_created\/\" target=\"_blank\" rel=\"noopener\">PINTEREST<\/a> oraz <a href=\"https:\/\/stylowi.pl\/ewelina_capanda_1989\" target=\"_blank\" rel=\"noopener\">STYLOWI.PL<\/a><\/p>\n<p>&nbsp;<\/p>\n<h2 style=\"text-align: center;\"><strong>Spis tre<\/strong><strong>\u015b<\/strong><strong>ci<\/strong><\/h2>\n<p><strong>\u00a0<\/strong><\/p>\n<ol>\n<li style=\"text-align: left;\"><strong>Izabella May &#8211; narz\u0119dzie ma\u0142\u017ce\u0144skiej zdrady\u2026..8.<\/strong><\/li>\n<li style=\"text-align: left;\"><strong>Prostytutka w\u015br\u00f3d elit\u2026..9.<\/strong><\/li>\n<li style=\"text-align: left;\"><strong>Zagubiony ch\u0142opiec\u2026..12.<\/strong><\/li>\n<li style=\"text-align: left;\">\u00a0<strong>Niebia\u0144ski Serafin\u2026..13.<\/strong><\/li>\n<li style=\"text-align: left;\">\u00a0<strong>Przebudzone pragnienia\u2026..15.<\/strong><\/li>\n<li style=\"text-align: left;\">\u00a0<strong>Duchowny i \u201enieczysta\u201d\u2026..16.<\/strong><\/li>\n<li style=\"text-align: left;\">\u00a0<strong>Gra pozor\u00f3w\u2026..18.<\/strong><\/li>\n<li style=\"text-align: left;\">\u00a0<strong>W sam\u0105 por\u0119\u2026..21.<\/strong><\/li>\n<li style=\"text-align: left;\">\u00a0<strong>Mi\u0142osna ekscytacja\u2026..22.<\/strong><\/li>\n<li style=\"text-align: left;\"><strong>C\u00f3rka Boga\u2026..23.<\/strong><\/li>\n<\/ol>\n<p>&nbsp;<\/p>\n<p><strong> <div class=\"su-spoiler su-spoiler-style-default su-spoiler-icon-plus su-spoiler-closed\" data-scroll-offset=\"0\" data-anchor-in-url=\"no\"><div class=\"su-spoiler-title\" tabindex=\"0\" role=\"button\"><span class=\"su-spoiler-icon\"><\/span>Czytaj dalej<\/div><div class=\"su-spoiler-content su-u-clearfix su-u-trim\"><\/strong><\/p>\n<ol>\n<li>\u00a0<strong>Niezrozumia\u0142e pragnienia\u2026..25.<\/strong><\/li>\n<li><strong>Ka\u017cdy w swoj\u0105 stron\u0119\u2026..27.<\/strong><\/li>\n<li>\u00a0<strong>Nielegalnie wzbudzona t\u0119sknota\u2026..29.<\/strong><\/li>\n<li><strong> Wspania\u0142y facet\u2026..31.<\/strong><\/li>\n<li><strong> T\u0142umione pragnienia\u2026..34.<\/strong><\/li>\n<li><strong> Kaprysy m\u0142odego Kleina\u2026..37.<\/strong><\/li>\n<li><strong> Pierwsza rozmowa z Bogiem\u2026..41.<\/strong><\/li>\n<li><strong> Podle zakochany\u2026..44.<\/strong><\/li>\n<li><strong> Rozdzieleni\u2026..46.<\/strong><\/li>\n<li><strong> Ten pierwszy krok\u2026..49.<\/strong><\/li>\n<li><strong> Spe\u0142nienie modlitw\u2026..52.<\/strong><\/li>\n<li><strong> Uciekaj\u0105c na o\u015blep\u2026..54.<\/strong><\/li>\n<li><strong> Szukaj\u0105c Marii\u2026..57.<\/strong><\/li>\n<li><strong> R\u00f3\u017cowa pantera\u2026..60.<\/strong><\/li>\n<li><strong> B\u00f3g jest Mi\u0142o\u015bci\u0105\u2026..62.<\/strong><\/li>\n<li><strong> Zraniona dusza\u2026..64.<\/strong><\/li>\n<li><strong> Historia jej \u017cycia\u2026..66.<\/strong><\/li>\n<li><strong> \u017bebraczka i grzesznica\u2026..68.<\/strong><\/li>\n<li><strong> Akt oczyszczenia\u2026..70.<\/strong><\/li>\n<li><strong> Biskup\u2026..72.<\/strong><\/li>\n<li><strong> Czas na zmiany\u2026..73.<\/strong><\/li>\n<li><strong> Wsp\u00f3lne chwile\u2026..76.<\/strong><\/li>\n<li><strong> Druga rozmowa z Bogiem\u2026..79.<\/strong><\/li>\n<li><strong> \u0141ap\u00f3wka\u2026..81.<\/strong><\/li>\n<li><strong> Na granicy \u015bmierci\u2026..84.<\/strong><\/li>\n<li><strong> Nora\u2026..86.<\/strong><\/li>\n<li><strong> Sesja zdj\u0119ciowa\u2026..87.<\/strong><\/li>\n<li><strong> Trzecia rozmowa z Bogiem\u2026..90.<\/strong><\/li>\n<li><strong> Nowa praca\u2026..92.<\/strong><\/li>\n<li><strong> Czwarta rozmowa z Bogiem\u2026..94.<\/strong><\/li>\n<li><strong> Pi\u0105ta rozmowa z Bogiem\u2026..95.<\/strong><\/li>\n<li><strong> Sesja indywidualna\u2026..97.<\/strong><\/li>\n<li><strong> Sekretarka\u2026..98.<\/strong><\/li>\n<li><strong> Homoseksualizm\u2026..100.<\/strong><\/li>\n<li><strong> Msza \u015bwi\u0119ta\u2026..103.<\/strong><\/li>\n<li><strong> Sefi umar\u0142\u2026..104.<\/strong><\/li>\n<li><strong> Szukaj\u0105c niewidzialnego\u2026..106.<\/strong><\/li>\n<li><strong> Szukaj\u0105c Serafina\u2026..109.<\/strong><\/li>\n<li><strong> Historia Serafina\u2026..112.<\/strong><\/li>\n<li><strong> Sekretarka pana Kleina\u2026..114.<\/strong><\/li>\n<li><strong> Pijane smutki\u2026..118.<\/strong><\/li>\n<li><strong> Zjawa\u2026..120.<\/strong><\/li>\n<li><strong> W\u015bciek\u0142y szef\u2026..123.<\/strong><\/li>\n<li><strong> Halinka\u2026..125.<\/strong><\/li>\n<li><strong> Sz\u00f3sta rozmowa z Bogiem\u2026..129.<\/strong><\/li>\n<li><strong> Si\u00f3dma rozmowa z Bogiem\u2026..131.<\/strong><\/li>\n<li><strong> Tu\u017c za ni\u0105\u2026..132.<\/strong><\/li>\n<li><strong> Mi\u0142osierny Stw\u00f3rca\u2026..134.<\/strong><\/li>\n<li><strong> Kleinowie\u2026..137.<\/strong><\/li>\n<li><strong> Nienormalna rodzina\u2026..141.<\/strong><\/li>\n<li><strong> Ojciec i syn\u2026..144.<\/strong><\/li>\n<li><strong> Biedna Sandra\u2026..147.<\/strong><\/li>\n<li><strong> \u00d3sma rozmowa z Bogiem\u2026..150.<\/strong><\/li>\n<li><strong> Szczera rozmowa\u2026..152.<\/strong><\/li>\n<li><strong> Damian i Sandra\u2026..154.<\/strong><\/li>\n<li><strong> Potajemna schadzka\u2026..156.<\/strong><\/li>\n<li><strong> Pr\u00f3ba samob\u00f3jcza\u2026..158.<\/strong><\/li>\n<li><strong> Ocean nie do przebycia\u2026..160.<\/strong><\/li>\n<li><strong> Odleg\u0142e planety\u2026..163.<\/strong><\/li>\n<li><strong> Substytuty Mi\u0142o\u015bci\u2026..165.<\/strong><\/li>\n<li><strong> Komunia z Cia\u0142a i Krwi\u2026..168.<\/strong><\/li>\n<li><strong> Zakon\u2026..170.<\/strong><\/li>\n<li><strong> Test\u2026..172.<\/strong><\/li>\n<li><strong> Kara boska\u2026.174.<\/strong><\/li>\n<li><strong> G\u0142os serca\u2026..175.<\/strong><\/li>\n<li><strong> Ostateczna rezygnacja\u2026..177.<\/strong><\/li>\n<li><strong> Wr\u00f3\u017cba\u2026..179.<\/strong><\/li>\n<li><strong> Kolejna rozmowa z Bogiem\u2026..180.<\/strong><\/li>\n<li><strong> Powr\u00f3t do przesz\u0142o\u015bci\u2026..182.<\/strong><\/li>\n<li><strong> Mi\u0142o\u015b\u0107 Boga do cz\u0142owieka\u2026..184.<\/strong><\/li>\n<li><strong> Brat Albert\u2026..185.<\/strong><\/li>\n<li><strong> Samotno\u015b\u0107\u2026..187.<\/strong><\/li>\n<li><strong> Zmartwychwsta\u0142a zjawa\u2026..188.<\/strong><\/li>\n<li><strong> Sprzeczne emocje\u2026..190.<\/strong><\/li>\n<li><strong> Dyskusja z Bogiem\u2026..192.<\/strong><\/li>\n<li><strong> Nigdy was nie opuszcz\u0119\u2026..194.<\/strong><\/li>\n<li><strong> Sen przymierza i list pojednania\u2026..196.<\/strong><\/li>\n<li><strong> Razem\u2026..199.<\/strong><\/li>\n<li><strong> Jego Ekscelencja\u2026..201.<\/strong><\/li>\n<li><strong>Fragmenty z Pisma \u015awi\u0119tego\u2026..203.<\/strong><\/li>\n<li><strong>O autorce\u2026..204.<\/strong><\/li>\n<\/ol>\n<p>&nbsp;<\/p>\n<p><strong><\/div><\/div><\/strong><\/p>\n<p>&nbsp;<\/p>\n","protected":false},"excerpt":{"rendered":"<h2 style=\"text-align: center;\">Ewelina C Lisowska<\/h2>\n<h1 style=\"text-align: center;\">SUBSTYTUTY MI\u0141O\u015aCI ebook Mobi<\/h1>\n<h3 style=\"text-align: center;\"><em>Historia mi\u0142o\u015bci mi\u0119dzy sacrum i profanum<\/em><\/h3>\n<p>Wydawnictwo Romanse<\/p>\n<p>Romans wsp\u00f3\u0142czesny, duchowo\u015b\u0107<\/p>\n<p>ISBN ebooka Mobi 978-83-955314-2-2<\/p>\n<p>Data wydania: 09.04.2019<\/p>\n<p>Rozmiar pliku: 1175MB<\/p>\n<p>&nbsp;<\/p>\n<p><a href=\"https:\/\/ecl-pisarka.pl\/index.php\/produkt\/substytuty-milosci-ewelina-c-lisowska-ksiazka-drukowana\/\">Substytuty Mi\u0142o\u015bci ksi\u0105\u017cka<\/a><\/p>\n<p><a href=\"https:\/\/ecl-pisarka.pl\/index.php\/produkt\/substytuty-milosci-ebook-pdf\/\">Substytuty Mi\u0142o\u015bci PDF<\/a><\/p>\n<p><a href=\"https:\/\/ecl-pisarka.pl\/index.php\/produkt\/substytuty-milosci-ebook-epub\/\">Substytuty Mi\u0142o\u015bci EPUB<\/a><\/p>\n<p><a href=\"https:\/\/ecl-pisarka.pl\/index.php\/2021\/11\/09\/substytuty-milosci-fragment-ksiazki\/\"><strong>Przeczytaj darmowy fragment tekstu<\/strong><\/a><\/p>\n<p>&nbsp;<\/p>\n<p>&nbsp;<\/p>\n<h2 style=\"text-align: center;\">Substytuty Mi\u0142o\u015bci &#8211; opis<\/h2>\n<p><strong>SUBSTYTUTY MI\u0141O\u015aCI ebook Mobi<\/strong><\/p>\n<p>Mi\u0142o\u015b\u0107 z pogranicza sacrum i profanum to temat trudny, poruszaj\u0105cy kwesti\u0119 zakazanego uczucia. M\u0142odziutka prostytutka Maria oraz 27 letni Serafin, kt\u00f3ry chce zosta\u0107 duchownym katolickim. Czy mi\u0142o\u015b\u0107 mi\u0119dzy tymi dwojgiem ma prawo bytu? W powie\u015bci poznajemy histori\u0119 prostytutki o pseudonimie Izabella May, kt\u00f3ra wpad\u0142a w bagno prostytucji, aby m\u00f3c prze\u017cy\u0107. Dziewczyna nie ma innego wyj\u015bcia. Fakt ten dostrzega Serafin, kt\u00f3ry od wielu lat zajmuje si\u0119 prowadzeniem o\u015brodka dla kobiet ulicy. Serafin postanawia niezw\u0142ocznie ratowa\u0107 dusz\u0119 dziewczyny. Nie spodziewa si\u0119 jednak tego, co go spotka.<\/p>\n<h2>Zakazane uczucie<\/h2>\n<p>Uczucie mi\u0119dzy przedstawicielami dw\u00f3ch tak r\u00f3\u017cnych zawod\u00f3w, rodzi wiele pyta\u0144 odno\u015bnie moralno\u015bci. Duchowie\u0144stwo od razu zauwa\u017ca niestosowno\u015b\u0107 mi\u0142o\u015bci pomi\u0119dzy nieczyst\u0105 prostytutk\u0105 a \u015bwi\u0119tym duchownym Serafinem. Lecz pozory myl\u0105, bo Maria nie jest osob\u0105, za kt\u00f3r\u0105 maj\u0105 j\u0105 duchowni. Maria jest kim\u015b, kto mocno si\u0119 pogubi\u0142, lecz nie jest w \u015brodku z\u0142a, walczy z sam\u0105 sob\u0105. Serafin ma swoje skrz\u0119tnie skrywane s\u0142abostki, o kt\u00f3rych czytelnik dowie si\u0119 znacznie p\u00f3\u017aniej. Mimo wszelkich przeciwwskaza\u0144 mi\u0142o\u015b\u0107 mi\u0119dzy g\u0142\u00f3wnymi bohaterami rozkwitnie, lecz nie na d\u0142ugo\u2026<\/p>\n<h2>Rozmowy z Bogiem<\/h2>\n<p>Romans wsp\u00f3\u0142czesny i powie\u015b\u0107 religijna \u2013 to hybryda, kt\u00f3ra podobnie jak mi\u0142o\u015b\u0107 mi\u0119dzy sacrum i profanum, nie ma prawa bytu. Religia nigdy nie zgadza\u0142a si\u0119 z seksem, a przykazanie Mi\u0142o\u015bci Boga i bli\u017aniego pozostawia\u0142o kwesti\u0119 mi\u0142o\u015bci do drugiego cz\u0142owieka oraz samego siebie, daleko w tyle. Lecz co to dok\u0142adnie znaczy kocha\u0107 Boga? Czy mo\u017cna z Bogiem nawi\u0105za\u0107 autentyczn\u0105 i opart\u0105 na wzajemnym zaufaniu relacj\u0119? Maria do\u015bwiadcza tego, podobnie jak wiele os\u00f3b \u017cyj\u0105cych na tym \u015bwiecie.<\/p>\n<h2><strong><a href=\"https:\/\/ecl-pisarka.pl\/index.php\/kategoria-produktu\/ksiazki-romanse-wspolczesne\/substytuty-milosci\/\">SUBSTYTUTY MI\u0141O\u015aCI<\/a> ebook Mobi<\/strong><\/h2>\n<p>Powie\u015b\u0107 zosta\u0142a wydana po raz pierwszy w 2018 roku. To wtedy pisarka Ewelina C.Lisowska opublikowa\u0142a swoj\u0105 pierwsz\u0105 powie\u015b\u0107 w wydawnictwie RIDERO. P\u00f3\u017aniej wyda\u0142a j\u0105 ponownie ko\u0144cem 2019 roku, aby w 2020 roku podj\u0105\u0107 si\u0119 wydruku powie\u015bci pod logiem w\u0142asnego wydawnictwa DO CZYTANIA\u2026<\/p>\n<p>&nbsp;<\/p>\n<p><strong>SUBSTYTUTY MI\u0141O\u015aCI ebook Mobi<\/strong> mo\u017cna zakupi\u0107 jedynie w e-KSI\u0118GARNI wydawnictwa DO CZYTANIA\u2026 Istnieje r\u00f3wnie\u017c opcja zakupienia ksi\u0105\u017cki papierowej. Powie\u015b\u0107 podzielona jest na wiele kr\u00f3tkich rozdzia\u0142\u00f3w opatrzonych sugestywnymi tytu\u0142ami.<\/p>\n<h2 style=\"text-align: center;\"><\/h2>\n","protected":false},"featured_media":5208,"template":"","meta":[],"product_brand":[],"product_cat":[196,47,197,205],"product_tag":[50,138,161,262,166,64],"class_list":{"0":"post-195","1":"product","2":"type-product","3":"status-publish","4":"has-post-thumbnail","6":"product_cat-ebook-romanse-wspolczesne","7":"product_cat-ebooki","8":"product_cat-powiesci-religijne","9":"product_cat-substytuty-milosci","10":"product_tag-ebook","11":"product_tag-ebook-mobi","12":"product_tag-ewelina-c-lisowska","13":"product_tag-powiesci-religijne","14":"product_tag-romans-wspolczesny","15":"product_tag-substytuty-milosci","17":"first","18":"instock","19":"taxable","20":"shipping-taxable","21":"purchasable","22":"product-type-simple"},"_links":{"self":[{"href":"https:\/\/ecl-pisarka.pl\/index.php\/wp-json\/wp\/v2\/product\/195","targetHints":{"allow":["GET"]}}],"collection":[{"href":"https:\/\/ecl-pisarka.pl\/index.php\/wp-json\/wp\/v2\/product"}],"about":[{"href":"https:\/\/ecl-pisarka.pl\/index.php\/wp-json\/wp\/v2\/types\/product"}],"wp:featuredmedia":[{"embeddable":true,"href":"https:\/\/ecl-pisarka.pl\/index.php\/wp-json\/wp\/v2\/media\/5208"}],"wp:attachment":[{"href":"https:\/\/ecl-pisarka.pl\/index.php\/wp-json\/wp\/v2\/media?parent=195"}],"wp:term":[{"taxonomy":"product_brand","embeddable":true,"href":"https:\/\/ecl-pisarka.pl\/index.php\/wp-json\/wp\/v2\/product_brand?post=195"},{"taxonomy":"product_cat","embeddable":true,"href":"https:\/\/ecl-pisarka.pl\/index.php\/wp-json\/wp\/v2\/product_cat?post=195"},{"taxonomy":"product_tag","embeddable":true,"href":"https:\/\/ecl-pisarka.pl\/index.php\/wp-json\/wp\/v2\/product_tag?post=195"}],"curies":[{"name":"wp","href":"https:\/\/api.w.org\/{rel}","templated":true}]}}