{"id":211,"date":"2019-08-20T16:36:48","date_gmt":"2019-08-20T16:36:48","guid":{"rendered":"https:\/\/ecl-pisarka.pl\/?post_type=product&#038;p=211"},"modified":"2024-02-05T19:04:00","modified_gmt":"2024-02-05T18:04:00","slug":"wiek-niewazny-cz-1-ebook-epub","status":"publish","type":"product","link":"https:\/\/ecl-pisarka.pl\/index.php\/produkt\/wiek-niewazny-cz-1-ebook-epub\/","title":{"rendered":"Ewelina C Lisowska WIEK-NIEWA\u017bNY cz. 1. Szukaj\u0105c siebie * ebook ePUB"},"content":{"rendered":"<h2 style=\"text-align: center;\">Ewelina C Lisowska<\/h2>\n<h1 style=\"text-align: center;\">&#8222;Wiek-niewa\u017cny cz. 1. Szukaj\u0105c siebie&#8221;<\/h1>\n<h3 style=\"text-align: center;\">ebook ePUB<\/h3>\n<p><img loading=\"lazy\" decoding=\"async\" class=\"aligncenter wp-image-4873 size-full\" src=\"https:\/\/ecl-pisarka.pl\/wp-content\/uploads\/2020\/05\/WIEK-NIEWAZNY-Szukajac-siebie.jpg\" alt=\"\" width=\"2240\" height=\"1260\" srcset=\"https:\/\/ecl-pisarka.pl\/wp-content\/uploads\/2020\/05\/WIEK-NIEWAZNY-Szukajac-siebie.jpg 2240w, https:\/\/ecl-pisarka.pl\/wp-content\/uploads\/2020\/05\/WIEK-NIEWAZNY-Szukajac-siebie-300x169.jpg 300w, https:\/\/ecl-pisarka.pl\/wp-content\/uploads\/2020\/05\/WIEK-NIEWAZNY-Szukajac-siebie-1024x576.jpg 1024w, https:\/\/ecl-pisarka.pl\/wp-content\/uploads\/2020\/05\/WIEK-NIEWAZNY-Szukajac-siebie-768x432.jpg 768w, https:\/\/ecl-pisarka.pl\/wp-content\/uploads\/2020\/05\/WIEK-NIEWAZNY-Szukajac-siebie-1536x864.jpg 1536w, https:\/\/ecl-pisarka.pl\/wp-content\/uploads\/2020\/05\/WIEK-NIEWAZNY-Szukajac-siebie-2048x1152.jpg 2048w, https:\/\/ecl-pisarka.pl\/wp-content\/uploads\/2020\/05\/WIEK-NIEWAZNY-Szukajac-siebie-400x225.jpg 400w\" sizes=\"auto, (max-width: 2240px) 100vw, 2240px\" \/><\/p>\n<p style=\"text-align: center;\"><a href=\"https:\/\/ecl-pisarka.pl\/index.php\/category\/wiek-niewazny\/\"><strong>Wi\u0119cej o ksi\u0105\u017cce Wiek-niewa\u017cny cz. 1.<\/strong><\/a><\/p>\n<h3 style=\"text-align: center;\">Zobacz cytaty z ksi\u0105\u017cki na <a href=\"https:\/\/pl.pinterest.com\/napisz0304\/_created\/\" target=\"_blank\" rel=\"noopener\">PINTEREST<\/a> oraz <a href=\"https:\/\/stylowi.pl\/ewelina_capanda_1989\" target=\"_blank\" rel=\"noopener\">STYLOWI.PL<\/a><\/h3>\n<p>&nbsp;<\/p>\n<h2>SPIS TRE\u015aCI<\/h2>\n<p>ROZDZIA\u0141 1. Moje mi\u0142osne fiaska\u2026str. 7<br \/>\nROZDZIA\u0141 2. Wiek \u2013 niewa\u017cny\u2026str. 12<br \/>\nROZDZIA\u0141 3. Morskozielony\u2026str. 17<br \/>\nROZDZIA\u0141 4. Omdla\u0142a damulka \u2026str. 22<br \/>\nROZDZIA\u0141 5. Kaloryfer pana Zi\u0119by\u2026str. 30<br \/>\nROZDZIA\u0141 6. Wariatka\u2026str. 45<br \/>\nROZDZIA\u0141 7. Urodzinowe z\u0142udzenia mi\u0142osne\u2026str. 49<br \/>\nROZDZIA\u0141 8. Zwyczajny facet\u2026str. 56<br \/>\nROZDZIA\u0141 9. Pod baczn\u0105 obserwacj\u0105\u2026str. 60<br \/>\nROZDZIA\u0141 10. Bez mi\u0142o\u015bci\u2026str. 67<\/p>\n<div class=\"su-spoiler su-spoiler-style-default su-spoiler-icon-plus su-spoiler-closed\" data-scroll-offset=\"0\" data-anchor-in-url=\"no\"><div class=\"su-spoiler-title\" tabindex=\"0\" role=\"button\"><span class=\"su-spoiler-icon\"><\/span>Czytaj dalej<\/div><div class=\"su-spoiler-content su-u-clearfix su-u-trim\">\n<p>ROZDZIA\u0141 11. Za trzy dni jutro\u2026str. 71<br \/>\nROZDZIA\u0141 12. Pan kucharz Zi\u0119ba\u2026str. 75<br \/>\nROZDZIA\u0141 13. Pod opiek\u0105 pana D\u2026str. 79<br \/>\nROZDZIA\u0141 14. Odstawi\u0107 leki\u2026str. 84<br \/>\nROZDZIA\u0141 15. D\u0142u\u017cnik\u2026str. 88<br \/>\nROZDZIA\u0141 16. Uciekinierka\u2026str. 93<br \/>\nROZDZIA\u0141 17. Powr\u00f3t do przesz\u0142o\u015bci\u2026str. 98<br \/>\nROZDZIA\u0141 18. Powierzchnia ska\u017cona\u2026str. 105<br \/>\nROZDZIA\u0141 19. Dotyk prawdziwej mi\u0142o\u015bci\u2026str. 112<br \/>\nROZDZIA\u0141 20. Dotyk na pr\u00f3b\u0119\u2026str. 117<\/p>\n<p>ROZDZIA\u0141 21. Koniec sielanki\u2026str. 121<br \/>\nROZDZIA\u0141 22. Ukochany wr\u00f3g\u2026str. 125<br \/>\nROZDZIA\u0141 23. Syndrom z\u0142amanego serca\u2026str. 128<br \/>\nROZDZIA\u0141 24. Zwi\u0105zek na pr\u00f3b\u0119\u2026str. 134<br \/>\nROZDZIA\u0141 25. Z sercem na d\u0142oni\u2026str. 137<br \/>\nROZDZIA\u0141 26. Ostatnia deska do trumny\u2026str. 141<br \/>\nROZDZIA\u0141 27. Najwspanialszy facet na \u015bwiecie\u2026str. 146<br \/>\nROZDZIA\u0141 28. TA godzina\u2026str. 150<br \/>\nROZDZIA\u0141 29. Rozklejona w jego ramionach\u2026str. 155<br \/>\nROZDZIA\u0141 30. Po moim trupie!&#8230; str. 158<\/p>\n<p>ROZDZIA\u0141 31. Pomy\u0142ka losu\u2026str. 162<br \/>\nROZDZIA\u0141 32. Sierota\u2026str. 165<br \/>\nROZDZIA\u0141 33. Czu\u0142y dotyk\u2026str. 169<br \/>\nROZDZIA\u0141 34. By\u0107 albo nie by\u0107\u2026str. 172<br \/>\nROZDZIA\u0141 35. Pierwszy poca\u0142unek\u2026str. 176<br \/>\nROZDZIA\u0141 36. Sen\u2026str. 179<br \/>\nROZDZIA\u0141 37. Zazdro\u015b\u0107\u2026str. 183<br \/>\nROZDZIA\u0141 38. Kocham Ci\u0119\u2026str. 187<br \/>\nROZDZIA\u0141 39. Podw\u00f3jna depresja\u2026str. 190<br \/>\nROZDZIA\u0141 40. Dla Jego dobra\u2026str. 193<\/p>\n<p>ROZDZIA\u0141 41. Jeszcze tylko ten jeden raz\u2026str. 195<br \/>\nROZDZIA\u0141 42. \u017begnaj Kochanie\u2026str. 197<br \/>\nROZDZIA\u0141 43. Spowied\u017a wariatki\u2026str. 201<br \/>\nROZDZIA\u0141 44. Definitywny koniec\u2026str. 207<br \/>\nOd autorki\u2026str. 210<\/p>\n<\/div><\/div>\n<p style=\"text-align: center;\">\n<p>&nbsp;<\/p>\n","protected":false},"excerpt":{"rendered":"<h1 style=\"text-align: center;\">&#8222;Wiek-niewa\u017cny cz. 1. Szukaj\u0105c siebie&#8221;<\/h1>\n<h2 style=\"text-align: center;\">Ewelina C Lisowska<\/h2>\n<p>Wydawnictwo Romanse<\/p>\n<p>Romans wsp\u00f3\u0142czesny<\/p>\n<p>ISBN ebooka EPUB: 978-83-955314-<span class=\"bold\">5<\/span>-3<\/p>\n<p>Data wydania: 05.09.2019<\/p>\n<p>Wielko\u015b\u0107 pliku: 1429 KB<\/p>\n<p>&nbsp;<\/p>\n<p><a href=\"https:\/\/ecl-pisarka.pl\/index.php\/produkt\/wiek-niewazny-cz-1-pdf\/\">WIEK-NIEWA\u017bNY cz. 1. Szukaj\u0105c siebie PDF<\/a><\/p>\n<p><a href=\"https:\/\/ecl-pisarka.pl\/index.php\/produkt\/wiek-niewazny-cz-1-ebook-mobi\/\">WIEK-NIEWA\u017bNY cz. 1. Szukaj\u0105c siebie MOBI<\/a><\/p>\n<p><a href=\"https:\/\/ecl-pisarka.pl\/index.php\/2021\/11\/09\/wiek-niewazny-1-fragment-ksiazki\/\"><strong>Przeczytaj darmowy fragment tekstu<\/strong><\/a><\/p>\n<p><a href=\"https:\/\/www.youtube.com\/watch?v=nkUSiX1nxpU&amp;list=PL-Wfhy80J6IkSGXNFAGVvO7qTWQZD2qfD&amp;index=9\">Pos\u0142uchaj fragmentu ksi\u0105\u017cki<\/a><\/p>\n<p>&nbsp;<\/p>\n<p>&nbsp;<\/p>\n<h1 style=\"text-align: center;\">Wiek-niewa\u017cny cz. 1. Szukaj\u0105c siebie &#8211; opis<\/h1>\n<h3><strong>Romans wsp\u00f3\u0142czesny z depresj\u0105 w tle<\/strong><\/h3>\n<p>Katarzyna Kowalska to w\u0142a\u015bcicielka dobrze prosperuj\u0105cego biura architektury krajobrazu. Ma sw\u00f3j wymarzony ma\u0142y domek, mieszka wsp\u00f3lnie z kilkoma osobami &#8211; pracownikami i s\u0142u\u017cb\u0105, kt\u00f3rzy zast\u0119puj\u0105 jej rodzin\u0119. Niestety, w \u017cyciu trzydziestoletniej kobiety brakuje mi\u0142o\u015bci, o kt\u00f3rej marzy\u0142a od dziecka. Traumy z dzieci\u0144stwa, liczne zawody mi\u0142osne, niskie poczucie w\u0142asnej warto\u015bci doprowadzi\u0142y j\u0105 do depresji, l\u0119k\u00f3w i nerwicy. Kasia nie chce si\u0119 zakocha\u0107 ju\u017c nigdy wi\u0119cej, dlatego gdy przydarza si\u0119 jej to po raz kolejny, robi wszystko, aby zwalczy\u0107 niechciane uczucie.<\/p>\n<h3><strong>W kim zakocha\u0142a si\u0119 Kasia?<\/strong><\/h3>\n<p>Dariusz Zi\u0119ba zosta\u0142 przyj\u0119ty do pracy nie przez Katarzyn\u0119, ale przez jej pracownic\u0119, kt\u00f3rej ufa\u0142a. Nie\u015bwiadoma tego, \u017ce w jej firmie podj\u0105\u0142 prac\u0119 m\u0142ody i atrakcyjny m\u0119\u017cczyzna, Kasia prze\u017cywa szok. Na nieszcz\u0119\u015bcie zakochuje si\u0119 w nim od pierwszego wejrzenia. Walka z uczuciami i ch\u0119\u0107 odstraszenia m\u0119\u017cczyzny doprowadzaj\u0105 jedynie do tego, \u017ce Dariusz zaczyna interesowa\u0107 si\u0119 t\u0105 zal\u0119knion\u0105 istot\u0105. Nawet zakochuje si\u0119 w niej, lecz to dopiero pocz\u0105tek, gdy\u017c zdobycie zaufania kogo\u015b, kto nie wierzy w to, \u017ce mo\u017cna go kocha\u0107, jest zadaniem ogromnie trudnym\u2026<\/p>\n<h3><strong>Co stanie im na drodze do szcz\u0119\u015bcia?<\/strong><\/h3>\n<p>G\u0142\u00f3wnym antagonist\u0105 w tej historii jest l\u0119k, depresja i uprzedzenia Kasi co do m\u0119\u017cczyzn. Kolejnym problemem jest niskie poczucie w\u0142asnej warto\u015bci oraz przekonanie g\u0142\u00f3wnej bohaterki, \u017ce jest ona nieatrakcyjn\u0105, szar\u0105 myszk\u0105. Kobieta po prostu rezygnuje na samym starcie. Maj\u0105c u boku pi\u0119kn\u0105 pracownic\u0119 Wiolett\u0119, kt\u00f3ra zaleca si\u0119 do nowego pracownika, Katarzyna jest pewna, \u017ce tych dwoje w ko\u0144cu zostanie par\u0105. Jednak Dariusz nie gustuje w kobietach pokroju Wioletty. Wiola zrobi wszystko, aby Kasia i Dariusz nie byli z sob\u0105\u2026 Przeczytaj <a href=\"https:\/\/ecl-pisarka.pl\/index.php\/kategoria-produktu\/ksiazki-romanse-wspolczesne\/wiek-niewazny-1-szukajac-siebie\/\">WIEK-NIEWA\u017bNY cz. 1. Szukaj\u0105c siebie<\/a>, aby dowiedzie\u0107 si\u0119, co b\u0119dzie dalej.<\/p>\n<p>&nbsp;<\/p>\n<h2 style=\"text-align: center;\"><\/h2>\n<p>&nbsp;<\/p>\n","protected":false},"featured_media":5207,"template":"","meta":[],"product_brand":[],"product_cat":[196,47,207],"product_tag":[50,140,161,166,163,61],"class_list":{"0":"post-211","1":"product","2":"type-product","3":"status-publish","4":"has-post-thumbnail","6":"product_cat-ebook-romanse-wspolczesne","7":"product_cat-ebooki","8":"product_cat-wiek-niewazny-1-szukajac-siebie","9":"product_tag-ebook","10":"product_tag-ebook-epub","11":"product_tag-ewelina-c-lisowska","12":"product_tag-romans-wspolczesny","13":"product_tag-wiek-niewazny","14":"product_tag-wiek-niewazny-1","16":"first","17":"instock","18":"taxable","19":"shipping-taxable","20":"purchasable","21":"product-type-simple"},"_links":{"self":[{"href":"https:\/\/ecl-pisarka.pl\/index.php\/wp-json\/wp\/v2\/product\/211","targetHints":{"allow":["GET"]}}],"collection":[{"href":"https:\/\/ecl-pisarka.pl\/index.php\/wp-json\/wp\/v2\/product"}],"about":[{"href":"https:\/\/ecl-pisarka.pl\/index.php\/wp-json\/wp\/v2\/types\/product"}],"wp:featuredmedia":[{"embeddable":true,"href":"https:\/\/ecl-pisarka.pl\/index.php\/wp-json\/wp\/v2\/media\/5207"}],"wp:attachment":[{"href":"https:\/\/ecl-pisarka.pl\/index.php\/wp-json\/wp\/v2\/media?parent=211"}],"wp:term":[{"taxonomy":"product_brand","embeddable":true,"href":"https:\/\/ecl-pisarka.pl\/index.php\/wp-json\/wp\/v2\/product_brand?post=211"},{"taxonomy":"product_cat","embeddable":true,"href":"https:\/\/ecl-pisarka.pl\/index.php\/wp-json\/wp\/v2\/product_cat?post=211"},{"taxonomy":"product_tag","embeddable":true,"href":"https:\/\/ecl-pisarka.pl\/index.php\/wp-json\/wp\/v2\/product_tag?post=211"}],"curies":[{"name":"wp","href":"https:\/\/api.w.org\/{rel}","templated":true}]}}