{"id":4632,"date":"2022-07-22T10:48:29","date_gmt":"2022-07-22T09:48:29","guid":{"rendered":"https:\/\/ecl-pisarka.pl\/?post_type=product&#038;p=4632"},"modified":"2025-03-05T18:56:26","modified_gmt":"2025-03-05T17:56:26","slug":"c-lisowska-nowy-eden","status":"publish","type":"product","link":"https:\/\/ecl-pisarka.pl\/index.php\/produkt\/c-lisowska-nowy-eden\/","title":{"rendered":"E C Lisowska NOWY EDEN Powr\u00f3t Raju utraconego MOBI"},"content":{"rendered":"<h1 style=\"text-align: center;\">Ewelina C Lisowska NOWY EDEN<\/h1>\n<h1 style=\"text-align: center;\">Powr\u00f3t Raju utraconego MOBI ebook<\/h1>\n<p style=\"text-align: center;\">Wi\u0119cej na temat ksi\u0105\u017cki przeczytasz na <a href=\"https:\/\/ecl-pisarka.pl\/index.php\/category\/blog\/\">BLOGU<\/a>.<\/p>\n<p><img loading=\"lazy\" decoding=\"async\" class=\"aligncenter wp-image-4868 size-full\" src=\"https:\/\/ecl-pisarka.pl\/wp-content\/uploads\/2022\/07\/NOWY-EDEN-Powrot-Raju-utraconego.jpg\" alt=\"C Lisowska NOWY EDEN \" width=\"2240\" height=\"1260\" srcset=\"https:\/\/ecl-pisarka.pl\/wp-content\/uploads\/2022\/07\/NOWY-EDEN-Powrot-Raju-utraconego.jpg 2240w, https:\/\/ecl-pisarka.pl\/wp-content\/uploads\/2022\/07\/NOWY-EDEN-Powrot-Raju-utraconego-300x169.jpg 300w, https:\/\/ecl-pisarka.pl\/wp-content\/uploads\/2022\/07\/NOWY-EDEN-Powrot-Raju-utraconego-1024x576.jpg 1024w, https:\/\/ecl-pisarka.pl\/wp-content\/uploads\/2022\/07\/NOWY-EDEN-Powrot-Raju-utraconego-768x432.jpg 768w, https:\/\/ecl-pisarka.pl\/wp-content\/uploads\/2022\/07\/NOWY-EDEN-Powrot-Raju-utraconego-1536x864.jpg 1536w, https:\/\/ecl-pisarka.pl\/wp-content\/uploads\/2022\/07\/NOWY-EDEN-Powrot-Raju-utraconego-2048x1152.jpg 2048w, https:\/\/ecl-pisarka.pl\/wp-content\/uploads\/2022\/07\/NOWY-EDEN-Powrot-Raju-utraconego-400x225.jpg 400w\" sizes=\"auto, (max-width: 2240px) 100vw, 2240px\" \/><\/p>\n<p style=\"text-align: center;\">Zobacz cytaty z ksi\u0105\u017cki na <a href=\"https:\/\/pl.pinterest.com\/napisz0304\/_created\/\" target=\"_blank\" rel=\"noopener\">PINTEREST<\/a> oraz <a href=\"https:\/\/stylowi.pl\/ewelina_capanda_1989\" target=\"_blank\" rel=\"noopener\">STYLOWI.PL<\/a><\/p>\n<p style=\"text-align: left;\"><strong>SPIS TRE\u015aCI<\/strong><\/p>\n<p style=\"text-align: left;\">Wst\u0119p<\/p>\n<p style=\"text-align: left;\">1.U wr\u00f3t Nowego Edenu<\/p>\n<p style=\"text-align: left;\">2.W chacie Oba\u0142ela<\/p>\n<p style=\"text-align: left;\">ZESZYTY OBA\u0141ELA <em>Dzie\u0144 pierwszy ciemno\u015bci<\/em><\/p>\n<p style=\"text-align: left;\">3.U \u017ar\u00f3de\u0142 Nowego Edenu<\/p>\n<p style=\"text-align: left;\">ZESZYTY OBA\u0141ELA <em>Dzie\u0144 drugi ciemno\u015bci<\/em><\/p>\n<p style=\"text-align: left;\">4.Cud codzienno\u015bci<\/p>\n<p style=\"text-align: left;\">ZESZYTY OBA\u0141ELA <em>Dzie\u0144 trzeci ciemno\u015bci<\/em><\/p>\n<p style=\"text-align: left;\">5.M\u00f3j trzeci dzie\u0144 ciemno\u015bci<\/p>\n<p style=\"text-align: left;\">6.Dziecko i \u017cona<\/p>\n<p style=\"text-align: left;\">ZESZYTY OBA\u0141ELA <em>Dzie\u0144 czwarty ciemno\u015bci<\/em><\/p>\n<p style=\"text-align: left;\">7.Bramy Niebios<\/p>\n<p style=\"text-align: left;\">ZESZYTY OBA\u0141ELA <em>Dzie\u0144 pi\u0105ty ciemno\u015bci<\/em><\/p>\n<div class=\"su-spoiler su-spoiler-style-default su-spoiler-icon-plus su-spoiler-closed\" data-scroll-offset=\"0\" data-anchor-in-url=\"no\"><div class=\"su-spoiler-title\" tabindex=\"0\" role=\"button\"><span class=\"su-spoiler-icon\"><\/span>Czytaj dalej<\/div><div class=\"su-spoiler-content su-u-clearfix su-u-trim\">\n<p style=\"text-align: left;\">8.Skrywana mi\u0142o\u015b\u0107<\/p>\n<p style=\"text-align: left;\">ZESZYTY OBA\u0141ELA <em>Dzie\u0144 sz\u00f3sty ciemno\u015bci<\/em><\/p>\n<p style=\"text-align: left;\">9.Obiecana na wieki<\/p>\n<p style=\"text-align: left;\">ZESZYTY OBA\u0141ELA <em>Dzie\u0144 si\u00f3dmy ciemno\u015bci<\/em><\/p>\n<p style=\"text-align: left;\">10.Obro\u0144czyni Nowego Edenu<\/p>\n<p style=\"text-align: left;\">ZESZYTY OBA\u0141ELA <em>Pierwszy dzie\u0144 jasno\u015bci<\/em><\/p>\n<p style=\"text-align: left;\">11.\u0179li w Nowym Edenie<\/p>\n<p style=\"text-align: left;\">12.W niebia\u0144skiej krainie<\/p>\n<p style=\"text-align: left;\">13.Wieczna przysi\u0119ga<\/p>\n<p style=\"text-align: left;\">ZESZYTY OBA\u0141ELA <em>Drugi dzie\u0144 jasno\u015bci<\/em><\/p>\n<p style=\"text-align: left;\">ZESZYTY OBA\u0141ELA <em>Trzeci dzie\u0144 jasno\u015bci<\/em><\/p>\n<p style=\"text-align: left;\">14.Dzieci Nowego Edenu<\/p>\n<p style=\"text-align: left;\">ZESZYTY OBA\u0141ELA <em>Trzeci dzie\u0144 jasno\u015bci cd<\/em>.<\/p>\n<p style=\"text-align: left;\">ZESZYTY OBA\u0141ELA <em>Czwarty dzie\u0144 jasno\u015bci<\/em><\/p>\n<p style=\"text-align: left;\">15.Dwie \u017cony<\/p>\n<p style=\"text-align: left;\">ZESZYTY OBA\u0141ELA <em>Si\u00f3dmy dzie\u0144 jasno\u015bci<\/em><\/p>\n<p style=\"text-align: left;\">16.Ucieczka z Nowego Edenu<\/p>\n<p style=\"text-align: left;\">17.B\u00f3l Starego \u015awiata<\/p>\n<p style=\"text-align: left;\">18.Cienie Nowego Edenu<\/p>\n<p style=\"text-align: left;\">19.W obj\u0119ciach ciemno\u015bci<\/p>\n<p style=\"text-align: left;\">20.Powr\u00f3t do Raju<\/p>\n<p style=\"text-align: left;\">21.Op\u0119tany<\/p>\n<p style=\"text-align: left;\">22.Narz\u0119dzie w r\u0119kach Pana<\/p>\n<p style=\"text-align: left;\">23.Rok p\u00f3\u017aniej<\/p>\n<p style=\"text-align: left;\">Inne publikacje autorki<\/p>\n<p style=\"text-align: left;\">Patronaty medialne<\/p>\n<\/div><\/div>\n<h4 style=\"text-align: center;\">Ebook zosta\u0142 obj\u0119ty patronatem medialnym przez:<\/h4>\n<ul>\n<li>Ewelina-czyta<\/li>\n<li>Skazani na czytanie<\/li>\n<li>\n<p class=\"_aacl _aacs _aact _aacx _aada\" tabindex=\"-1\">The_reading_queen_93 bookstagram<\/p>\n<\/li>\n<\/ul>\n<p>&nbsp;<\/p>\n<p>&nbsp;<\/p>\n","protected":false},"excerpt":{"rendered":"<h1 style=\"text-align: center;\">Ewelina C Lisowska NOWY EDEN<\/h1>\n<h3 style=\"text-align: center;\">Romans SF<\/h3>\n<h3 style=\"text-align: center;\">2022<\/h3>\n<p>Wydawnictwo Romanse<\/p>\n<p>Romans science fiction<\/p>\n<p>ISBN ebooka Mobi: 978-83-960211-4-4<\/p>\n<p>Data wydania: 17.08.2022<\/p>\n<p>Obj\u0119to\u015b\u0107 tekstu: format kartki A5 &#8211; ilo\u015b\u0107 strona 556<\/p>\n<p>&nbsp;<\/p>\n<h4><strong>Zobacz tak\u017ce:<\/strong><\/h4>\n<p><a href=\"https:\/\/ecl-pisarka.pl\/index.php\/produkt\/ewelina-c-lisowska-epub-nowy-eden\/\">NOWY EDEN Powr\u00f3t Raju utraconego EPUB<\/a><\/p>\n<p><a href=\"https:\/\/ecl-pisarka.pl\/index.php\/produkt\/ewelina-c-lisowska-pdf-nowy-eden\/\">NOWY EDEN Powr\u00f3t Raju utraconego PDF<\/a><\/p>\n<p><a href=\"https:\/\/ecl-pisarka.pl\/index.php\/2022\/08\/10\/fragment-nowy-eden-ewelinaclisowska\/\">Przeczytaj darmowy fragment ebooka<\/a><\/p>\n<p><a href=\"https:\/\/www.youtube.com\/watch?v=g9Cc4-UzoT8&amp;list=PL-Wfhy80J6IkSGXNFAGVvO7qTWQZD2qfD&amp;index=10\">Pos\u0142uchaj fragmentu ksi\u0105\u017cki<\/a><\/p>\n<p>&nbsp;<\/p>\n<h2>O czym jest &#8222;NOWY EDEN Powr\u00f3t Raju utraconego&#8221;?<\/h2>\n<p>Siedem dni ciemno\u015bci, koniec \u015bwiata, koniec z\u0142a. A p\u00f3\u017aniej nastaje nowy \u015bwiat. Wiara Wabel ma za zadanie zbada\u0107 miejsce, gdzie powsta\u0142 Nowy Eden, rajska kraina pe\u0142na niesamowitych stworze\u0144, ro\u015blin i anomalii, kt\u00f3re przejd\u0105 wszelkie jej oczekiwania. To tam Wer pozna zwyczajnego m\u0119\u017cczyzn\u0119, kt\u00f3ry zmieni jej \u017cycie o 180 stopni. Lecz czy Faust Oba\u0142el jest jedynie zwyk\u0142ym \u017culem osiedlowym, kt\u00f3rego ona si\u0119 brzydzi? A mo\u017ce jest kim\u015b ca\u0142kiem innym?<\/p>\n<p>Wer b\u0119dzie mia\u0142a za zadanie nie tylko zbada\u0107 Nowy Eden, ale tak\u017ce zmierzy\u0107 si\u0119 z traumami swojego \u017cycia. Faust pozwoli jej przeczyta\u0107 swoje zapiski z okresu ciemno\u015bci i z pierwszych dni nowego Raju.<\/p>\n<p>\u201eNOWY EDEN Powr\u00f3t Raju utraconego\u201d to romans SF, kt\u00f3ry wprowadzi Ci\u0119 w niezwyk\u0142y \u015bwiat duchowych prze\u017cy\u0107. Nie brak w nim tak\u017ce i cielesnych dozna\u0144, o kt\u00f3rych opowie Ci narratorka i zarazem g\u0142\u00f3wna bohaterka Wiara Wabel. Tajemnice, cudowne miejsca, mi\u0142o\u015b\u0107, kt\u00f3ra narodzi\u0142a si\u0119 w duszach, zanim przysz\u0142y na ten \u015bwiat&#8230; Daj si\u0119 wci\u0105gn\u0105\u0107 w niesamowity \u015bwiat Nowego Edenu i zobacz, jak m\u00f3g\u0142by wygl\u0105da\u0107 \u015bwiat oczyszczony ze z\u0142a. Przekonaj si\u0119, czy mi\u0142o\u015b\u0107 jest w stanie pokona\u0107 wszelkie uprzedzenia i trudn\u0105 przesz\u0142o\u015b\u0107.<\/p>\n<p style=\"text-align: center;\">\n","protected":false},"featured_media":5195,"template":"","meta":[],"product_brand":[],"product_cat":[221,47,197,217],"product_tag":[50,220,219,262,218],"class_list":{"0":"post-4632","1":"product","2":"type-product","3":"status-publish","4":"has-post-thumbnail","6":"product_cat-nowy-eden-powrot-raju-utraconego","7":"product_cat-ebooki","8":"product_cat-powiesci-religijne","9":"product_cat-romanse-science-fiction","10":"product_tag-ebook","11":"product_tag-mobi","12":"product_tag-nowy-eden","13":"product_tag-powiesci-religijne","14":"product_tag-romans-sf","16":"first","17":"instock","18":"taxable","19":"shipping-taxable","20":"purchasable","21":"product-type-simple"},"_links":{"self":[{"href":"https:\/\/ecl-pisarka.pl\/index.php\/wp-json\/wp\/v2\/product\/4632","targetHints":{"allow":["GET"]}}],"collection":[{"href":"https:\/\/ecl-pisarka.pl\/index.php\/wp-json\/wp\/v2\/product"}],"about":[{"href":"https:\/\/ecl-pisarka.pl\/index.php\/wp-json\/wp\/v2\/types\/product"}],"wp:featuredmedia":[{"embeddable":true,"href":"https:\/\/ecl-pisarka.pl\/index.php\/wp-json\/wp\/v2\/media\/5195"}],"wp:attachment":[{"href":"https:\/\/ecl-pisarka.pl\/index.php\/wp-json\/wp\/v2\/media?parent=4632"}],"wp:term":[{"taxonomy":"product_brand","embeddable":true,"href":"https:\/\/ecl-pisarka.pl\/index.php\/wp-json\/wp\/v2\/product_brand?post=4632"},{"taxonomy":"product_cat","embeddable":true,"href":"https:\/\/ecl-pisarka.pl\/index.php\/wp-json\/wp\/v2\/product_cat?post=4632"},{"taxonomy":"product_tag","embeddable":true,"href":"https:\/\/ecl-pisarka.pl\/index.php\/wp-json\/wp\/v2\/product_tag?post=4632"}],"curies":[{"name":"wp","href":"https:\/\/api.w.org\/{rel}","templated":true}]}}