{"id":4959,"date":"2022-11-02T16:27:35","date_gmt":"2022-11-02T15:27:35","guid":{"rendered":"https:\/\/ecl-pisarka.pl\/?post_type=product&#038;p=4959"},"modified":"2024-02-05T18:45:18","modified_gmt":"2024-02-05T17:45:18","slug":"ewelina-c-lisowska-krolowa-zebrakow-mobi-ebook","status":"publish","type":"product","link":"https:\/\/ecl-pisarka.pl\/index.php\/produkt\/ewelina-c-lisowska-krolowa-zebrakow-mobi-ebook\/","title":{"rendered":"Ewelina C Lisowska KR\u00d3LOWA \u017bEBRAK\u00d3W Mobi ebook"},"content":{"rendered":"<p><img loading=\"lazy\" decoding=\"async\" class=\"alignnone size-medium wp-image-5210 aligncenter\" src=\"https:\/\/ecl-pisarka.pl\/wp-content\/uploads\/2022\/11\/1MKR-300x171.png\" alt=\"Ksi\u0105\u017cka 2022 roku\" width=\"300\" height=\"171\" srcset=\"https:\/\/ecl-pisarka.pl\/wp-content\/uploads\/2022\/11\/1MKR-300x171.png 300w, https:\/\/ecl-pisarka.pl\/wp-content\/uploads\/2022\/11\/1MKR-1024x585.png 1024w, https:\/\/ecl-pisarka.pl\/wp-content\/uploads\/2022\/11\/1MKR-768x439.png 768w, https:\/\/ecl-pisarka.pl\/wp-content\/uploads\/2022\/11\/1MKR-1536x878.png 1536w, https:\/\/ecl-pisarka.pl\/wp-content\/uploads\/2022\/11\/1MKR-2048x1170.png 2048w, https:\/\/ecl-pisarka.pl\/wp-content\/uploads\/2022\/11\/1MKR-105x60.png 105w, https:\/\/ecl-pisarka.pl\/wp-content\/uploads\/2022\/11\/1MKR-600x343.png 600w\" sizes=\"auto, (max-width: 300px) 100vw, 300px\" \/><\/p>\n<figure id=\"attachment_4965\" aria-describedby=\"caption-attachment-4965\" style=\"width: 1024px\" class=\"wp-caption alignnone\"><img loading=\"lazy\" decoding=\"async\" class=\"wp-image-4965 size-large\" src=\"https:\/\/ecl-pisarka.pl\/wp-content\/uploads\/2022\/11\/Ewelina-C.Lisowska-KROLOWA-ZEBRAKOW-Mobi-ebook-1024x512.jpg\" alt=\"Ewelina C Lisowska KR\u00d3LOWA \u017bEBRAK\u00d3W Mobi ebook\" width=\"1024\" height=\"512\" srcset=\"https:\/\/ecl-pisarka.pl\/wp-content\/uploads\/2022\/11\/Ewelina-C.Lisowska-KROLOWA-ZEBRAKOW-Mobi-ebook-1024x512.jpg 1024w, https:\/\/ecl-pisarka.pl\/wp-content\/uploads\/2022\/11\/Ewelina-C.Lisowska-KROLOWA-ZEBRAKOW-Mobi-ebook-300x150.jpg 300w, https:\/\/ecl-pisarka.pl\/wp-content\/uploads\/2022\/11\/Ewelina-C.Lisowska-KROLOWA-ZEBRAKOW-Mobi-ebook-768x384.jpg 768w, https:\/\/ecl-pisarka.pl\/wp-content\/uploads\/2022\/11\/Ewelina-C.Lisowska-KROLOWA-ZEBRAKOW-Mobi-ebook-1536x768.jpg 1536w, https:\/\/ecl-pisarka.pl\/wp-content\/uploads\/2022\/11\/Ewelina-C.Lisowska-KROLOWA-ZEBRAKOW-Mobi-ebook-2048x1024.jpg 2048w, https:\/\/ecl-pisarka.pl\/wp-content\/uploads\/2022\/11\/Ewelina-C.Lisowska-KROLOWA-ZEBRAKOW-Mobi-ebook-400x200.jpg 400w, https:\/\/ecl-pisarka.pl\/wp-content\/uploads\/2022\/11\/Ewelina-C.Lisowska-KROLOWA-ZEBRAKOW-Mobi-ebook-85x43.jpg 85w\" sizes=\"auto, (max-width: 1024px) 100vw, 1024px\" \/><figcaption id=\"caption-attachment-4965\" class=\"wp-caption-text\">Ewelina C Lisowska KR\u00d3LOWA \u017bEBRAK\u00d3W ebook mobi<\/figcaption><\/figure>\n<p>&nbsp;<\/p>\n","protected":false},"excerpt":{"rendered":"<p>Ewelina C Lisowska<\/p>\n<p>KR\u00d3LOWA \u017bEBRAK\u00d3W<\/p>\n<p>Wydawnictwo Romanse<\/p>\n<p>Romans historyczny, erotyka<\/p>\n<p>ISBN ebooka Mobi: 978-83-960211-7-5<\/p>\n<p>Data wydania: 22.11.2022<\/p>\n<p>&nbsp;<\/p>\n<p><a href=\"https:\/\/ecl-pisarka.pl\/index.php\/produkt\/ewelina-c-lisowska-krolowa-zebrakow-epub-ebook\/\">KR\u00d3LOWA \u017bEBRAK\u00d3W EPUB ebook<\/a><\/p>\n<p><a href=\"https:\/\/ecl-pisarka.pl\/index.php\/produkt\/krolowa-zebrakow-pdf-ebook\/\">KR\u00d3LOWA \u017bEBRAK\u00d3W PDF ebook<\/a><\/p>\n<p><a href=\"https:\/\/www.youtube.com\/watch?v=K-epSC3a-Vs\">Nagranie g\u0142osowe<\/a><\/p>\n<p><a href=\"https:\/\/ecl-pisarka.pl\/index.php\/2022\/11\/22\/fragment-ksiazki-krolowa-zebrakow\/\">Fragment powie\u015bci<\/a><\/p>\n<h2 style=\"text-align: center;\"><\/h2>\n<h1 style=\"text-align: center;\">KR\u00d3LOWA \u017bEBRAK\u00d3W Mobi ebook<\/h1>\n<p style=\"text-align: center;\"><strong><em>Romans historyczny osadzony w 20-leciu mi\u0119dzywojennym<\/em><\/strong><\/p>\n<p><strong>Ewelina to 25-letnia c\u00f3rka kowala, stara panna, chorowita i bez szans na propozycj\u0119 matrymonialn\u0105<\/strong>. Dziewczyna sprzedaje na ulicy w\u0142asnor\u0119cznie zrobione, szmaciane lalki. Dziewczyn\u0119 codziennie obserwuje z okna swojej kawalerki Wiktor Walicki (35 lat, kawaler), kt\u00f3ry pracuje w redakcji Gazety Codziennej. Jest zima, na ulicy panuje mr\u00f3z, w mie\u015bcie jeszcze nie wsz\u0119dzie jest \u015bwiat\u0142o elektryczne, niewielu mo\u017ce pozwoli\u0107 sobie na posiadanie samochodu czy nawet powozu. Bieda przeplata si\u0119 tutaj z luksusem, a ciche cierpienie z zabaw\u0105 i przepychem.<\/p>\n<p><strong>\u017bycie Eweliny zmienia si\u0119, gdy dostaje propozycj\u0119 maria\u017cu z 50-letnim wdowcem<\/strong>, Krzysztofem szewcem. Dziewczyna od pierwszych chwil znajomo\u015bci pa\u0142a do niego niech\u0119ci\u0105. Ju\u017c na pierwszym spotkaniu sprzeciwia si\u0119 woli ojca, kt\u00f3ry nie chce ju\u017c d\u0142u\u017cej trzyma\u0107 pod dachem niechcianej c\u00f3rki. W \u015brodku nocy wyrzuca j\u0105 na ulic\u0119 \u2013 w domowej sukience i kapciach. Dziewczyna b\u0142\u0105ka si\u0119 po mie\u015bcie, nigdzie nie mo\u017ce znale\u017a\u0107 schronienia. Sytuacj\u0119 komplikuje fakt, \u017ce jest chora i mocno os\u0142abiona. Przed \u015bmierci\u0105 ratuje j\u0105 Wiktor, kt\u00f3ry cudem \u2013 na przyj\u0119ciu urodzinowym ciotki \u2013 dostrzega przez okno id\u0105c\u0105 po ulicy dziewczyn\u0119, kt\u00f3r\u0105 sk\u0105d\u015b zna.<\/p>\n<p>Ewelina pozostanie w mieszkaniu Wiktora jako pomoc domowa i kucharka. Szybko jednak oboje zaczn\u0105 rozumie\u0107, \u017ce \u015blub z rozs\u0105dku b\u0119dzie dla nich wybawieniem. <strong>Niestety, samotny i niedoceniony m\u0119\u017cczyzna zakocha si\u0119 w swojej gosposi. Ona za\u015b b\u0119dzie mu wdzi\u0119czna i nic ponad to\u2026<\/strong><\/p>\n<p><em>\u201eKr\u00f3lowa \u017cebrak\u00f3w\u201d to powie\u015b\u0107 pe\u0142na kontrast\u00f3w i emocji. Odnajdziesz tu chwile s\u0142odkie jak mi\u00f3d i gorzkie jak pio\u0142un. Realistyczne sceny, ukazanie wewn\u0119trznych rozterek bohater\u00f3w, nadzieja i mi\u0142o\u015b\u0107\u2026 Wszystko to na tle reali\u00f3w mi\u0119dzywojnia. Autorka podzieli\u0142a powie\u015b\u0107 na kr\u00f3tkie rozdzia\u0142y, co sprawia, \u017ce podczas czytania ma si\u0119 wra\u017cenie, \u017ce ogl\u0105da si\u0119 film. Wszelkie w\u0105tpliwo\u015bci co do historycznych fakt\u00f3w 20-lecia zostaj\u0105 rozwiane na pocz\u0105tku powie\u015bci, we wst\u0119pie, kt\u00f3ry Ewelina C.Lisowska kieruje do swoich Czytelnik\u00f3w. Powie\u015b\u0107 zawiera opisy scen erotycznych.<\/em><\/p>\n","protected":false},"featured_media":5193,"template":"","meta":[],"product_brand":[],"product_cat":[195,47,235],"product_tag":[50,138,161,236,165],"class_list":{"0":"post-4959","1":"product","2":"type-product","3":"status-publish","4":"has-post-thumbnail","6":"product_cat-ebook-romanse-historyczne","7":"product_cat-ebooki","8":"product_cat-krolowa-zebrakow","9":"product_tag-ebook","10":"product_tag-ebook-mobi","11":"product_tag-ewelina-c-lisowska","12":"product_tag-krolowa-zebrakow","13":"product_tag-romans-historyczny","15":"first","16":"instock","17":"virtual","18":"taxable","19":"purchasable","20":"product-type-simple"},"_links":{"self":[{"href":"https:\/\/ecl-pisarka.pl\/index.php\/wp-json\/wp\/v2\/product\/4959","targetHints":{"allow":["GET"]}}],"collection":[{"href":"https:\/\/ecl-pisarka.pl\/index.php\/wp-json\/wp\/v2\/product"}],"about":[{"href":"https:\/\/ecl-pisarka.pl\/index.php\/wp-json\/wp\/v2\/types\/product"}],"wp:featuredmedia":[{"embeddable":true,"href":"https:\/\/ecl-pisarka.pl\/index.php\/wp-json\/wp\/v2\/media\/5193"}],"wp:attachment":[{"href":"https:\/\/ecl-pisarka.pl\/index.php\/wp-json\/wp\/v2\/media?parent=4959"}],"wp:term":[{"taxonomy":"product_brand","embeddable":true,"href":"https:\/\/ecl-pisarka.pl\/index.php\/wp-json\/wp\/v2\/product_brand?post=4959"},{"taxonomy":"product_cat","embeddable":true,"href":"https:\/\/ecl-pisarka.pl\/index.php\/wp-json\/wp\/v2\/product_cat?post=4959"},{"taxonomy":"product_tag","embeddable":true,"href":"https:\/\/ecl-pisarka.pl\/index.php\/wp-json\/wp\/v2\/product_tag?post=4959"}],"curies":[{"name":"wp","href":"https:\/\/api.w.org\/{rel}","templated":true}]}}