{"id":5097,"date":"2023-01-31T13:32:47","date_gmt":"2023-01-31T12:32:47","guid":{"rendered":"https:\/\/ecl-pisarka.pl\/?post_type=product&#038;p=5097"},"modified":"2025-07-16T13:31:53","modified_gmt":"2025-07-16T12:31:53","slug":"pakiet-11-krolowa-zebrakow-walerian-i-roza","status":"publish","type":"product","link":"https:\/\/ecl-pisarka.pl\/index.php\/produkt\/pakiet-11-krolowa-zebrakow-walerian-i-roza\/","title":{"rendered":"PAKIET ebook 1+1 Kr\u00f3lowa \u017cebrak\u00f3w + Walerian i R\u00f3\u017ca"},"content":{"rendered":"<p>&nbsp;<\/p>\n<p><img loading=\"lazy\" decoding=\"async\" class=\"aligncenter wp-image-5192 size-large\" src=\"https:\/\/ecl-pisarka.pl\/wp-content\/uploads\/2022\/11\/KZ-722x1024.jpg\" alt=\"Ewelina C.Lisowska KR\u00d3LOWA \u017bEBRAK\u00d3W ksi\u0105\u017cka roku 2022\" width=\"722\" height=\"1024\" srcset=\"https:\/\/ecl-pisarka.pl\/wp-content\/uploads\/2022\/11\/KZ-722x1024.jpg 722w, https:\/\/ecl-pisarka.pl\/wp-content\/uploads\/2022\/11\/KZ-211x300.jpg 211w, https:\/\/ecl-pisarka.pl\/wp-content\/uploads\/2022\/11\/KZ-768x1090.jpg 768w, https:\/\/ecl-pisarka.pl\/wp-content\/uploads\/2022\/11\/KZ-1082x1536.jpg 1082w, https:\/\/ecl-pisarka.pl\/wp-content\/uploads\/2022\/11\/KZ-1443x2048.jpg 1443w, https:\/\/ecl-pisarka.pl\/wp-content\/uploads\/2022\/11\/KZ-42x60.jpg 42w, https:\/\/ecl-pisarka.pl\/wp-content\/uploads\/2022\/11\/KZ-300x426.jpg 300w, https:\/\/ecl-pisarka.pl\/wp-content\/uploads\/2022\/11\/KZ-600x851.jpg 600w, https:\/\/ecl-pisarka.pl\/wp-content\/uploads\/2022\/11\/KZ-scaled.jpg 1804w\" sizes=\"auto, (max-width: 722px) 100vw, 722px\" \/><\/p>\n<p><img loading=\"lazy\" decoding=\"async\" class=\"alignnone wp-image-4869 size-large\" src=\"https:\/\/ecl-pisarka.pl\/wp-content\/uploads\/2020\/08\/Walerian-i-Roza-1024x576.jpg\" alt=\"&quot;Walerian i R\u00f3\u017ca Ewelina C.Lisowska&quot;\" width=\"1024\" height=\"576\" srcset=\"https:\/\/ecl-pisarka.pl\/wp-content\/uploads\/2020\/08\/Walerian-i-Roza-1024x576.jpg 1024w, https:\/\/ecl-pisarka.pl\/wp-content\/uploads\/2020\/08\/Walerian-i-Roza-300x169.jpg 300w, https:\/\/ecl-pisarka.pl\/wp-content\/uploads\/2020\/08\/Walerian-i-Roza-768x432.jpg 768w, https:\/\/ecl-pisarka.pl\/wp-content\/uploads\/2020\/08\/Walerian-i-Roza-1536x864.jpg 1536w, https:\/\/ecl-pisarka.pl\/wp-content\/uploads\/2020\/08\/Walerian-i-Roza-2048x1152.jpg 2048w, https:\/\/ecl-pisarka.pl\/wp-content\/uploads\/2020\/08\/Walerian-i-Roza-400x225.jpg 400w\" sizes=\"auto, (max-width: 1024px) 100vw, 1024px\" \/><\/p>\n<p>&nbsp;<\/p>\n<p><img loading=\"lazy\" decoding=\"async\" class=\"alignnone wp-image-4965 size-large\" src=\"https:\/\/ecl-pisarka.pl\/wp-content\/uploads\/2022\/11\/Ewelina-C.Lisowska-KROLOWA-ZEBRAKOW-Mobi-ebook-1024x512.jpg\" alt=\"\" width=\"1024\" height=\"512\" srcset=\"https:\/\/ecl-pisarka.pl\/wp-content\/uploads\/2022\/11\/Ewelina-C.Lisowska-KROLOWA-ZEBRAKOW-Mobi-ebook-1024x512.jpg 1024w, https:\/\/ecl-pisarka.pl\/wp-content\/uploads\/2022\/11\/Ewelina-C.Lisowska-KROLOWA-ZEBRAKOW-Mobi-ebook-300x150.jpg 300w, https:\/\/ecl-pisarka.pl\/wp-content\/uploads\/2022\/11\/Ewelina-C.Lisowska-KROLOWA-ZEBRAKOW-Mobi-ebook-768x384.jpg 768w, https:\/\/ecl-pisarka.pl\/wp-content\/uploads\/2022\/11\/Ewelina-C.Lisowska-KROLOWA-ZEBRAKOW-Mobi-ebook-1536x768.jpg 1536w, https:\/\/ecl-pisarka.pl\/wp-content\/uploads\/2022\/11\/Ewelina-C.Lisowska-KROLOWA-ZEBRAKOW-Mobi-ebook-2048x1024.jpg 2048w, https:\/\/ecl-pisarka.pl\/wp-content\/uploads\/2022\/11\/Ewelina-C.Lisowska-KROLOWA-ZEBRAKOW-Mobi-ebook-400x200.jpg 400w, https:\/\/ecl-pisarka.pl\/wp-content\/uploads\/2022\/11\/Ewelina-C.Lisowska-KROLOWA-ZEBRAKOW-Mobi-ebook-85x43.jpg 85w\" sizes=\"auto, (max-width: 1024px) 100vw, 1024px\" \/><\/p>\n<p>&nbsp;<\/p>\n","protected":false},"excerpt":{"rendered":"<h1 style=\"text-align: center;\">PAKIET ebook 1 + 1<\/h1>\n<p style=\"text-align: center;\"><strong>Dwa ebook romanse w korzystniejszej cenie<\/strong><\/p>\n<h2 style=\"text-align: center;\">Walerian i R\u00f3\u017ca<\/h2>\n<h2 style=\"text-align: center;\">+<\/h2>\n<h2 style=\"text-align: center;\">Kr\u00f3lowa \u017cebrak\u00f3w<\/h2>\n<p style=\"text-align: center;\"><strong>Podczas sk\u0142adania zam\u00f3wienia w tabelce UWAGI DO ZAM\u00d3WIENIA nale\u017cy poda\u0107 format ebooka (PDF, Mobi lub EPUB)<\/strong><\/p>\n<p>&nbsp;<\/p>\n<h3><a href=\"https:\/\/ecl-pisarka.pl\/index.php\/kategoria-produktu\/ebook-romanse-historyczne\/walerian-i-roza\/\">Walerian i R\u00f3\u017ca<\/a><\/h3>\n<p>romans historyczny, wiek XIX<\/p>\n<p>Walerian i R\u00f3\u017ca poznaj\u0105 si\u0119 przypadkiem na balu. Ona \u2013 c\u00f3rka ch\u0142opskiego dorobkiewicza, on \u2013 hrabia, zakochany po same uszy w baron\u00f3wnie Angelice. Hrabia wpada na pomys\u0142, aby wykorzysta\u0107 R\u00f3\u017c\u0119 do tego, aby wzbudzi\u0107 w ukochanej zazdro\u015b\u0107. R\u00f3\u017ca, kt\u00f3ra zakocha si\u0119 w Walerianie stanie si\u0119 elementem gry tych dwojga. Pech m\u0119\u017cczyzny b\u0119dzie polega\u0142 na tym, \u017ce b\u0119dzie musia\u0142 wybra\u0107 mi\u0119dzy tymi dwiema kobietami, bowiem Walerian zakocha si\u0119 w R\u00f3\u017cy. Powie\u015b\u0107 sk\u0142ada si\u0119 z dw\u00f3ch cz\u0119\u015bci, kt\u00f3re zawarte si\u0119 w jednym ebooku. Czeka na Ciebie sporo akcji, intrygi, skandale i przede wszystkim wielka mi\u0142o\u015b\u0107.<\/p>\n<p>&nbsp;<\/p>\n<h3><a href=\"https:\/\/ecl-pisarka.pl\/index.php\/kategoria-produktu\/ebook-romanse-historyczne\/krolowa-zebrakow\/\">Kr\u00f3lowa \u017cebrak\u00f3w<\/a><\/h3>\n<p>romans historyczny, 20-lecie mi\u0119dzywojenne<\/p>\n<p>Powie\u015b\u0107 nominowana na ksi\u0105\u017ck\u0119 2022 roku przez portal Pisarze Polscy. Historia mi\u0142o\u015bci c\u00f3rki kowala i redaktora naczelnego gazety. Ona zostaje wyrzucona z domu na ulic\u0119, on j\u0105 przygarnia. Czy dziewczyna zdo\u0142a odnale\u017a\u0107 si\u0119 w \u017cyciu starego kawalera, kt\u00f3ry uratowa\u0142 jej \u017cycie? Tych dwoje podejmie decyzj\u0119 o \u015blubie z rozs\u0105dku. Jednak mi\u0142o\u015b\u0107 w tym przypadku nie b\u0119dzie ju\u017c tak oczywista. G\u0142\u00f3wny bohater b\u0119dzie mia\u0142 ci\u0119\u017cki orzech do zgryzienia. Powie\u015b\u0107 przedstawia akcj\u0119 z dw\u00f3ch punkt\u00f3w widzenia: kobiety oraz m\u0119\u017cczyzny.<\/p>\n","protected":false},"featured_media":5098,"template":"","meta":[],"product_brand":[],"product_cat":[195,235,258,206],"product_tag":[50,236,160],"class_list":{"0":"post-5097","1":"product","2":"type-product","3":"status-publish","4":"has-post-thumbnail","6":"product_cat-ebook-romanse-historyczne","7":"product_cat-krolowa-zebrakow","8":"product_cat-pakiet","9":"product_cat-walerian-i-roza","10":"product_tag-ebook","11":"product_tag-krolowa-zebrakow","12":"product_tag-walerian-i-roza","14":"first","15":"instock","16":"sale","17":"taxable","18":"shipping-taxable","19":"purchasable","20":"product-type-simple"},"_links":{"self":[{"href":"https:\/\/ecl-pisarka.pl\/index.php\/wp-json\/wp\/v2\/product\/5097","targetHints":{"allow":["GET"]}}],"collection":[{"href":"https:\/\/ecl-pisarka.pl\/index.php\/wp-json\/wp\/v2\/product"}],"about":[{"href":"https:\/\/ecl-pisarka.pl\/index.php\/wp-json\/wp\/v2\/types\/product"}],"wp:featuredmedia":[{"embeddable":true,"href":"https:\/\/ecl-pisarka.pl\/index.php\/wp-json\/wp\/v2\/media\/5098"}],"wp:attachment":[{"href":"https:\/\/ecl-pisarka.pl\/index.php\/wp-json\/wp\/v2\/media?parent=5097"}],"wp:term":[{"taxonomy":"product_brand","embeddable":true,"href":"https:\/\/ecl-pisarka.pl\/index.php\/wp-json\/wp\/v2\/product_brand?post=5097"},{"taxonomy":"product_cat","embeddable":true,"href":"https:\/\/ecl-pisarka.pl\/index.php\/wp-json\/wp\/v2\/product_cat?post=5097"},{"taxonomy":"product_tag","embeddable":true,"href":"https:\/\/ecl-pisarka.pl\/index.php\/wp-json\/wp\/v2\/product_tag?post=5097"}],"curies":[{"name":"wp","href":"https:\/\/api.w.org\/{rel}","templated":true}]}}