{"id":5099,"date":"2023-01-31T13:28:17","date_gmt":"2023-01-31T12:28:17","guid":{"rendered":"https:\/\/ecl-pisarka.pl\/?post_type=product&#038;p=5099"},"modified":"2025-07-16T13:32:35","modified_gmt":"2025-07-16T12:32:35","slug":"pakiet-11-wiek-niewazny-1-i-2","status":"publish","type":"product","link":"https:\/\/ecl-pisarka.pl\/index.php\/produkt\/pakiet-11-wiek-niewazny-1-i-2\/","title":{"rendered":"PAKIET 1+1 ebook Wiek-niewa\u017cny 1. i 2."},"content":{"rendered":"<p><img loading=\"lazy\" decoding=\"async\" class=\"alignnone wp-image-4873 size-large\" src=\"https:\/\/ecl-pisarka.pl\/wp-content\/uploads\/2020\/05\/WIEK-NIEWAZNY-Szukajac-siebie-1024x576.jpg\" alt=\"&quot;wiek-niewa\u017cny szukaj\u0105c siebie Ewelina C.Lisowska&quot;\" width=\"1024\" height=\"576\" srcset=\"https:\/\/ecl-pisarka.pl\/wp-content\/uploads\/2020\/05\/WIEK-NIEWAZNY-Szukajac-siebie-1024x576.jpg 1024w, https:\/\/ecl-pisarka.pl\/wp-content\/uploads\/2020\/05\/WIEK-NIEWAZNY-Szukajac-siebie-300x169.jpg 300w, https:\/\/ecl-pisarka.pl\/wp-content\/uploads\/2020\/05\/WIEK-NIEWAZNY-Szukajac-siebie-768x432.jpg 768w, https:\/\/ecl-pisarka.pl\/wp-content\/uploads\/2020\/05\/WIEK-NIEWAZNY-Szukajac-siebie-1536x864.jpg 1536w, https:\/\/ecl-pisarka.pl\/wp-content\/uploads\/2020\/05\/WIEK-NIEWAZNY-Szukajac-siebie-2048x1152.jpg 2048w, https:\/\/ecl-pisarka.pl\/wp-content\/uploads\/2020\/05\/WIEK-NIEWAZNY-Szukajac-siebie-400x225.jpg 400w\" sizes=\"auto, (max-width: 1024px) 100vw, 1024px\" \/><\/p>\n<p><img loading=\"lazy\" decoding=\"async\" class=\"alignnone wp-image-4871 size-large\" src=\"https:\/\/ecl-pisarka.pl\/wp-content\/uploads\/2020\/05\/WIEK-NIEWAZNY-Powroty-1024x576.jpg\" alt=\"&quot;wiek-niewa\u017cny powroty Ewelina C.Lisowska&quot;\" width=\"1024\" height=\"576\" srcset=\"https:\/\/ecl-pisarka.pl\/wp-content\/uploads\/2020\/05\/WIEK-NIEWAZNY-Powroty-1024x576.jpg 1024w, https:\/\/ecl-pisarka.pl\/wp-content\/uploads\/2020\/05\/WIEK-NIEWAZNY-Powroty-300x169.jpg 300w, https:\/\/ecl-pisarka.pl\/wp-content\/uploads\/2020\/05\/WIEK-NIEWAZNY-Powroty-768x432.jpg 768w, https:\/\/ecl-pisarka.pl\/wp-content\/uploads\/2020\/05\/WIEK-NIEWAZNY-Powroty-1536x864.jpg 1536w, https:\/\/ecl-pisarka.pl\/wp-content\/uploads\/2020\/05\/WIEK-NIEWAZNY-Powroty-2048x1152.jpg 2048w, https:\/\/ecl-pisarka.pl\/wp-content\/uploads\/2020\/05\/WIEK-NIEWAZNY-Powroty-400x225.jpg 400w\" sizes=\"auto, (max-width: 1024px) 100vw, 1024px\" \/><\/p>\n","protected":false},"excerpt":{"rendered":"<h1 style=\"text-align: center;\">PAKIET 1 + 1<\/h1>\n<p style=\"text-align: center;\"><strong>Dwa ebook romanse w korzystniejszej cenie<\/strong><\/p>\n<h2 style=\"text-align: center;\">WIEK-NIEWA\u017bNY cz. 1. Szukaj\u0105c siebie<\/h2>\n<h2 style=\"text-align: center;\">+<\/h2>\n<h2 style=\"text-align: center;\">WIEK-NIEWA\u017bNY cz. 2. Powroty<\/h2>\n<p style=\"text-align: center;\"><strong>Podczas sk\u0142adania zam\u00f3wienia w tabelce UWAGI DO ZAM\u00d3WIENIA nale\u017cy poda\u0107 format ebooka (PDF, Mobi lub EPUB)<\/strong><\/p>\n<p>&nbsp;<\/p>\n<h3><a href=\"https:\/\/ecl-pisarka.pl\/index.php\/kategoria-produktu\/ebook-romanse-wspolczesne\/wiek-niewazny-1-szukajac-siebie\/\">WIEK-NIEWA\u017bNY cz. 1. Szukaj\u0105c siebie<\/a><\/h3>\n<p>romans wsp\u00f3\u0142czesny, biurowy<\/p>\n<p>Historia mi\u0142o\u015bci z depresj\u0105w tle. Ona jest zakompleksion\u0105 w\u0142a\u015bcicielk\u0105 firmy, kt\u00f3ra cierpi na depresj\u0119 i \u017cyje tylko prac\u0105. On jest jej nowym pracownikiem. Co stanie si\u0119, gdy tych dwoje si\u0119 w sobie zakocha? Ona nie uwierzy w jego mi\u0142o\u015b\u0107, a on w labiryntach emocji odnajdzie w ko\u0144cu drog\u0119 do porozumienia. Na drodze jednak stan\u0105 im l\u0119ki g\u0142\u00f3wnej bohaterki. Romans pisany z punktu widzenia kobiety o bardzo niskim poczuciu w\u0142asnej warto\u015bci. Wzrusza, zaskakuje, obfituje w hu\u015btawki emocji<\/p>\n<p>&nbsp;<\/p>\n<h3><a href=\"https:\/\/ecl-pisarka.pl\/index.php\/kategoria-produktu\/ebook-romanse-wspolczesne\/wiek-niewazny-2-powroty\/\">WIEK-NIEWA\u017bNY cz. 2. Powroty<\/a><\/h3>\n<p>romans wsp\u00f3\u0142czesny erotyczny<\/p>\n<p>P\u0142ynna kontynuacja historii Kasi i Dariusza. Po tym jak kobieta odrzuci\u0142a ukochanego, zjawia si\u0119 on ponownie w jej \u017cyciu, aby upomnie\u0107 si\u0119 o mi\u0142o\u015b\u0107. Niestety Kasia zn\u00f3w odrzuca Darka, wbrew temu, \u017ce nadal go kocha. M\u0119\u017cczyzna znika z jej \u017cycia na zawsze. Katarzyna znajduje sens \u017cycia w opiece nad bezdomnym, w kt\u00f3rym si\u0119 zakochuje. Nie by\u0142oby w tym nic z\u0142ego, gdyby jednocze\u015bnie nadal nie wzdycha\u0142a do Dariusza, i nie widzia\u0142a w swoim podopiecznym \u0142udz\u0105cego do niego podobie\u0144stwa. O ile pierwsza cz\u0119\u015b\u0107 tej historii przypomina\u0142a romans platoniczny, tutaj wkraczamy ju\u017c do \u015bwiata erotyki. Jednak jak\u017ce innego od tego ukazywanego we wsp\u00f3\u0142cze\u015bnie tworzonych erotykach, bo owianego licznymi tabu, wstydem i fizycznymi ograniczeniami kochank\u00f3w.<\/p>\n","protected":false},"featured_media":5100,"template":"","meta":[],"product_brand":[],"product_cat":[196,47,258,207,208],"product_tag":[50,163,61,139],"class_list":{"0":"post-5099","1":"product","2":"type-product","3":"status-publish","4":"has-post-thumbnail","6":"product_cat-ebook-romanse-wspolczesne","7":"product_cat-ebooki","8":"product_cat-pakiet","9":"product_cat-wiek-niewazny-1-szukajac-siebie","10":"product_cat-wiek-niewazny-2-powroty","11":"product_tag-ebook","12":"product_tag-wiek-niewazny","13":"product_tag-wiek-niewazny-1","14":"product_tag-wiek-niewazny-2","16":"first","17":"instock","18":"sale","19":"virtual","20":"taxable","21":"purchasable","22":"product-type-simple"},"_links":{"self":[{"href":"https:\/\/ecl-pisarka.pl\/index.php\/wp-json\/wp\/v2\/product\/5099","targetHints":{"allow":["GET"]}}],"collection":[{"href":"https:\/\/ecl-pisarka.pl\/index.php\/wp-json\/wp\/v2\/product"}],"about":[{"href":"https:\/\/ecl-pisarka.pl\/index.php\/wp-json\/wp\/v2\/types\/product"}],"wp:featuredmedia":[{"embeddable":true,"href":"https:\/\/ecl-pisarka.pl\/index.php\/wp-json\/wp\/v2\/media\/5100"}],"wp:attachment":[{"href":"https:\/\/ecl-pisarka.pl\/index.php\/wp-json\/wp\/v2\/media?parent=5099"}],"wp:term":[{"taxonomy":"product_brand","embeddable":true,"href":"https:\/\/ecl-pisarka.pl\/index.php\/wp-json\/wp\/v2\/product_brand?post=5099"},{"taxonomy":"product_cat","embeddable":true,"href":"https:\/\/ecl-pisarka.pl\/index.php\/wp-json\/wp\/v2\/product_cat?post=5099"},{"taxonomy":"product_tag","embeddable":true,"href":"https:\/\/ecl-pisarka.pl\/index.php\/wp-json\/wp\/v2\/product_tag?post=5099"}],"curies":[{"name":"wp","href":"https:\/\/api.w.org\/{rel}","templated":true}]}}