{"id":5103,"date":"2023-01-31T12:17:08","date_gmt":"2023-01-31T11:17:08","guid":{"rendered":"https:\/\/ecl-pisarka.pl\/?post_type=product&#038;p=5103"},"modified":"2025-07-16T13:50:17","modified_gmt":"2025-07-16T12:50:17","slug":"pakiet-11-nowy-eden-substytuty-milosci","status":"publish","type":"product","link":"https:\/\/ecl-pisarka.pl\/index.php\/produkt\/pakiet-11-nowy-eden-substytuty-milosci\/","title":{"rendered":"PAKIET  1+1 ebook Nowy Eden + Substytuty Mi\u0142o\u015bci"},"content":{"rendered":"<p><img loading=\"lazy\" decoding=\"async\" class=\"alignnone wp-image-4874 size-large\" src=\"https:\/\/ecl-pisarka.pl\/wp-content\/uploads\/2019\/08\/Sybstytuty-Milosci-1024x576.jpg\" alt=\"&quot;Substytuty Mi\u0142o\u015bci Ewelina C.Lisowska&quot;\" width=\"1024\" height=\"576\" srcset=\"https:\/\/ecl-pisarka.pl\/wp-content\/uploads\/2019\/08\/Sybstytuty-Milosci-1024x576.jpg 1024w, https:\/\/ecl-pisarka.pl\/wp-content\/uploads\/2019\/08\/Sybstytuty-Milosci-300x169.jpg 300w, https:\/\/ecl-pisarka.pl\/wp-content\/uploads\/2019\/08\/Sybstytuty-Milosci-768x432.jpg 768w, https:\/\/ecl-pisarka.pl\/wp-content\/uploads\/2019\/08\/Sybstytuty-Milosci-1536x864.jpg 1536w, https:\/\/ecl-pisarka.pl\/wp-content\/uploads\/2019\/08\/Sybstytuty-Milosci-2048x1152.jpg 2048w, https:\/\/ecl-pisarka.pl\/wp-content\/uploads\/2019\/08\/Sybstytuty-Milosci-400x225.jpg 400w\" sizes=\"auto, (max-width: 1024px) 100vw, 1024px\" \/><\/p>\n<p><img loading=\"lazy\" decoding=\"async\" class=\"alignnone wp-image-4868 size-large\" src=\"https:\/\/ecl-pisarka.pl\/wp-content\/uploads\/2022\/07\/NOWY-EDEN-Powrot-Raju-utraconego-1024x576.jpg\" alt=\"&quot;NOWY EDEN Ewelina C.Lisowska&quot;\" width=\"1024\" height=\"576\" srcset=\"https:\/\/ecl-pisarka.pl\/wp-content\/uploads\/2022\/07\/NOWY-EDEN-Powrot-Raju-utraconego-1024x576.jpg 1024w, https:\/\/ecl-pisarka.pl\/wp-content\/uploads\/2022\/07\/NOWY-EDEN-Powrot-Raju-utraconego-300x169.jpg 300w, https:\/\/ecl-pisarka.pl\/wp-content\/uploads\/2022\/07\/NOWY-EDEN-Powrot-Raju-utraconego-768x432.jpg 768w, https:\/\/ecl-pisarka.pl\/wp-content\/uploads\/2022\/07\/NOWY-EDEN-Powrot-Raju-utraconego-1536x864.jpg 1536w, https:\/\/ecl-pisarka.pl\/wp-content\/uploads\/2022\/07\/NOWY-EDEN-Powrot-Raju-utraconego-2048x1152.jpg 2048w, https:\/\/ecl-pisarka.pl\/wp-content\/uploads\/2022\/07\/NOWY-EDEN-Powrot-Raju-utraconego-400x225.jpg 400w\" sizes=\"auto, (max-width: 1024px) 100vw, 1024px\" \/><\/p>\n","protected":false},"excerpt":{"rendered":"<h1 style=\"text-align: center;\">PAKIET 1 + 1<\/h1>\n<p style=\"text-align: center;\"><strong>Dwa ebook romanse w korzystniejszej cenie<\/strong><\/p>\n<h2 style=\"text-align: center;\">NOWY EDEN Powr\u00f3t Raju utraconego<\/h2>\n<h2 style=\"text-align: center;\">+<\/h2>\n<h2 style=\"text-align: center;\">Substytuty Mi\u0142o\u015bci<\/h2>\n<p>&nbsp;<\/p>\n<p style=\"text-align: center;\"><strong>Podczas sk\u0142adania zam\u00f3wienia w tabelce UWAGI DO ZAM\u00d3WIENIA nale\u017cy poda\u0107 format ebooka (PDF, Mobi lub EPUB)<\/strong><\/p>\n<p>&nbsp;<\/p>\n<h3><a href=\"https:\/\/ecl-pisarka.pl\/index.php\/kategoria-produktu\/ebook-romanse-wspolczesne\/substytuty-milosci\/\">Substytuty Mi\u0142o\u015bci<\/a><\/h3>\n<p>Romans wsp\u00f3\u0142czesny, religijny<\/p>\n<p>Historia mi\u0142o\u015bci z pogranicza sacrum i profanum. On ma by\u0107 ksi\u0119dzem, ona jest m\u0142odziutk\u0105 prostytutk\u0105. Spotykaj\u0105 si\u0119 na balu, kt\u00f3ry zmenia ich \u017cycie o 180 stopni. Substytuty Mi\u0142o\u015bci to romans pe\u0142en dylemat\u00f3w moralnych, s\u0142odkich chwil we dwoje, ale tak\u017ce walka o mi\u0142o\u015b\u0107 z wieloma przeciwno\u015bciami. W akcji uczestniczy tak\u017ce B\u00f3g, kt\u00f3ry rozmawia z g\u0142\u00f3wn\u0105 bohaterk\u0105. W efekcie mamy wgl\u0105d do duszy dziewczyny, kt\u00f3ra zaczyna wygrzebywa\u0107 si\u0119 z samego dna swojego \u017cycia.<\/p>\n<p>&nbsp;<\/p>\n<h3><a href=\"https:\/\/ecl-pisarka.pl\/index.php\/kategoria-produktu\/romanse-science-fiction\/nowy-eden-powrot-raju-utraconego\/\">NOWY EDEN Powr\u00f3t Raju utraconego<\/a><\/h3>\n<p>Romans scien-fiction, fantasy<\/p>\n<p>Ona &#8211; badaczka natury, On &#8211; zwyczajny cz\u0142owiek, kt\u00f3ry uchodz za alkoholika. \u0141\u0105czy ich koniec \u015bwiata, a w\u0142a\u015bciwie jego nowy pocz\u0105tek. Oboje bowiem spotykaj\u0105 si\u0119 w miejscu zwanym Nowym Edenem, kt\u00f3re powsta\u0142o po ko\u0144cu \u015bwiata &#8211; siedmiu dniach ciemno\u015bci. Mi\u0142o\u015b\u0107 nie\u0142atwa, oboje nosz\u0105 rany przesz\u0142o\u015bci, kt\u00f3re mog\u0105 im stan\u0105\u0107 na drodze do szcz\u0119scia. Wiara nigdy nie mia\u0142a rodzic\u00f3w, zosta\u0142a wyrzucona jako niemowl\u0119 na \u015bmietnik. On mia\u0142 by\u0107 duchownym, pogubi\u0142 si\u0119, gdy na jego drodze stan\u0119\u0142a niew\u0142a\u015bciwa kobieta. Czy mimo ran tym dwojgu uda si\u0119 zbudowa\u0107 w Nowym Raju szcz\u0119\u015bliwy zwi\u0105zek? Nowy Eden zadziwi czytelnika pi\u0119knem przyrody i jej opisami.<\/p>\n","protected":false},"featured_media":5104,"template":"","meta":[],"product_brand":[],"product_cat":[205,221,258,197],"product_tag":[50,219,262,64],"class_list":{"0":"post-5103","1":"product","2":"type-product","3":"status-publish","4":"has-post-thumbnail","6":"product_cat-substytuty-milosci","7":"product_cat-nowy-eden-powrot-raju-utraconego","8":"product_cat-pakiet","9":"product_cat-powiesci-religijne","10":"product_tag-ebook","11":"product_tag-nowy-eden","12":"product_tag-powiesci-religijne","13":"product_tag-substytuty-milosci","15":"first","16":"instock","17":"sale","18":"taxable","19":"shipping-taxable","20":"purchasable","21":"product-type-simple"},"_links":{"self":[{"href":"https:\/\/ecl-pisarka.pl\/index.php\/wp-json\/wp\/v2\/product\/5103","targetHints":{"allow":["GET"]}}],"collection":[{"href":"https:\/\/ecl-pisarka.pl\/index.php\/wp-json\/wp\/v2\/product"}],"about":[{"href":"https:\/\/ecl-pisarka.pl\/index.php\/wp-json\/wp\/v2\/types\/product"}],"wp:featuredmedia":[{"embeddable":true,"href":"https:\/\/ecl-pisarka.pl\/index.php\/wp-json\/wp\/v2\/media\/5104"}],"wp:attachment":[{"href":"https:\/\/ecl-pisarka.pl\/index.php\/wp-json\/wp\/v2\/media?parent=5103"}],"wp:term":[{"taxonomy":"product_brand","embeddable":true,"href":"https:\/\/ecl-pisarka.pl\/index.php\/wp-json\/wp\/v2\/product_brand?post=5103"},{"taxonomy":"product_cat","embeddable":true,"href":"https:\/\/ecl-pisarka.pl\/index.php\/wp-json\/wp\/v2\/product_cat?post=5103"},{"taxonomy":"product_tag","embeddable":true,"href":"https:\/\/ecl-pisarka.pl\/index.php\/wp-json\/wp\/v2\/product_tag?post=5103"}],"curies":[{"name":"wp","href":"https:\/\/api.w.org\/{rel}","templated":true}]}}