{"id":5105,"date":"2023-01-31T12:37:19","date_gmt":"2023-01-31T11:37:19","guid":{"rendered":"https:\/\/ecl-pisarka.pl\/?post_type=product&#038;p=5105"},"modified":"2023-08-17T15:16:28","modified_gmt":"2023-08-17T14:16:28","slug":"pakiet-11-krolowa-zebrakow-wiek-niewazny-1","status":"publish","type":"product","link":"https:\/\/ecl-pisarka.pl\/index.php\/produkt\/pakiet-11-krolowa-zebrakow-wiek-niewazny-1\/","title":{"rendered":"PAKIET 1+1 ebook Kr\u00f3lowa \u017cebrak\u00f3w + Wiek-niewa\u017cny 1."},"content":{"rendered":"<p><img loading=\"lazy\" decoding=\"async\" class=\"aligncenter wp-image-5192 size-large\" src=\"https:\/\/ecl-pisarka.pl\/wp-content\/uploads\/2022\/11\/KZ-722x1024.jpg\" alt=\"Ewelina C.Lisowska KR\u00d3LOWA \u017bEBRAK\u00d3W ksi\u0105\u017cka roku 2022\" width=\"722\" height=\"1024\" srcset=\"https:\/\/ecl-pisarka.pl\/wp-content\/uploads\/2022\/11\/KZ-722x1024.jpg 722w, https:\/\/ecl-pisarka.pl\/wp-content\/uploads\/2022\/11\/KZ-211x300.jpg 211w, https:\/\/ecl-pisarka.pl\/wp-content\/uploads\/2022\/11\/KZ-768x1090.jpg 768w, https:\/\/ecl-pisarka.pl\/wp-content\/uploads\/2022\/11\/KZ-1082x1536.jpg 1082w, https:\/\/ecl-pisarka.pl\/wp-content\/uploads\/2022\/11\/KZ-1443x2048.jpg 1443w, https:\/\/ecl-pisarka.pl\/wp-content\/uploads\/2022\/11\/KZ-42x60.jpg 42w, https:\/\/ecl-pisarka.pl\/wp-content\/uploads\/2022\/11\/KZ-300x426.jpg 300w, https:\/\/ecl-pisarka.pl\/wp-content\/uploads\/2022\/11\/KZ-600x851.jpg 600w, https:\/\/ecl-pisarka.pl\/wp-content\/uploads\/2022\/11\/KZ-scaled.jpg 1804w\" sizes=\"auto, (max-width: 722px) 100vw, 722px\" \/><\/p>\n<p><img loading=\"lazy\" decoding=\"async\" class=\"alignnone wp-image-4966 size-large\" src=\"https:\/\/ecl-pisarka.pl\/wp-content\/uploads\/2022\/11\/Ewelina-C.Lisowska-KROLOWA-ZEBRAKOW-EPUB-ebook-1024x512.jpg\" alt=\"Ewelina C.Lisowska KR\u00d3LOWA \u017bEBRAK\u00d3W EPUB ebook\" width=\"1024\" height=\"512\" srcset=\"https:\/\/ecl-pisarka.pl\/wp-content\/uploads\/2022\/11\/Ewelina-C.Lisowska-KROLOWA-ZEBRAKOW-EPUB-ebook-1024x512.jpg 1024w, https:\/\/ecl-pisarka.pl\/wp-content\/uploads\/2022\/11\/Ewelina-C.Lisowska-KROLOWA-ZEBRAKOW-EPUB-ebook-300x150.jpg 300w, https:\/\/ecl-pisarka.pl\/wp-content\/uploads\/2022\/11\/Ewelina-C.Lisowska-KROLOWA-ZEBRAKOW-EPUB-ebook-768x384.jpg 768w, https:\/\/ecl-pisarka.pl\/wp-content\/uploads\/2022\/11\/Ewelina-C.Lisowska-KROLOWA-ZEBRAKOW-EPUB-ebook-1536x768.jpg 1536w, https:\/\/ecl-pisarka.pl\/wp-content\/uploads\/2022\/11\/Ewelina-C.Lisowska-KROLOWA-ZEBRAKOW-EPUB-ebook-2048x1024.jpg 2048w, https:\/\/ecl-pisarka.pl\/wp-content\/uploads\/2022\/11\/Ewelina-C.Lisowska-KROLOWA-ZEBRAKOW-EPUB-ebook-400x200.jpg 400w, https:\/\/ecl-pisarka.pl\/wp-content\/uploads\/2022\/11\/Ewelina-C.Lisowska-KROLOWA-ZEBRAKOW-EPUB-ebook-85x43.jpg 85w\" sizes=\"auto, (max-width: 1024px) 100vw, 1024px\" \/><\/p>\n<p><img loading=\"lazy\" decoding=\"async\" class=\"alignnone wp-image-4873 size-large\" src=\"https:\/\/ecl-pisarka.pl\/wp-content\/uploads\/2020\/05\/WIEK-NIEWAZNY-Szukajac-siebie-1024x576.jpg\" alt=\"&quot;wiek-niewa\u017cny szukaj\u0105c siebie Ewelina C.Lisowska&quot;\" width=\"1024\" height=\"576\" srcset=\"https:\/\/ecl-pisarka.pl\/wp-content\/uploads\/2020\/05\/WIEK-NIEWAZNY-Szukajac-siebie-1024x576.jpg 1024w, https:\/\/ecl-pisarka.pl\/wp-content\/uploads\/2020\/05\/WIEK-NIEWAZNY-Szukajac-siebie-300x169.jpg 300w, https:\/\/ecl-pisarka.pl\/wp-content\/uploads\/2020\/05\/WIEK-NIEWAZNY-Szukajac-siebie-768x432.jpg 768w, https:\/\/ecl-pisarka.pl\/wp-content\/uploads\/2020\/05\/WIEK-NIEWAZNY-Szukajac-siebie-1536x864.jpg 1536w, https:\/\/ecl-pisarka.pl\/wp-content\/uploads\/2020\/05\/WIEK-NIEWAZNY-Szukajac-siebie-2048x1152.jpg 2048w, https:\/\/ecl-pisarka.pl\/wp-content\/uploads\/2020\/05\/WIEK-NIEWAZNY-Szukajac-siebie-400x225.jpg 400w\" sizes=\"auto, (max-width: 1024px) 100vw, 1024px\" \/><\/p>\n","protected":false},"excerpt":{"rendered":"<h1 style=\"text-align: center;\">PAKIET 1 + 1<\/h1>\n<p style=\"text-align: center;\"><strong>Dwa ebook romanse w korzystniejszej cenie<\/strong><\/p>\n<h2 style=\"text-align: center;\">Kr\u00f3lowa \u017cebrak\u00f3w<\/h2>\n<h2 style=\"text-align: center;\">+<\/h2>\n<h2 style=\"text-align: center;\">WIEK-NIEWA\u017bNY cz. 1. Szukaj\u0105c siebie<\/h2>\n<p>&nbsp;<\/p>\n<p style=\"text-align: center;\"><strong>Podczas sk\u0142adania zam\u00f3wienia w tabelce UWAGI DO ZAM\u00d3WIENIA nale\u017cy poda\u0107 format ebooka (PDF, Mobi lub EPUB)<\/strong><\/p>\n<p>&nbsp;<\/p>\n<h3><a href=\"https:\/\/ecl-pisarka.pl\/index.php\/kategoria-produktu\/ebook-romanse-historyczne\/krolowa-zebrakow\/\">Kr\u00f3lowa \u017cebrak\u00f3w<\/a><\/h3>\n<p>romans historyczny, 20-lecie mi\u0119dzywojenne<\/p>\n<p>Powie\u015b\u0107 nominowana na ksi\u0105\u017ck\u0119 2022 roku przez portal Pisarze Polscy. Historia mi\u0142o\u015bci c\u00f3rki kowala i redaktora naczelnego gazety. Ona zostaje wyrzucona z domu na ulic\u0119, on j\u0105 przygarnia. Czy dziewczyna zdo\u0142a odnale\u017a\u0107 si\u0119 w \u017cyciu starego kawalera, kt\u00f3ry uratowa\u0142 jej \u017cycie? Tych dwoje podejmie decyzj\u0119 o \u015blubie z rozs\u0105dku. Jednak mi\u0142o\u015b\u0107 w tym przypadku nie b\u0119dzie ju\u017c tak oczywista. G\u0142\u00f3wny bohater b\u0119dzie mia\u0142 ci\u0119\u017cki orzech do zgryzienia. Powie\u015b\u0107 przedstawia akcj\u0119 z dw\u00f3ch punkt\u00f3w widzenia: kobiety oraz m\u0119\u017cczyzny.<\/p>\n<p>&nbsp;<\/p>\n<h3><a href=\"https:\/\/ecl-pisarka.pl\/index.php\/kategoria-produktu\/ebook-romanse-wspolczesne\/wiek-niewazny-1-szukajac-siebie\/\">WIEK-NIEWA\u017bNY cz. 1. Szukaj\u0105c siebie<\/a><\/h3>\n<p>romans wsp\u00f3\u0142czesny, biurowy<\/p>\n<p>Historia mi\u0142o\u015bci z depresj\u0105w tle. Ona jest zakompleksion\u0105 w\u0142a\u015bcicielk\u0105 firmy, kt\u00f3ra cierpi na depresj\u0119 i \u017cyje tylko prac\u0105. On jest jej nowym pracownikiem. Co stanie si\u0119, gdy tych dwoje si\u0119 w sobie zakocha? Ona nie uwierzy w jego mi\u0142o\u015b\u0107, a on w labiryntach emocji odnajdzie w ko\u0144cu drog\u0119 do porozumienia. Na drodze jednak stan\u0105 im l\u0119ki g\u0142\u00f3wnej bohaterki. Romans pisany z punktu widzenia kobiety o bardzo niskim poczuciu w\u0142asnej warto\u015bci. Wzrusza, zaskakuje, obfituje w hu\u015btawki emocji.<\/p>\n<p>&nbsp;<\/p>\n","protected":false},"featured_media":5112,"template":"","meta":[],"product_brand":[],"product_cat":[235,47,258,207],"product_tag":[236,61],"class_list":{"0":"post-5105","1":"product","2":"type-product","3":"status-publish","4":"has-post-thumbnail","6":"product_cat-krolowa-zebrakow","7":"product_cat-ebooki","8":"product_cat-pakiet","9":"product_cat-wiek-niewazny-1-szukajac-siebie","10":"product_tag-krolowa-zebrakow","11":"product_tag-wiek-niewazny-1","13":"first","14":"instock","15":"sale","16":"taxable","17":"shipping-taxable","18":"purchasable","19":"product-type-simple"},"_links":{"self":[{"href":"https:\/\/ecl-pisarka.pl\/index.php\/wp-json\/wp\/v2\/product\/5105","targetHints":{"allow":["GET"]}}],"collection":[{"href":"https:\/\/ecl-pisarka.pl\/index.php\/wp-json\/wp\/v2\/product"}],"about":[{"href":"https:\/\/ecl-pisarka.pl\/index.php\/wp-json\/wp\/v2\/types\/product"}],"wp:featuredmedia":[{"embeddable":true,"href":"https:\/\/ecl-pisarka.pl\/index.php\/wp-json\/wp\/v2\/media\/5112"}],"wp:attachment":[{"href":"https:\/\/ecl-pisarka.pl\/index.php\/wp-json\/wp\/v2\/media?parent=5105"}],"wp:term":[{"taxonomy":"product_brand","embeddable":true,"href":"https:\/\/ecl-pisarka.pl\/index.php\/wp-json\/wp\/v2\/product_brand?post=5105"},{"taxonomy":"product_cat","embeddable":true,"href":"https:\/\/ecl-pisarka.pl\/index.php\/wp-json\/wp\/v2\/product_cat?post=5105"},{"taxonomy":"product_tag","embeddable":true,"href":"https:\/\/ecl-pisarka.pl\/index.php\/wp-json\/wp\/v2\/product_tag?post=5105"}],"curies":[{"name":"wp","href":"https:\/\/api.w.org\/{rel}","templated":true}]}}