{"id":5106,"date":"2023-01-31T13:10:49","date_gmt":"2023-01-31T12:10:49","guid":{"rendered":"https:\/\/ecl-pisarka.pl\/?post_type=product&#038;p=5106"},"modified":"2025-07-16T13:48:16","modified_gmt":"2025-07-16T12:48:16","slug":"pakiet-11-natura-derwana-impresje-wiktorii","status":"publish","type":"product","link":"https:\/\/ecl-pisarka.pl\/index.php\/produkt\/pakiet-11-natura-derwana-impresje-wiktorii\/","title":{"rendered":"PAKIET 1+1 ebook Natura Derwana + Impresje Wiktorii"},"content":{"rendered":"<p><img loading=\"lazy\" decoding=\"async\" class=\"alignnone wp-image-4872 size-large\" src=\"https:\/\/ecl-pisarka.pl\/wp-content\/uploads\/2020\/05\/Natura-Derwana-1024x576.jpg\" alt=\"&quot;Natura Derwana Ewelina C.Lisowska&quot;\" width=\"1024\" height=\"576\" srcset=\"https:\/\/ecl-pisarka.pl\/wp-content\/uploads\/2020\/05\/Natura-Derwana-1024x576.jpg 1024w, https:\/\/ecl-pisarka.pl\/wp-content\/uploads\/2020\/05\/Natura-Derwana-300x169.jpg 300w, https:\/\/ecl-pisarka.pl\/wp-content\/uploads\/2020\/05\/Natura-Derwana-768x432.jpg 768w, https:\/\/ecl-pisarka.pl\/wp-content\/uploads\/2020\/05\/Natura-Derwana-1536x864.jpg 1536w, https:\/\/ecl-pisarka.pl\/wp-content\/uploads\/2020\/05\/Natura-Derwana-2048x1152.jpg 2048w, https:\/\/ecl-pisarka.pl\/wp-content\/uploads\/2020\/05\/Natura-Derwana-400x225.jpg 400w\" sizes=\"auto, (max-width: 1024px) 100vw, 1024px\" \/><\/p>\n<p><img loading=\"lazy\" decoding=\"async\" class=\"alignnone wp-image-4870 size-large\" src=\"https:\/\/ecl-pisarka.pl\/wp-content\/uploads\/2020\/06\/Impresje-Wiktorii-1024x576.jpg\" alt=\"&quot;Impresje Wiktorii Ewelina C.Lisowska&quot;\" width=\"1024\" height=\"576\" srcset=\"https:\/\/ecl-pisarka.pl\/wp-content\/uploads\/2020\/06\/Impresje-Wiktorii-1024x576.jpg 1024w, https:\/\/ecl-pisarka.pl\/wp-content\/uploads\/2020\/06\/Impresje-Wiktorii-300x169.jpg 300w, https:\/\/ecl-pisarka.pl\/wp-content\/uploads\/2020\/06\/Impresje-Wiktorii-768x432.jpg 768w, https:\/\/ecl-pisarka.pl\/wp-content\/uploads\/2020\/06\/Impresje-Wiktorii-1536x864.jpg 1536w, https:\/\/ecl-pisarka.pl\/wp-content\/uploads\/2020\/06\/Impresje-Wiktorii-2048x1152.jpg 2048w, https:\/\/ecl-pisarka.pl\/wp-content\/uploads\/2020\/06\/Impresje-Wiktorii-400x225.jpg 400w\" sizes=\"auto, (max-width: 1024px) 100vw, 1024px\" \/><\/p>\n","protected":false},"excerpt":{"rendered":"<h1 style=\"text-align: center;\">PAKIET 1 + 1<\/h1>\n<p style=\"text-align: center;\"><strong>Dwa ebook romanse w korzystniejszej cenie<\/strong><\/p>\n<h2 style=\"text-align: center;\">Natura Derwana<\/h2>\n<h2 style=\"text-align: center;\">+<\/h2>\n<h2 style=\"text-align: center;\">Impresje Wiktorii<\/h2>\n<p style=\"text-align: center;\"><strong>Podczas sk\u0142adania zam\u00f3wienia w tabelce UWAGI DO ZAM\u00d3WIENIA nale\u017cy poda\u0107 format ebooka (PDF, Mobi lub EPUB)<\/strong><\/p>\n<p>&nbsp;<\/p>\n<h3><a href=\"https:\/\/ecl-pisarka.pl\/index.php\/kategoria-produktu\/ebook-romanse-historyczne\/natura-derwana\/\">Natura Derwana<\/a><\/h3>\n<p>romans historyczny, koniec wieku XIX<\/p>\n<p>On, Derwan,\u00a0 jest surowym urz\u0119dnikiem pa\u0144stwowym, ona, Jadwiga, subteln\u0105 ogrodniczk\u0105 maj\u0105c\u0105 sw\u00f3j duchowy sekret. Gdy pan zakocha si\u0119 w swojej podw\u0142adnej, ona odrzuci go ze stanowczo\u015bci\u0105. Jednak serce dziewczyny zostanie zdobyte wielkoduszno\u015bci\u0105 opiekuna, o zwi\u0105zku jednak nie b\u0119dzie mowy. Wtedy nagle, zakochana w przyrodzie s\u0142u\u017c\u0105ca, odziedziczy spadek po arystokracie &#8211; wielki ogr\u00f3d, kt\u00f3ry stanie si\u0119 potem elementem gry politycznej, w kt\u00f3rej centrum stanie krewny Derwana. Tych dwoje b\u0119dzie musia\u0142o si\u0119 z sob\u0105 zwi\u0105za\u0107, lecz to ju\u017c nie z mi\u0142o\u015bci&#8230; Historia posiada wiele osobistych wpis\u00f3w Jadzi, wpisy z pami\u0119tnik\u00f3w i poetycki zamys\u0142 nad pi\u0119knem stworzenia. Pono\u0107 czyta si\u0119 jednym tchem \ud83d\ude42<\/p>\n<h3><a href=\"https:\/\/ecl-pisarka.pl\/index.php\/kategoria-produktu\/ebook-romanse-historyczne\/impresje-wiktorii\/\">Impresje Wiktorii<\/a><\/h3>\n<p>romans historyczny<\/p>\n<p>Po romansie z m\u0119\u017cczyzn\u0105 swojego \u017cycia, Wiktoria zachodzi w ci\u0105\u017c\u0119. Kochanek nie przyznaje si\u0119 do dziecka, wi\u0119c dziewczyna musi samodzielnie zmierzy\u0107 si\u0119 konsekwencjami swoich czyn\u00f3w. Jej ojciec za kar\u0119 ka\u017ce jej wyj\u015b\u0107 za ch\u0142opa, co jest dla niej gorsze ni\u017c \u015bmier\u0107. Panienka z dworku musi zamieszka\u0107 w chacie ch\u0142opskiej i przyzwyczai\u0107 si\u0119 do tamtejszych warunk\u00f3w \u017cycia. Zakochany w niej od dawna m\u0105\u017c, Benedykt, nie b\u0119dzie mia\u0142 z ni\u0105 \u0142atwo, \u017cona odrzuci go z obrzydzeniem. Niebawem jednak tych dwoje dogada si\u0119, a nawet poczuje co\u015b wi\u0119cej. Wtedy na drodze Wiktorii zn\u00f3w stanie by\u0142y amant. Co b\u0119dzie dalej? Ta kr\u00f3tka historia to przede wszystkim romans opowiadany przez g\u0142\u00f3wn\u0105 bohaterk\u0119, ale tak\u017ce historia poszukiwania w\u0142asnej \u017cyciowej drogi i domu, miejsca w kt\u00f3rym mo\u017cna poczu\u0107 si\u0119 naprawd\u0119 dobrze.<\/p>\n<p>&nbsp;<\/p>\n","protected":false},"featured_media":5107,"template":"","meta":[],"product_brand":[],"product_cat":[195,47,204,203,258],"product_tag":[50,145,136],"class_list":{"0":"post-5106","1":"product","2":"type-product","3":"status-publish","4":"has-post-thumbnail","6":"product_cat-ebook-romanse-historyczne","7":"product_cat-ebooki","8":"product_cat-impresje-wiktorii","9":"product_cat-natura-derwana","10":"product_cat-pakiet","11":"product_tag-ebook","12":"product_tag-impresje-wiktorii","13":"product_tag-natura-derwana","15":"first","16":"instock","17":"sale","18":"virtual","19":"taxable","20":"purchasable","21":"product-type-simple"},"_links":{"self":[{"href":"https:\/\/ecl-pisarka.pl\/index.php\/wp-json\/wp\/v2\/product\/5106","targetHints":{"allow":["GET"]}}],"collection":[{"href":"https:\/\/ecl-pisarka.pl\/index.php\/wp-json\/wp\/v2\/product"}],"about":[{"href":"https:\/\/ecl-pisarka.pl\/index.php\/wp-json\/wp\/v2\/types\/product"}],"wp:featuredmedia":[{"embeddable":true,"href":"https:\/\/ecl-pisarka.pl\/index.php\/wp-json\/wp\/v2\/media\/5107"}],"wp:attachment":[{"href":"https:\/\/ecl-pisarka.pl\/index.php\/wp-json\/wp\/v2\/media?parent=5106"}],"wp:term":[{"taxonomy":"product_brand","embeddable":true,"href":"https:\/\/ecl-pisarka.pl\/index.php\/wp-json\/wp\/v2\/product_brand?post=5106"},{"taxonomy":"product_cat","embeddable":true,"href":"https:\/\/ecl-pisarka.pl\/index.php\/wp-json\/wp\/v2\/product_cat?post=5106"},{"taxonomy":"product_tag","embeddable":true,"href":"https:\/\/ecl-pisarka.pl\/index.php\/wp-json\/wp\/v2\/product_tag?post=5106"}],"curies":[{"name":"wp","href":"https:\/\/api.w.org\/{rel}","templated":true}]}}