{"id":5110,"date":"2023-01-31T12:46:34","date_gmt":"2023-01-31T11:46:34","guid":{"rendered":"https:\/\/ecl-pisarka.pl\/?post_type=product&#038;p=5110"},"modified":"2025-07-16T13:49:32","modified_gmt":"2025-07-16T12:49:32","slug":"pakier-1-1-walerian-i-roza-nowy-eden","status":"publish","type":"product","link":"https:\/\/ecl-pisarka.pl\/index.php\/produkt\/pakier-1-1-walerian-i-roza-nowy-eden\/","title":{"rendered":"PAKIET 1 + 1 ebook Walerian i R\u00f3\u017ca + Nowy Eden"},"content":{"rendered":"<p><img loading=\"lazy\" decoding=\"async\" class=\"alignnone wp-image-4869 size-large\" src=\"https:\/\/ecl-pisarka.pl\/wp-content\/uploads\/2020\/08\/Walerian-i-Roza-1024x576.jpg\" alt=\"&quot;Walerian i R\u00f3\u017ca Ewelina C.Lisowska&quot;\" width=\"1024\" height=\"576\" srcset=\"https:\/\/ecl-pisarka.pl\/wp-content\/uploads\/2020\/08\/Walerian-i-Roza-1024x576.jpg 1024w, https:\/\/ecl-pisarka.pl\/wp-content\/uploads\/2020\/08\/Walerian-i-Roza-300x169.jpg 300w, https:\/\/ecl-pisarka.pl\/wp-content\/uploads\/2020\/08\/Walerian-i-Roza-768x432.jpg 768w, https:\/\/ecl-pisarka.pl\/wp-content\/uploads\/2020\/08\/Walerian-i-Roza-1536x864.jpg 1536w, https:\/\/ecl-pisarka.pl\/wp-content\/uploads\/2020\/08\/Walerian-i-Roza-2048x1152.jpg 2048w, https:\/\/ecl-pisarka.pl\/wp-content\/uploads\/2020\/08\/Walerian-i-Roza-400x225.jpg 400w\" sizes=\"auto, (max-width: 1024px) 100vw, 1024px\" \/><\/p>\n<p><img loading=\"lazy\" decoding=\"async\" class=\"alignnone wp-image-4868 size-large\" src=\"https:\/\/ecl-pisarka.pl\/wp-content\/uploads\/2022\/07\/NOWY-EDEN-Powrot-Raju-utraconego-1024x576.jpg\" alt=\"&quot;NOWY EDEN Ewelina C.Lisowska&quot;\" width=\"1024\" height=\"576\" srcset=\"https:\/\/ecl-pisarka.pl\/wp-content\/uploads\/2022\/07\/NOWY-EDEN-Powrot-Raju-utraconego-1024x576.jpg 1024w, https:\/\/ecl-pisarka.pl\/wp-content\/uploads\/2022\/07\/NOWY-EDEN-Powrot-Raju-utraconego-300x169.jpg 300w, https:\/\/ecl-pisarka.pl\/wp-content\/uploads\/2022\/07\/NOWY-EDEN-Powrot-Raju-utraconego-768x432.jpg 768w, https:\/\/ecl-pisarka.pl\/wp-content\/uploads\/2022\/07\/NOWY-EDEN-Powrot-Raju-utraconego-1536x864.jpg 1536w, https:\/\/ecl-pisarka.pl\/wp-content\/uploads\/2022\/07\/NOWY-EDEN-Powrot-Raju-utraconego-2048x1152.jpg 2048w, https:\/\/ecl-pisarka.pl\/wp-content\/uploads\/2022\/07\/NOWY-EDEN-Powrot-Raju-utraconego-400x225.jpg 400w\" sizes=\"auto, (max-width: 1024px) 100vw, 1024px\" \/><\/p>\n","protected":false},"excerpt":{"rendered":"<h1 style=\"text-align: center;\">PAKIET 1 + 1<\/h1>\n<p style=\"text-align: center;\"><strong>Dwa ebook romanse w korzystniejszej cenie<\/strong><\/p>\n<h2 style=\"text-align: center;\">Walerian i R\u00f3\u017ca<\/h2>\n<h2 style=\"text-align: center;\">+<\/h2>\n<h2 style=\"text-align: center;\">NOWY EDEN Powr\u00f3t Raju utraconego<\/h2>\n<p>&nbsp;<\/p>\n<p style=\"text-align: center;\"><strong>Podczas sk\u0142adania zam\u00f3wienia w tabelce UWAGI DO ZAM\u00d3WIENIA nale\u017cy poda\u0107 format ebooka (PDF, Mobi lub EPUB)<\/strong><\/p>\n<p>&nbsp;<\/p>\n<h3><a href=\"https:\/\/ecl-pisarka.pl\/index.php\/kategoria-produktu\/ebook-romanse-historyczne\/walerian-i-roza\/\">Walerian i R\u00f3\u017ca<\/a><\/h3>\n<p>romans historyczny, wiek XIX<\/p>\n<p>Walerian i R\u00f3\u017ca poznaj\u0105 si\u0119 przypadkiem na balu. Ona &#8211; c\u00f3rka ch\u0142opskiego dorobkiewicza, on &#8211; hrabia, zakochany po same uszy w baron\u00f3wnie Angelice. Hrabia wpada na pomys\u0142, aby wykorzysta\u0107 R\u00f3\u017c\u0119 do tego, aby wzbudzi\u0107 w ukochanej zazdro\u015b\u0107. R\u00f3\u017ca, kt\u00f3ra zakocha si\u0119 w Walerianie stanie si\u0119 elementem gry tych dwojga. Pech m\u0119\u017cczyzny b\u0119dzie polega\u0142 na tym, \u017ce b\u0119dzie musia\u0142 wybra\u0107 mi\u0119dzy tymi dwiema kobietami, bowiem Walerian zakocha si\u0119 w R\u00f3\u017cy. Powie\u015b\u0107 sk\u0142ada si\u0119 z dw\u00f3ch cz\u0119\u015bci, kt\u00f3re zawarte si\u0119 w jednym ebooku. Czeka na Ciebie sporo akcji, intrygi, skandale i przede wszystkim wielka mi\u0142o\u015b\u0107.<\/p>\n<p>&nbsp;<\/p>\n<h3><a href=\"https:\/\/ecl-pisarka.pl\/index.php\/kategoria-produktu\/romanse-science-fiction\/nowy-eden-powrot-raju-utraconego\/\">NOWY EDEN Powr\u00f3t Raju utraconego<\/a><\/h3>\n<p>romans science fiction, fantasy<\/p>\n<p>Ona \u2013 badaczka natury, On \u2013 zwyczajny cz\u0142owiek, kt\u00f3ry uchodz za alkoholika. \u0141\u0105czy ich koniec \u015bwiata, a w\u0142a\u015bciwie jego nowy pocz\u0105tek. Oboje bowiem spotykaj\u0105 si\u0119 w miejscu zwanym Nowym Edenem, kt\u00f3re powsta\u0142o po ko\u0144cu \u015bwiata \u2013 siedmiu dniach ciemno\u015bci. Mi\u0142o\u015b\u0107 nie\u0142atwa, oboje nosz\u0105 rany przesz\u0142o\u015bci, kt\u00f3re mog\u0105 im stan\u0105\u0107 na drodze do szcz\u0119scia. Wiara nigdy nie mia\u0142a rodzic\u00f3w, zosta\u0142a wyrzucona jako niemowl\u0119 na \u015bmietnik. On mia\u0142 by\u0107 duchownym, pogubi\u0142 si\u0119, gdy na jego drodze stan\u0119\u0142a niew\u0142a\u015bciwa kobieta. Czy mimo ran tym dwojgu uda si\u0119 zbudowa\u0107 w Nowym Raju szcz\u0119\u015bliwy zwi\u0105zek? Nowy Eden zadziwi czytelnika pi\u0119knem przyrody i jej opisami.<\/p>\n<p>&nbsp;<\/p>\n","protected":false},"featured_media":5111,"template":"","meta":[],"product_brand":[],"product_cat":[206,221,258],"product_tag":[219,160],"class_list":{"0":"post-5110","1":"product","2":"type-product","3":"status-publish","4":"has-post-thumbnail","6":"product_cat-walerian-i-roza","7":"product_cat-nowy-eden-powrot-raju-utraconego","8":"product_cat-pakiet","9":"product_tag-nowy-eden","10":"product_tag-walerian-i-roza","12":"first","13":"instock","14":"sale","15":"taxable","16":"shipping-taxable","17":"purchasable","18":"product-type-simple"},"_links":{"self":[{"href":"https:\/\/ecl-pisarka.pl\/index.php\/wp-json\/wp\/v2\/product\/5110","targetHints":{"allow":["GET"]}}],"collection":[{"href":"https:\/\/ecl-pisarka.pl\/index.php\/wp-json\/wp\/v2\/product"}],"about":[{"href":"https:\/\/ecl-pisarka.pl\/index.php\/wp-json\/wp\/v2\/types\/product"}],"wp:featuredmedia":[{"embeddable":true,"href":"https:\/\/ecl-pisarka.pl\/index.php\/wp-json\/wp\/v2\/media\/5111"}],"wp:attachment":[{"href":"https:\/\/ecl-pisarka.pl\/index.php\/wp-json\/wp\/v2\/media?parent=5110"}],"wp:term":[{"taxonomy":"product_brand","embeddable":true,"href":"https:\/\/ecl-pisarka.pl\/index.php\/wp-json\/wp\/v2\/product_brand?post=5110"},{"taxonomy":"product_cat","embeddable":true,"href":"https:\/\/ecl-pisarka.pl\/index.php\/wp-json\/wp\/v2\/product_cat?post=5110"},{"taxonomy":"product_tag","embeddable":true,"href":"https:\/\/ecl-pisarka.pl\/index.php\/wp-json\/wp\/v2\/product_tag?post=5110"}],"curies":[{"name":"wp","href":"https:\/\/api.w.org\/{rel}","templated":true}]}}