{"id":5180,"date":"2023-03-17T14:19:41","date_gmt":"2023-03-17T13:19:41","guid":{"rendered":"https:\/\/ecl-pisarka.pl\/?post_type=product&#038;p=5180"},"modified":"2025-03-05T18:48:34","modified_gmt":"2025-03-05T17:48:34","slug":"wiek-niewazny-kochaj-mnie-mimo-wszystko","status":"publish","type":"product","link":"https:\/\/ecl-pisarka.pl\/index.php\/produkt\/wiek-niewazny-kochaj-mnie-mimo-wszystko\/","title":{"rendered":"Ewelina C Lisowska WIEK NIEWA\u017bNY Kochaj mnie mimo wszystko * ebook Mobi"},"content":{"rendered":"<h2 style=\"text-align: center;\">Ewelina C Lisowska<\/h2>\n<h1 style=\"text-align: center;\">cz. 3. serii WIEK NIEWA\u017bNY <em>Kochaj mnie mimo wszystko<\/em><\/h1>\n<h3 style=\"text-align: center;\">ebook Mobi<\/h3>\n<p><img loading=\"lazy\" decoding=\"async\" class=\"alignnone wp-image-5183 size-large\" src=\"https:\/\/ecl-pisarka.pl\/wp-content\/uploads\/2023\/03\/Kochaj-mnie-mimo-wszystko-ebook-mobi-1024x512.jpg\" alt=\"Ewelina C Lisowska cz. 3. serii WIEK-NIEWA\u017bNY Kochaj mnie mimo wszystko\u00a0\" width=\"1024\" height=\"512\" srcset=\"https:\/\/ecl-pisarka.pl\/wp-content\/uploads\/2023\/03\/Kochaj-mnie-mimo-wszystko-ebook-mobi-1024x512.jpg 1024w, https:\/\/ecl-pisarka.pl\/wp-content\/uploads\/2023\/03\/Kochaj-mnie-mimo-wszystko-ebook-mobi-300x150.jpg 300w, https:\/\/ecl-pisarka.pl\/wp-content\/uploads\/2023\/03\/Kochaj-mnie-mimo-wszystko-ebook-mobi-768x384.jpg 768w, https:\/\/ecl-pisarka.pl\/wp-content\/uploads\/2023\/03\/Kochaj-mnie-mimo-wszystko-ebook-mobi-1536x768.jpg 1536w, https:\/\/ecl-pisarka.pl\/wp-content\/uploads\/2023\/03\/Kochaj-mnie-mimo-wszystko-ebook-mobi-2048x1024.jpg 2048w, https:\/\/ecl-pisarka.pl\/wp-content\/uploads\/2023\/03\/Kochaj-mnie-mimo-wszystko-ebook-mobi-120x60.jpg 120w, https:\/\/ecl-pisarka.pl\/wp-content\/uploads\/2023\/03\/Kochaj-mnie-mimo-wszystko-ebook-mobi-600x300.jpg 600w\" sizes=\"auto, (max-width: 1024px) 100vw, 1024px\" \/><\/p>\n","protected":false},"excerpt":{"rendered":"<h2>Ewelina C Lisowska cz. 3. serii WIEK NIEWA\u017bNY Kochaj mnie mimo wszystko<\/h2>\n<p>Wydawnictwo Romanse<\/p>\n<p>Romans wsp\u00f3\u0142czesny, romans erotyczny<\/p>\n<p>Premiera 12 kwietnia 2023<\/p>\n<p>ISBN ebook Mobi: 978-83-967717-0-4<\/p>\n<p>Ilo\u015b\u0107 stron A4: 248<\/p>\n<p><a href=\"https:\/\/ecl-pisarka.pl\/index.php\/produkt\/ewelina-c-lisowska-wiek-niewazny-cz-3-kochaj-mnie-mimo-wszystko-ebook-pdf\/\">WIEK-NIEWA\u017bNY cz. 3. Kochaj mnie mimo wszystko PDF<\/a><\/p>\n<p><a href=\"https:\/\/ecl-pisarka.pl\/index.php\/produkt\/ewelina-c-lisowska-wiek-niewazny-cz-3-kochaj-mnie-mimo-wszystko-ebook-epub\/\">WIEK-NIEWA\u017bNY cz. 3. Kochaj mnie mimo wszystko EPUB<\/a><\/p>\n<p><a href=\"https:\/\/ecl-pisarka.pl\/index.php\/2023\/03\/31\/kochaj-mnie-mimo-wszystko-fragment-ksiazki\/\">FRAGMENT KSI\u0104\u017bKI<\/a><\/p>\n<p><a href=\"https:\/\/www.youtube.com\/watch?v=f6U8ixNnBfo&amp;list=PL-Wfhy80J6IkSGXNFAGVvO7qTWQZD2qfD&amp;index=3\">Pos\u0142uchaj fragmentu ksi\u0105\u017cki<\/a><\/p>\n<p>&nbsp;<\/p>\n<h2>Opis ksi\u0105\u017cki<\/h2>\n<p><em>Czy tajemnice mog\u0105 rozdzieli\u0107 zakochanych?<\/em><\/p>\n<p><em>Czy Darek porzuci Kasi\u0119, gdy dowie si\u0119, \u017ce jest chora?<\/em><\/p>\n<p><em>Czy Kasia wybaczy Darkowi, \u017ce ukrywa\u0142 przed ni\u0105 upokarzaj\u0105c\u0105 tajemnic\u0119?<\/em><\/p>\n<p>&nbsp;<\/p>\n<p>Kasia dowiaduje si\u0119, \u017ce jest chora na endometrioz\u0119 \u2013 kobiece schorzenie, kt\u00f3re komplikuje ca\u0142e jej \u017cycie. Koszmarne dolegliwo\u015bci, niemo\u017cno\u015b\u0107 zaj\u015bcia w ci\u0105\u017c\u0119, bolesne stosunki\u2026 Co jeszcze kryje si\u0119 pod tym has\u0142em? Ju\u017c sama walka z chorob\u0105 okazuje si\u0119 nier\u00f3wna. Podzielone zdania lekarzy nie u\u0142atwiaj\u0105 wyj\u015bcia na nier\u00f3wn\u0105 prost\u0105, bowiem choroba ta ci\u0105gnie si\u0119 za kobiet\u0105 przez ca\u0142e \u017cycie i niezbyt wiele mo\u017cna zrobi\u0107, aby poczu\u0107 si\u0119 lepiej.<\/p>\n<p>Kasia boi si\u0119 wyzna\u0107 Darkowi prawd\u0119, ukrywa przed nim swoj\u0105 chorob\u0119. Darek chce mie\u0107 z ni\u0105 dzieci, planuje z ni\u0105 \u015blub\u2026 A przecie\u017c Kasia jest niep\u0142odna. Ale i Darek nie jest do ko\u0144ca z Kasi\u0105 szczery. Tajemniczy uk\u0142ad, kt\u00f3ry \u0142\u0105czy go z c\u00f3rk\u0105 szefa, okazuje si\u0119 pod\u0142o\u017cem dla wstydliwej i poni\u017caj\u0105cej afery, w kt\u00f3r\u0105 zostaje wci\u0105gni\u0119ty m\u0119\u017cczyzna.<\/p>\n<p><strong>Czy wzajemne tajemnice pomog\u0105 czy utrudni\u0105 zakochanym podtrzymanie wzajemnej mi\u0142o\u015bci?<\/strong> Co zrobi Kasia, gdy dowie si\u0119 o problemie Ukochanego? Czy Darek zaakceptuje chorob\u0119 Kasi, i w jaki spos\u00f3b si\u0119 o niej dowie?<\/p>\n<p>KOCHAJ MNIE MIMO WSZYSTKO to trzecia cz\u0119\u015b\u0107 cyklu WIEK-NIEWA\u017bNY. W pierwszej cz\u0119\u015bci pt. <a href=\"https:\/\/ecl-pisarka.pl\/index.php\/kategoria-produktu\/ebook-romanse-wspolczesne\/wiek-niewazny-1-szukajac-siebie\/\"><strong>Szukaj\u0105c siebie<\/strong><\/a> poznajemy Kasi\u0119, kt\u00f3ra zmaga si\u0119 z depresj\u0105. Darek pr\u00f3buje si\u0119 do niej zbli\u017cy\u0107, ale choroba dziewczyny przes\u0142ania jej ca\u0142y \u015bwiat. Druga cz\u0119\u015b\u0107 <a href=\"https:\/\/ecl-pisarka.pl\/index.php\/kategoria-produktu\/ebook-romanse-wspolczesne\/wiek-niewazny-2-powroty\/\"><strong>Powroty<\/strong><\/a> pokazuje wi\u0119cej o Darku, kt\u00f3ry r\u00f3wnie\u017c zmaga si\u0119 przez ca\u0142y czas z problemami. <strong>Triada problem\u00f3w: depresja, problemy seksualne i endometrioza<\/strong>\u2026 To z pewno\u015bci\u0105 nie jest typowa seria romans\u00f3w wsp\u00f3\u0142czesnych. Seria pokazuje, \u017ce nawet najwi\u0119ksze problemy mo\u017cna przezwyci\u0119\u017cy\u0107. Ale jak? Dowiesz si\u0119, czytaj\u0105c seri\u0119 WIEK-NIEWA\u017bNY Eweliny C.Lisowskiej.<\/p>\n","protected":false},"featured_media":5191,"template":"","meta":[],"product_brand":[],"product_cat":[244],"product_tag":[50,138,166,163,245],"class_list":{"0":"post-5180","1":"product","2":"type-product","3":"status-publish","4":"has-post-thumbnail","6":"product_cat-wiek-niewazny3kochaj-mnie-mimo-wszystko","7":"product_tag-ebook","8":"product_tag-ebook-mobi","9":"product_tag-romans-wspolczesny","10":"product_tag-wiek-niewazny","11":"product_tag-wiek-niewazny-3","13":"first","14":"instock","15":"virtual","16":"taxable","17":"purchasable","18":"product-type-simple"},"_links":{"self":[{"href":"https:\/\/ecl-pisarka.pl\/index.php\/wp-json\/wp\/v2\/product\/5180","targetHints":{"allow":["GET"]}}],"collection":[{"href":"https:\/\/ecl-pisarka.pl\/index.php\/wp-json\/wp\/v2\/product"}],"about":[{"href":"https:\/\/ecl-pisarka.pl\/index.php\/wp-json\/wp\/v2\/types\/product"}],"wp:featuredmedia":[{"embeddable":true,"href":"https:\/\/ecl-pisarka.pl\/index.php\/wp-json\/wp\/v2\/media\/5191"}],"wp:attachment":[{"href":"https:\/\/ecl-pisarka.pl\/index.php\/wp-json\/wp\/v2\/media?parent=5180"}],"wp:term":[{"taxonomy":"product_brand","embeddable":true,"href":"https:\/\/ecl-pisarka.pl\/index.php\/wp-json\/wp\/v2\/product_brand?post=5180"},{"taxonomy":"product_cat","embeddable":true,"href":"https:\/\/ecl-pisarka.pl\/index.php\/wp-json\/wp\/v2\/product_cat?post=5180"},{"taxonomy":"product_tag","embeddable":true,"href":"https:\/\/ecl-pisarka.pl\/index.php\/wp-json\/wp\/v2\/product_tag?post=5180"}],"curies":[{"name":"wp","href":"https:\/\/api.w.org\/{rel}","templated":true}]}}