{"id":5368,"date":"2023-04-12T11:54:58","date_gmt":"2023-04-12T10:54:58","guid":{"rendered":"https:\/\/ecl-pisarka.pl\/?post_type=product&#038;p=5368"},"modified":"2025-03-05T18:39:12","modified_gmt":"2025-03-05T17:39:12","slug":"kochaj-mnie-mimo-wszystko-ksiazka","status":"publish","type":"product","link":"https:\/\/ecl-pisarka.pl\/index.php\/produkt\/kochaj-mnie-mimo-wszystko-ksiazka\/","title":{"rendered":"E. C. Lisowska KOCHAJ MNIE MIMO WSZYSTKO ksi\u0105\u017cka"},"content":{"rendered":"<h3 style=\"text-align: center;\">Ewelina C. Lisowska<\/h3>\n<h2 style=\"text-align: center;\"><em>Kochaj mnie mimo wszystko<\/em> ksi\u0105\u017cka<\/h2>\n<h3 style=\"text-align: center;\">WIEK-NIEWA\u017bNY cz. 3.<\/h3>\n<h3 style=\"text-align: center;\"><strong>Ksi\u0105\u017cka w druku na \u017cyczenie<\/strong><\/h3>\n<figure id=\"attachment_5366\" aria-describedby=\"caption-attachment-5366\" style=\"width: 1024px\" class=\"wp-caption alignnone\"><img loading=\"lazy\" decoding=\"async\" class=\"wp-image-5366 size-large\" src=\"https:\/\/ecl-pisarka.pl\/wp-content\/uploads\/2023\/03\/Nic-lepszego-nie-moze-cie-spotkac.-Zaden-ksiaze-z-bajki-do-ciebie-nie-przyjedzie-na-bialej-szkapie-i-nie-powiezie-do-krysztalowego-zamku.-Pamietaj-milosc-to-najcenniejsza-rzecz-na-tym-swiecie-lecz-c-2-1024x512.jpg\" alt=\"Kochaj mnie mimo wszystko ksi\u0105\u017cka ebook\" width=\"1024\" height=\"512\" srcset=\"https:\/\/ecl-pisarka.pl\/wp-content\/uploads\/2023\/03\/Nic-lepszego-nie-moze-cie-spotkac.-Zaden-ksiaze-z-bajki-do-ciebie-nie-przyjedzie-na-bialej-szkapie-i-nie-powiezie-do-krysztalowego-zamku.-Pamietaj-milosc-to-najcenniejsza-rzecz-na-tym-swiecie-lecz-c-2-1024x512.jpg 1024w, https:\/\/ecl-pisarka.pl\/wp-content\/uploads\/2023\/03\/Nic-lepszego-nie-moze-cie-spotkac.-Zaden-ksiaze-z-bajki-do-ciebie-nie-przyjedzie-na-bialej-szkapie-i-nie-powiezie-do-krysztalowego-zamku.-Pamietaj-milosc-to-najcenniejsza-rzecz-na-tym-swiecie-lecz-c-2-300x150.jpg 300w, https:\/\/ecl-pisarka.pl\/wp-content\/uploads\/2023\/03\/Nic-lepszego-nie-moze-cie-spotkac.-Zaden-ksiaze-z-bajki-do-ciebie-nie-przyjedzie-na-bialej-szkapie-i-nie-powiezie-do-krysztalowego-zamku.-Pamietaj-milosc-to-najcenniejsza-rzecz-na-tym-swiecie-lecz-c-2-768x384.jpg 768w, https:\/\/ecl-pisarka.pl\/wp-content\/uploads\/2023\/03\/Nic-lepszego-nie-moze-cie-spotkac.-Zaden-ksiaze-z-bajki-do-ciebie-nie-przyjedzie-na-bialej-szkapie-i-nie-powiezie-do-krysztalowego-zamku.-Pamietaj-milosc-to-najcenniejsza-rzecz-na-tym-swiecie-lecz-c-2-1536x768.jpg 1536w, https:\/\/ecl-pisarka.pl\/wp-content\/uploads\/2023\/03\/Nic-lepszego-nie-moze-cie-spotkac.-Zaden-ksiaze-z-bajki-do-ciebie-nie-przyjedzie-na-bialej-szkapie-i-nie-powiezie-do-krysztalowego-zamku.-Pamietaj-milosc-to-najcenniejsza-rzecz-na-tym-swiecie-lecz-c-2-2048x1024.jpg 2048w, https:\/\/ecl-pisarka.pl\/wp-content\/uploads\/2023\/03\/Nic-lepszego-nie-moze-cie-spotkac.-Zaden-ksiaze-z-bajki-do-ciebie-nie-przyjedzie-na-bialej-szkapie-i-nie-powiezie-do-krysztalowego-zamku.-Pamietaj-milosc-to-najcenniejsza-rzecz-na-tym-swiecie-lecz-c-2-120x60.jpg 120w, https:\/\/ecl-pisarka.pl\/wp-content\/uploads\/2023\/03\/Nic-lepszego-nie-moze-cie-spotkac.-Zaden-ksiaze-z-bajki-do-ciebie-nie-przyjedzie-na-bialej-szkapie-i-nie-powiezie-do-krysztalowego-zamku.-Pamietaj-milosc-to-najcenniejsza-rzecz-na-tym-swiecie-lecz-c-2-600x300.jpg 600w\" sizes=\"auto, (max-width: 1024px) 100vw, 1024px\" \/><figcaption id=\"caption-attachment-5366\" class=\"wp-caption-text\"><a href=\"https:\/\/stylowi.pl\/ewelina_capanda_1989\/3092478\/ewelina-c-lisowska-seria-wiek-niewaZny-cz-3-kochaj-mnie-mimo-wszystko\" target=\"_blank\" rel=\"noopener\">Szukaj innych cytat\u00f3w z ksi\u0105\u017cki na Stylowi pl<\/a><\/figcaption><\/figure>\n","protected":false},"excerpt":{"rendered":"<h3 style=\"text-align: center;\">WIEK-NIEWA\u017bNY 3. &#8211; KOCHAJ MNIE MIMO WSZYSTKO KSI\u0104\u017bKA<\/h3>\n<p>Romans, proza wsp\u00f3\u0142czesna<\/p>\n<p><span data-reactid=\"194\">Obj\u0119to\u015b\u0107: <\/span>368\u00a0<span data-reactid=\"198\">str.<\/span><\/p>\n<p><span data-reactid=\"201\">Blok tekstowy: <\/span><span data-reactid=\"203\">papier offsetowy 90 g\/m2, styly<\/span><\/p>\n<p><span data-reactid=\"207\">Format: <\/span><span data-reactid=\"209\">145 \u00d7 205 mm<\/span><\/p>\n<p><span data-reactid=\"212\">Ok\u0142adka: <\/span><span data-reactid=\"214\">mi\u0119kka<\/span><\/p>\n<div class=\"index__meta__row___On5Fo\" data-reactid=\"215\">\n<div class=\"index__meta__left___3kKAT\" data-reactid=\"216\"><span data-reactid=\"217\">Rodzaj oprawy: <\/span><span data-reactid=\"219\">blok klejony<\/span><\/div>\n<div data-reactid=\"216\"><\/div>\n<\/div>\n<div class=\"index__meta__row___On5Fo\" data-reactid=\"220\">\n<div class=\"index__meta__left___3kKAT\" data-reactid=\"221\"><span data-reactid=\"222\">ISBN: <\/span>978-83-8324-869-1<\/div>\n<\/div>\n<p>&nbsp;<\/p>\n<p><img loading=\"lazy\" decoding=\"async\" class=\"alignnone size-medium wp-image-5035\" src=\"https:\/\/ecl-pisarka.pl\/wp-content\/uploads\/2022\/11\/og_image-300x158.png\" alt=\"druk na \u017cyczenie kochaj mnie mimo wszystko\" width=\"300\" height=\"158\" srcset=\"https:\/\/ecl-pisarka.pl\/wp-content\/uploads\/2022\/11\/og_image-300x158.png 300w, https:\/\/ecl-pisarka.pl\/wp-content\/uploads\/2022\/11\/og_image-1024x538.png 1024w, https:\/\/ecl-pisarka.pl\/wp-content\/uploads\/2022\/11\/og_image-768x403.png 768w, https:\/\/ecl-pisarka.pl\/wp-content\/uploads\/2022\/11\/og_image-400x210.png 400w, https:\/\/ecl-pisarka.pl\/wp-content\/uploads\/2022\/11\/og_image-85x45.png 85w, https:\/\/ecl-pisarka.pl\/wp-content\/uploads\/2022\/11\/og_image.png 1200w\" sizes=\"auto, (max-width: 300px) 100vw, 300px\" \/><\/p>\n<h2>Opis ksi\u0105\u017cki<\/h2>\n<p>KOCHAJ MNIE MIMO WSZYSTKO to\u00a0trzecia cz\u0119\u015b\u0107 serii WIEK-NIEWA\u017bNY. Kasia i\u00a0Darek b\u0119d\u0105 tym razem ukrywali przed sob\u0105 wa\u017cne sprawy, kt\u00f3re b\u0119d\u0105 mia\u0142y wp\u0142yw na\u00a0ich zwi\u0105zek. A\u00a0w\u00a0tle pojawi walka z\u00a0chorob\u0105 (endometrioza), szanta\u017c oraz wsp\u00f3lna walka o\u00a0mi\u0142o\u015b\u0107. Czy\u00a0Darek porzuci Kasi\u0119, gdy\u00a0oka\u017ce\u00a0si\u0119, \u017ce\u00a0nie\u00a0mo\u017ce ona mie\u0107 dzieci?<\/p>\n<p><a href=\"https:\/\/ecl-pisarka.pl\/index.php\/2023\/03\/31\/kochaj-mnie-mimo-wszystko-fragment-ksiazki\/\">Przeczytaj fragment ksi\u0105\u017cki<\/a><\/p>\n<p><a href=\"https:\/\/ecl-pisarka.pl\/index.php\/kategoria-produktu\/ebook-romanse-wspolczesne\/wiek-niewazny3kochaj-mnie-mimo-wszystko\/\">KOCHAJ MNIE MIMO WSZYSTKO Ebook<\/a><\/p>\n","protected":false},"featured_media":5229,"template":"","meta":[],"product_brand":[],"product_cat":[252,244],"product_tag":[253,161,254],"class_list":{"0":"post-5368","1":"product","2":"type-product","3":"status-publish","4":"has-post-thumbnail","6":"product_cat-romans-wspolczesny","7":"product_cat-wiek-niewazny3kochaj-mnie-mimo-wszystko","8":"product_tag-druk-na-zyczenie","9":"product_tag-ewelina-c-lisowska","10":"product_tag-kochaj-mnie-mimo-wszystko","12":"first","13":"instock","14":"taxable","15":"shipping-taxable","16":"product-type-external"},"_links":{"self":[{"href":"https:\/\/ecl-pisarka.pl\/index.php\/wp-json\/wp\/v2\/product\/5368","targetHints":{"allow":["GET"]}}],"collection":[{"href":"https:\/\/ecl-pisarka.pl\/index.php\/wp-json\/wp\/v2\/product"}],"about":[{"href":"https:\/\/ecl-pisarka.pl\/index.php\/wp-json\/wp\/v2\/types\/product"}],"wp:featuredmedia":[{"embeddable":true,"href":"https:\/\/ecl-pisarka.pl\/index.php\/wp-json\/wp\/v2\/media\/5229"}],"wp:attachment":[{"href":"https:\/\/ecl-pisarka.pl\/index.php\/wp-json\/wp\/v2\/media?parent=5368"}],"wp:term":[{"taxonomy":"product_brand","embeddable":true,"href":"https:\/\/ecl-pisarka.pl\/index.php\/wp-json\/wp\/v2\/product_brand?post=5368"},{"taxonomy":"product_cat","embeddable":true,"href":"https:\/\/ecl-pisarka.pl\/index.php\/wp-json\/wp\/v2\/product_cat?post=5368"},{"taxonomy":"product_tag","embeddable":true,"href":"https:\/\/ecl-pisarka.pl\/index.php\/wp-json\/wp\/v2\/product_tag?post=5368"}],"curies":[{"name":"wp","href":"https:\/\/api.w.org\/{rel}","templated":true}]}}