{"id":5370,"date":"2023-04-12T12:22:21","date_gmt":"2023-04-12T11:22:21","guid":{"rendered":"https:\/\/ecl-pisarka.pl\/?post_type=product&#038;p=5370"},"modified":"2025-02-06T11:28:56","modified_gmt":"2025-02-06T10:28:56","slug":"szukajac-wiek-niewazny-druk","status":"publish","type":"product","link":"https:\/\/ecl-pisarka.pl\/index.php\/produkt\/szukajac-wiek-niewazny-druk\/","title":{"rendered":"Szukaj\u0105c siebie cz. 1. serii WIEK-NIEWA\u017bNY Druk na \u017cyczenie  &#8211; Ewelina C. Lisowska"},"content":{"rendered":"<h3 style=\"text-align: center;\">Ewelina C. Lisowska<\/h3>\n<h1 style=\"text-align: center;\">Szukaj\u0105c siebie<\/h1>\n<h3 style=\"text-align: center;\">cz. 1. serii WIEK-NIEWA\u017bNY<\/h3>\n<h3 style=\"text-align: center;\">Druk na \u017cyczenie<\/h3>\n<p>&nbsp;<\/p>\n<p><img loading=\"lazy\" decoding=\"async\" class=\"alignnone wp-image-4873 size-large\" src=\"https:\/\/ecl-pisarka.pl\/wp-content\/uploads\/2020\/05\/WIEK-NIEWAZNY-Szukajac-siebie-1024x576.jpg\" alt=\"&quot; Ewelina c lisowska szukaj\u0105c siebie wiek-niewa\u017cny druk&quot;\" width=\"1024\" height=\"576\" srcset=\"https:\/\/ecl-pisarka.pl\/wp-content\/uploads\/2020\/05\/WIEK-NIEWAZNY-Szukajac-siebie-1024x576.jpg 1024w, https:\/\/ecl-pisarka.pl\/wp-content\/uploads\/2020\/05\/WIEK-NIEWAZNY-Szukajac-siebie-300x169.jpg 300w, https:\/\/ecl-pisarka.pl\/wp-content\/uploads\/2020\/05\/WIEK-NIEWAZNY-Szukajac-siebie-768x432.jpg 768w, https:\/\/ecl-pisarka.pl\/wp-content\/uploads\/2020\/05\/WIEK-NIEWAZNY-Szukajac-siebie-1536x864.jpg 1536w, https:\/\/ecl-pisarka.pl\/wp-content\/uploads\/2020\/05\/WIEK-NIEWAZNY-Szukajac-siebie-2048x1152.jpg 2048w, https:\/\/ecl-pisarka.pl\/wp-content\/uploads\/2020\/05\/WIEK-NIEWAZNY-Szukajac-siebie-400x225.jpg 400w\" sizes=\"auto, (max-width: 1024px) 100vw, 1024px\" \/><\/p>\n","protected":false},"excerpt":{"rendered":"<p>&nbsp;<\/p>\n<div class=\"index__meta__row___On5Fo\" data-reactid=\"172\">\n<div class=\"index__meta__left___3kKAT\" data-reactid=\"173\"><span data-reactid=\"174\">Obj\u0119to\u015b\u0107: 328<\/span>\u00a0<span data-reactid=\"178\">str.<\/span><\/div>\n<\/div>\n<div class=\"index__meta__row___On5Fo\" data-reactid=\"179\">\n<div class=\"index__meta__left___3kKAT\" data-reactid=\"180\"><span data-reactid=\"181\">Blok tekstowy: <\/span><span data-reactid=\"183\">papier offsetowy 90 g\/m2, styly<\/span><\/div>\n<\/div>\n<div class=\"index__meta__row___On5Fo\" data-reactid=\"185\">\n<div class=\"index__meta__left___3kKAT\" data-reactid=\"186\"><span data-reactid=\"187\">Format: <\/span><span data-reactid=\"189\">145 \u00d7 205 mm<\/span><\/div>\n<\/div>\n<div class=\"index__meta__row___On5Fo\" data-reactid=\"190\">\n<div class=\"index__meta__left___3kKAT\" data-reactid=\"191\"><span data-reactid=\"192\">Ok\u0142adka: <\/span><span data-reactid=\"194\">mi\u0119kka<\/span><\/div>\n<\/div>\n<div class=\"index__meta__row___On5Fo\" data-reactid=\"195\">\n<div class=\"index__meta__left___3kKAT\" data-reactid=\"196\"><span data-reactid=\"197\">Rodzaj oprawy: <\/span><span data-reactid=\"199\">blok klejony<\/span><\/div>\n<\/div>\n<div class=\"index__meta__row___On5Fo\" data-reactid=\"200\">\n<div class=\"index__meta__left___3kKAT\" data-reactid=\"201\"><span data-reactid=\"202\">ISBN: 978-83-8351-469-7<\/span><\/div>\n<div data-reactid=\"201\">Romans wsp\u00f3\u0142czesny, romans biurowy<\/div>\n<\/div>\n<div data-reactid=\"201\"><\/div>\n<div data-reactid=\"201\"><img loading=\"lazy\" decoding=\"async\" class=\"alignnone size-medium wp-image-5035\" src=\"https:\/\/ecl-pisarka.pl\/wp-content\/uploads\/2022\/11\/og_image-300x158.png\" alt=\"druk na \u017cyczenie kochaj mnie mimo wszystko\" width=\"300\" height=\"158\" srcset=\"https:\/\/ecl-pisarka.pl\/wp-content\/uploads\/2022\/11\/og_image-300x158.png 300w, https:\/\/ecl-pisarka.pl\/wp-content\/uploads\/2022\/11\/og_image-1024x538.png 1024w, https:\/\/ecl-pisarka.pl\/wp-content\/uploads\/2022\/11\/og_image-768x403.png 768w, https:\/\/ecl-pisarka.pl\/wp-content\/uploads\/2022\/11\/og_image-400x210.png 400w, https:\/\/ecl-pisarka.pl\/wp-content\/uploads\/2022\/11\/og_image-85x45.png 85w, https:\/\/ecl-pisarka.pl\/wp-content\/uploads\/2022\/11\/og_image.png 1200w\" sizes=\"auto, (max-width: 300px) 100vw, 300px\" \/><\/div>\n<h2 data-reactid=\"201\"><a href=\"https:\/\/ridero.eu\/pl\/books\/wiek-niewazny_cz_1_szukajac_siebie\/\">\u00a01 cz. serii WIEK-NIEWA\u017bNY druk na \u017cyczenie w Ridero<\/a><\/h2>\n<div data-reactid=\"201\"><\/div>\n<h2 data-reactid=\"201\">OPIS KSI\u0104\u017bKI<\/h2>\n<div data-reactid=\"201\">\n<p>Czy\u00a0istnieje szansa na\u00a0szcz\u0119\u015bliwy zwi\u0105zek z\u00a0kobiet\u0105 chor\u0105 na\u00a0nawracaj\u0105c\u0105 depresj\u0119? O\u00a0tym przekona\u00a0si\u0119 g\u0142\u00f3wny bohater romansu wsp\u00f3\u0142czesnego\u00a0\u2014 Dariusz Zi\u0119ba. Darek jako m\u0119\u017cczyzna wra\u017cliwy, zdaje sobie spraw\u0119 z\u00a0ryzyka, kt\u00f3re b\u0119dzie musia\u0142 ponie\u015b\u0107, pakuj\u0105c\u00a0si\u0119 w\u00a0zwi\u0105zek z\u00a0Katarzyn\u0105. Wra\u017cliwa, zraniona, samotna trzydziestolatka ma na\u00a0swoim koncie wiele nieszcz\u0119\u015bliwych mi\u0142ostek. Kobieta nie\u00a0wierzy ju\u017c\u00a0w\u00a0to, \u017ce\u00a0ktokolwiek m\u00f3g\u0142by j\u0105 pokocha\u0107, a\u00a0ju\u017c\u00a0na\u00a0pewno nie\u00a0m\u0119\u017cczyzna, w\u00a0kt\u00f3rym\u00a0si\u0119 zakocha\u0142a.<\/p>\n<h2>Romans wsp\u00f3\u0142czesny &#8211; romans biurowy<\/h2>\n<p>Pierwsza cz\u0119\u015b\u0107 serii WIEK-NIEWA\u017bNY jest romansem wsp\u00f3\u0142czesnym i romansem biurowym. Poruszony tutaj w\u0105tek jest bli\u017cszy mi\u0142o\u015bci platonicznej ni\u017c zwyczajnemu zwi\u0105zkowi. Jednak kolejne cz\u0119\u015bci, w kt\u00f3rych narratorka opowiada o swojej historii, zawieraj\u0105 w\u0105tki erotyczne. Relacja Dariusza oraz Katarzyny ewoluuje w cz. 2. &#8222;Powroty&#8221;. Cz\u0119\u015b\u0107 trzeci &#8222;Kochaj mnie mimo wszystko&#8221; jest p\u0142ynn\u0105 kontynuacj\u0105 tej historii, podobnie jak dalsze cz\u0119\u015bci, kt\u00f3re autorka ma zamiar napisa\u0107&#8230;<\/p>\n<\/div>\n<h3><a href=\"https:\/\/ecl-pisarka.pl\/index.php\/2021\/11\/09\/wiek-niewazny-1-fragment-ksiazki\/\">Fragment ksi\u0105\u017cki<\/a><\/h3>\n<h3><a href=\"https:\/\/ecl-pisarka.pl\/index.php\/kategoria-produktu\/ebook-romanse-wspolczesne\/wiek-niewazny-1-szukajac-siebie\/\">Szukaj\u0105c siebie ebook<\/a><\/h3>\n<h3 data-reactid=\"201\"><\/h3>\n","protected":false},"featured_media":5371,"template":"","meta":[],"product_brand":[],"product_cat":[207,252],"product_tag":[253,163,61],"class_list":{"0":"post-5370","1":"product","2":"type-product","3":"status-publish","4":"has-post-thumbnail","6":"product_cat-wiek-niewazny-1-szukajac-siebie","7":"product_cat-romans-wspolczesny","8":"product_tag-druk-na-zyczenie","9":"product_tag-wiek-niewazny","10":"product_tag-wiek-niewazny-1","12":"first","13":"instock","14":"taxable","15":"shipping-taxable","16":"product-type-external"},"_links":{"self":[{"href":"https:\/\/ecl-pisarka.pl\/index.php\/wp-json\/wp\/v2\/product\/5370","targetHints":{"allow":["GET"]}}],"collection":[{"href":"https:\/\/ecl-pisarka.pl\/index.php\/wp-json\/wp\/v2\/product"}],"about":[{"href":"https:\/\/ecl-pisarka.pl\/index.php\/wp-json\/wp\/v2\/types\/product"}],"wp:featuredmedia":[{"embeddable":true,"href":"https:\/\/ecl-pisarka.pl\/index.php\/wp-json\/wp\/v2\/media\/5371"}],"wp:attachment":[{"href":"https:\/\/ecl-pisarka.pl\/index.php\/wp-json\/wp\/v2\/media?parent=5370"}],"wp:term":[{"taxonomy":"product_brand","embeddable":true,"href":"https:\/\/ecl-pisarka.pl\/index.php\/wp-json\/wp\/v2\/product_brand?post=5370"},{"taxonomy":"product_cat","embeddable":true,"href":"https:\/\/ecl-pisarka.pl\/index.php\/wp-json\/wp\/v2\/product_cat?post=5370"},{"taxonomy":"product_tag","embeddable":true,"href":"https:\/\/ecl-pisarka.pl\/index.php\/wp-json\/wp\/v2\/product_tag?post=5370"}],"curies":[{"name":"wp","href":"https:\/\/api.w.org\/{rel}","templated":true}]}}