{"id":5372,"date":"2023-04-12T12:39:18","date_gmt":"2023-04-12T11:39:18","guid":{"rendered":"https:\/\/ecl-pisarka.pl\/?post_type=product&#038;p=5372"},"modified":"2025-03-05T18:34:53","modified_gmt":"2025-03-05T17:34:53","slug":"druk-na-zyczenie-powroty","status":"publish","type":"product","link":"https:\/\/ecl-pisarka.pl\/index.php\/produkt\/druk-na-zyczenie-powroty\/","title":{"rendered":"Druk na \u017cyczenie Powroty cz. 2. serii WIEK-NIEWA\u017bNY &#8211; Ewelina C. Lisowska"},"content":{"rendered":"<h2 style=\"text-align: center;\">Ewelina C. Lisowska<\/h2>\n<h1 style=\"text-align: center;\">Druk na \u017cyczenie <em>Powroty<\/em><\/h1>\n<h3 style=\"text-align: center;\">cz. 2. serii WIEK-NIEWA\u017bNY<\/h3>\n<h3 style=\"text-align: center;\"><\/h3>\n<figure id=\"attachment_4871\" aria-describedby=\"caption-attachment-4871\" style=\"width: 1024px\" class=\"wp-caption alignnone\"><img loading=\"lazy\" decoding=\"async\" class=\"wp-image-4871 size-large\" src=\"https:\/\/ecl-pisarka.pl\/wp-content\/uploads\/2020\/05\/WIEK-NIEWAZNY-Powroty-1024x576.jpg\" alt=\"&quot;wiek-niewa\u017cny powroty Ewelina C.Lisowska&quot;\" width=\"1024\" height=\"576\" srcset=\"https:\/\/ecl-pisarka.pl\/wp-content\/uploads\/2020\/05\/WIEK-NIEWAZNY-Powroty-1024x576.jpg 1024w, https:\/\/ecl-pisarka.pl\/wp-content\/uploads\/2020\/05\/WIEK-NIEWAZNY-Powroty-300x169.jpg 300w, https:\/\/ecl-pisarka.pl\/wp-content\/uploads\/2020\/05\/WIEK-NIEWAZNY-Powroty-768x432.jpg 768w, https:\/\/ecl-pisarka.pl\/wp-content\/uploads\/2020\/05\/WIEK-NIEWAZNY-Powroty-1536x864.jpg 1536w, https:\/\/ecl-pisarka.pl\/wp-content\/uploads\/2020\/05\/WIEK-NIEWAZNY-Powroty-2048x1152.jpg 2048w, https:\/\/ecl-pisarka.pl\/wp-content\/uploads\/2020\/05\/WIEK-NIEWAZNY-Powroty-400x225.jpg 400w\" sizes=\"auto, (max-width: 1024px) 100vw, 1024px\" \/><figcaption id=\"caption-attachment-4871\" class=\"wp-caption-text\"><a href=\"https:\/\/stylowi.pl\/ewelina_capanda_1989\/3092483\/seria-wiek-niewaZny-cz-2-powroty-ewelina-c-lisowska\" target=\"_blank\" rel=\"noopener\">Zobacz wi\u0119cej cytat\u00f3w z ksi\u0105\u017cki na Stylowi pl<\/a><\/figcaption><\/figure>\n","protected":false},"excerpt":{"rendered":"<div class=\"index__meta__row___On5Fo\" data-reactid=\"174\">\n<div class=\"index__meta__left___3kKAT\" data-reactid=\"175\"><span data-reactid=\"176\">Obj\u0119to\u015b\u0107: <\/span>336 <span data-reactid=\"180\">str.<\/span><\/div>\n<\/div>\n<div class=\"index__meta__row___On5Fo\" data-reactid=\"181\">\n<div class=\"index__meta__left___3kKAT\" data-reactid=\"182\"><span data-reactid=\"183\">Blok tekstowy: <\/span><span data-reactid=\"185\">papier offsetowy 90 g\/m2, styly<\/span><\/div>\n<\/div>\n<div class=\"index__meta__row___On5Fo\" data-reactid=\"187\">\n<div class=\"index__meta__left___3kKAT\" data-reactid=\"188\"><span data-reactid=\"189\">Format: <\/span><span data-reactid=\"191\">145 \u00d7 205 mm<\/span><\/div>\n<div class=\"index__meta__left___3kKAT\" data-reactid=\"188\">Ok\u0142adka: mi\u0119kka<\/div>\n<\/div>\n<div class=\"index__meta__row___On5Fo\" data-reactid=\"197\">\n<div class=\"index__meta__left___3kKAT\" data-reactid=\"198\"><span data-reactid=\"199\">Rodzaj oprawy: <\/span><span data-reactid=\"201\">blok klejony<\/span><\/div>\n<\/div>\n<div class=\"index__meta__row___On5Fo\" data-reactid=\"202\">\n<div class=\"index__meta__left___3kKAT\" data-reactid=\"203\"><span data-reactid=\"204\">ISBN: 978-83-8351-470-3<\/span><\/div>\n<div data-reactid=\"203\">Romans erotyczny<\/div>\n<\/div>\n<div data-reactid=\"203\"><\/div>\n<div data-reactid=\"203\"><img loading=\"lazy\" decoding=\"async\" class=\"alignnone size-medium wp-image-5035\" src=\"https:\/\/ecl-pisarka.pl\/wp-content\/uploads\/2022\/11\/og_image-300x158.png\" alt=\"druk na \u017cyczenie kochaj mnie mimo wszystko\" width=\"300\" height=\"158\" srcset=\"https:\/\/ecl-pisarka.pl\/wp-content\/uploads\/2022\/11\/og_image-300x158.png 300w, https:\/\/ecl-pisarka.pl\/wp-content\/uploads\/2022\/11\/og_image-1024x538.png 1024w, https:\/\/ecl-pisarka.pl\/wp-content\/uploads\/2022\/11\/og_image-768x403.png 768w, https:\/\/ecl-pisarka.pl\/wp-content\/uploads\/2022\/11\/og_image-400x210.png 400w, https:\/\/ecl-pisarka.pl\/wp-content\/uploads\/2022\/11\/og_image-85x45.png 85w, https:\/\/ecl-pisarka.pl\/wp-content\/uploads\/2022\/11\/og_image.png 1200w\" sizes=\"auto, (max-width: 300px) 100vw, 300px\" \/><\/div>\n<div data-reactid=\"203\"><\/div>\n<div data-reactid=\"203\"><a href=\"https:\/\/ecl-pisarka.pl\/index.php\/2021\/11\/09\/wiek-niewazny-2-fragment-ksiazki\/\">Fragment ksi\u0105\u017cki<\/a><\/div>\n<div data-reactid=\"203\"><a href=\"https:\/\/ecl-pisarka.pl\/index.php\/kategoria-produktu\/ebook-romanse-wspolczesne\/wiek-niewazny-2-powroty\/\">Ebook Powroty<\/a><\/div>\n<div data-reactid=\"203\"><\/div>\n<h2 data-reactid=\"203\">Druk na \u017cyczenie Powroty &#8211; czyli 2. cz. serii WIEK-NIEWA\u017bNY<\/h2>\n<h2 data-reactid=\"203\">OPIS KSI\u0104\u017bKI<\/h2>\n<div data-reactid=\"203\"><\/div>\n<div data-reactid=\"203\">W\u00a0\u017cyciu Kasi zn\u00f3w pojawia\u00a0si\u0119 Dariusz\u00a0\u2014 spotykaj\u0105\u00a0si\u0119 ca\u0142kiem przypadkiem. M\u0119\u017cczyzna postanawia odzyska\u0107 uczucia ukochanej, lecz ona go odrzuca. Jej egzystencja odzyskuje sens, gdy\u00a0pewnego dnia u\u00a0bram dworku Solskich pojawia\u00a0si\u0119 bezdomny w\u0142\u00f3cz\u0119ga, kt\u00f3rym to\u00a0m\u0142oda kobieta postanawia\u00a0si\u0119 zaopiekowa\u0107. Biedak zamieszkuje w\u00a0schowku pod\u00a0oran\u017ceri\u0105. Kasia zaprzyja\u017ania\u00a0si\u0119 z\u00a0nim, lecz z\u00a0czasem mi\u0119dzy tymi dwojgiem zaczyna dzia\u0107\u00a0si\u0119 co\u015b niespodziewanego. Czy\u017cby to\u00a0mi\u0142o\u015b\u0107?<\/div>\n","protected":false},"featured_media":5373,"template":"","meta":[],"product_brand":[],"product_cat":[252,208],"product_tag":[253,166,163,139],"class_list":{"0":"post-5372","1":"product","2":"type-product","3":"status-publish","4":"has-post-thumbnail","6":"product_cat-romans-wspolczesny","7":"product_cat-wiek-niewazny-2-powroty","8":"product_tag-druk-na-zyczenie","9":"product_tag-romans-wspolczesny","10":"product_tag-wiek-niewazny","11":"product_tag-wiek-niewazny-2","13":"first","14":"instock","15":"taxable","16":"shipping-taxable","17":"product-type-external"},"_links":{"self":[{"href":"https:\/\/ecl-pisarka.pl\/index.php\/wp-json\/wp\/v2\/product\/5372","targetHints":{"allow":["GET"]}}],"collection":[{"href":"https:\/\/ecl-pisarka.pl\/index.php\/wp-json\/wp\/v2\/product"}],"about":[{"href":"https:\/\/ecl-pisarka.pl\/index.php\/wp-json\/wp\/v2\/types\/product"}],"wp:featuredmedia":[{"embeddable":true,"href":"https:\/\/ecl-pisarka.pl\/index.php\/wp-json\/wp\/v2\/media\/5373"}],"wp:attachment":[{"href":"https:\/\/ecl-pisarka.pl\/index.php\/wp-json\/wp\/v2\/media?parent=5372"}],"wp:term":[{"taxonomy":"product_brand","embeddable":true,"href":"https:\/\/ecl-pisarka.pl\/index.php\/wp-json\/wp\/v2\/product_brand?post=5372"},{"taxonomy":"product_cat","embeddable":true,"href":"https:\/\/ecl-pisarka.pl\/index.php\/wp-json\/wp\/v2\/product_cat?post=5372"},{"taxonomy":"product_tag","embeddable":true,"href":"https:\/\/ecl-pisarka.pl\/index.php\/wp-json\/wp\/v2\/product_tag?post=5372"}],"curies":[{"name":"wp","href":"https:\/\/api.w.org\/{rel}","templated":true}]}}