{"id":5375,"date":"2023-04-12T12:50:47","date_gmt":"2023-04-12T11:50:47","guid":{"rendered":"https:\/\/ecl-pisarka.pl\/?post_type=product&#038;p=5375"},"modified":"2025-03-05T18:32:07","modified_gmt":"2025-03-05T17:32:07","slug":"krolowa-zebrakow-ksiazka","status":"publish","type":"product","link":"https:\/\/ecl-pisarka.pl\/index.php\/produkt\/krolowa-zebrakow-ksiazka\/","title":{"rendered":"Ewelina C. Lisowska &#8211; KR\u00d3LOWA \u017bEBRAK\u00d3W ksi\u0105\u017cka na \u017cyczenie"},"content":{"rendered":"<h2 style=\"text-align: center;\">Ewelina C. Lisowska<\/h2>\n<h1 style=\"text-align: center;\">KR\u00d3LOWA \u017bEBRAK\u00d3W ksi\u0105\u017cka<\/h1>\n<h3 style=\"text-align: center;\">Druk na \u017cyczenie<\/h3>\n<p><img loading=\"lazy\" decoding=\"async\" class=\"alignnone wp-image-4965 size-large\" src=\"https:\/\/ecl-pisarka.pl\/wp-content\/uploads\/2022\/11\/Ewelina-C.Lisowska-KROLOWA-ZEBRAKOW-Mobi-ebook-1024x512.jpg\" alt=\"KR\u00d3LOWA \u017bEBRAK\u00d3W ksi\u0105\u017cka\" width=\"1024\" height=\"512\" srcset=\"https:\/\/ecl-pisarka.pl\/wp-content\/uploads\/2022\/11\/Ewelina-C.Lisowska-KROLOWA-ZEBRAKOW-Mobi-ebook-1024x512.jpg 1024w, https:\/\/ecl-pisarka.pl\/wp-content\/uploads\/2022\/11\/Ewelina-C.Lisowska-KROLOWA-ZEBRAKOW-Mobi-ebook-300x150.jpg 300w, https:\/\/ecl-pisarka.pl\/wp-content\/uploads\/2022\/11\/Ewelina-C.Lisowska-KROLOWA-ZEBRAKOW-Mobi-ebook-768x384.jpg 768w, https:\/\/ecl-pisarka.pl\/wp-content\/uploads\/2022\/11\/Ewelina-C.Lisowska-KROLOWA-ZEBRAKOW-Mobi-ebook-1536x768.jpg 1536w, https:\/\/ecl-pisarka.pl\/wp-content\/uploads\/2022\/11\/Ewelina-C.Lisowska-KROLOWA-ZEBRAKOW-Mobi-ebook-2048x1024.jpg 2048w, https:\/\/ecl-pisarka.pl\/wp-content\/uploads\/2022\/11\/Ewelina-C.Lisowska-KROLOWA-ZEBRAKOW-Mobi-ebook-400x200.jpg 400w, https:\/\/ecl-pisarka.pl\/wp-content\/uploads\/2022\/11\/Ewelina-C.Lisowska-KROLOWA-ZEBRAKOW-Mobi-ebook-85x43.jpg 85w\" sizes=\"auto, (max-width: 1024px) 100vw, 1024px\" \/><\/p>\n","protected":false},"excerpt":{"rendered":"<div class=\"index__meta__row___On5Fo\" data-reactid=\"190\"><\/div>\n<div class=\"index__meta__row___On5Fo\" data-reactid=\"218\">\n<div class=\"index__meta__left___3kKAT\" data-reactid=\"219\"><\/div>\n<div data-reactid=\"219\">DRUKA NA \u017bYCZENIE<\/div>\n<\/div>\n<h2 data-reactid=\"219\"><a href=\"https:\/\/ridero.eu\/pl\/books\/krolowa_zebrakow\/\">RIDERO<\/a><\/h2>\n<h2 data-reactid=\"219\"><a href=\"https:\/\/www.amazon.pl\/dp\/B0DJ7D9446\">AMAZON<\/a><\/h2>\n<p>&nbsp;<\/p>\n<p>&nbsp;<\/p>\n<div data-reactid=\"219\"><\/div>\n<h2 class=\"index__title___2usEm\" data-reactid=\"260\"><span data-reactid=\"261\">O KSI\u0104\u017bCE<\/span><\/h2>\n<div class=\"index__description___39GLS\" data-reactid=\"262\">Romans historyczny, erotyka, 20-lecie mi\u0119dzywojenne Ewelina to\u00a025-letnia panna, kt\u00f3ra nie\u00a0mo\u017ce liczy\u0107\u00a0na\u00a0korzystny maria\u017c. Dziewczyna nie\u00a0zgadza\u00a0si\u0119 na\u00a0\u015blub z\u00a050-letnim wdowcem i\u00a0zostaje wyrzucona na\u00a0ulic\u0119 w\u00a0\u015brodku zimowej nocy. Od\u00a0\u015bmierci ratuje j\u0105 Wiktor, kt\u00f3ry pozostawia Ewelin\u0119 w\u00a0swoim kawalerskim mieszkanku jako pomoc domow\u0105. M\u0119\u017cczyzna zakochuje\u00a0si\u0119 w\u00a0niej, lecz jedyne na\u00a0co\u00a0mo\u017ce liczy\u0107 to\u00a0\u015blub z\u00a0rozs\u0105dku. Ewelina jednak zrobi wszystko, aby\u00a0sta\u0107\u00a0si\u0119 od\u00a0niego niezale\u017cn\u0105\u2026<\/div>\n","protected":false},"featured_media":5376,"template":"","meta":[],"product_brand":[],"product_cat":[235,255],"product_tag":[253,236,165],"class_list":{"0":"post-5375","1":"product","2":"type-product","3":"status-publish","4":"has-post-thumbnail","6":"product_cat-krolowa-zebrakow","7":"product_cat-romans-historyczny","8":"product_tag-druk-na-zyczenie","9":"product_tag-krolowa-zebrakow","10":"product_tag-romans-historyczny","12":"first","13":"instock","14":"taxable","15":"shipping-taxable","16":"product-type-external"},"_links":{"self":[{"href":"https:\/\/ecl-pisarka.pl\/index.php\/wp-json\/wp\/v2\/product\/5375","targetHints":{"allow":["GET"]}}],"collection":[{"href":"https:\/\/ecl-pisarka.pl\/index.php\/wp-json\/wp\/v2\/product"}],"about":[{"href":"https:\/\/ecl-pisarka.pl\/index.php\/wp-json\/wp\/v2\/types\/product"}],"wp:featuredmedia":[{"embeddable":true,"href":"https:\/\/ecl-pisarka.pl\/index.php\/wp-json\/wp\/v2\/media\/5376"}],"wp:attachment":[{"href":"https:\/\/ecl-pisarka.pl\/index.php\/wp-json\/wp\/v2\/media?parent=5375"}],"wp:term":[{"taxonomy":"product_brand","embeddable":true,"href":"https:\/\/ecl-pisarka.pl\/index.php\/wp-json\/wp\/v2\/product_brand?post=5375"},{"taxonomy":"product_cat","embeddable":true,"href":"https:\/\/ecl-pisarka.pl\/index.php\/wp-json\/wp\/v2\/product_cat?post=5375"},{"taxonomy":"product_tag","embeddable":true,"href":"https:\/\/ecl-pisarka.pl\/index.php\/wp-json\/wp\/v2\/product_tag?post=5375"}],"curies":[{"name":"wp","href":"https:\/\/api.w.org\/{rel}","templated":true}]}}