{"id":5377,"date":"2023-04-12T13:48:57","date_gmt":"2023-04-12T12:48:57","guid":{"rendered":"https:\/\/ecl-pisarka.pl\/?post_type=product&#038;p=5377"},"modified":"2025-03-05T18:29:16","modified_gmt":"2025-03-05T17:29:16","slug":"natura-derwana-ksiazka","status":"publish","type":"product","link":"https:\/\/ecl-pisarka.pl\/index.php\/produkt\/natura-derwana-ksiazka\/","title":{"rendered":"Druk na \u017cyczenie * Ewelina C. Lisowska NATURA DERWANA ksi\u0105\u017cka"},"content":{"rendered":"<h2 style=\"text-align: center;\">Ewelina C. Lisowska<\/h2>\n<h1 style=\"text-align: center;\">Natura Derwana ksi\u0105\u017cka<\/h1>\n<h2 style=\"text-align: center;\">Druk na \u017cyczenie<\/h2>\n<p><img loading=\"lazy\" decoding=\"async\" class=\"alignnone wp-image-4872 size-large\" src=\"https:\/\/ecl-pisarka.pl\/wp-content\/uploads\/2020\/05\/Natura-Derwana-1024x576.jpg\" alt=\"Natura Derwana ksi\u0105\u017cka\" width=\"1024\" height=\"576\" srcset=\"https:\/\/ecl-pisarka.pl\/wp-content\/uploads\/2020\/05\/Natura-Derwana-1024x576.jpg 1024w, https:\/\/ecl-pisarka.pl\/wp-content\/uploads\/2020\/05\/Natura-Derwana-300x169.jpg 300w, https:\/\/ecl-pisarka.pl\/wp-content\/uploads\/2020\/05\/Natura-Derwana-768x432.jpg 768w, https:\/\/ecl-pisarka.pl\/wp-content\/uploads\/2020\/05\/Natura-Derwana-1536x864.jpg 1536w, https:\/\/ecl-pisarka.pl\/wp-content\/uploads\/2020\/05\/Natura-Derwana-2048x1152.jpg 2048w, https:\/\/ecl-pisarka.pl\/wp-content\/uploads\/2020\/05\/Natura-Derwana-400x225.jpg 400w\" sizes=\"auto, (max-width: 1024px) 100vw, 1024px\" \/><\/p>\n","protected":false},"excerpt":{"rendered":"<div class=\"index__meta__row___On5Fo\" data-reactid=\"209\">\n<div class=\"index__meta__left___3kKAT\" data-reactid=\"210\">DRUK NA \u017bYCZENIE<\/div>\n<\/div>\n<div data-reactid=\"210\"><\/div>\n<h2 data-reactid=\"210\"><a href=\"https:\/\/www.empik.com\/natura-derwana-ewelina-c-lisowska,p1507371831,ksiazka-p\">EMPIK<\/a><\/h2>\n<h2 data-reactid=\"210\"><a href=\"https:\/\/www.amazon.pl\/dp\/B0DJCZ6L9V\">AMAZON<\/a><\/h2>\n<h2 data-reactid=\"210\"><a href=\"https:\/\/ridero.eu\/pl\/books\/natura_derwana\/\">RIDERO<\/a><\/h2>\n<div class=\"index__meta__row___On5Fo\" data-reactid=\"209\">\n<h2 data-reactid=\"210\"><\/h2>\n<\/div>\n<div class=\"index__meta__row___On5Fo\" data-reactid=\"214\">\n<div class=\"index__meta__left___3kKAT\" data-reactid=\"215\"><\/div>\n<div data-reactid=\"215\"><\/div>\n<\/div>\n<div data-reactid=\"215\"><\/div>\n<div data-reactid=\"215\"><a href=\"https:\/\/ecl-pisarka.pl\/index.php\/2021\/11\/09\/natura-derwana-fragment-ksiazki\/\">Przeczytaj fragment ksi\u0105\u017cki<\/a><\/div>\n<div data-reactid=\"215\"><a href=\"https:\/\/ecl-pisarka.pl\/index.php\/kategoria-produktu\/ebook-romanse-historyczne\/natura-derwana\/\">Ebook Natura Derwana<\/a><\/div>\n<div data-reactid=\"215\"><\/div>\n<div data-reactid=\"215\"><\/div>\n<div data-reactid=\"215\"><\/div>\n<div data-reactid=\"215\"><\/div>\n<h2 data-reactid=\"215\">OPIS KSI\u0104\u017bKI<\/h2>\n<p>Natura Derwana to\u00a0lekki romans historyczny, osadzony w\u00a0realiach ko\u0144ca XIX wieku. Mi\u0142o\u015b\u0107 s\u0142u\u017c\u0105cej i\u00a0pana (urz\u0119dnika pa\u0144stwowego) nie\u00a0ma prawa istnie\u0107\u00a0\u2014 dzieli ich przepa\u015b\u0107 finansowa. Sytuacja zmienia\u00a0si\u0119, gdy\u00a0Jadzia otrzymuje w\u00a0spadku wielki ogr\u00f3d, kt\u00f3ry niebawem stanie\u00a0si\u0119 pionkiem w\u00a0grze politycznej. \u017bycie Jadwigi i\u00a0Derwanie zostanie z\u00a0sob\u0105 po\u0142\u0105czone, lecz nie\u00a0z\u00a0powodu mi\u0142o\u015bci,. Ksi\u0105\u017cka zawiera pami\u0119tnikowe zapiski Jadwigi Malinowskiej. Powie\u015b\u0107 z\u00a0lekk\u0105 nutk\u0105 duchowo\u015bci i\u00a0zachwytu nad\u00a0natur\u0105.<\/p>\n<div data-reactid=\"215\"><\/div>\n<div data-reactid=\"215\"><\/div>\n<div data-reactid=\"215\"><\/div>\n","protected":false},"featured_media":5378,"template":"","meta":[],"product_brand":[],"product_cat":[203,197,255],"product_tag":[253,136,262,165],"class_list":{"0":"post-5377","1":"product","2":"type-product","3":"status-publish","4":"has-post-thumbnail","6":"product_cat-natura-derwana","7":"product_cat-powiesci-religijne","8":"product_cat-romans-historyczny","9":"product_tag-druk-na-zyczenie","10":"product_tag-natura-derwana","11":"product_tag-powiesci-religijne","12":"product_tag-romans-historyczny","14":"first","15":"instock","16":"taxable","17":"shipping-taxable","18":"product-type-external"},"_links":{"self":[{"href":"https:\/\/ecl-pisarka.pl\/index.php\/wp-json\/wp\/v2\/product\/5377","targetHints":{"allow":["GET"]}}],"collection":[{"href":"https:\/\/ecl-pisarka.pl\/index.php\/wp-json\/wp\/v2\/product"}],"about":[{"href":"https:\/\/ecl-pisarka.pl\/index.php\/wp-json\/wp\/v2\/types\/product"}],"wp:featuredmedia":[{"embeddable":true,"href":"https:\/\/ecl-pisarka.pl\/index.php\/wp-json\/wp\/v2\/media\/5378"}],"wp:attachment":[{"href":"https:\/\/ecl-pisarka.pl\/index.php\/wp-json\/wp\/v2\/media?parent=5377"}],"wp:term":[{"taxonomy":"product_brand","embeddable":true,"href":"https:\/\/ecl-pisarka.pl\/index.php\/wp-json\/wp\/v2\/product_brand?post=5377"},{"taxonomy":"product_cat","embeddable":true,"href":"https:\/\/ecl-pisarka.pl\/index.php\/wp-json\/wp\/v2\/product_cat?post=5377"},{"taxonomy":"product_tag","embeddable":true,"href":"https:\/\/ecl-pisarka.pl\/index.php\/wp-json\/wp\/v2\/product_tag?post=5377"}],"curies":[{"name":"wp","href":"https:\/\/api.w.org\/{rel}","templated":true}]}}