{"id":5379,"date":"2023-04-12T13:59:17","date_gmt":"2023-04-12T12:59:17","guid":{"rendered":"https:\/\/ecl-pisarka.pl\/?post_type=product&#038;p=5379"},"modified":"2025-03-05T18:27:08","modified_gmt":"2025-03-05T17:27:08","slug":"nowy-eden-powrot-raju-utraconego-ksiazka","status":"publish","type":"product","link":"https:\/\/ecl-pisarka.pl\/index.php\/produkt\/nowy-eden-powrot-raju-utraconego-ksiazka\/","title":{"rendered":"Druk na \u017cyczenie NOWY EDEN Powr\u00f3t Raju utraconego ksi\u0105\u017cka"},"content":{"rendered":"<h2 style=\"text-align: center;\">Ewelina C. Lisowska<\/h2>\n<h1 style=\"text-align: center;\">NOWY EDEN Powr\u00f3t Raju utraconego ksi\u0105\u017cka<\/h1>\n<h2 style=\"text-align: center;\">W druku na \u017cyczenie<\/h2>\n<p>&nbsp;<\/p>\n<p><img loading=\"lazy\" decoding=\"async\" class=\"alignnone wp-image-4868 size-large\" src=\"https:\/\/ecl-pisarka.pl\/wp-content\/uploads\/2022\/07\/NOWY-EDEN-Powrot-Raju-utraconego-1024x576.jpg\" alt=\"NOWY EDEN Powr\u00f3t Raju utraconego ksi\u0105\u017cka\" width=\"1024\" height=\"576\" srcset=\"https:\/\/ecl-pisarka.pl\/wp-content\/uploads\/2022\/07\/NOWY-EDEN-Powrot-Raju-utraconego-1024x576.jpg 1024w, https:\/\/ecl-pisarka.pl\/wp-content\/uploads\/2022\/07\/NOWY-EDEN-Powrot-Raju-utraconego-300x169.jpg 300w, https:\/\/ecl-pisarka.pl\/wp-content\/uploads\/2022\/07\/NOWY-EDEN-Powrot-Raju-utraconego-768x432.jpg 768w, https:\/\/ecl-pisarka.pl\/wp-content\/uploads\/2022\/07\/NOWY-EDEN-Powrot-Raju-utraconego-1536x864.jpg 1536w, https:\/\/ecl-pisarka.pl\/wp-content\/uploads\/2022\/07\/NOWY-EDEN-Powrot-Raju-utraconego-2048x1152.jpg 2048w, https:\/\/ecl-pisarka.pl\/wp-content\/uploads\/2022\/07\/NOWY-EDEN-Powrot-Raju-utraconego-400x225.jpg 400w\" sizes=\"auto, (max-width: 1024px) 100vw, 1024px\" \/><\/p>\n","protected":false},"excerpt":{"rendered":"<div data-reactid=\"221\">DRUK NA \u017bYCZENE<\/div>\n<div data-reactid=\"221\"><\/div>\n<h2 data-reactid=\"221\"><a href=\"https:\/\/ridero.eu\/pl\/books\/nowy_eden_powrot_raju_utraconego\/\">RIDERO<\/a><\/h2>\n<h2 data-reactid=\"221\"><a href=\"https:\/\/www.amazon.pl\/dp\/B0DJF3GJRN\">AMAZON<\/a><\/h2>\n<div data-reactid=\"221\"><\/div>\n<div data-reactid=\"221\"><\/div>\n<div data-reactid=\"221\"><a href=\"https:\/\/ecl-pisarka.pl\/index.php\/2022\/08\/17\/drugi-fragment-nowy-eden\/\">Przeczytaj fragment ksi\u0105\u017cki<\/a><\/div>\n<div data-reactid=\"221\"><a href=\"https:\/\/ecl-pisarka.pl\/index.php\/kategoria-produktu\/romanse-science-fiction\/nowy-eden-powrot-raju-utraconego\/\">Ebook NOWY EDEN Powr\u00f3t Raju utraconego<\/a><\/div>\n<div data-reactid=\"221\"><\/div>\n<h2 data-reactid=\"221\">OPIS KSI\u0104\u017bKI<\/h2>\n<div data-reactid=\"221\"><\/div>\n<div data-reactid=\"221\">Romans science-fiction fantasy. Siedem dni ciemno\u015bci, koniec \u015bwiata, koniec z\u0142a. A p\u00f3\u017aniej nastaje nowy \u015bwiat. Wiara Wabel ma za zadanie zbada\u0107 miejsce, gdzie powsta\u0142 Nowy Eden, rajska kraina pe\u0142na niesamowitych stworze\u0144, ro\u015blin i anomalii, kt\u00f3re przejd\u0105 wszelkie jej oczekiwania. To tam Wer pozna zwyczajnego m\u0119\u017cczyzn\u0119, kt\u00f3ry zmieni jej \u017cycie o 180 stopni. Lecz czy Faust Oba\u0142el jest jedynie zwyk\u0142ym menelem osiedlowym, kt\u00f3rego ona si\u0119 brzydzi? A mo\u017ce jest kim\u015b ca\u0142kiem innym?<\/div>\n","protected":false},"featured_media":5380,"template":"","meta":[],"product_brand":[],"product_cat":[221,197,217],"product_tag":[253,219,262,218],"class_list":{"0":"post-5379","1":"product","2":"type-product","3":"status-publish","4":"has-post-thumbnail","6":"product_cat-nowy-eden-powrot-raju-utraconego","7":"product_cat-powiesci-religijne","8":"product_cat-romanse-science-fiction","9":"product_tag-druk-na-zyczenie","10":"product_tag-nowy-eden","11":"product_tag-powiesci-religijne","12":"product_tag-romans-sf","14":"first","15":"instock","16":"taxable","17":"shipping-taxable","18":"product-type-external"},"_links":{"self":[{"href":"https:\/\/ecl-pisarka.pl\/index.php\/wp-json\/wp\/v2\/product\/5379","targetHints":{"allow":["GET"]}}],"collection":[{"href":"https:\/\/ecl-pisarka.pl\/index.php\/wp-json\/wp\/v2\/product"}],"about":[{"href":"https:\/\/ecl-pisarka.pl\/index.php\/wp-json\/wp\/v2\/types\/product"}],"wp:featuredmedia":[{"embeddable":true,"href":"https:\/\/ecl-pisarka.pl\/index.php\/wp-json\/wp\/v2\/media\/5380"}],"wp:attachment":[{"href":"https:\/\/ecl-pisarka.pl\/index.php\/wp-json\/wp\/v2\/media?parent=5379"}],"wp:term":[{"taxonomy":"product_brand","embeddable":true,"href":"https:\/\/ecl-pisarka.pl\/index.php\/wp-json\/wp\/v2\/product_brand?post=5379"},{"taxonomy":"product_cat","embeddable":true,"href":"https:\/\/ecl-pisarka.pl\/index.php\/wp-json\/wp\/v2\/product_cat?post=5379"},{"taxonomy":"product_tag","embeddable":true,"href":"https:\/\/ecl-pisarka.pl\/index.php\/wp-json\/wp\/v2\/product_tag?post=5379"}],"curies":[{"name":"wp","href":"https:\/\/api.w.org\/{rel}","templated":true}]}}