{"id":5383,"date":"2023-04-12T14:16:56","date_gmt":"2023-04-12T13:16:56","guid":{"rendered":"https:\/\/ecl-pisarka.pl\/?post_type=product&#038;p=5383"},"modified":"2025-03-05T18:23:00","modified_gmt":"2025-03-05T17:23:00","slug":"druk-walerian-i-roza-ksiazka","status":"publish","type":"product","link":"https:\/\/ecl-pisarka.pl\/index.php\/produkt\/druk-walerian-i-roza-ksiazka\/","title":{"rendered":"Druk na \u017cyczenie * Walerian i R\u00f3\u017ca ksi\u0105\u017cka"},"content":{"rendered":"<h2 style=\"text-align: center;\">Ewelina C. Lisowska<\/h2>\n<h1 style=\"text-align: center;\">WALERIAN I R\u00d3\u017bA ksi\u0105\u017cka<\/h1>\n<h2 style=\"text-align: center;\">Ksi\u0105\u017cka w druku na \u017cyczenie<\/h2>\n<p>&nbsp;<\/p>\n<p><img loading=\"lazy\" decoding=\"async\" class=\"alignnone wp-image-4869 size-large\" src=\"https:\/\/ecl-pisarka.pl\/wp-content\/uploads\/2020\/08\/Walerian-i-Roza-1024x576.jpg\" alt=\"&quot;Walerian i R\u00f3\u017ca Ewelina C.Lisowska&quot;\" width=\"1024\" height=\"576\" srcset=\"https:\/\/ecl-pisarka.pl\/wp-content\/uploads\/2020\/08\/Walerian-i-Roza-1024x576.jpg 1024w, https:\/\/ecl-pisarka.pl\/wp-content\/uploads\/2020\/08\/Walerian-i-Roza-300x169.jpg 300w, https:\/\/ecl-pisarka.pl\/wp-content\/uploads\/2020\/08\/Walerian-i-Roza-768x432.jpg 768w, https:\/\/ecl-pisarka.pl\/wp-content\/uploads\/2020\/08\/Walerian-i-Roza-1536x864.jpg 1536w, https:\/\/ecl-pisarka.pl\/wp-content\/uploads\/2020\/08\/Walerian-i-Roza-2048x1152.jpg 2048w, https:\/\/ecl-pisarka.pl\/wp-content\/uploads\/2020\/08\/Walerian-i-Roza-400x225.jpg 400w\" sizes=\"auto, (max-width: 1024px) 100vw, 1024px\" \/><\/p>\n","protected":false},"excerpt":{"rendered":"<div class=\"index__meta__row___On5Fo\" data-reactid=\"202\">\n<div class=\"index__meta__left___3kKAT\" data-reactid=\"203\">DRUK NA \u017bYCZENIE<\/div>\n<\/div>\n<div data-reactid=\"203\"><\/div>\n<h2 data-reactid=\"203\"><a href=\"https:\/\/ridero.eu\/pl\/books\/walerian_i_roza\/\">RIDERO<\/a><\/h2>\n<h2 data-reactid=\"203\"><a href=\"https:\/\/www.amazon.pl\/dp\/B0DJJR5XW1\">AMAZON CZ. 1.<\/a><\/h2>\n<h2 data-reactid=\"203\"><a href=\"https:\/\/www.amazon.pl\/dp\/B0DJTYCLF6\">AMAZON CZ. 2.<\/a><\/h2>\n<div data-reactid=\"203\"><\/div>\n<div data-reactid=\"203\"><\/div>\n<div data-reactid=\"203\"><a href=\"https:\/\/ecl-pisarka.pl\/index.php\/2021\/11\/09\/walerian-i-roza-fragment-ksiazki\/\">Fragment ksi\u0105\u017cki<\/a><\/div>\n<div data-reactid=\"203\"><a href=\"https:\/\/ecl-pisarka.pl\/index.php\/kategoria-produktu\/ebook-romanse-historyczne\/walerian-i-roza\/\">Ebook Walerian i R\u00f3\u017ca<\/a><\/div>\n<div data-reactid=\"203\"><\/div>\n<h2 data-reactid=\"203\">OPIS KSI\u0104\u017bKI<\/h2>\n<div data-reactid=\"203\">Romans historyczny osadzony w wieku XIX. Hrabia Walerian Or\u0142owski jest od wielu lat jest zakochany w baron\u00f3wnie Angelice Dulskiej, kt\u00f3ra wci\u0105\u017c wodzi go za nos. Na pewnym balu, ten zakochany desperat wpada na pomys\u0142, kt\u00f3ry ma w ko\u0144cu pom\u00f3c mu obna\u017cy\u0107 uczucia ukochanej. Jego ofiar\u0105 pada panna R\u00f3\u017ca Najman, c\u00f3rka ch\u0142opskiego dorobkiewicza, znawczyni je\u017adziectwa i hodowli koni. Niechc\u0105cy Waleran zakochuje si\u0119 w R\u00f3\u017cy. Kogo wybierze Walerian? Jak potocz\u0105 si\u0119 dalej losy R\u00f3\u017cy? Jest to pierwsza cz\u0119\u015b\u0107 ksi\u0105\u017cki, pt. \u017bona Waleriana.<\/div>\n","protected":false},"featured_media":5689,"template":"","meta":[],"product_brand":[],"product_cat":[206,255],"product_tag":[253,165,160],"class_list":{"0":"post-5383","1":"product","2":"type-product","3":"status-publish","4":"has-post-thumbnail","6":"product_cat-walerian-i-roza","7":"product_cat-romans-historyczny","8":"product_tag-druk-na-zyczenie","9":"product_tag-romans-historyczny","10":"product_tag-walerian-i-roza","12":"first","13":"instock","14":"taxable","15":"shipping-taxable","16":"product-type-external"},"_links":{"self":[{"href":"https:\/\/ecl-pisarka.pl\/index.php\/wp-json\/wp\/v2\/product\/5383","targetHints":{"allow":["GET"]}}],"collection":[{"href":"https:\/\/ecl-pisarka.pl\/index.php\/wp-json\/wp\/v2\/product"}],"about":[{"href":"https:\/\/ecl-pisarka.pl\/index.php\/wp-json\/wp\/v2\/types\/product"}],"wp:featuredmedia":[{"embeddable":true,"href":"https:\/\/ecl-pisarka.pl\/index.php\/wp-json\/wp\/v2\/media\/5689"}],"wp:attachment":[{"href":"https:\/\/ecl-pisarka.pl\/index.php\/wp-json\/wp\/v2\/media?parent=5383"}],"wp:term":[{"taxonomy":"product_brand","embeddable":true,"href":"https:\/\/ecl-pisarka.pl\/index.php\/wp-json\/wp\/v2\/product_brand?post=5383"},{"taxonomy":"product_cat","embeddable":true,"href":"https:\/\/ecl-pisarka.pl\/index.php\/wp-json\/wp\/v2\/product_cat?post=5383"},{"taxonomy":"product_tag","embeddable":true,"href":"https:\/\/ecl-pisarka.pl\/index.php\/wp-json\/wp\/v2\/product_tag?post=5383"}],"curies":[{"name":"wp","href":"https:\/\/api.w.org\/{rel}","templated":true}]}}