{"id":5387,"date":"2023-04-12T14:30:16","date_gmt":"2023-04-12T13:30:16","guid":{"rendered":"https:\/\/ecl-pisarka.pl\/?post_type=product&#038;p=5387"},"modified":"2025-03-05T18:21:23","modified_gmt":"2025-03-05T17:21:23","slug":"antologia-romantyczna","status":"publish","type":"product","link":"https:\/\/ecl-pisarka.pl\/index.php\/produkt\/antologia-romantyczna\/","title":{"rendered":"Druk na \u017cyczenie * Antologia romantyczna"},"content":{"rendered":"<h2 style=\"text-align: center;\">Ewelina C. Lisowska<\/h2>\n<h1 style=\"text-align: center;\">Antologia Romantyczna<\/h1>\n<h2 style=\"text-align: center;\">Ksi\u0105\u017cka w druku na \u017cyczenie<\/h2>\n<p>&nbsp;<\/p>\n<p><img loading=\"lazy\" decoding=\"async\" class=\"alignnone wp-image-5169 size-large\" src=\"https:\/\/ecl-pisarka.pl\/wp-content\/uploads\/2023\/03\/Projekt-bez-tytulu-37-1024x1024.jpg\" alt=\"antologia romantyczna 1\" width=\"1024\" height=\"1024\" srcset=\"https:\/\/ecl-pisarka.pl\/wp-content\/uploads\/2023\/03\/Projekt-bez-tytulu-37-1024x1024.jpg 1024w, https:\/\/ecl-pisarka.pl\/wp-content\/uploads\/2023\/03\/Projekt-bez-tytulu-37-300x300.jpg 300w, https:\/\/ecl-pisarka.pl\/wp-content\/uploads\/2023\/03\/Projekt-bez-tytulu-37-150x150.jpg 150w, https:\/\/ecl-pisarka.pl\/wp-content\/uploads\/2023\/03\/Projekt-bez-tytulu-37-768x768.jpg 768w, https:\/\/ecl-pisarka.pl\/wp-content\/uploads\/2023\/03\/Projekt-bez-tytulu-37-60x60.jpg 60w, https:\/\/ecl-pisarka.pl\/wp-content\/uploads\/2023\/03\/Projekt-bez-tytulu-37-600x600.jpg 600w, https:\/\/ecl-pisarka.pl\/wp-content\/uploads\/2023\/03\/Projekt-bez-tytulu-37.jpg 1080w\" sizes=\"auto, (max-width: 1024px) 100vw, 1024px\" \/><\/p>\n","protected":false},"excerpt":{"rendered":"<p>Zbi\u00f3r romantycznych opowiada\u0144<\/p>\n<div class=\"index__meta__row___On5Fo\" data-reactid=\"172\">\n<div class=\"index__meta__left___3kKAT\" data-reactid=\"173\"><span data-reactid=\"174\">Obj\u0119to\u015b\u0107: <\/span>55\u00a0<span data-reactid=\"178\">str.<\/span><\/div>\n<\/div>\n<div class=\"index__meta__row___On5Fo\" data-reactid=\"179\">\n<div class=\"index__meta__left___3kKAT\" data-reactid=\"180\"><span data-reactid=\"181\">Blok tekstowy: <\/span><span data-reactid=\"183\">papier offsetowy 90 g\/m2, styly<\/span><\/div>\n<\/div>\n<div class=\"index__meta__row___On5Fo\" data-reactid=\"185\">\n<div class=\"index__meta__left___3kKAT\" data-reactid=\"186\"><span data-reactid=\"187\">Format: <\/span><span data-reactid=\"189\">145 \u00d7 205 mm<\/span><\/div>\n<\/div>\n<div class=\"index__meta__row___On5Fo\" data-reactid=\"190\">\n<div class=\"index__meta__left___3kKAT\" data-reactid=\"191\"><span data-reactid=\"192\">Ok\u0142adka: <\/span><span data-reactid=\"194\">mi\u0119kka<\/span><\/div>\n<\/div>\n<div class=\"index__meta__row___On5Fo\" data-reactid=\"195\">\n<div class=\"index__meta__left___3kKAT\" data-reactid=\"196\"><span data-reactid=\"197\">Rodzaj oprawy: <\/span><span data-reactid=\"199\">blok klejony<\/span><\/div>\n<\/div>\n<div class=\"index__meta__row___On5Fo\" data-reactid=\"200\">\n<div class=\"index__meta__left___3kKAT\" data-reactid=\"201\"><span data-reactid=\"202\">ISBN: <\/span>978-83-8324-781-6<\/div>\n<\/div>\n<div data-reactid=\"203\"><\/div>\n<div data-reactid=\"203\"><img loading=\"lazy\" decoding=\"async\" class=\"alignnone size-medium wp-image-5035\" src=\"https:\/\/ecl-pisarka.pl\/wp-content\/uploads\/2022\/11\/og_image-300x158.png\" alt=\"druk na \u017cyczenie kochaj mnie mimo wszystko\" width=\"300\" height=\"158\" srcset=\"https:\/\/ecl-pisarka.pl\/wp-content\/uploads\/2022\/11\/og_image-300x158.png 300w, https:\/\/ecl-pisarka.pl\/wp-content\/uploads\/2022\/11\/og_image-1024x538.png 1024w, https:\/\/ecl-pisarka.pl\/wp-content\/uploads\/2022\/11\/og_image-768x403.png 768w, https:\/\/ecl-pisarka.pl\/wp-content\/uploads\/2022\/11\/og_image-400x210.png 400w, https:\/\/ecl-pisarka.pl\/wp-content\/uploads\/2022\/11\/og_image-85x45.png 85w, https:\/\/ecl-pisarka.pl\/wp-content\/uploads\/2022\/11\/og_image.png 1200w\" sizes=\"auto, (max-width: 300px) 100vw, 300px\" \/><\/div>\n<div data-reactid=\"203\"><\/div>\n<h2 data-reactid=\"203\">OPIS KSI\u0104\u017bKI<\/h2>\n<p><strong>Antologia Romantyczna<\/strong> zawiera najlepsze fragmenty powie\u015bci Eweliny C. Lisowskiej. Znale\u017a\u0107 mo\u017cna tutaj fragmenty romans\u00f3w historycznych, wsp\u00f3\u0142czesnych, nietypowych powie\u015bci, kt\u00f3re przyci\u0105gn\u0119\u0142y uwag\u0119 recenzent\u00f3w. Zgromadzone utwory mo\u017cna czyta\u0107 jako opowiadania. Zbi\u00f3r skierowany jest do Czytelnik\u00f3w, kt\u00f3rzy pragn\u0105 przekona\u0107 si\u0119, czy warto si\u0119gn\u0105\u0107 po ksi\u0105\u017cki autorki.<\/p>\n<div data-reactid=\"203\"><\/div>\n<div data-reactid=\"203\"><\/div>\n","protected":false},"featured_media":5388,"template":"","meta":[],"product_brand":[],"product_cat":[255,252,217],"product_tag":[253,165,218],"class_list":{"0":"post-5387","1":"product","2":"type-product","3":"status-publish","4":"has-post-thumbnail","6":"product_cat-romans-historyczny","7":"product_cat-romans-wspolczesny","8":"product_cat-romanse-science-fiction","9":"product_tag-druk-na-zyczenie","10":"product_tag-romans-historyczny","11":"product_tag-romans-sf","13":"first","14":"instock","15":"taxable","16":"shipping-taxable","17":"product-type-external"},"_links":{"self":[{"href":"https:\/\/ecl-pisarka.pl\/index.php\/wp-json\/wp\/v2\/product\/5387","targetHints":{"allow":["GET"]}}],"collection":[{"href":"https:\/\/ecl-pisarka.pl\/index.php\/wp-json\/wp\/v2\/product"}],"about":[{"href":"https:\/\/ecl-pisarka.pl\/index.php\/wp-json\/wp\/v2\/types\/product"}],"wp:featuredmedia":[{"embeddable":true,"href":"https:\/\/ecl-pisarka.pl\/index.php\/wp-json\/wp\/v2\/media\/5388"}],"wp:attachment":[{"href":"https:\/\/ecl-pisarka.pl\/index.php\/wp-json\/wp\/v2\/media?parent=5387"}],"wp:term":[{"taxonomy":"product_brand","embeddable":true,"href":"https:\/\/ecl-pisarka.pl\/index.php\/wp-json\/wp\/v2\/product_brand?post=5387"},{"taxonomy":"product_cat","embeddable":true,"href":"https:\/\/ecl-pisarka.pl\/index.php\/wp-json\/wp\/v2\/product_cat?post=5387"},{"taxonomy":"product_tag","embeddable":true,"href":"https:\/\/ecl-pisarka.pl\/index.php\/wp-json\/wp\/v2\/product_tag?post=5387"}],"curies":[{"name":"wp","href":"https:\/\/api.w.org\/{rel}","templated":true}]}}