{"id":5421,"date":"2023-04-13T16:44:40","date_gmt":"2023-04-13T15:44:40","guid":{"rendered":"https:\/\/ecl-pisarka.pl\/?post_type=product&#038;p=5421"},"modified":"2025-07-16T13:51:25","modified_gmt":"2025-07-16T12:51:25","slug":"seria-wiek-niewazny-ebook-x-3","status":"publish","type":"product","link":"https:\/\/ecl-pisarka.pl\/index.php\/produkt\/seria-wiek-niewazny-ebook-x-3\/","title":{"rendered":"Seria Wiek-niewa\u017cny Ebook x 3"},"content":{"rendered":"<p style=\"text-align: center;\"><img loading=\"lazy\" decoding=\"async\" class=\"alignnone size-medium wp-image-5207 alignleft\" src=\"https:\/\/ecl-pisarka.pl\/wp-content\/uploads\/2020\/05\/Ewelina-C.Lisowska-WIEK-NIEWAZNY-1.-Szukajac-siebie-300x251.jpg\" alt=\"Ewelina C.Lisowska WIEK-NIEWA\u017bNY 1. Szukaj\u0105c siebie\" width=\"300\" height=\"251\" srcset=\"https:\/\/ecl-pisarka.pl\/wp-content\/uploads\/2020\/05\/Ewelina-C.Lisowska-WIEK-NIEWAZNY-1.-Szukajac-siebie-300x251.jpg 300w, https:\/\/ecl-pisarka.pl\/wp-content\/uploads\/2020\/05\/Ewelina-C.Lisowska-WIEK-NIEWAZNY-1.-Szukajac-siebie-768x644.jpg 768w, https:\/\/ecl-pisarka.pl\/wp-content\/uploads\/2020\/05\/Ewelina-C.Lisowska-WIEK-NIEWAZNY-1.-Szukajac-siebie-72x60.jpg 72w, https:\/\/ecl-pisarka.pl\/wp-content\/uploads\/2020\/05\/Ewelina-C.Lisowska-WIEK-NIEWAZNY-1.-Szukajac-siebie-600x503.jpg 600w, https:\/\/ecl-pisarka.pl\/wp-content\/uploads\/2020\/05\/Ewelina-C.Lisowska-WIEK-NIEWAZNY-1.-Szukajac-siebie.jpg 940w\" sizes=\"auto, (max-width: 300px) 100vw, 300px\" \/><\/p>\n<p>&nbsp;<\/p>\n<p>&nbsp;<\/p>\n<p>&nbsp;<\/p>\n<p><img loading=\"lazy\" decoding=\"async\" class=\"alignnone size-medium wp-image-5205\" src=\"https:\/\/ecl-pisarka.pl\/wp-content\/uploads\/2020\/05\/Ewelina-C.Lisowska-WIEK-NIEWAZNY-cz.-2.-Powroty-300x251.jpg\" alt=\"Ewelina C.Lisowska WIEK-NIEWA\u017bNY cz. 2. Powroty\" width=\"300\" height=\"251\" srcset=\"https:\/\/ecl-pisarka.pl\/wp-content\/uploads\/2020\/05\/Ewelina-C.Lisowska-WIEK-NIEWAZNY-cz.-2.-Powroty-300x251.jpg 300w, https:\/\/ecl-pisarka.pl\/wp-content\/uploads\/2020\/05\/Ewelina-C.Lisowska-WIEK-NIEWAZNY-cz.-2.-Powroty-768x644.jpg 768w, https:\/\/ecl-pisarka.pl\/wp-content\/uploads\/2020\/05\/Ewelina-C.Lisowska-WIEK-NIEWAZNY-cz.-2.-Powroty-72x60.jpg 72w, https:\/\/ecl-pisarka.pl\/wp-content\/uploads\/2020\/05\/Ewelina-C.Lisowska-WIEK-NIEWAZNY-cz.-2.-Powroty-600x503.jpg 600w, https:\/\/ecl-pisarka.pl\/wp-content\/uploads\/2020\/05\/Ewelina-C.Lisowska-WIEK-NIEWAZNY-cz.-2.-Powroty.jpg 940w\" sizes=\"auto, (max-width: 300px) 100vw, 300px\" \/><img loading=\"lazy\" decoding=\"async\" class=\"alignnone size-medium wp-image-5191\" src=\"https:\/\/ecl-pisarka.pl\/wp-content\/uploads\/2023\/03\/Ewelina-C.Lisowska-WIEK-NIEWAZNY-3.-Kochaj-mnie-mimo-wszystko-300x251.jpg\" alt=\"Ewelina C.Lisowska WIEK-NIEWA\u017bNY 3. Kochaj mnie mimo wszystko\" width=\"300\" height=\"251\" srcset=\"https:\/\/ecl-pisarka.pl\/wp-content\/uploads\/2023\/03\/Ewelina-C.Lisowska-WIEK-NIEWAZNY-3.-Kochaj-mnie-mimo-wszystko-300x251.jpg 300w, https:\/\/ecl-pisarka.pl\/wp-content\/uploads\/2023\/03\/Ewelina-C.Lisowska-WIEK-NIEWAZNY-3.-Kochaj-mnie-mimo-wszystko-768x644.jpg 768w, https:\/\/ecl-pisarka.pl\/wp-content\/uploads\/2023\/03\/Ewelina-C.Lisowska-WIEK-NIEWAZNY-3.-Kochaj-mnie-mimo-wszystko-72x60.jpg 72w, https:\/\/ecl-pisarka.pl\/wp-content\/uploads\/2023\/03\/Ewelina-C.Lisowska-WIEK-NIEWAZNY-3.-Kochaj-mnie-mimo-wszystko-600x503.jpg 600w, https:\/\/ecl-pisarka.pl\/wp-content\/uploads\/2023\/03\/Ewelina-C.Lisowska-WIEK-NIEWAZNY-3.-Kochaj-mnie-mimo-wszystko.jpg 940w\" sizes=\"auto, (max-width: 300px) 100vw, 300px\" \/><\/p>\n","protected":false},"excerpt":{"rendered":"<h1 style=\"text-align: center;\">Seria Wiek-niewa\u017cny<\/h1>\n<p style=\"text-align: center;\"><strong>Trzy ebook romanse w korzystniejszej cenie<\/strong><\/p>\n<h2 style=\"text-align: center;\">Szukaj\u0105c siebie + Powroty + Kochaj mnie mimo wszystko<\/h2>\n<h2 style=\"text-align: center;\">WA\u017bNE!!!<\/h2>\n<p style=\"text-align: center;\"><strong>Podczas sk\u0142adania zam\u00f3wienia w tabelce UWAGI DO ZAM\u00d3WIENIA nale\u017cy poda\u0107 format ebooka (PDF, Mobi lub EPUB)<\/strong><\/p>\n<p>&nbsp;<\/p>\n<h3><a href=\"https:\/\/ecl-pisarka.pl\/index.php\/kategoria-produktu\/ebook-romanse-wspolczesne\/wiek-niewazny-1-szukajac-siebie\/\">WIEK-NIEWA\u017bNY 1. Szukaj\u0105c siebie<\/a><\/h3>\n<p>Czy\u00a0istnieje szansa na\u00a0szcz\u0119\u015bliwy zwi\u0105zek z\u00a0kobiet\u0105 chor\u0105 na\u00a0nawracaj\u0105c\u0105 depresj\u0119? O\u00a0tym przekona\u00a0si\u0119 g\u0142\u00f3wny bohater romansu wsp\u00f3\u0142czesnego\u00a0\u2014 Dariusz Zi\u0119ba. Darek jako m\u0119\u017cczyzna wra\u017cliwy, zdaje sobie spraw\u0119 z\u00a0ryzyka, kt\u00f3re b\u0119dzie musia\u0142 ponie\u015b\u0107, pakuj\u0105c\u00a0si\u0119 w\u00a0zwi\u0105zek z\u00a0Katarzyn\u0105. Wra\u017cliwa, zraniona, samotna trzydziestolatka ma na\u00a0swoim koncie wiele nieszcz\u0119\u015bliwych mi\u0142ostek. Kobieta nie\u00a0wierzy ju\u017c\u00a0w\u00a0to, \u017ce\u00a0ktokolwiek m\u00f3g\u0142by j\u0105 pokocha\u0107, a\u00a0ju\u017c\u00a0na\u00a0pewno nie\u00a0m\u0119\u017cczyzna, w\u00a0kt\u00f3rym\u00a0si\u0119 zakocha\u0142a.<\/p>\n<p>&nbsp;<\/p>\n<h3><a href=\"https:\/\/ecl-pisarka.pl\/index.php\/kategoria-produktu\/ebook-romanse-wspolczesne\/wiek-niewazny-2-powroty\/\">WIEK-NIEWA\u017bNY 2. Powroty<\/a><\/h3>\n<p>W\u00a0\u017cyciu Kasi zn\u00f3w pojawia\u00a0si\u0119 Dariusz\u00a0\u2014 spotykaj\u0105\u00a0si\u0119 ca\u0142kiem przypadkiem. M\u0119\u017cczyzna postanawia odzyska\u0107 uczucia ukochanej, lecz ona go odrzuca. Jej egzystencja odzyskuje sens, gdy\u00a0pewnego dnia u\u00a0bram dworku Solskich pojawia\u00a0si\u0119 bezdomny w\u0142\u00f3cz\u0119ga, kt\u00f3rym to\u00a0m\u0142oda kobieta postanawia\u00a0si\u0119 zaopiekowa\u0107. Biedak zamieszkuje w\u00a0schowku pod\u00a0oran\u017ceri\u0105. Kasia zaprzyja\u017ania\u00a0si\u0119 z\u00a0nim, lecz z\u00a0czasem mi\u0119dzy tymi dwojgiem zaczyna dzia\u0107\u00a0si\u0119 co\u015b niespodziewanego. Czy\u017cby to\u00a0mi\u0142o\u015b\u0107?<\/p>\n<p>&nbsp;<\/p>\n<h3><a href=\"https:\/\/ecl-pisarka.pl\/index.php\/kategoria-produktu\/ebook-romanse-wspolczesne\/wiek-niewazny3kochaj-mnie-mimo-wszystko\/\">WIEK-NIEWA\u017bNY 3. Kochaj mnie mimo wszystko<\/a><\/h3>\n<p>KOCHAJ MNIE MIMO WSZYSTKO to\u00a0trzecia cz\u0119\u015b\u0107 serii WIEK-NIEWA\u017bNY. Kasia i\u00a0Darek b\u0119d\u0105 tym razem ukrywali przed sob\u0105 wa\u017cne sprawy, kt\u00f3re b\u0119d\u0105 mia\u0142y wp\u0142yw na\u00a0ich zwi\u0105zek. A\u00a0w\u00a0tle pojawi walka z\u00a0chorob\u0105 (endometrioza), szanta\u017c oraz wsp\u00f3lna walka o\u00a0mi\u0142o\u015b\u0107. Czy\u00a0Darek porzuci Kasi\u0119, gdy\u00a0oka\u017ce\u00a0si\u0119, \u017ce\u00a0nie\u00a0mo\u017ce ona mie\u0107 dzieci?<\/p>\n<p style=\"text-align: center;\">\n","protected":false},"featured_media":5422,"template":"","meta":[],"product_brand":[],"product_cat":[252,47,258,207,208,244],"product_tag":[50,259,166,163],"class_list":{"0":"post-5421","1":"product","2":"type-product","3":"status-publish","4":"has-post-thumbnail","6":"product_cat-romans-wspolczesny","7":"product_cat-ebooki","8":"product_cat-pakiet","9":"product_cat-wiek-niewazny-1-szukajac-siebie","10":"product_cat-wiek-niewazny-2-powroty","11":"product_cat-wiek-niewazny3kochaj-mnie-mimo-wszystko","12":"product_tag-ebook","13":"product_tag-pakiet","14":"product_tag-romans-wspolczesny","15":"product_tag-wiek-niewazny","17":"first","18":"instock","19":"sale","20":"taxable","21":"shipping-taxable","22":"purchasable","23":"product-type-simple"},"_links":{"self":[{"href":"https:\/\/ecl-pisarka.pl\/index.php\/wp-json\/wp\/v2\/product\/5421","targetHints":{"allow":["GET"]}}],"collection":[{"href":"https:\/\/ecl-pisarka.pl\/index.php\/wp-json\/wp\/v2\/product"}],"about":[{"href":"https:\/\/ecl-pisarka.pl\/index.php\/wp-json\/wp\/v2\/types\/product"}],"wp:featuredmedia":[{"embeddable":true,"href":"https:\/\/ecl-pisarka.pl\/index.php\/wp-json\/wp\/v2\/media\/5422"}],"wp:attachment":[{"href":"https:\/\/ecl-pisarka.pl\/index.php\/wp-json\/wp\/v2\/media?parent=5421"}],"wp:term":[{"taxonomy":"product_brand","embeddable":true,"href":"https:\/\/ecl-pisarka.pl\/index.php\/wp-json\/wp\/v2\/product_brand?post=5421"},{"taxonomy":"product_cat","embeddable":true,"href":"https:\/\/ecl-pisarka.pl\/index.php\/wp-json\/wp\/v2\/product_cat?post=5421"},{"taxonomy":"product_tag","embeddable":true,"href":"https:\/\/ecl-pisarka.pl\/index.php\/wp-json\/wp\/v2\/product_tag?post=5421"}],"curies":[{"name":"wp","href":"https:\/\/api.w.org\/{rel}","templated":true}]}}