{"id":5621,"date":"2023-07-12T15:56:52","date_gmt":"2023-07-12T14:56:52","guid":{"rendered":"https:\/\/ecl-pisarka.pl\/?post_type=product&#038;p=5621"},"modified":"2024-12-10T16:23:27","modified_gmt":"2024-12-10T15:23:27","slug":"ewelina-c-lisowska-guard-druk","status":"publish","type":"product","link":"https:\/\/ecl-pisarka.pl\/index.php\/produkt\/ewelina-c-lisowska-guard-druk\/","title":{"rendered":"Ewelina C Lisowska GUARD druk na \u017cyczenie"},"content":{"rendered":"<h2 style=\"text-align: center;\">Ewelina C Lisowska<\/h2>\n<h1 style=\"text-align: center;\">GUARD<\/h1>\n<h3 style=\"text-align: center;\">Druk na \u017cyczenie<\/h3>\n<p>&nbsp;<\/p>\n<p><img loading=\"lazy\" decoding=\"async\" class=\"wp-image-5625 size-full\" src=\"https:\/\/ecl-pisarka.pl\/wp-content\/uploads\/2023\/07\/Guard-cytat-2.jpg\" alt=\"guard druk na \u017cyczenie\" width=\"1024\" height=\"512\" srcset=\"https:\/\/ecl-pisarka.pl\/wp-content\/uploads\/2023\/07\/Guard-cytat-2.jpg 1024w, https:\/\/ecl-pisarka.pl\/wp-content\/uploads\/2023\/07\/Guard-cytat-2-300x150.jpg 300w, https:\/\/ecl-pisarka.pl\/wp-content\/uploads\/2023\/07\/Guard-cytat-2-768x384.jpg 768w, https:\/\/ecl-pisarka.pl\/wp-content\/uploads\/2023\/07\/Guard-cytat-2-120x60.jpg 120w, https:\/\/ecl-pisarka.pl\/wp-content\/uploads\/2023\/07\/Guard-cytat-2-600x300.jpg 600w\" sizes=\"auto, (max-width: 1024px) 100vw, 1024px\" \/><\/p>\n<p>Wi\u0119cej na temat tego romansu przeczytasz na blogu -&gt; GUARD<\/p>\n","protected":false},"excerpt":{"rendered":"<p><strong>Ewelina C. Lisowska<\/strong><\/p>\n<p><strong>GUARD<\/strong><\/p>\n<p><strong>Wydawnictwo Romanse<\/strong><\/p>\n<p><strong>Romans science-fiction<\/strong><\/p>\n<p><strong>Data premiery: 15.08. 2023<\/strong><\/p>\n<p><strong>Wydanie 1.<\/strong><\/p>\n<p>&nbsp;<\/p>\n<p>DRUK NA \u017bYCZENIE<\/p>\n<h2><a href=\"https:\/\/ridero.eu\/pl\/books\/guard\/\">RIDERO<\/a><\/h2>\n<h2><a href=\"https:\/\/www.amazon.pl\/dp\/B0DJLHPD2K\">AMAZON<\/a><\/h2>\n<p>&nbsp;<\/p>\n<h3>ZOBACZ TAK\u017bE<\/h3>\n<p><a href=\"https:\/\/ecl-pisarka.pl\/index.php\/produkt\/ewelina-c-lisowska-guard-mobi\/\">GUARD Mobi<\/a><\/p>\n<p><a href=\"https:\/\/ecl-pisarka.pl\/index.php\/produkt\/ewelina-c-lisowska-guard-pdf\/\">GUARD PDF<\/a><\/p>\n<p><a href=\"https:\/\/ecl-pisarka.pl\/index.php\/produkt\/ewelina-c-lisowska-guard-epub\/\">GUARD EPUB<\/a><\/p>\n<p><a href=\"https:\/\/ecl-pisarka.pl\/index.php\/2023\/08\/02\/guard-fragment-ksiazki\/\">Przeczytaj fragment ksi\u0105\u017cki<\/a><\/p>\n<p><a href=\"https:\/\/www.youtube.com\/watch?v=SmUf5alhcpE&amp;list=PL-Wfhy80J6IkSGXNFAGVvO7qTWQZD2qfD&amp;index=2\">Pos\u0142uchaj fragmentu ksi\u0105\u017cki<\/a><\/p>\n<p>&nbsp;<\/p>\n<h2 style=\"text-align: center;\">GUARD opis fabu\u0142y<\/h2>\n<p>Jest rok 2122. Ziemi\u0119 opanowa\u0142y \u017c\u0105dne krwi potwory. Ratunek nadchodzi z planety Sedne, z kt\u00f3rej przybywaj\u0105 kosmiczni \u017co\u0142nierze: guardowie. Guard to po\u0142\u0105czenie \u017cywej istoty z robotem, \u017co\u0142nierz idealny, ca\u0142kowicie podporz\u0105dkowany swoim prze\u0142o\u017conym. Nie wolno mu kocha\u0107, a wyjawienie mu s\u0142\u00f3w z zakazanej listy grozi wi\u0119zieniem. Kiedy do jednej z ziemskich baz, kt\u00f3r\u0105 okazuje si\u0119 dom niejakiej Elliny Wolski, przybywa ZOX (guard), \u017cycie dziewczyny wywraca si\u0119 do g\u00f3ry nogami. ZOX jest dla niej postrachem, unika go za wszelk\u0105 cen\u0119. Wkr\u00f3tce jednak przekonuje si\u0119, \u017ce nie jest taki z\u0142y. Pewnego dnia ZOX zmusza Ellin\u0119 do wyjawienia s\u0142\u00f3w z zakazanej listy i tych dwoje zaprzyja\u017ania si\u0119 z sob\u0105. A przyja\u017a\u0144 przybiera kszta\u0142t\u00f3w mi\u0142o\u015bci. Problem w tym, \u017ce guardowi mo\u017cna w ka\u017cdej chwili wykasowa\u0107 pami\u0119\u0107. Na drodze Elliny i ZOXa stanie wiele przeszk\u00f3d. Spodziewajcie si\u0119 szybkiej akcji, burzy emocji, kosmicznych pojedynk\u00f3w i podr\u00f3\u017cy na inn\u0105 planet\u0119. Pami\u0119tajcie tylko, \u017ce Jemu nie wolno kocha\u0107, a ona po\u015bwi\u0119ci dla niego wszystko.<\/p>\n<p>&nbsp;<\/p>\n<h2>Kilka s\u0142\u00f3w od autorki<\/h2>\n<p><em>&#8222;Powie\u015b\u0107 powstawa\u0142a w moich my\u015blach od kilkunastu lat. Dopiero dwa lata temu zdecydowa\u0142am si\u0119 na powa\u017cnie, \u017ceby stworzy\u0107 pe\u0142n\u0105, rozbudowan\u0105 fabu\u0142\u0119. To chyba jedna z natrudniejszych powie\u015bci, jakie przysz\u0142o mi pisa\u0107. Zadba\u0142am jednak, aby by\u0142a dopi\u0119ta na ostatni guzik. G\u0142\u00f3wn\u0105 bohaterk\u0105\u00a0 jest 20-letnia Ellina Wolski, kt\u00f3ra opowiada nam histori\u0119 wojny z phantomami i swojej mi\u0142o\u015bci do guarda. Ta wra\u017cliwa i krucha istotka odegra powa\u017cn\u0105 rol\u0119 w dziejach \u015bwiata i wzbudzi mi\u0142o\u015b\u0107 w sercach istot, kt\u00f3re nie potriafi\u0105 kocha\u0107. Ellina zrobi wszystko, aby m\u00f3c by\u0107 z Ukochanym ZOXem, z tym, \u017ce poniesie za to tak\u017ce konsekwencje. Temat zakazanej mi\u0142o\u015bci pojawia\u0142 si\u0119 ju\u017c raz w historii mojej tw\u00f3rczo\u015bci. Mowa tutaj o SUBSTYTUTACH MI\u0141O\u015aCI, o kt\u00f3rych my\u015bl\u0119 z sentymentem, jako \u017ce by\u0142a to moja debiutancka powie\u015b\u0107. GUARD ko\u0144czy i rozpoczyna pewien\u00a0 etap w moim \u017cyciu &#8211; zamykam w\u0142a\u015bnie pierwsz\u0105 dziesi\u0105tk\u0119 publikacji. Za mn\u0105 owocny rok, przede mn\u0105 d\u0142ugie lata pisania :)&#8221;<\/em><\/p>\n<p>&nbsp;<\/p>\n","protected":false},"featured_media":5622,"template":"","meta":[],"product_brand":[],"product_cat":[264,217],"product_tag":[253,161,263,218],"class_list":{"0":"post-5621","1":"product","2":"type-product","3":"status-publish","4":"has-post-thumbnail","6":"product_cat-guard","7":"product_cat-romanse-science-fiction","8":"product_tag-druk-na-zyczenie","9":"product_tag-ewelina-c-lisowska","10":"product_tag-guard","11":"product_tag-romans-sf","13":"first","14":"instock","15":"taxable","16":"shipping-taxable","17":"product-type-external"},"_links":{"self":[{"href":"https:\/\/ecl-pisarka.pl\/index.php\/wp-json\/wp\/v2\/product\/5621","targetHints":{"allow":["GET"]}}],"collection":[{"href":"https:\/\/ecl-pisarka.pl\/index.php\/wp-json\/wp\/v2\/product"}],"about":[{"href":"https:\/\/ecl-pisarka.pl\/index.php\/wp-json\/wp\/v2\/types\/product"}],"wp:featuredmedia":[{"embeddable":true,"href":"https:\/\/ecl-pisarka.pl\/index.php\/wp-json\/wp\/v2\/media\/5622"}],"wp:attachment":[{"href":"https:\/\/ecl-pisarka.pl\/index.php\/wp-json\/wp\/v2\/media?parent=5621"}],"wp:term":[{"taxonomy":"product_brand","embeddable":true,"href":"https:\/\/ecl-pisarka.pl\/index.php\/wp-json\/wp\/v2\/product_brand?post=5621"},{"taxonomy":"product_cat","embeddable":true,"href":"https:\/\/ecl-pisarka.pl\/index.php\/wp-json\/wp\/v2\/product_cat?post=5621"},{"taxonomy":"product_tag","embeddable":true,"href":"https:\/\/ecl-pisarka.pl\/index.php\/wp-json\/wp\/v2\/product_tag?post=5621"}],"curies":[{"name":"wp","href":"https:\/\/api.w.org\/{rel}","templated":true}]}}