{"id":5807,"date":"2023-11-03T12:24:53","date_gmt":"2023-11-03T11:24:53","guid":{"rendered":"https:\/\/ecl-pisarka.pl\/?post_type=product&#038;p=5807"},"modified":"2024-12-10T16:21:54","modified_gmt":"2024-12-10T15:21:54","slug":"49-westchnien-teci-ksiazka","status":"publish","type":"product","link":"https:\/\/ecl-pisarka.pl\/index.php\/produkt\/49-westchnien-teci-ksiazka\/","title":{"rendered":"Ewelina C Lisowska 49 WESTCHNIE\u0143 TECI Druk na \u017cyczenie"},"content":{"rendered":"<h2 style=\"text-align: center;\">Ewelina C Lisowska<\/h2>\n<h1 style=\"text-align: center;\">49 WESTCHNIE\u0143 TECI<\/h1>\n<h2 style=\"text-align: center;\">Druk na \u017cyczenie<\/h2>\n<figure id=\"attachment_5885\" aria-describedby=\"caption-attachment-5885\" style=\"width: 1640px\" class=\"wp-caption alignnone\"><img loading=\"lazy\" decoding=\"async\" class=\"wp-image-5885 size-full\" src=\"https:\/\/ecl-pisarka.pl\/wp-content\/uploads\/2023\/11\/8-2.jpg\" alt=\"Ewelina C. Lisowska 49 WESTCHNIE\u0143 TECI ksi\u0105\u017cka\" width=\"1640\" height=\"924\" srcset=\"https:\/\/ecl-pisarka.pl\/wp-content\/uploads\/2023\/11\/8-2.jpg 1640w, https:\/\/ecl-pisarka.pl\/wp-content\/uploads\/2023\/11\/8-2-300x169.jpg 300w, https:\/\/ecl-pisarka.pl\/wp-content\/uploads\/2023\/11\/8-2-1024x577.jpg 1024w, https:\/\/ecl-pisarka.pl\/wp-content\/uploads\/2023\/11\/8-2-768x433.jpg 768w, https:\/\/ecl-pisarka.pl\/wp-content\/uploads\/2023\/11\/8-2-1536x865.jpg 1536w, https:\/\/ecl-pisarka.pl\/wp-content\/uploads\/2023\/11\/8-2-106x60.jpg 106w, https:\/\/ecl-pisarka.pl\/wp-content\/uploads\/2023\/11\/8-2-600x338.jpg 600w\" sizes=\"auto, (max-width: 1640px) 100vw, 1640px\" \/><figcaption id=\"caption-attachment-5885\" class=\"wp-caption-text\">Ewelina C. Lisowska 49 WESTCHNIE\u0143 TECI ksi\u0105\u017cka<\/figcaption><\/figure>\n","protected":false},"excerpt":{"rendered":"<p><strong>Ewelina C. Lisowska<\/strong><\/p>\n<p><strong>49 WESTCHNIE\u0143 TECI<\/strong><\/p>\n<p><strong>Wydawnictwo Romanse<\/strong><\/p>\n<p><strong>Komedia romantyczna<\/strong><\/p>\n<p><strong>Data premiery 04.12.2023<\/strong><\/p>\n<p>&nbsp;<\/p>\n<p>DRUK NA \u017bYCZENIE<\/p>\n<h2><a href=\"https:\/\/www.empik.com\/49-westchnien-teci-ewelina-c-lisowska,p1507371770,ksiazka-p\">EMPIK<\/a><\/h2>\n<h2><a href=\"https:\/\/ridero.eu\/pl\/books\/49_westchnien_teci\/\">RIDERO<\/a><\/h2>\n<h2><a href=\"https:\/\/www.amazon.pl\/dp\/B0DJF2GF8V\">AMAZON<\/a><\/h2>\n<p>&nbsp;<\/p>\n<h3>ZOBACZ TAK\u017bE:<\/h3>\n<p><a href=\"https:\/\/ecl-pisarka.pl\/index.php\/produkt\/c-lisowska-49-westchnien-teci-pdf\/\">Ebook PDF<\/a><\/p>\n<p><a href=\"https:\/\/ecl-pisarka.pl\/index.php\/produkt\/49-westchnien-teci-mobi\/\">Ebook Mobi<\/a><\/p>\n<p><a href=\"https:\/\/ecl-pisarka.pl\/index.php\/produkt\/49-westchnien-teci-epub\/\">Ebook EPUB<\/a><\/p>\n<p><a href=\"https:\/\/ecl-pisarka.pl\/index.php\/2023\/11\/17\/49westchnien-teci-fragment\/\">Przeczytaj fragment<\/a><\/p>\n<p><a href=\"https:\/\/www.youtube.com\/watch?v=-pS67RaV41Y&amp;list=PL-Wfhy80J6IkSGXNFAGVvO7qTWQZD2qfD&amp;index=1&amp;t=7s\">Pos\u0142uchaj fragmentu ksi\u0105\u017cki<\/a><\/p>\n<h2 style=\"text-align: center;\">49 WESTCHNIE\u0143 TECI opis fabu\u0142y<\/h2>\n<p>Tekla (25 lat) od lat jest zakochana w Arkadym Kami\u0144skim (35 lat), szefie swojego ojca. Pewnego dnia tatko za\u0142atwia jej sta\u017c w biurze Kami\u0144skiego i Tecia zostaje jego asystentk\u0105. On pocz\u0105tkowo traktuje j\u0105 jak dziecko, aby pewnego dnia odkry\u0107, \u017ce ta wielbicielka r\u00f3\u017cu i s\u0142odkich ciasteczek \u017cywi do niego p\u0142omienne uczucia. Ale Arkady to nie jest typowy Grey z \u201e50-ciu twrzy Greya\u201d E. L. James ani g\u0142\u00f3wny bohater \u201eDotyku Crossa\u201d Sylvii Day. \u201e49 westchnie\u0144 Teci\u201d to komedia z pechem w tle, okraszona gwa\u0142townymi poca\u0142unkami i scenami napisanymi na przek\u00f3r stereotypom. \u017bycie to nie komedia romantyczna, ale Ty to sprawd\u017a!<\/p>\n<p><em>\u201eJe\u015bli masz zamiar przeczyta\u0107 t\u0105 ksi\u0105\u017ck\u0119 od deski do deski, zabierz z sob\u0105 spor\u0105 doz\u0119 dystansu, fantazji i lekkiego my\u015blenia.\u201d <\/em>Przygotuj si\u0119 na spor\u0105 dawk\u0119 s\u0142owotw\u00f3rstwa i oryginalnych pomys\u0142\u00f3w Teci. Zapraszamy na spor\u0105 ilo\u015b\u0107 s\u0142odko\u015bci, doprawian\u0105 z lekka pieprzem i sol\u0105.<\/p>\n<p>PS: czy Tobie Tekla tak\u017ce kojarzy si\u0119 z paj\u0119czyc\u0105 lub brzydk\u0105 sekretark\u0105 szefa? \ud83d\ude42 Je\u015bli tak, ta ksi\u0105\u017cka wykorzeni z Ciebie ten \u015bmieszny stereotyp!<\/p>\n<p>&nbsp;<\/p>\n<p>&nbsp;<\/p>\n","protected":false},"featured_media":5808,"template":"","meta":[],"product_brand":[],"product_cat":[273,274],"product_tag":[270,253,271,173],"class_list":{"0":"post-5807","1":"product","2":"type-product","3":"status-publish","4":"has-post-thumbnail","6":"product_cat-komedia-romantyczna","7":"product_cat-49-westchnien-teci","8":"product_tag-49-westchnien-teci","9":"product_tag-druk-na-zyczenie","10":"product_tag-komedia-romantyczna","11":"product_tag-ksiazka-drukowana","13":"first","14":"instock","15":"taxable","16":"shipping-taxable","17":"product-type-external"},"_links":{"self":[{"href":"https:\/\/ecl-pisarka.pl\/index.php\/wp-json\/wp\/v2\/product\/5807","targetHints":{"allow":["GET"]}}],"collection":[{"href":"https:\/\/ecl-pisarka.pl\/index.php\/wp-json\/wp\/v2\/product"}],"about":[{"href":"https:\/\/ecl-pisarka.pl\/index.php\/wp-json\/wp\/v2\/types\/product"}],"wp:featuredmedia":[{"embeddable":true,"href":"https:\/\/ecl-pisarka.pl\/index.php\/wp-json\/wp\/v2\/media\/5808"}],"wp:attachment":[{"href":"https:\/\/ecl-pisarka.pl\/index.php\/wp-json\/wp\/v2\/media?parent=5807"}],"wp:term":[{"taxonomy":"product_brand","embeddable":true,"href":"https:\/\/ecl-pisarka.pl\/index.php\/wp-json\/wp\/v2\/product_brand?post=5807"},{"taxonomy":"product_cat","embeddable":true,"href":"https:\/\/ecl-pisarka.pl\/index.php\/wp-json\/wp\/v2\/product_cat?post=5807"},{"taxonomy":"product_tag","embeddable":true,"href":"https:\/\/ecl-pisarka.pl\/index.php\/wp-json\/wp\/v2\/product_tag?post=5807"}],"curies":[{"name":"wp","href":"https:\/\/api.w.org\/{rel}","templated":true}]}}