{"id":6067,"date":"2024-02-05T18:02:02","date_gmt":"2024-02-05T17:02:02","guid":{"rendered":"https:\/\/ecl-pisarka.pl\/?post_type=product&#038;p=6067"},"modified":"2024-03-04T14:25:56","modified_gmt":"2024-03-04T13:25:56","slug":"narzeczona-bez-zobowiazan-mobi","status":"publish","type":"product","link":"https:\/\/ecl-pisarka.pl\/index.php\/produkt\/narzeczona-bez-zobowiazan-mobi\/","title":{"rendered":"Ewelina C Lisowska NARZECZONA BEZ ZOBOWI\u0104ZA\u0143 Mobi"},"content":{"rendered":"<h2 style=\"text-align: center;\">Ewelina C Lisowska<\/h2>\n<h1 style=\"text-align: center;\">NARZECZONA BEZ ZOBOWI\u0104ZA\u0143<\/h1>\n<h2 style=\"text-align: center;\">Mobi<\/h2>\n<p>&nbsp;<\/p>\n<figure id=\"attachment_6068\" aria-describedby=\"caption-attachment-6068\" style=\"width: 1640px\" class=\"wp-caption alignnone\"><img loading=\"lazy\" decoding=\"async\" class=\"wp-image-6068 size-full\" src=\"https:\/\/ecl-pisarka.pl\/wp-content\/uploads\/2024\/02\/1.jpg\" alt=\"Ewelina C Lisowska NARZECZONA BEZ ZOBOWI\u0104ZA\u0143 ebook mobi\" width=\"1640\" height=\"924\" srcset=\"https:\/\/ecl-pisarka.pl\/wp-content\/uploads\/2024\/02\/1.jpg 1640w, https:\/\/ecl-pisarka.pl\/wp-content\/uploads\/2024\/02\/1-300x169.jpg 300w, https:\/\/ecl-pisarka.pl\/wp-content\/uploads\/2024\/02\/1-1024x577.jpg 1024w, https:\/\/ecl-pisarka.pl\/wp-content\/uploads\/2024\/02\/1-768x433.jpg 768w, https:\/\/ecl-pisarka.pl\/wp-content\/uploads\/2024\/02\/1-1536x865.jpg 1536w, https:\/\/ecl-pisarka.pl\/wp-content\/uploads\/2024\/02\/1-106x60.jpg 106w, https:\/\/ecl-pisarka.pl\/wp-content\/uploads\/2024\/02\/1-600x338.jpg 600w\" sizes=\"auto, (max-width: 1640px) 100vw, 1640px\" \/><figcaption id=\"caption-attachment-6068\" class=\"wp-caption-text\">Ewelina C. Lisowska NARZECZONA BEZ ZOBOWI\u0104ZA\u0143 ebook Mobi<\/figcaption><\/figure>\n","protected":false},"excerpt":{"rendered":"<p><strong>Ewelina C Lisowska<\/strong><\/p>\n<p><strong>NARZECZONA BEZ ZOBOWI\u0104ZA\u0143<\/strong><\/p>\n<p><strong>Wydawnictwo Romanse<\/strong><\/p>\n<p><strong>romans historyczny, 2. po\u0142. XIX wieku<\/strong><\/p>\n<p><strong>Data premiery: 27.03.2024<\/strong><\/p>\n<p>&nbsp;<\/p>\n<h3>ZOBACZ TAK\u017bE:<\/h3>\n<p><a href=\"https:\/\/ecl-pisarka.pl\/index.php\/produkt\/narzeczona-bez-zobowiazan-epub\/\">Ebook EPUB<\/a><\/p>\n<p><a href=\"https:\/\/ecl-pisarka.pl\/index.php\/produkt\/narzeczona-bez-zobowiazan-pdf\/\">Ebook PDF<\/a><\/p>\n<p><a href=\"https:\/\/ecl-pisarka.pl\/index.php\/produkt\/narzeczona-bez-zobowiazan-druk\/\">Druka na \u017cyczenie<\/a><\/p>\n<p>Przeczytaj fragment<\/p>\n<p>Pos\u0142uchaj fragmentu ksi\u0105\u017cki<\/p>\n<p>&nbsp;<\/p>\n<h1>NARZECZONA BEZ ZOBOWI\u0104ZA\u0143 opis fabu\u0142y<\/h1>\n<p><em>\u00a0\u201eOn skrywa koszmarn\u0105 tajemnic\u0119. Ona musi zosta\u0107 jego narzeczon\u0105.\u201d<\/em><\/p>\n<p>Romans historyczny osadzony w drugiej po\u0142owie XIX wieku.<\/p>\n<p>Kiedy starsza dama, hrabina Waleria Milecka, widzi po raz pierwszy przy swoim \u0142\u00f3\u017cku now\u0105 dam\u0119 do towarzystwa (20 lat), a obok niej swojego 35-letniego siostrze\u0144ca, postanawia ich z sob\u0105 zeswata\u0107. On \u2013 wycofany, zamkni\u0119ty w sobie, prze\u017cy\u0142 piek\u0142o niesprawiedliwego os\u0105du. Ona \u2013 20-letnia panienka, c\u00f3rka alkoholika, zbyt biedna, aby zosta\u0107 czyj\u0105\u015b \u017con\u0105. Rodz\u0105ca si\u0119 mi\u0119dzy nimi sympatia nie jest jednak wzajemn\u0105, z czego Milecka zdaje sobie spraw\u0119. Niebawem wydobywa z siostrze\u0144ca wyznania, \u017ce zakocha\u0142 si\u0119 w Elenie. A kiedy ojciec Eleny chce sprzeda\u0107 j\u0105 pewnemu baronowi, Dalebor rusza jej na pomoc i przywozi do cioci, aby si\u0119 ni\u0105 raz na zawsze zaopiekowa\u0107. Dziewczyna niebawem staje si\u0119 jego narzeczon\u0105 bez zobowi\u0105za\u0144. Obj\u0119ta opiek\u0105 zakochanego m\u0119\u017cczyzny, porzucona przez rodzin\u0119, brnie w ten uk\u0142ad, wiedz\u0105c, \u017ce hrabia niczego w nim nie zyska. Dziewczyna ma w ka\u017cdej chwili prawo zerwa\u0107 zar\u0119czyny i wzi\u0105\u0107 \u015blub z innym m\u0119\u017cczyzn\u0105. Dalebor szybko przekonuje si\u0119, \u017ce uk\u0142ad w kt\u00f3ry sam si\u0119 wpakowa\u0142, przyniesie mu wi\u0119cej b\u00f3lu ni\u017c rado\u015bci&#8230;<\/p>\n<p>\u201eNarzeczona bez zobowi\u0105za\u0144\u201d to historia powoli rodz\u0105cego si\u0119 uczucia. Historia cz\u0142owieka spalonego na polu mi\u0142o\u015bci, wci\u0105gni\u0119tego w intrygi swojego \u015bwiata \u2013 cz\u0142owieka zdegradowanego klasowo. Jest to tak\u017ce historia panny z dobrego domu, kt\u00f3rej ojciec swoim hulaszczym trybem \u017cycia doprowadzi\u0142 do finansowego upadku rodziny, przekre\u015blaj\u0105c tym samym dobr\u0105 przysz\u0142o\u015b\u0107 swojej jedynej c\u00f3rki. A w tle: pojedynki, drugi narzeczony, tajemnice, intrygi, a nawet przest\u0119pstwo.<\/p>\n<p>Czy Elena pokocha Dalebora?<\/p>\n<p>Jak zachowa si\u0119 Elena, kiedy pozna koszmarn\u0105 tajemnic\u0119 Dalebora?<\/p>\n<p>Czy \u201eudomowiona dusza\u201d mo\u017ce \u017cy\u0107 w harmonii z dusz\u0105 wynalazcy i odkrywcy?<\/p>\n<h2><em>Kilka s\u0142\u00f3w od autorki<\/em><\/h2>\n<p><em>Jest mi niezmiernie mi\u0142o, \u017ce mog\u0119 przedstawi\u0107 moim Czytelniczkom i Czytelnikom kolejny romans historyczny. My\u015bl\u0119, \u017ce przyjemnie b\u0119dzie si\u0119 go czyta\u0107 tym z Pa\u0144stwa, kt\u00f3rzy czytali poprzednie moje romanse historyczne, takie jak: \u201eNatura Derwana\u201d, \u201eImpresje Wiktorii\u201d czy \u201eWalerian i R\u00f3\u017ca\u201d. Po uzupe\u0142nieniu wiedzy z zakresu XIX wieku, kt\u00f3ry studiuje nieustannie w ksi\u0105\u017ckach, oraz po dokonaniu kolejnej korekty, jestem zadowolona z efekt\u00f3w mojej pracy i ze spokojem oddaj\u0119 \u201eNarzeczon\u0105 bez zobowi\u0105za\u0144\u201d w d\u0142onie moich wiernych oraz nowych Czytelnik\u00f3w. Przyjemnej lektury <\/em><em>&#x1f60a;<\/em><\/p>\n","protected":false},"featured_media":6066,"template":"","meta":[],"product_brand":[],"product_cat":[284],"product_tag":[50,138,161,283,165],"class_list":{"0":"post-6067","1":"product","2":"type-product","3":"status-publish","4":"has-post-thumbnail","6":"product_cat-narzeczona-bez-zobowiazan","7":"product_tag-ebook","8":"product_tag-ebook-mobi","9":"product_tag-ewelina-c-lisowska","10":"product_tag-narzeczona-bez-zobowiazan","11":"product_tag-romans-historyczny","13":"first","14":"instock","15":"taxable","16":"shipping-taxable","17":"purchasable","18":"product-type-simple"},"_links":{"self":[{"href":"https:\/\/ecl-pisarka.pl\/index.php\/wp-json\/wp\/v2\/product\/6067","targetHints":{"allow":["GET"]}}],"collection":[{"href":"https:\/\/ecl-pisarka.pl\/index.php\/wp-json\/wp\/v2\/product"}],"about":[{"href":"https:\/\/ecl-pisarka.pl\/index.php\/wp-json\/wp\/v2\/types\/product"}],"wp:featuredmedia":[{"embeddable":true,"href":"https:\/\/ecl-pisarka.pl\/index.php\/wp-json\/wp\/v2\/media\/6066"}],"wp:attachment":[{"href":"https:\/\/ecl-pisarka.pl\/index.php\/wp-json\/wp\/v2\/media?parent=6067"}],"wp:term":[{"taxonomy":"product_brand","embeddable":true,"href":"https:\/\/ecl-pisarka.pl\/index.php\/wp-json\/wp\/v2\/product_brand?post=6067"},{"taxonomy":"product_cat","embeddable":true,"href":"https:\/\/ecl-pisarka.pl\/index.php\/wp-json\/wp\/v2\/product_cat?post=6067"},{"taxonomy":"product_tag","embeddable":true,"href":"https:\/\/ecl-pisarka.pl\/index.php\/wp-json\/wp\/v2\/product_tag?post=6067"}],"curies":[{"name":"wp","href":"https:\/\/api.w.org\/{rel}","templated":true}]}}