{"id":6372,"date":"2024-07-13T12:08:59","date_gmt":"2024-07-13T11:08:59","guid":{"rendered":"https:\/\/ecl-pisarka.pl\/?post_type=product&#038;p=6372"},"modified":"2025-03-05T18:06:27","modified_gmt":"2025-03-05T17:06:27","slug":"49-westchnien-teci-ksiazka-zakladka","status":"publish","type":"product","link":"https:\/\/ecl-pisarka.pl\/index.php\/produkt\/49-westchnien-teci-ksiazka-zakladka\/","title":{"rendered":"49 WESTCHNIE\u0143 TECI ksi\u0105\u017cka i zak\u0142adka"},"content":{"rendered":"<h1 class=\"ml-m-b-8 ml-heading ml-heading-large ml-heading--color- ml-normalize-heading\">49 WESTCHNIE\u0143 TECI E.C.Lisowska &#8211; ksi\u0105\u017cka i zak\u0142adka<\/h1>\n<p>ZAKUP PRZEZ ALLEGRO<\/p>\n","protected":false},"excerpt":{"rendered":"<h2><a href=\"https:\/\/allegrolokalnie.pl\/oferta\/komedia-romantyczna-49-westchnien-teci-eclisowska-ksiazka-zakladka\">ZAKUP PRZEZ ALLEGRO<\/a><\/h2>\n<p>&nbsp;<\/p>\n<p class=\"desc-h1\">Ewelina C. Lisowska 49 WESTCHNIE\u0143 TECI<\/p>\n<p class=\"desc-h1\">ksi\u0105\u017cka i zak\u0142adka<\/p>\n<p class=\"desc-h1\"><strong>W\u0142asnor\u0119cznie wykonana ksi\u0105\u017cka &#8211; r\u0119cznie klejona i ci\u0119ta. Posiada laminat zabezpieczaj\u0105cy ok\u0142adk\u0119. Mo\u017ce posiada\u0107 drobne wady, kt\u00f3re jednak nie przeszkadzaj\u0105 w czytaniu ksi\u0105\u017cki!!!<\/strong><\/p>\n<p class=\"desc-p\">Komedia romantyczna, spora dawka s\u0142odko\u015bci doprawiona pieprzem oraz sol\u0105\u2026 Powie\u015b\u0107 nawi\u0105zuje do popularnego do niedawna motywu z romans\u00f3w i erotyk\u00f3w typu &#8222;50 twarzy Greya\u201d E. L. James. Tekla (25 lat) zostaje asystentk\u0105 Arkadego (35 lat), szefa du\u017cej firmy. On pocz\u0105tkowo traktuje j\u0105 jak dziewczynk\u0119, aby pewnego dnia odkry\u0107, \u017ce ta wielbicielka r\u00f3\u017cu i muffinek, zakocha\u0142a si\u0119 w nim.<\/p>\n<p class=\"desc-p\">Czeka ci\u0119 seria pechowych zdarze\u0144, spora dawka s\u0142owotw\u00f3rstwa i oryginalnych pomys\u0142\u00f3w g\u0142\u00f3wnej bohaterki. \u017bycie to nie komedia romantyczna, ale Ty to sprawd\u017a. A je\u015bli si\u0119gniesz po t\u0119 ksi\u0105\u017ck\u0119, zabierz z sob\u0105 spor\u0105 dawk\u0119 dystansu i lekkiego my\u015blenia. Dobra zabawa gwarantowana!<\/p>\n","protected":false},"featured_media":6373,"template":"","meta":[],"product_brand":[],"product_cat":[273,274,289],"product_tag":[270,271,173],"class_list":{"0":"post-6372","1":"product","2":"type-product","3":"status-publish","4":"has-post-thumbnail","6":"product_cat-komedia-romantyczna","7":"product_cat-49-westchnien-teci","8":"product_cat-gadzety-ksiazkowe","9":"product_tag-49-westchnien-teci","10":"product_tag-komedia-romantyczna","11":"product_tag-ksiazka-drukowana","13":"first","14":"instock","15":"taxable","16":"shipping-taxable","17":"product-type-external"},"_links":{"self":[{"href":"https:\/\/ecl-pisarka.pl\/index.php\/wp-json\/wp\/v2\/product\/6372","targetHints":{"allow":["GET"]}}],"collection":[{"href":"https:\/\/ecl-pisarka.pl\/index.php\/wp-json\/wp\/v2\/product"}],"about":[{"href":"https:\/\/ecl-pisarka.pl\/index.php\/wp-json\/wp\/v2\/types\/product"}],"wp:featuredmedia":[{"embeddable":true,"href":"https:\/\/ecl-pisarka.pl\/index.php\/wp-json\/wp\/v2\/media\/6373"}],"wp:attachment":[{"href":"https:\/\/ecl-pisarka.pl\/index.php\/wp-json\/wp\/v2\/media?parent=6372"}],"wp:term":[{"taxonomy":"product_brand","embeddable":true,"href":"https:\/\/ecl-pisarka.pl\/index.php\/wp-json\/wp\/v2\/product_brand?post=6372"},{"taxonomy":"product_cat","embeddable":true,"href":"https:\/\/ecl-pisarka.pl\/index.php\/wp-json\/wp\/v2\/product_cat?post=6372"},{"taxonomy":"product_tag","embeddable":true,"href":"https:\/\/ecl-pisarka.pl\/index.php\/wp-json\/wp\/v2\/product_tag?post=6372"}],"curies":[{"name":"wp","href":"https:\/\/api.w.org\/{rel}","templated":true}]}}