{"id":6374,"date":"2024-07-13T12:13:15","date_gmt":"2024-07-13T11:13:15","guid":{"rendered":"https:\/\/ecl-pisarka.pl\/?post_type=product&#038;p=6374"},"modified":"2025-03-05T18:10:39","modified_gmt":"2025-03-05T17:10:39","slug":"narzeczona-bez-zobowiazan-zakladka-ksiazka","status":"publish","type":"product","link":"https:\/\/ecl-pisarka.pl\/index.php\/produkt\/narzeczona-bez-zobowiazan-zakladka-ksiazka\/","title":{"rendered":"NARZECZONA BEZ ZOBOWI\u0104ZA\u0143 zak\u0142adka i ksi\u0105\u017cka"},"content":{"rendered":"<h1 class=\"ml-m-b-8 ml-heading ml-heading-large ml-heading--color- ml-normalize-heading\">NARZECZONA BEZ ZOBOWI\u0104ZA\u0143 E C. Lisowska zak\u0142adka i ksi\u0105\u017cka<\/h1>\n<div class=\"mlc-offer-mobile-overview__follow\" data-testid=\"offer-type-label\">\n<div data-mlc-follow-button-controller=\"{&quot;className&quot;:&quot;mlc-offer__follow-button--icon-only&quot;,&quot;initialValue&quot;:false,&quot;offerId&quot;:&quot;2d4b10cb-a139-427f-b35a-01d037d2abbf&quot;}\">ZAKUP PRZEZ ALLEGRO<\/div>\n<\/div>\n","protected":false},"excerpt":{"rendered":"<p>ZAKUP PRZEZ ALLEGRO<\/p>\n<p>&nbsp;<\/p>\n<p class=\"desc-h1\"><strong>Ewelina C. Lisowska NARZECZONA BEZ ZOBOWI\u0104ZA\u0143<\/strong><\/p>\n<p class=\"desc-h1\"><strong>zak\u0142adka i ksi\u0105\u017cka<\/strong><\/p>\n<p class=\"desc-p\">Romans historyczny, 2 po\u0142. XIX w On skrywa koszmarn\u0105 tajemnic\u0119. Ona musi zosta\u0107 jego narzeczon\u0105.\u201d Starsza dama, hrabina Waleria Milecka postanawia zeswata\u0107 swojego siostrze\u0144ca Dalebora (35-lat) ze swoj\u0105 dam\u0105 do towarzystwa Elen\u0105 (20 lat). M\u0119\u017cczyzna szybko zakochuje si\u0119 w Elenie, jednak nie mo\u017ce liczy\u0107 na wzajemno\u015b\u0107. Ale \u017cycie rzuca Elen\u0119 na tory prowadz\u0105ce prosto do katastrofy, a jedynym ratunkiem dla niej jest Dalebor. On to bowiem uniemo\u017cliwia zawarcie haniebnej transakcji, sprzeda\u017cy Eleny baronowi, i to on p\u00f3\u017aniej zdobywa j\u0105 niemal w identyczny spos\u00f3b. Jednak szlachetny Dalebor pozostawia damie swojego serca wyj\u015bcie awaryjne. Przysi\u0119ga, \u017ce nie b\u0119dzie sta\u0142 jej na drodze, je\u015bli ona zechce zwi\u0105za\u0107 si\u0119 z kim\u015b innym \u2013 co niebawem oka\u017ce si\u0119 dla niego zgubn\u0105 drog\u0105. Zagubiona dziewczyna nie wie, czy co\u015b czuje do swojego wybawcy, ponad to uwa\u017ca, \u017ce zbyt wiele ich dzieli\u2026 \u201eNarzeczona bez zobowi\u0105za\u0144\u201d to historia powoli rozwijaj\u0105cej si\u0119 mi\u0142o\u015bci. On jest zamkni\u0119ty w sobie, wpl\u0105tany w intryg\u0119, kt\u00f3ra zniszczy\u0142a mu \u017cycie. Wie, \u017ce nigdy ju\u017c nie b\u0119dzie m\u00f3g\u0142 liczy\u0107 na mi\u0142o\u015b\u0107. Ona jest panienk\u0105 z dobrej rodziny, kt\u00f3ra popad\u0142a w ruin\u0119 wskutek hulaszczego trybu \u017cycia g\u0142owy rodziny. Elena wie, \u017ce nigdy nie wyjdzie za m\u0105\u017c, jest stracona. Jednak na drodze tych dwojga stoi jeszcze koszmarna tajemnica Dalebora. A w tle intrygi, tajemnice, pojedynki, salonowe \u017cycie, i nadzieja, kt\u00f3ra umiera jako ostatnia\u2026 Czy zakochany Dalebor zyska sobie wzajemno\u015b\u0107 Eleny? Co zrobi Elena, gdy pozna koszmarn\u0105 tajemnic\u0119 narzeczonego? Czy pojawienie si\u0119 drugiego narzeczonego Eleny Dalebor przyjmie ze spokojem?<\/p>\n","protected":false},"featured_media":6376,"template":"","meta":[],"product_brand":[],"product_cat":[284,289,255],"product_tag":[283,165],"class_list":{"0":"post-6374","1":"product","2":"type-product","3":"status-publish","4":"has-post-thumbnail","6":"product_cat-narzeczona-bez-zobowiazan","7":"product_cat-gadzety-ksiazkowe","8":"product_cat-romans-historyczny","9":"product_tag-narzeczona-bez-zobowiazan","10":"product_tag-romans-historyczny","12":"first","13":"instock","14":"taxable","15":"shipping-taxable","16":"product-type-external"},"_links":{"self":[{"href":"https:\/\/ecl-pisarka.pl\/index.php\/wp-json\/wp\/v2\/product\/6374","targetHints":{"allow":["GET"]}}],"collection":[{"href":"https:\/\/ecl-pisarka.pl\/index.php\/wp-json\/wp\/v2\/product"}],"about":[{"href":"https:\/\/ecl-pisarka.pl\/index.php\/wp-json\/wp\/v2\/types\/product"}],"wp:featuredmedia":[{"embeddable":true,"href":"https:\/\/ecl-pisarka.pl\/index.php\/wp-json\/wp\/v2\/media\/6376"}],"wp:attachment":[{"href":"https:\/\/ecl-pisarka.pl\/index.php\/wp-json\/wp\/v2\/media?parent=6374"}],"wp:term":[{"taxonomy":"product_brand","embeddable":true,"href":"https:\/\/ecl-pisarka.pl\/index.php\/wp-json\/wp\/v2\/product_brand?post=6374"},{"taxonomy":"product_cat","embeddable":true,"href":"https:\/\/ecl-pisarka.pl\/index.php\/wp-json\/wp\/v2\/product_cat?post=6374"},{"taxonomy":"product_tag","embeddable":true,"href":"https:\/\/ecl-pisarka.pl\/index.php\/wp-json\/wp\/v2\/product_tag?post=6374"}],"curies":[{"name":"wp","href":"https:\/\/api.w.org\/{rel}","templated":true}]}}