{"id":6377,"date":"2024-07-13T12:17:28","date_gmt":"2024-07-13T11:17:28","guid":{"rendered":"https:\/\/ecl-pisarka.pl\/?post_type=product&#038;p=6377"},"modified":"2025-03-05T18:05:37","modified_gmt":"2025-03-05T17:05:37","slug":"zestaw-magnesow-na-lodowke-okladki-ksiazek","status":"publish","type":"product","link":"https:\/\/ecl-pisarka.pl\/index.php\/produkt\/zestaw-magnesow-na-lodowke-okladki-ksiazek\/","title":{"rendered":"Zestaw magnes\u00f3w na lod\u00f3wk\u0119 &#8211; ok\u0142adki ksi\u0105\u017cek"},"content":{"rendered":"<h1 class=\"ml-m-b-8 ml-heading ml-heading-large ml-heading--color- ml-normalize-heading\">Komplet magnes\u00f3w na lod\u00f3wk\u0119 14 szt w zestawie &#8211; ok\u0142adki ksi\u0105\u017cek romans\u00f3w<\/h1>\n<p>ZAKUP ALLEGRO<\/p>\n","protected":false},"excerpt":{"rendered":"<p class=\"desc-h1\"><strong>MAGNESIKI NA LOD\u00d3WK\u0118 &#8211; zestaw 14 du\u017cych magnes\u00f3w 7&#215;5 cm z ok\u0142adkami ksi\u0105\u017cek<\/strong><\/p>\n<p class=\"desc-p\">Kolekcja magnes\u00f3w z ok\u0142adkami ksi\u0105\u017cek romans\u00f3w autorstwa Eweliny C. Lisowskiej. Kolekcja zawiera jedn\u0105 nie publikowan\u0105 jeszcze ksi\u0105\u017ck\u0119, kt\u00f3rej premiera dopiero si\u0119 odb\u0119dzie.<\/p>\n<p class=\"desc-p\"><em>&#8222;Magnesiki na lod\u00f3wk\u0119 to \u015bwietny pomys\u0142, aby praktycznie ozdobi\u0107 kuchni\u0119. A je\u015bli s\u0105 tak \u0142adne jak te, mog\u0105 przypomina\u0107 Ci czas sp\u0119dzony nad lektur\u0105 mojej ksi\u0105\u017cki&#8230;&#8221;<\/em><\/p>\n<p class=\"desc-p\">Wykonane r\u0119cznie.<\/p>\n","protected":false},"featured_media":6361,"template":"","meta":[],"product_brand":[],"product_cat":[289],"product_tag":[290],"class_list":{"0":"post-6377","1":"product","2":"type-product","3":"status-publish","4":"has-post-thumbnail","6":"product_cat-gadzety-ksiazkowe","7":"product_tag-gadzety-ksiazkowe","9":"first","10":"instock","11":"taxable","12":"shipping-taxable","13":"product-type-external"},"_links":{"self":[{"href":"https:\/\/ecl-pisarka.pl\/index.php\/wp-json\/wp\/v2\/product\/6377","targetHints":{"allow":["GET"]}}],"collection":[{"href":"https:\/\/ecl-pisarka.pl\/index.php\/wp-json\/wp\/v2\/product"}],"about":[{"href":"https:\/\/ecl-pisarka.pl\/index.php\/wp-json\/wp\/v2\/types\/product"}],"wp:featuredmedia":[{"embeddable":true,"href":"https:\/\/ecl-pisarka.pl\/index.php\/wp-json\/wp\/v2\/media\/6361"}],"wp:attachment":[{"href":"https:\/\/ecl-pisarka.pl\/index.php\/wp-json\/wp\/v2\/media?parent=6377"}],"wp:term":[{"taxonomy":"product_brand","embeddable":true,"href":"https:\/\/ecl-pisarka.pl\/index.php\/wp-json\/wp\/v2\/product_brand?post=6377"},{"taxonomy":"product_cat","embeddable":true,"href":"https:\/\/ecl-pisarka.pl\/index.php\/wp-json\/wp\/v2\/product_cat?post=6377"},{"taxonomy":"product_tag","embeddable":true,"href":"https:\/\/ecl-pisarka.pl\/index.php\/wp-json\/wp\/v2\/product_tag?post=6377"}],"curies":[{"name":"wp","href":"https:\/\/api.w.org\/{rel}","templated":true}]}}