{"id":6387,"date":"2024-08-06T14:17:27","date_gmt":"2024-08-06T13:17:27","guid":{"rendered":"https:\/\/ecl-pisarka.pl\/?post_type=product&#038;p=6387"},"modified":"2025-05-22T11:22:21","modified_gmt":"2025-05-22T10:22:21","slug":"pisanie-z-bogiem-ebook-mobi","status":"publish","type":"product","link":"https:\/\/ecl-pisarka.pl\/index.php\/produkt\/pisanie-z-bogiem-ebook-mobi\/","title":{"rendered":"Ewelina C. Lisowska PISANIE Z BOGIEM ebook MOBI"},"content":{"rendered":"<h2 style=\"text-align: center;\">Ewelina C. Lisowska<\/h2>\n<h1 style=\"text-align: center;\">PISANIE Z BOGIEM<\/h1>\n<h2 style=\"text-align: center;\">Zbi\u00f3r reporta\u017cy i fragment\u00f3w ksi\u0105\u017cek<\/h2>\n<h3 style=\"text-align: center;\">Ebook Mobi<\/h3>\n<p>&nbsp;<\/p>\n<figure id=\"attachment_6352\" aria-describedby=\"caption-attachment-6352\" style=\"width: 1024px\" class=\"wp-caption alignnone\"><img loading=\"lazy\" decoding=\"async\" class=\"wp-image-6352 size-large\" src=\"https:\/\/ecl-pisarka.pl\/wp-content\/uploads\/2024\/07\/Pisanie-z-Bogiem-ban-insta-1024x341.jpg\" alt=\"pisanie z bogiem ebook\" width=\"1024\" height=\"341\" srcset=\"https:\/\/ecl-pisarka.pl\/wp-content\/uploads\/2024\/07\/Pisanie-z-Bogiem-ban-insta-1024x341.jpg 1024w, https:\/\/ecl-pisarka.pl\/wp-content\/uploads\/2024\/07\/Pisanie-z-Bogiem-ban-insta-300x100.jpg 300w, https:\/\/ecl-pisarka.pl\/wp-content\/uploads\/2024\/07\/Pisanie-z-Bogiem-ban-insta-768x256.jpg 768w, https:\/\/ecl-pisarka.pl\/wp-content\/uploads\/2024\/07\/Pisanie-z-Bogiem-ban-insta-600x200.jpg 600w, https:\/\/ecl-pisarka.pl\/wp-content\/uploads\/2024\/07\/Pisanie-z-Bogiem-ban-insta.jpg 1500w\" sizes=\"auto, (max-width: 1024px) 100vw, 1024px\" \/><figcaption id=\"caption-attachment-6352\" class=\"wp-caption-text\">Ewelina C. Lisowska PISANIE Z BOGIEM Zbi\u00f3r reporta\u017cy i fragment\u00f3w ksi\u0105\u017cek<\/figcaption><\/figure>\n","protected":false},"excerpt":{"rendered":"<h2>UWAGA! Wszystkie ebooki wysy\u0142amy z naszego mejla po zakupie i op\u0142aceniu zam\u00f3wienia. \ud83d\ude09<\/h2>\n<h2><\/h2>\n<h2>Ewelina C. Lisowska PISANIE Z BOGIEM Ebook Mobi<\/h2>\n<p><strong><a href=\"https:\/\/ecl-pisarka.pl\/index.php\/2024\/08\/05\/pisanie-z-bogiem\/\">Pisanie z Bogiem<\/a> \u2013 zbi\u00f3r reporta\u017cy i fragment\u00f3w ksi\u0105\u017cek<\/strong> to ksi\u0105\u017cka w kt\u00f3rej autorka, Ewelina C Lis<\/p>\n<h2>PISANIE Z BOGIEM ebook &#8211; SPIS TRE\u015aCI<\/h2>\n<p>\u201ePISANIE Z BOGIEM Zbi\u00f3r reporta\u017cy i fragment\u00f3w ksi\u0105\u017cek\u201d to historia pisarskich pocz\u0105tk\u00f3w autorki romans\u00f3w Eweliny C. Lisowskiej. Pisarka prowadzi Czytelnika przez kolejne kr\u00f3tkie rozdzia\u0142y, kt\u00f3re nios\u0105 z sob\u0105 cenne rady dla pocz\u0105tkuj\u0105cych i zaawansowanych tw\u00f3rc\u00f3w s\u0142owa. Ksi\u0105\u017cka zawiera wiele odniesie\u0144 do bliskiej relacji autorki z Bogiem, kt\u00f3rego nazywa swoim Przyjacielem. Podzielona jest na cztery cz\u0119\u015bci: Reporta\u017ce, O Bogu w moich ksi\u0105\u017ckach, Fragmenty Ksi\u0105\u017cek i Z\u0142ote My\u015bli. Jest to najwa\u017cniejsza z dot\u0105d wydanych przez <a href=\"https:\/\/www.facebook.com\/ecl.pisarka\">Ewelin\u0119 C. Lisowsk<\/a>\u0105 ksi\u0105\u017cek i jej debiut reporta\u017cowy.<\/p>\n<p>&nbsp;<\/p>\n<p>Wst\u0119p. 9<\/p>\n<p>REPORTA\u017bE.. 10<\/p>\n<p>Gdzie jest pocz\u0105tek tej drogi?. 11<\/p>\n<p>Powo\u0142anie wypisane w sercu. 13<\/p>\n<p>Pierwsze strachy. 15<\/p>\n<p>Porty. 17<\/p>\n<p>Jak dotrze\u0107 do w\u0142a\u015bciwych Czytelnik\u00f3w?. 19<\/p>\n<p>Pisz dla tych, kt\u00f3rym si\u0119 spodoba \u2013 nie dla wszystkich. 21<\/p>\n<p>Nie por\u00f3wnuj si\u0119 z innymi \u2013 ka\u017cdy ma swoj\u0105 drog\u0119. 23<\/p>\n<p>Pisanie dla Boga czy romanse?. 25<\/p>\n<p>Pisanie dla Boga \u2013 poezja, opowiadania, blogi&#8230; 27<\/p>\n<p>Diabelskie ksi\u0105\u017cki 29<\/p>\n<p>Powolna droga wzrostu. 32<\/p>\n<p>\u017bycie w tera\u017aniejszo\u015bci 35<\/p>\n<p>Opr\u00f3cz pisania trzeba jeszcze \u017cy\u0107. 37<\/p>\n<p>Kiedy z\u0142o atakuje bezlito\u015bnie. 39<\/p>\n<p>Co jest na szczycie?. 42<\/p>\n<p>B\u0142\u0105d jest tylko b\u0142\u0119dem.. 44<\/p>\n<p>O BOGU W MOICH KSI\u0104\u017bKACH.. 47<\/p>\n<p>W\u0142a\u015bciwie to mia\u0142a by\u0107 tylko cienka ksi\u0105\u017ceczka\u2026&#8230; 48<\/p>\n<p>Substytuty Mi\u0142o\u015bci \u2013 droga przez m\u0119k\u0119. 51<\/p>\n<p>\u201eSubstytuty Mi\u0142o\u015bci\u201d \u2013 rozmowy z Bogiem.. 54<\/p>\n<p>Szukanie sensu \u017cycia \u2013 Szukaj\u0105c siebie. 56<\/p>\n<p>Proza poetycka. 60<\/p>\n<p>Dylematy moralne. 63<\/p>\n<p>Kr\u00f3lowa \u017cebrak\u00f3w.. 65<\/p>\n<p>Kiedy pokuta staje si\u0119 przesadna. 67<\/p>\n<p>Nowy Eden \u2013 senna wizja ko\u0144ca \u015bwiata. 69<\/p>\n<p>W poszukiwaniu w\u0142asnej warto\u015bci 72<\/p>\n<p>O Bogu w moich ksi\u0105\u017ckach. 75<\/p>\n<p>Czy b\u0119d\u0105 ksi\u0105\u017cki tylko o Bogu?. 77<\/p>\n<p>FRAGMENTY KSI\u0104\u017bEK.. 80<\/p>\n<p>Substytuty Mi\u0142o\u015bci 81<\/p>\n<p>Natura Derwana. 84<\/p>\n<p>Seria Wiek\u2013Niewa\u017cny 1. 91<\/p>\n<p>Seria Wiek\u2013Niewa\u017cny 2. 93<\/p>\n<p>Seria Wiek\u2013Niewa\u017cny 3. 97<\/p>\n<p>Impresje Wiktorii 100<\/p>\n<p>Kr\u00f3lowa \u017cebrak\u00f3w.. 102<\/p>\n<p>Walerian i R\u00f3\u017ca. 105<\/p>\n<p>Z\u0141OTE MY\u015aLI. 110<\/p>\n<p>&nbsp;<\/p>\n","protected":false},"featured_media":6384,"template":"","meta":[],"product_brand":[],"product_cat":[47,306],"product_tag":[50,138,161,294,295],"class_list":{"0":"post-6387","1":"product","2":"type-product","3":"status-publish","4":"has-post-thumbnail","6":"product_cat-ebooki","7":"product_cat-pisanie-z-bogiem","8":"product_tag-ebook","9":"product_tag-ebook-mobi","10":"product_tag-ewelina-c-lisowska","11":"product_tag-pisanie-z-bogiem","12":"product_tag-reportaze","14":"first","15":"instock","16":"downloadable","17":"virtual","18":"taxable","19":"purchasable","20":"product-type-simple"},"_links":{"self":[{"href":"https:\/\/ecl-pisarka.pl\/index.php\/wp-json\/wp\/v2\/product\/6387","targetHints":{"allow":["GET"]}}],"collection":[{"href":"https:\/\/ecl-pisarka.pl\/index.php\/wp-json\/wp\/v2\/product"}],"about":[{"href":"https:\/\/ecl-pisarka.pl\/index.php\/wp-json\/wp\/v2\/types\/product"}],"wp:featuredmedia":[{"embeddable":true,"href":"https:\/\/ecl-pisarka.pl\/index.php\/wp-json\/wp\/v2\/media\/6384"}],"wp:attachment":[{"href":"https:\/\/ecl-pisarka.pl\/index.php\/wp-json\/wp\/v2\/media?parent=6387"}],"wp:term":[{"taxonomy":"product_brand","embeddable":true,"href":"https:\/\/ecl-pisarka.pl\/index.php\/wp-json\/wp\/v2\/product_brand?post=6387"},{"taxonomy":"product_cat","embeddable":true,"href":"https:\/\/ecl-pisarka.pl\/index.php\/wp-json\/wp\/v2\/product_cat?post=6387"},{"taxonomy":"product_tag","embeddable":true,"href":"https:\/\/ecl-pisarka.pl\/index.php\/wp-json\/wp\/v2\/product_tag?post=6387"}],"curies":[{"name":"wp","href":"https:\/\/api.w.org\/{rel}","templated":true}]}}