{"id":6389,"date":"2024-08-06T14:49:01","date_gmt":"2024-08-06T13:49:01","guid":{"rendered":"https:\/\/ecl-pisarka.pl\/?post_type=product&#038;p=6389"},"modified":"2025-05-22T11:21:40","modified_gmt":"2025-05-22T10:21:40","slug":"pisanie-z-bogiem-ksiazka","status":"publish","type":"product","link":"https:\/\/ecl-pisarka.pl\/index.php\/produkt\/pisanie-z-bogiem-ksiazka\/","title":{"rendered":"Ewelina C. Lisowska PISANIE Z BOGIEM ksi\u0105\u017cka+"},"content":{"rendered":"<h2 style=\"text-align: center;\">Ewelina C. Lisowska<\/h2>\n<h1 style=\"text-align: center;\">PISANIE Z BOGIEM ksi\u0105\u017cka<\/h1>\n<h2 style=\"text-align: center;\">Zbi\u00f3r reporta\u017cy i fragment\u00f3w ksi\u0105\u017cek<\/h2>\n<h3 style=\"text-align: center;\">ksi\u0105\u017cka + zak\u0142adka + magnes na lod\u00f3wk\u0119<\/h3>\n<p>&nbsp;<\/p>\n<p>&nbsp;<\/p>\n<p>&nbsp;<\/p>\n","protected":false},"excerpt":{"rendered":"<h3>Ewelina C. Lisowska PISANIE Z BOGIEM Zbi\u00f3r reporta\u017cy i fragment\u00f3w ksi\u0105\u017cek<\/h3>\n<p><em>Najwa\u017cniejsza ksi\u0105\u017cka w ca\u0142ej tw\u00f3rczo\u015bci Eweliny C. Lisowskiej, autorki wielu romantycznych ksi\u0105\u017cek. Co wsp\u00f3lnego ma B\u00f3g z jej tw\u00f3rczo\u015bci\u0105? Autorka zaprasza do prze\u015bledzenia pocz\u0105tk\u00f3w jej \u015bcie\u017cki pisarskiej. PISANIE Z BOGIEM to zbi\u00f3r reporta\u017cy, kt\u00f3re przedstawiaj\u0105 kr\u00f3tk\u0105 histori\u0119 rozwoju pisarki. Jest w niej wiele warto\u015bciowej tre\u015bci, kt\u00f3ra mo\u017ce pom\u00f3c pocz\u0105tkuj\u0105cym autorom\/autorkom. Jest to tak\u017ce szkic duchowej, bliskiej relacji Eweliny C. Lisowskiej z Bogiem, kt\u00f3rego nazywa swoim Przyjacielem. Ksi\u0105\u017cka podzielona jest na cztery cz\u0119\u015bci: Reporta\u017ce, O Bogu w moich ksi\u0105\u017ckach, Fragmenty Ksi\u0105\u017cek i Z\u0142ote My\u015bli \u2013 z kt\u00f3rych powsta\u0142 MOTYWATOR PISARSKI (zestaw magnes\u00f3w z radami dla pisarzy).<\/em><\/p>\n<h3><\/h3>\n<h3>Wolisz ebook? Wejd\u017a tutaj<\/h3>\n<p><a href=\"https:\/\/ecl-pisarka.pl\/index.php\/produkt\/pisanie-z-bogiem-ebook-epub\/\">PISANIE Z BOGIEM ebook epub<\/a><\/p>\n<p><a href=\"https:\/\/ecl-pisarka.pl\/index.php\/produkt\/c-lisowska-pisanie-z-bogiem-ebook\/\">PISANIE Z BOGIEM ebook PDF<\/a><\/p>\n<p><a href=\"https:\/\/ecl-pisarka.pl\/index.php\/produkt\/pisanie-z-bogiem-ebook-mobi\/\">PISANIE Z BOGIEM ebook mobi<\/a><\/p>\n<p>&nbsp;<\/p>\n<h2>PISANIE Z BOGIEM \u2013 SPIS TRE\u015aCI<\/h2>\n<p>Wst\u0119p. 9<\/p>\n<p>REPORTA\u017bE.. 10<\/p>\n<p>Gdzie jest pocz\u0105tek tej drogi?. 11<\/p>\n<p>Powo\u0142anie wypisane w sercu. 13<\/p>\n<p>Pierwsze strachy. 15<\/p>\n<p>Porty. 17<\/p>\n<p>Jak dotrze\u0107 do w\u0142a\u015bciwych Czytelnik\u00f3w?. 19<\/p>\n<p>Pisz dla tych, kt\u00f3rym si\u0119 spodoba \u2013 nie dla wszystkich. 21<\/p>\n<p>Nie por\u00f3wnuj si\u0119 z innymi \u2013 ka\u017cdy ma swoj\u0105 drog\u0119. 23<\/p>\n<p>Pisanie dla Boga czy romanse?. 25<\/p>\n<p>Pisanie dla Boga \u2013 poezja, opowiadania, blogi\u2026 27<\/p>\n<p>Diabelskie ksi\u0105\u017cki 29<\/p>\n<p>Powolna droga wzrostu. 32<\/p>\n<p>\u017bycie w tera\u017aniejszo\u015bci 35<\/p>\n<p>Opr\u00f3cz pisania trzeba jeszcze \u017cy\u0107. 37<\/p>\n<p>Kiedy z\u0142o atakuje bezlito\u015bnie. 39<\/p>\n<p>Co jest na szczycie?. 42<\/p>\n<p>B\u0142\u0105d jest tylko b\u0142\u0119dem.. 44<\/p>\n<p>O BOGU W MOICH KSI\u0104\u017bKACH.. 47<\/p>\n<p>W\u0142a\u015bciwie to mia\u0142a by\u0107 tylko cienka ksi\u0105\u017ceczka\u2026\u2026 48<\/p>\n<p>Substytuty Mi\u0142o\u015bci \u2013 droga przez m\u0119k\u0119. 51<\/p>\n<p>\u201eSubstytuty Mi\u0142o\u015bci\u201d \u2013 rozmowy z Bogiem.. 54<\/p>\n<p>Szukanie sensu \u017cycia \u2013 Szukaj\u0105c siebie. 56<\/p>\n<p>Proza poetycka. 60<\/p>\n<p>Dylematy moralne. 63<\/p>\n<p>Kr\u00f3lowa \u017cebrak\u00f3w.. 65<\/p>\n<p>Kiedy pokuta staje si\u0119 przesadna. 67<\/p>\n<p>Nowy Eden \u2013 senna wizja ko\u0144ca \u015bwiata. 69<\/p>\n<p>W poszukiwaniu w\u0142asnej warto\u015bci 72<\/p>\n<p>O Bogu w moich ksi\u0105\u017ckach. 75<\/p>\n<p>Czy b\u0119d\u0105 ksi\u0105\u017cki tylko o Bogu?. 77<\/p>\n<p>FRAGMENTY KSI\u0104\u017bEK.. 80<\/p>\n<p>Substytuty Mi\u0142o\u015bci 81<\/p>\n<p>Natura Derwana. 84<\/p>\n<p>Seria Wiek\u2013Niewa\u017cny 1. 91<\/p>\n<p>Seria Wiek\u2013Niewa\u017cny 2. 93<\/p>\n<p>Seria Wiek\u2013Niewa\u017cny 3. 97<\/p>\n<p>Impresje Wiktorii 100<\/p>\n<p>Kr\u00f3lowa \u017cebrak\u00f3w.. 102<\/p>\n<p>Walerian i R\u00f3\u017ca. 105<\/p>\n<p>Z\u0141OTE MY\u015aLI. 110<\/p>\n","protected":false},"featured_media":6391,"template":"","meta":[],"product_brand":[],"product_cat":[289,258,306],"product_tag":[173,295],"class_list":{"0":"post-6389","1":"product","2":"type-product","3":"status-publish","4":"has-post-thumbnail","6":"product_cat-gadzety-ksiazkowe","7":"product_cat-pakiet","8":"product_cat-pisanie-z-bogiem","9":"product_tag-ksiazka-drukowana","10":"product_tag-reportaze","11":"product_shipping_class-platnosc-z-gory-2","13":"first","14":"instock","15":"taxable","16":"shipping-taxable","17":"purchasable","18":"product-type-simple"},"_links":{"self":[{"href":"https:\/\/ecl-pisarka.pl\/index.php\/wp-json\/wp\/v2\/product\/6389","targetHints":{"allow":["GET"]}}],"collection":[{"href":"https:\/\/ecl-pisarka.pl\/index.php\/wp-json\/wp\/v2\/product"}],"about":[{"href":"https:\/\/ecl-pisarka.pl\/index.php\/wp-json\/wp\/v2\/types\/product"}],"wp:featuredmedia":[{"embeddable":true,"href":"https:\/\/ecl-pisarka.pl\/index.php\/wp-json\/wp\/v2\/media\/6391"}],"wp:attachment":[{"href":"https:\/\/ecl-pisarka.pl\/index.php\/wp-json\/wp\/v2\/media?parent=6389"}],"wp:term":[{"taxonomy":"product_brand","embeddable":true,"href":"https:\/\/ecl-pisarka.pl\/index.php\/wp-json\/wp\/v2\/product_brand?post=6389"},{"taxonomy":"product_cat","embeddable":true,"href":"https:\/\/ecl-pisarka.pl\/index.php\/wp-json\/wp\/v2\/product_cat?post=6389"},{"taxonomy":"product_tag","embeddable":true,"href":"https:\/\/ecl-pisarka.pl\/index.php\/wp-json\/wp\/v2\/product_tag?post=6389"}],"curies":[{"name":"wp","href":"https:\/\/api.w.org\/{rel}","templated":true}]}}