{"id":6396,"date":"2024-08-06T15:04:41","date_gmt":"2024-08-06T14:04:41","guid":{"rendered":"https:\/\/ecl-pisarka.pl\/?post_type=product&#038;p=6396"},"modified":"2025-05-22T11:21:31","modified_gmt":"2025-05-22T10:21:31","slug":"motywator-pisarski","status":"publish","type":"product","link":"https:\/\/ecl-pisarka.pl\/index.php\/produkt\/motywator-pisarski\/","title":{"rendered":"8 magnes\u00f3w na lod\u00f3wk\u0119 &#8211; MOTYWATOR PISARSKI"},"content":{"rendered":"<p>&nbsp;<\/p>\n<h3>MOTYWATOR PISARSKI<\/h3>\n<p>Zestaw o\u015bmiu magnes\u00f3w z has\u0142ami zawartymi w ksi\u0105\u017cce reporta\u017cowej autorstwa <a href=\"https:\/\/www.facebook.com\/ecl.pisarka\" target=\"_blank\" rel=\"noopener\">Eweliny C. Lisowkiej<\/a> pt. PISANIE Z BOGIEM Zbi\u00f3r reporta\u017cy i fragment\u00f3w ksi\u0105\u017cek. MOTYWATOR PISARSKI to zbi\u00f3r trafnych rad, kt\u00f3re mog\u0105 przyda\u0107 si\u0119 zar\u00f3wno pocz\u0105tkuj\u0105cym, jak i zaawansowanym autorom\/pisarzom r\u00f3\u017cnych gatunk\u00f3w czy dziedzin. Produkt wykonany r\u0119cznie. Wielko\u015b\u0107 pojedynczego magnesu to 7&#215;5 cm.<\/p>\n<p>&nbsp;<\/p>\n<p><img loading=\"lazy\" decoding=\"async\" class=\"alignnone wp-image-6397 size-full\" src=\"https:\/\/ecl-pisarka.pl\/wp-content\/uploads\/2024\/08\/IMG_20240806_154212811_MFNR.jpg\" alt=\"motywator pisarski\" width=\"448\" height=\"336\" srcset=\"https:\/\/ecl-pisarka.pl\/wp-content\/uploads\/2024\/08\/IMG_20240806_154212811_MFNR.jpg 448w, https:\/\/ecl-pisarka.pl\/wp-content\/uploads\/2024\/08\/IMG_20240806_154212811_MFNR-300x225.jpg 300w\" sizes=\"auto, (max-width: 448px) 100vw, 448px\" \/><\/p>\n","protected":false},"excerpt":{"rendered":"<h1>MOTYWATOR PISARSKI<\/h1>\n<p>Zestaw 8 magnes\u00f3w na lod\u00f3wk\u0119 z has\u0142ami zaczerpni\u0119tymi z ksi\u0105\u017cki reporta\u017cowej <a href=\"https:\/\/ecl-pisarka.pl\/index.php\/produkt\/pisanie-z-bogiem-ksiazka\/\">PISANIE Z BOGIEM Eweliny C. Lisowskiej<\/a>. Zbi\u00f3r cennych rad dla pocz\u0105tkuj\u0105cych i zaawansowanych autor\u00f3w\/autorek ksi\u0105\u017cek.<\/p>\n<p>&nbsp;<\/p>\n<ol>\n<li>\n<p class=\"desc-p\">Ok\u0142adka ksi\u0105\u017cki PISANIE Z BOGIEM<\/p>\n<\/li>\n<li>\n<p class=\"desc-p\">Ty decydujesz, o czym chcesz pisa\u0107, nie pisz pod dyktando gustu innych, lecz dla tych, kt\u00f3rym podoba si\u0119 to, co piszesz.<\/p>\n<\/li>\n<li>\n<p class=\"desc-p\">Cokolwiek robisz, pracuj nad tym ca\u0142ym sercem, pracuj\u0105\u0107 dla Pana, a nie dla ludzkich mistrz\u00f3w.<\/p>\n<\/li>\n<li>\n<p class=\"desc-p\">Patrz prosto przed siebie, na sw\u00f3j cel, nie zaptrzymuj si\u0119 przy z\u0142ych opiniach, patrz na dobre, one zmotywuj\u0105c ci\u0119 do dzia\u0142ania.<\/p>\n<\/li>\n<li>\n<p class=\"desc-p\">Nie pisz dla wszystkich, pisz dla okre\u015blonych czytelnik\u00f3w i podkre\u015blach to.<\/p>\n<\/li>\n<li>\n<p class=\"desc-p\">Gdy przychodzi strach, \u017ce nie dasz rady, \u017ce nigdy si\u0119 nie wybijesz, pami\u0119taj, \u017ce ka\u017cdy kiedy\u015b zaczyna\u0142 i robi\u0142 b\u0142\u0119dy, mo\u017ce nawet gorsze ni\u017c ty.<\/p>\n<\/li>\n<li>\n<p class=\"desc-p\">Ka\u017cda ocena jest subiektywna, najwa\u017cniejsze jest, co ty my\u015blisz o swoim pisaniu.<\/p>\n<\/li>\n<li>\n<p class=\"desc-p\">Nie przestawaj robi\u0107 tego, co kochasz, tylko dlatego, \u017ce kto\u015b wystawi\u0142 ci z\u0142\u0105 opinie, bo akurat ma\u0142 z\u0142y dzie\u0144.<\/p>\n<\/li>\n<\/ol>\n","protected":false},"featured_media":6397,"template":"","meta":[],"product_brand":[],"product_cat":[289,306],"product_tag":[290,294],"class_list":{"0":"post-6396","1":"product","2":"type-product","3":"status-publish","4":"has-post-thumbnail","6":"product_cat-gadzety-ksiazkowe","7":"product_cat-pisanie-z-bogiem","8":"product_tag-gadzety-ksiazkowe","9":"product_tag-pisanie-z-bogiem","11":"first","12":"instock","13":"taxable","14":"shipping-taxable","15":"purchasable","16":"product-type-simple"},"_links":{"self":[{"href":"https:\/\/ecl-pisarka.pl\/index.php\/wp-json\/wp\/v2\/product\/6396","targetHints":{"allow":["GET"]}}],"collection":[{"href":"https:\/\/ecl-pisarka.pl\/index.php\/wp-json\/wp\/v2\/product"}],"about":[{"href":"https:\/\/ecl-pisarka.pl\/index.php\/wp-json\/wp\/v2\/types\/product"}],"wp:featuredmedia":[{"embeddable":true,"href":"https:\/\/ecl-pisarka.pl\/index.php\/wp-json\/wp\/v2\/media\/6397"}],"wp:attachment":[{"href":"https:\/\/ecl-pisarka.pl\/index.php\/wp-json\/wp\/v2\/media?parent=6396"}],"wp:term":[{"taxonomy":"product_brand","embeddable":true,"href":"https:\/\/ecl-pisarka.pl\/index.php\/wp-json\/wp\/v2\/product_brand?post=6396"},{"taxonomy":"product_cat","embeddable":true,"href":"https:\/\/ecl-pisarka.pl\/index.php\/wp-json\/wp\/v2\/product_cat?post=6396"},{"taxonomy":"product_tag","embeddable":true,"href":"https:\/\/ecl-pisarka.pl\/index.php\/wp-json\/wp\/v2\/product_tag?post=6396"}],"curies":[{"name":"wp","href":"https:\/\/api.w.org\/{rel}","templated":true}]}}