{"id":6494,"date":"2024-12-06T14:26:53","date_gmt":"2024-12-06T13:26:53","guid":{"rendered":"https:\/\/ecl-pisarka.pl\/?post_type=product&#038;p=6494"},"modified":"2025-01-07T17:19:19","modified_gmt":"2025-01-07T16:19:19","slug":"brzydki-hrabia-ebook-pdf","status":"publish","type":"product","link":"https:\/\/ecl-pisarka.pl\/index.php\/produkt\/brzydki-hrabia-ebook-pdf\/","title":{"rendered":"Ewelina C. Lisowska BRZYDKI HRABIA ebook PDF  seria Brzydka Mi\u0142o\u015b\u0107"},"content":{"rendered":"<h2 style=\"text-align: center;\">Ewelina C. Lisowska<\/h2>\n<h1 style=\"text-align: center;\">BRZYDKI HRABIA<\/h1>\n<p style=\"text-align: center;\"><strong>ebook PDF<\/strong><\/p>\n<p style=\"text-align: center;\"><strong>seria BRZYDKA MI\u0141O\u015a\u0106<\/strong><\/p>\n<p>&nbsp;<\/p>\n<p><img loading=\"lazy\" decoding=\"async\" class=\"alignnone wp-image-6489 size-full\" src=\"https:\/\/ecl-pisarka.pl\/wp-content\/uploads\/2024\/12\/9.jpg\" alt=\"brzydki hrabia ebook pdf\" width=\"750\" height=\"490\" srcset=\"https:\/\/ecl-pisarka.pl\/wp-content\/uploads\/2024\/12\/9.jpg 750w, https:\/\/ecl-pisarka.pl\/wp-content\/uploads\/2024\/12\/9-300x196.jpg 300w, https:\/\/ecl-pisarka.pl\/wp-content\/uploads\/2024\/12\/9-600x392.jpg 600w\" sizes=\"auto, (max-width: 750px) 100vw, 750px\" \/><\/p>\n<p>Obejrzyj inne cytaty z tej ksi\u0105\u017cki na <a href=\"https:\/\/stylowi.pl\/ewelina_capanda_1989\" target=\"_blank\" rel=\"noopener\">Stylowi<\/a> lub <a href=\"https:\/\/www.tiktok.com\/@autorka_romansow?lang=pl-PL\" target=\"_blank\" rel=\"noopener\">Tik Tok<\/a>.<\/p>\n","protected":false},"excerpt":{"rendered":"<p><strong>Ewelina C Lisowska<\/strong><\/p>\n<h2><strong>BRZYDKI HRABIA<\/strong><\/h2>\n<p><strong>Wydawnictwo Romanse<\/strong><\/p>\n<p><strong>romans historyczny XIX w.<\/strong><\/p>\n<p><strong>Data premiery: 24.01.2025<\/strong><\/p>\n<p>&nbsp;<\/p>\n<h3>ZOBACZ TAK\u017bE:<\/h3>\n<p><a href=\"https:\/\/ecl-pisarka.pl\/index.php\/produkt\/brzydki-hrabia-ebook-mobi\/\">Ebook Mobi<\/a><\/p>\n<p><a href=\"https:\/\/ecl-pisarka.pl\/index.php\/produkt\/brzydki-hrabia-ebook-epub\/\">Ebook EPUB<\/a><\/p>\n<p><a href=\"https:\/\/ecl-pisarka.pl\/index.php\/produkt\/brzydki-hrabia-zestaw\/\">Zestaw ksi\u0105\u017cka+zak\u0142adka+magnes na lod\u00f3wk\u0119<\/a><\/p>\n<p><a href=\"https:\/\/ecl-pisarka.pl\/index.php\/produkt\/brzydki-hrabia-druk-na-zyczenie\/\">Ksi\u0105\u017cka drukowana<\/a><\/p>\n<p>Przeczytaj fragment<\/p>\n<p>Pos\u0142uchaj fragmentu ksi\u0105\u017cki<\/p>\n<p>&nbsp;<\/p>\n<p>Telimena Rojek (22 lata), panienka z dworku, pewnego dnia otrzymuje list od tajemniczego wielbiciela, kt\u00f3ry wyznaje jej mi\u0142o\u015b\u0107. Niebawem korespondencja dostarczana przez po\u015brednika, przeradza si\u0119 w platoniczn\u0105 wzajemn\u0105 mi\u0142o\u015b\u0107. Adorator, kt\u00f3ry przedstawia si\u0119 jako Bezimienny, musi jednak w ko\u0144cu powita\u0107 na progu swojego domu Telimen\u0119. Ku zdumieniu panienki, rozmowa jest prowadzona przez parawan\u2026<\/p>\n<p>Czy platoniczne uczucie, kt\u00f3re zrodzi\u0142o si\u0119 mi\u0119dzy bohaterami, przetrwa pr\u00f3by i przeszkody, jakie stan\u0105 zakochanym na drodze do normalnego \u017cycia?<\/p>\n<p>Powie\u015b\u0107 inspirowana jest ba\u015bni\u0105 \u201ePi\u0119kna i bestia\u201d autorstwa Gabrielle-Suzanne Barbot de Villeneuve<\/p>\n<p>Lekki romans historyczny, kt\u00f3ry pokazuje akcj\u0119 z punktu widzenia obojga bohater\u00f3w.<\/p>\n","protected":false},"featured_media":6495,"template":"","meta":[],"product_brand":[],"product_cat":[255,304,47],"product_tag":[303,302,50,137,165,164],"class_list":{"0":"post-6494","1":"product","2":"type-product","3":"status-publish","4":"has-post-thumbnail","6":"product_cat-romans-historyczny","7":"product_cat-brzydki-hrabia","8":"product_cat-ebooki","9":"product_tag-brzydka-milosc","10":"product_tag-brzydki-hrabia","11":"product_tag-ebook","12":"product_tag-ebook-pdf","13":"product_tag-romans-historyczny","14":"product_tag-wiek-xix","16":"first","17":"instock","18":"taxable","19":"shipping-taxable","20":"purchasable","21":"product-type-simple"},"_links":{"self":[{"href":"https:\/\/ecl-pisarka.pl\/index.php\/wp-json\/wp\/v2\/product\/6494","targetHints":{"allow":["GET"]}}],"collection":[{"href":"https:\/\/ecl-pisarka.pl\/index.php\/wp-json\/wp\/v2\/product"}],"about":[{"href":"https:\/\/ecl-pisarka.pl\/index.php\/wp-json\/wp\/v2\/types\/product"}],"wp:featuredmedia":[{"embeddable":true,"href":"https:\/\/ecl-pisarka.pl\/index.php\/wp-json\/wp\/v2\/media\/6495"}],"wp:attachment":[{"href":"https:\/\/ecl-pisarka.pl\/index.php\/wp-json\/wp\/v2\/media?parent=6494"}],"wp:term":[{"taxonomy":"product_brand","embeddable":true,"href":"https:\/\/ecl-pisarka.pl\/index.php\/wp-json\/wp\/v2\/product_brand?post=6494"},{"taxonomy":"product_cat","embeddable":true,"href":"https:\/\/ecl-pisarka.pl\/index.php\/wp-json\/wp\/v2\/product_cat?post=6494"},{"taxonomy":"product_tag","embeddable":true,"href":"https:\/\/ecl-pisarka.pl\/index.php\/wp-json\/wp\/v2\/product_tag?post=6494"}],"curies":[{"name":"wp","href":"https:\/\/api.w.org\/{rel}","templated":true}]}}