{"id":6496,"date":"2024-12-06T14:27:49","date_gmt":"2024-12-06T13:27:49","guid":{"rendered":"https:\/\/ecl-pisarka.pl\/?post_type=product&#038;p=6496"},"modified":"2025-01-07T17:19:52","modified_gmt":"2025-01-07T16:19:52","slug":"brzydki-hrabia-ebook-mobi","status":"publish","type":"product","link":"https:\/\/ecl-pisarka.pl\/index.php\/produkt\/brzydki-hrabia-ebook-mobi\/","title":{"rendered":"Ewelina C. Lisowska BRZYDKI HRABIA ebook Mobi  seria Brzydka Mi\u0142o\u015b\u0107"},"content":{"rendered":"<h2 style=\"text-align: center;\">Ewelina C. Lisowska<\/h2>\n<h1 style=\"text-align: center;\">BRZYDKI HRABIA<\/h1>\n<p style=\"text-align: center;\"><strong>ebook Mobi<\/strong><\/p>\n<p style=\"text-align: center;\"><strong>seria BRZYDKA MI\u0141O\u015a\u0106<\/strong><\/p>\n<p><img loading=\"lazy\" decoding=\"async\" class=\"alignnone wp-image-6488 size-full\" src=\"https:\/\/ecl-pisarka.pl\/wp-content\/uploads\/2024\/12\/6-2.jpg\" alt=\"brzydki hrabia ebook Mobi\" width=\"750\" height=\"490\" srcset=\"https:\/\/ecl-pisarka.pl\/wp-content\/uploads\/2024\/12\/6-2.jpg 750w, https:\/\/ecl-pisarka.pl\/wp-content\/uploads\/2024\/12\/6-2-300x196.jpg 300w, https:\/\/ecl-pisarka.pl\/wp-content\/uploads\/2024\/12\/6-2-600x392.jpg 600w\" sizes=\"auto, (max-width: 750px) 100vw, 750px\" \/><\/p>\n<p>&nbsp;<\/p>\n<p>Obejrzyj inne cytaty z tej ksi\u0105\u017cki na <a href=\"https:\/\/stylowi.pl\/ewelina_capanda_1989\" target=\"_blank\" rel=\"noopener\">Stylowi<\/a> lub <a href=\"https:\/\/www.tiktok.com\/@autorka_romansow?lang=pl-PL\" target=\"_blank\" rel=\"noopener\">Tik Tok<\/a>.<\/p>\n","protected":false},"excerpt":{"rendered":"<p><strong>Ewelina C Lisowska<\/strong><\/p>\n<h2><strong>BRZYDKI HRABIA<\/strong><\/h2>\n<p><strong>Wydawnictwo Romanse<\/strong><\/p>\n<p><strong>romans historyczny XIX w.<\/strong><\/p>\n<p><strong>Data premiery: 24.01.2025<\/strong><\/p>\n<p>&nbsp;<\/p>\n<h3>ZOBACZ TAK\u017bE:<\/h3>\n<p><a href=\"https:\/\/ecl-pisarka.pl\/index.php\/produkt\/brzydki-hrabia-ebook-pdf\/\">Ebook PDF<\/a><\/p>\n<p><a href=\"https:\/\/ecl-pisarka.pl\/index.php\/produkt\/brzydki-hrabia-ebook-epub\/\">Ebook EPUB<\/a><\/p>\n<p><a href=\"https:\/\/ecl-pisarka.pl\/index.php\/produkt\/brzydki-hrabia-zestaw\/\">Zestaw ksi\u0105\u017cka+zak\u0142adka+magnes na lod\u00f3wk\u0119<\/a><\/p>\n<p><a href=\"https:\/\/ecl-pisarka.pl\/index.php\/produkt\/brzydki-hrabia-druk-na-zyczenie\/\">Ksi\u0105\u017cka drukowana<\/a><\/p>\n<p>Przeczytaj fragment<\/p>\n<p>Pos\u0142uchaj fragmentu ksi\u0105\u017cki<\/p>\n<p>&nbsp;<\/p>\n<p>Panienka z dworku, Telimena, pewnego dnia bawi\u0105c u cioci w mie\u015bcie, otrzymuje wiadomo\u015b\u0107 od matki, \u017ce kto\u015b do niej napisa\u0142. Dziewczyna rzuca wszystkim i rusza do dworku, abym czym pr\u0119dzej dowiedzie\u0107 si\u0119, kto wys\u0142a\u0142 do niej list. Okazuje si\u0119, \u017ce jest to list mi\u0142osny, z tym \u017ce nadawca nie podpisa\u0142 si\u0119. Dziewczyna przez d\u0142u\u017cszy czas nie mo\u017ce dowiedzie\u0107 si\u0119, kim jest jej cichy wielbiciel, kt\u00f3ry przedstawi\u0142 si\u0119 jej jako Bezimienny. Wkr\u00f3tce i ona mo\u017ce do niego napisa\u0107 za po\u015brednictwem dyskretnego dor\u0119czyciela. Korespondencja daje pocz\u0105tek wzajemnej mi\u0142o\u015bci platonicznej, kt\u00f3ra zostaje wystawiona na pr\u00f3b\u0119, gdy dziewczyna pewnego dnia staje na progu domu Bezimiennego. Rozmowa odbywa si\u0119 jednak przez parawan, a Telimena musi pozna\u0107 ukochanego na nowo, takim, jakim jest naprawd\u0119\u2026<\/p>\n<p>BRZYDKI HRABIA to lekka powie\u015b\u0107 pe\u0142na burzliwych emocji. Zosta\u0142a zainspirowana XVIII-wieczn\u0105 ba\u015bni\u0105 pt. PI\u0118KNA I BESTIA autorstwa Gabrielle-Suzanne Barbot de Villeneuve. Jest to pierwszy tom z serii BRZYDKA MI\u0141O\u015a\u0106.<\/p>\n","protected":false},"featured_media":6495,"template":"","meta":[],"product_brand":[],"product_cat":[255,304,47],"product_tag":[303,302,50,137,165,164],"class_list":{"0":"post-6496","1":"product","2":"type-product","3":"status-publish","4":"has-post-thumbnail","6":"product_cat-romans-historyczny","7":"product_cat-brzydki-hrabia","8":"product_cat-ebooki","9":"product_tag-brzydka-milosc","10":"product_tag-brzydki-hrabia","11":"product_tag-ebook","12":"product_tag-ebook-pdf","13":"product_tag-romans-historyczny","14":"product_tag-wiek-xix","16":"first","17":"instock","18":"taxable","19":"shipping-taxable","20":"purchasable","21":"product-type-simple"},"_links":{"self":[{"href":"https:\/\/ecl-pisarka.pl\/index.php\/wp-json\/wp\/v2\/product\/6496","targetHints":{"allow":["GET"]}}],"collection":[{"href":"https:\/\/ecl-pisarka.pl\/index.php\/wp-json\/wp\/v2\/product"}],"about":[{"href":"https:\/\/ecl-pisarka.pl\/index.php\/wp-json\/wp\/v2\/types\/product"}],"wp:featuredmedia":[{"embeddable":true,"href":"https:\/\/ecl-pisarka.pl\/index.php\/wp-json\/wp\/v2\/media\/6495"}],"wp:attachment":[{"href":"https:\/\/ecl-pisarka.pl\/index.php\/wp-json\/wp\/v2\/media?parent=6496"}],"wp:term":[{"taxonomy":"product_brand","embeddable":true,"href":"https:\/\/ecl-pisarka.pl\/index.php\/wp-json\/wp\/v2\/product_brand?post=6496"},{"taxonomy":"product_cat","embeddable":true,"href":"https:\/\/ecl-pisarka.pl\/index.php\/wp-json\/wp\/v2\/product_cat?post=6496"},{"taxonomy":"product_tag","embeddable":true,"href":"https:\/\/ecl-pisarka.pl\/index.php\/wp-json\/wp\/v2\/product_tag?post=6496"}],"curies":[{"name":"wp","href":"https:\/\/api.w.org\/{rel}","templated":true}]}}