{"id":6497,"date":"2024-12-06T14:31:20","date_gmt":"2024-12-06T13:31:20","guid":{"rendered":"https:\/\/ecl-pisarka.pl\/?post_type=product&#038;p=6497"},"modified":"2025-01-07T17:23:12","modified_gmt":"2025-01-07T16:23:12","slug":"brzydki-hrabia-ebook-epub","status":"publish","type":"product","link":"https:\/\/ecl-pisarka.pl\/index.php\/produkt\/brzydki-hrabia-ebook-epub\/","title":{"rendered":"Ewelina C. Lisowska BRZYDKI HRABIA ebook EPUB  seria Brzydka Mi\u0142o\u015b\u0107"},"content":{"rendered":"<h2 style=\"text-align: center;\">Ewelina C. Lisowska<\/h2>\n<h1 style=\"text-align: center;\">BRZYDKI HRABIA<\/h1>\n<p style=\"text-align: center;\"><strong>ebook EPUB<\/strong><\/p>\n<p style=\"text-align: center;\"><strong>seria BRZYDKA MI\u0141O\u015a\u0106<\/strong><\/p>\n<p><img loading=\"lazy\" decoding=\"async\" class=\"alignnone wp-image-6498 size-full\" src=\"https:\/\/ecl-pisarka.pl\/wp-content\/uploads\/2024\/12\/9-1.jpg\" alt=\"brzydki hrabia ebook epub\" width=\"750\" height=\"490\" srcset=\"https:\/\/ecl-pisarka.pl\/wp-content\/uploads\/2024\/12\/9-1.jpg 750w, https:\/\/ecl-pisarka.pl\/wp-content\/uploads\/2024\/12\/9-1-300x196.jpg 300w, https:\/\/ecl-pisarka.pl\/wp-content\/uploads\/2024\/12\/9-1-600x392.jpg 600w\" sizes=\"auto, (max-width: 750px) 100vw, 750px\" \/><\/p>\n<p>&nbsp;<\/p>\n<p>Obejrzyj inne cytaty z tej ksi\u0105\u017cki na <a href=\"https:\/\/stylowi.pl\/ewelina_capanda_1989\" target=\"_blank\" rel=\"noopener\">Stylowi<\/a> lub <a href=\"https:\/\/www.tiktok.com\/@autorka_romansow?lang=pl-PL\" target=\"_blank\" rel=\"noopener\">Tik Tok<\/a>.<\/p>\n","protected":false},"excerpt":{"rendered":"<p><strong>Ewelina C Lisowska<\/strong><\/p>\n<h2><strong>BRZYDKI HRABIA<\/strong><\/h2>\n<p><strong>Wydawnictwo Romanse<\/strong><\/p>\n<p><strong>romans historyczny XIX w.<\/strong><\/p>\n<p><strong>Data premiery: 24.01.2025<\/strong><\/p>\n<p>&nbsp;<\/p>\n<h3>ZOBACZ TAK\u017bE:<\/h3>\n<p><a href=\"https:\/\/ecl-pisarka.pl\/index.php\/produkt\/brzydki-hrabia-ebook-mobi\/\">Ebook Mobi<\/a><\/p>\n<p><a href=\"https:\/\/ecl-pisarka.pl\/index.php\/produkt\/brzydki-hrabia-ebook-pdf\/\">Ebook PDF<\/a><\/p>\n<p><a href=\"https:\/\/ecl-pisarka.pl\/index.php\/produkt\/brzydki-hrabia-zestaw\/\">Zestaw ksi\u0105\u017cka+zak\u0142adka+magnes na lod\u00f3wk\u0119<\/a><\/p>\n<p><a href=\"https:\/\/ecl-pisarka.pl\/index.php\/produkt\/brzydki-hrabia-druk-na-zyczenie\/\">Ksi\u0105\u017cka drukowana<\/a><\/p>\n<p>Przeczytaj fragment<\/p>\n<p>Pos\u0142uchaj fragmentu ksi\u0105\u017cki<\/p>\n<p>&nbsp;<\/p>\n<p>Romans historyczny osadzony w wieku XIX.<\/p>\n<p>Panienka z dworku, Telimena, otrzymuje pewnego dnia list od tajemniczego wielbiciela. Rozpoczyna to romantyczn\u0105 korespondencj\u0119, dostarczan\u0105 przez niezwykle dyskretnego, wiernego dor\u0119czyciela. Adorator przedstawia si\u0119 panience jako BEZIMIENNY, nie chce, aby wiedzia\u0142a kim jest, a tym bardziej, aby dosz\u0142o do ich spotkania. Jednak losy tej dw\u00f3jki tocz\u0105 si\u0119 tak, \u017ce Telimena w ko\u0144cu staje u progu domu Bezimiennego. Ku jej zdumieniu rozmowa odbywa si\u0119 przez parawan. Sytuacj\u0119 dodatkowo komplikuje fakt, \u017ce w Telimenie zakochuje si\u0119 pewien m\u0142odzieniec z miasta, kt\u00f3ry nie ma zamiaru tak \u0142atwo odpu\u015bci\u0107\u2026<\/p>\n<p>BRZYDKI HRABIA to powie\u015b\u0107 inspirowana XVIII-wiecznym romansem pt. PI\u0118KNA I BESTIA autorstwa Gabrielle-Suzanne Barbot de Villeneuve. Ksi\u0105\u017cka rozpoczyna seri\u0119 romans\u00f3w pt. BRZYDKA MI\u0141O\u015a\u0106 \u2013 historie mi\u0142osne ludzi u\u0142omnych, dyskryminowanych, brzydkich. Bo przecie\u017c ka\u017cdy zas\u0142uguje na mi\u0142o\u015b\u0107, a pi\u0119kno jest poj\u0119ciem wzgl\u0119dnym.<\/p>\n<p>&nbsp;<\/p>\n<p>Ta lekka powie\u015b\u0107 zawiera korespondencj\u0119 listown\u0105, jest po\u0142\u0105czeniem dw\u00f3ch r\u00f3\u017cnych pod ka\u017cdym wzgl\u0119dem \u015bwiat\u00f3w. Historia opowiadana przez autork\u0119, ukazuje akcj\u0119 z dw\u00f3ch punkt\u00f3w widzenia: Telimeny oraz Bezimiennego. A przedstawiony w powie\u015bci w\u0105tek ba\u015bniowy nabiera tutaj realistycznych kszta\u0142t\u00f3w.<\/p>\n<p>&nbsp;<\/p>\n<p>&nbsp;<\/p>\n","protected":false},"featured_media":6495,"template":"","meta":[],"product_brand":[],"product_cat":[255,304,47],"product_tag":[303,302,50,137,165,164],"class_list":{"0":"post-6497","1":"product","2":"type-product","3":"status-publish","4":"has-post-thumbnail","6":"product_cat-romans-historyczny","7":"product_cat-brzydki-hrabia","8":"product_cat-ebooki","9":"product_tag-brzydka-milosc","10":"product_tag-brzydki-hrabia","11":"product_tag-ebook","12":"product_tag-ebook-pdf","13":"product_tag-romans-historyczny","14":"product_tag-wiek-xix","16":"first","17":"instock","18":"taxable","19":"shipping-taxable","20":"purchasable","21":"product-type-simple"},"_links":{"self":[{"href":"https:\/\/ecl-pisarka.pl\/index.php\/wp-json\/wp\/v2\/product\/6497","targetHints":{"allow":["GET"]}}],"collection":[{"href":"https:\/\/ecl-pisarka.pl\/index.php\/wp-json\/wp\/v2\/product"}],"about":[{"href":"https:\/\/ecl-pisarka.pl\/index.php\/wp-json\/wp\/v2\/types\/product"}],"wp:featuredmedia":[{"embeddable":true,"href":"https:\/\/ecl-pisarka.pl\/index.php\/wp-json\/wp\/v2\/media\/6495"}],"wp:attachment":[{"href":"https:\/\/ecl-pisarka.pl\/index.php\/wp-json\/wp\/v2\/media?parent=6497"}],"wp:term":[{"taxonomy":"product_brand","embeddable":true,"href":"https:\/\/ecl-pisarka.pl\/index.php\/wp-json\/wp\/v2\/product_brand?post=6497"},{"taxonomy":"product_cat","embeddable":true,"href":"https:\/\/ecl-pisarka.pl\/index.php\/wp-json\/wp\/v2\/product_cat?post=6497"},{"taxonomy":"product_tag","embeddable":true,"href":"https:\/\/ecl-pisarka.pl\/index.php\/wp-json\/wp\/v2\/product_tag?post=6497"}],"curies":[{"name":"wp","href":"https:\/\/api.w.org\/{rel}","templated":true}]}}