{"id":6499,"date":"2024-12-06T14:35:33","date_gmt":"2024-12-06T13:35:33","guid":{"rendered":"https:\/\/ecl-pisarka.pl\/?post_type=product&#038;p=6499"},"modified":"2024-12-09T16:55:23","modified_gmt":"2024-12-09T15:55:23","slug":"brzydki-hrabia-druk-na-zyczenie","status":"publish","type":"product","link":"https:\/\/ecl-pisarka.pl\/index.php\/produkt\/brzydki-hrabia-druk-na-zyczenie\/","title":{"rendered":"Ewelina C. Lisowska BRZYDKI HRABIA druk na \u017cyczenie"},"content":{"rendered":"<h2 style=\"text-align: center;\">Ewelina C. Lisowska<\/h2>\n<h1 style=\"text-align: center;\">BRZYDKI HRABIA<\/h1>\n<p style=\"text-align: center;\"><strong>druk na \u017cyczenie<\/strong><\/p>\n<p style=\"text-align: center;\"><strong>seria BRZYDKA MI\u0141O\u015a\u0106<\/strong><\/p>\n<p><img loading=\"lazy\" decoding=\"async\" class=\"alignnone wp-image-6498 size-full\" src=\"https:\/\/ecl-pisarka.pl\/wp-content\/uploads\/2024\/12\/9-1.jpg\" alt=\"brzydki hrabia ebook epub\" width=\"750\" height=\"490\" srcset=\"https:\/\/ecl-pisarka.pl\/wp-content\/uploads\/2024\/12\/9-1.jpg 750w, https:\/\/ecl-pisarka.pl\/wp-content\/uploads\/2024\/12\/9-1-300x196.jpg 300w, https:\/\/ecl-pisarka.pl\/wp-content\/uploads\/2024\/12\/9-1-600x392.jpg 600w\" sizes=\"auto, (max-width: 750px) 100vw, 750px\" \/><\/p>\n<p>&nbsp;<\/p>\n<p>Obejrzyj inne cytaty z tej ksi\u0105\u017cki na <a href=\"https:\/\/stylowi.pl\/ewelina_capanda_1989\" target=\"_blank\" rel=\"noopener\">Stylowi<\/a> lub <a href=\"https:\/\/www.tiktok.com\/@autorka_romansow?lang=pl-PL\" target=\"_blank\" rel=\"noopener\">Tik Tok<\/a>.<\/p>\n","protected":false},"excerpt":{"rendered":"<p><strong>Ewelina C Lisowska<\/strong><\/p>\n<h2><strong>BRZYDKI HRABIA druk na \u017cyczenie<\/strong><\/h2>\n<p><strong>Wydawnictwo Romanse<\/strong><\/p>\n<p><strong>romans historyczny XIX w.<\/strong><\/p>\n<p><strong>Data premiery: 24.01.2025<\/strong><\/p>\n<p>&nbsp;<\/p>\n<p><strong>EMPIK<\/strong><\/p>\n<p><strong>RIDERO<\/strong><\/p>\n<p><strong>AMAZON<\/strong><\/p>\n<p>&nbsp;<\/p>\n<h3>ZOBACZ TAK\u017bE:<\/h3>\n<p><a href=\"https:\/\/ecl-pisarka.pl\/index.php\/produkt\/brzydki-hrabia-ebook-mobi\/\">Ebook Mobi<\/a><\/p>\n<p><a href=\"https:\/\/ecl-pisarka.pl\/index.php\/produkt\/brzydki-hrabia-ebook-pdf\/\">Ebook PDF<\/a><\/p>\n<p><a href=\"https:\/\/ecl-pisarka.pl\/index.php\/produkt\/brzydki-hrabia-ebook-epub\/\">Ebook EPUB<\/a><\/p>\n<p><a href=\"https:\/\/ecl-pisarka.pl\/index.php\/produkt\/brzydki-hrabia-zestaw\/\">Zestaw ksi\u0105\u017cka+zak\u0142adka+magnes na lod\u00f3wk\u0119<\/a><\/p>\n<p>Przeczytaj fragment<\/p>\n<p>Pos\u0142uchaj fragmentu ksi\u0105\u017cki<\/p>\n<p>&nbsp;<\/p>\n<h1>OPIS PRODUKTU<\/h1>\n<p>Prezentujemy Pa\u0144stwu mo\u017cliwo\u015b\u0107 zakupienia naszej publikacji w wybranej przez Pa\u0144stwa ksi\u0119garni internetowej. Wersja druku na \u017cyczenie oznacza, \u017ce ksi\u0105\u017cka nie traci bynajmniej na warto\u015bci, jest jednak drukowana na specjalne \u017cyczenie klientac, co oznacza, \u017ce nie magazynujemy naszych ksi\u0105\u017cek, lecz drukujemy je tylko w\u00f3wczas, kiedy kto\u015b chce je zakupi\u0107. Aktualnie maj\u0105 Pa\u0144stwo do wyboru jeden z trzech sklep\u00f3w: Empik, Ridero oraz Amazon polski, oraz mi\u0119dzynarodow sie\u0107 ksi\u0119garni Amazon &#8211; co daje nam mo\u017cliwo\u015b\u0107 wyj\u015bcia z nasz\u0105 literatur\u0105 do Czytelnik\u00f3w z ca\u0142ego \u015bwiata. Serdecznie zapraszamy do zapoznania si\u0119 z naszymi produktami w tych ksi\u0119garniach. Linki do produkt\u00f3w znajduj\u0105 si\u0119 w tej ofercie. Daje to mo\u017cliwo\u015b\u0107 por\u00f3wnania ceny ksi\u0105\u017cek drukowanych na specjalne Pa\u0144stwa \u017cyczenie.<\/p>\n<p>&nbsp;<\/p>\n<p>&nbsp;<\/p>\n","protected":false},"featured_media":6500,"template":"","meta":[],"product_brand":[],"product_cat":[255,304,47],"product_tag":[303,302,253,173,165,164],"class_list":{"0":"post-6499","1":"product","2":"type-product","3":"status-publish","4":"has-post-thumbnail","6":"product_cat-romans-historyczny","7":"product_cat-brzydki-hrabia","8":"product_cat-ebooki","9":"product_tag-brzydka-milosc","10":"product_tag-brzydki-hrabia","11":"product_tag-druk-na-zyczenie","12":"product_tag-ksiazka-drukowana","13":"product_tag-romans-historyczny","14":"product_tag-wiek-xix","16":"first","17":"instock","18":"taxable","19":"shipping-taxable","20":"product-type-simple"},"_links":{"self":[{"href":"https:\/\/ecl-pisarka.pl\/index.php\/wp-json\/wp\/v2\/product\/6499","targetHints":{"allow":["GET"]}}],"collection":[{"href":"https:\/\/ecl-pisarka.pl\/index.php\/wp-json\/wp\/v2\/product"}],"about":[{"href":"https:\/\/ecl-pisarka.pl\/index.php\/wp-json\/wp\/v2\/types\/product"}],"wp:featuredmedia":[{"embeddable":true,"href":"https:\/\/ecl-pisarka.pl\/index.php\/wp-json\/wp\/v2\/media\/6500"}],"wp:attachment":[{"href":"https:\/\/ecl-pisarka.pl\/index.php\/wp-json\/wp\/v2\/media?parent=6499"}],"wp:term":[{"taxonomy":"product_brand","embeddable":true,"href":"https:\/\/ecl-pisarka.pl\/index.php\/wp-json\/wp\/v2\/product_brand?post=6499"},{"taxonomy":"product_cat","embeddable":true,"href":"https:\/\/ecl-pisarka.pl\/index.php\/wp-json\/wp\/v2\/product_cat?post=6499"},{"taxonomy":"product_tag","embeddable":true,"href":"https:\/\/ecl-pisarka.pl\/index.php\/wp-json\/wp\/v2\/product_tag?post=6499"}],"curies":[{"name":"wp","href":"https:\/\/api.w.org\/{rel}","templated":true}]}}