{"id":6818,"date":"2025-07-03T12:24:56","date_gmt":"2025-07-03T11:24:56","guid":{"rendered":"https:\/\/ecl-pisarka.pl\/?post_type=product&#038;p=6818"},"modified":"2025-11-17T13:18:39","modified_gmt":"2025-11-17T12:18:39","slug":"pdf-kawaler-do-wziecia","status":"publish","type":"product","link":"https:\/\/ecl-pisarka.pl\/index.php\/produkt\/pdf-kawaler-do-wziecia\/","title":{"rendered":"ebook PDF KAWALER DO WZI\u0118CIA Ewelina C Lisowska"},"content":{"rendered":"<h2><strong>Ebook PDF KAWALER DO WZI\u0118CIA\u00a0<\/strong><\/h2>\n<h2>Ewelina C. Lisowska<\/h2>\n<p><em>komedia romantyczna<\/em><\/p>\n<p><em>Wydawnictwo Romanse<\/em><\/p>\n<p>&#x1f525;PREMIERA 31 sierpnia 2025&#x1f525;<\/p>\n<p><img loading=\"lazy\" decoding=\"async\" class=\"alignnone wp-image-6842 size-full\" src=\"https:\/\/ecl-pisarka.pl\/wp-content\/uploads\/2025\/07\/4.jpg\" alt=\"ewelina c lisowska kawaler do wzi\u0119cia\" width=\"1640\" height=\"924\" srcset=\"https:\/\/ecl-pisarka.pl\/wp-content\/uploads\/2025\/07\/4.jpg 1640w, https:\/\/ecl-pisarka.pl\/wp-content\/uploads\/2025\/07\/4-300x169.jpg 300w, https:\/\/ecl-pisarka.pl\/wp-content\/uploads\/2025\/07\/4-1024x577.jpg 1024w, https:\/\/ecl-pisarka.pl\/wp-content\/uploads\/2025\/07\/4-768x433.jpg 768w, https:\/\/ecl-pisarka.pl\/wp-content\/uploads\/2025\/07\/4-1536x865.jpg 1536w, https:\/\/ecl-pisarka.pl\/wp-content\/uploads\/2025\/07\/4-600x338.jpg 600w\" sizes=\"auto, (max-width: 1640px) 100vw, 1640px\" \/><\/p>\n<p><strong>Zobacz tak\u017ce:<\/strong><\/p>\n<p><a href=\"https:\/\/ecl-pisarka.pl\/index.php\/produkt\/mobi-kawaler-do-wziecia\/\">ebook Mobi<\/a><\/p>\n<p><a href=\"https:\/\/ecl-pisarka.pl\/index.php\/produkt\/ebook-kawaler-do-wziecia\/\">ebook ePUB<\/a><\/p>\n<p><a href=\"https:\/\/allegrolokalnie.pl\/oferta\/ewelina-c-lisowska-kawalerd-do-wziecia-ksiazka-komedia-romantyczna-romans\" target=\"_blank\" rel=\"noopener\">ksi\u0105\u017cka Allegro<\/a><\/p>\n<p><a href=\"https:\/\/ecl-pisarka.pl\/index.php\/produkt\/ksiazka-kawaler-do-wziecia\/\">ksi\u0105\u017cka w druku na \u017cyczenie<\/a><\/p>\n","protected":false},"excerpt":{"rendered":"<h1 style=\"text-align: center;\">e-book PDF KAWALER DO WZI\u0118CIA<\/h1>\n<h2 style=\"text-align: center;\">Ewelina C Lisowska<\/h2>\n<p style=\"text-align: center;\"><strong>komedia romantyczna<\/strong><\/p>\n<p>Wiejski mechanik Tadeusz Gamo\u0144 zakochuje si\u0119 w modelce erotycznej z gazety \u201e\u015awiat M\u0119skich Pragnie\u0144\u201d, Samanthcie (czyli Monice). Pewnego dnia dziewczyna niespodziewanie zjawia si\u0119 w warsztacie i Tadeusz rozpoznaje j\u0105. Dziewczyna w\u0142a\u015bnie ko\u0144czy ze swoim dawnym \u017cyciem i chce zamieszka\u0107 w K\u0142opotach Dolnych, aby rozpocz\u0105\u0107 nowe \u017cycie. My\u015bli, \u017ce nikt jej tutaj nie rozpozna. Zakochany facet zrobi wszystko, aby zdoby\u0107 serce swojej wybranki, niestety na drodze do szcz\u0119\u015bcia stanie mu nie tylko ch\u0142opak Moniki, ale tak\u017ce ca\u0142a gama uprzedze\u0144 i stereotyp\u00f3w, z kt\u00f3rymi Tadeusz b\u0119dzie musia\u0142 si\u0119 zmierzy\u0107.<\/p>\n<p>&nbsp;<\/p>\n<p>Czy dobry, pomocny ch\u0142opak zdob\u0119dzie serce ukochanej?<\/p>\n<p>&nbsp;<\/p>\n<p>Czy Gamo\u0144 oka\u017c\u0119 si\u0119 prawdziwym gamoniem, a mo\u017ce pozory myl\u0105?<\/p>\n<p>&nbsp;<\/p>\n<p>Przekonaj si\u0119, czytaj\u0105c t\u0105 komedi\u0119 romantyczn\u0105, gdzie s\u0142odycz i gorycz mieszaj\u0105 si\u0119 z sob\u0105, aby stworzy\u0107 istn\u0105 bomb\u0119 zabawnego s\u0142owotw\u00f3rstwa i komedii pechowych zdarze\u0144. Ksi\u0105\u017cka inspirowana jest popularnym w telewizji Polsat reality pt. CH\u0141OPAKI DO WZI\u0118CIA.<\/p>\n<p>Ewelina C. Lisowska to autorka wielu powie\u015bci romantycznych. Zadebiutowa\u0142a w 2018 roku. Napisa\u0142a i wyda\u0142a inn\u0105 komedi\u0119 romantyczn\u0105 pt. <a href=\"https:\/\/ecl-pisarka.pl\/index.php\/kategoria-produktu\/komedia-romantyczna\/49-westchnien-teci\/\">49 WESTCHNIE\u0143 TECI<\/a>. Seksowna komedia dla Czytelnik\u00f3w i Czytelniczek 18+!<\/p>\n<p>&nbsp;<\/p>\n<p>&#x1f4d7;<a href=\"https:\/\/www.youtube.com\/watch?v=SKy55qqO2sc&amp;list=PL-Wfhy80J6Ik8MOX74fgF1-JSW1yhmEwX\">Odwied\u017a nasz YouTube, aby przeczyta\u0107 cytaty z komedii romantycznej KAWALER DO WZI\u0118CIA.<\/a>&#x1f4d7;<\/p>\n","protected":false},"featured_media":6819,"template":"","meta":[],"product_brand":[],"product_cat":[47,308,273],"product_tag":[50,137,309,271],"class_list":{"0":"post-6818","1":"product","2":"type-product","3":"status-publish","4":"has-post-thumbnail","6":"product_cat-ebooki","7":"product_cat-kawaler-do-wziecia","8":"product_cat-komedia-romantyczna","9":"product_tag-ebook","10":"product_tag-ebook-pdf","11":"product_tag-kawaler-do-wziecia","12":"product_tag-komedia-romantyczna","14":"first","15":"instock","16":"sale","17":"taxable","18":"shipping-taxable","19":"purchasable","20":"product-type-simple"},"_links":{"self":[{"href":"https:\/\/ecl-pisarka.pl\/index.php\/wp-json\/wp\/v2\/product\/6818","targetHints":{"allow":["GET"]}}],"collection":[{"href":"https:\/\/ecl-pisarka.pl\/index.php\/wp-json\/wp\/v2\/product"}],"about":[{"href":"https:\/\/ecl-pisarka.pl\/index.php\/wp-json\/wp\/v2\/types\/product"}],"wp:featuredmedia":[{"embeddable":true,"href":"https:\/\/ecl-pisarka.pl\/index.php\/wp-json\/wp\/v2\/media\/6819"}],"wp:attachment":[{"href":"https:\/\/ecl-pisarka.pl\/index.php\/wp-json\/wp\/v2\/media?parent=6818"}],"wp:term":[{"taxonomy":"product_brand","embeddable":true,"href":"https:\/\/ecl-pisarka.pl\/index.php\/wp-json\/wp\/v2\/product_brand?post=6818"},{"taxonomy":"product_cat","embeddable":true,"href":"https:\/\/ecl-pisarka.pl\/index.php\/wp-json\/wp\/v2\/product_cat?post=6818"},{"taxonomy":"product_tag","embeddable":true,"href":"https:\/\/ecl-pisarka.pl\/index.php\/wp-json\/wp\/v2\/product_tag?post=6818"}],"curies":[{"name":"wp","href":"https:\/\/api.w.org\/{rel}","templated":true}]}}