{"id":6820,"date":"2025-07-03T12:25:44","date_gmt":"2025-07-03T11:25:44","guid":{"rendered":"https:\/\/ecl-pisarka.pl\/?post_type=product&#038;p=6820"},"modified":"2025-11-17T13:17:47","modified_gmt":"2025-11-17T12:17:47","slug":"mobi-kawaler-do-wziecia","status":"publish","type":"product","link":"https:\/\/ecl-pisarka.pl\/index.php\/produkt\/mobi-kawaler-do-wziecia\/","title":{"rendered":"ebook Mobi KAWALER DO WZI\u0118CIA Ewelina C Lisowska"},"content":{"rendered":"<h2><strong>Ebook Mobi KAWALER DO WZI\u0118CIA\u00a0<\/strong><\/h2>\n<h3><strong>Ewelina C. Lisowska<\/strong><\/h3>\n<p><em>komedia romantyczna<\/em><\/p>\n<p><em>Wydawnictwo Romanse<\/em><\/p>\n<p>&#x1f525;PREMIERA 31 sierpnia 2025&#x1f525;<\/p>\n<p><img loading=\"lazy\" decoding=\"async\" class=\"alignnone wp-image-6841 size-full\" src=\"https:\/\/ecl-pisarka.pl\/wp-content\/uploads\/2025\/07\/3-1.jpg\" alt=\"kawaler do wzi\u0119cia ewelina c lisowska\" width=\"1640\" height=\"924\" srcset=\"https:\/\/ecl-pisarka.pl\/wp-content\/uploads\/2025\/07\/3-1.jpg 1640w, https:\/\/ecl-pisarka.pl\/wp-content\/uploads\/2025\/07\/3-1-300x169.jpg 300w, https:\/\/ecl-pisarka.pl\/wp-content\/uploads\/2025\/07\/3-1-1024x577.jpg 1024w, https:\/\/ecl-pisarka.pl\/wp-content\/uploads\/2025\/07\/3-1-768x433.jpg 768w, https:\/\/ecl-pisarka.pl\/wp-content\/uploads\/2025\/07\/3-1-1536x865.jpg 1536w, https:\/\/ecl-pisarka.pl\/wp-content\/uploads\/2025\/07\/3-1-600x338.jpg 600w\" sizes=\"auto, (max-width: 1640px) 100vw, 1640px\" \/><\/p>\n<p><strong>Zobacz tak\u017ce:<\/strong><\/p>\n<p><a href=\"https:\/\/ecl-pisarka.pl\/index.php\/produkt\/pdf-kawaler-do-wziecia\/\">ebook PDF<\/a><\/p>\n<p><a href=\"https:\/\/ecl-pisarka.pl\/index.php\/produkt\/ebook-kawaler-do-wziecia\/\">ebook ePUB<\/a><\/p>\n<p><a href=\"https:\/\/allegrolokalnie.pl\/oferta\/ewelina-c-lisowska-kawalerd-do-wziecia-ksiazka-komedia-romantyczna-romans\" target=\"_blank\" rel=\"noopener\">ksi\u0105\u017cka Allegro<\/a><\/p>\n<p><a href=\"https:\/\/ecl-pisarka.pl\/index.php\/produkt\/ksiazka-kawaler-do-wziecia\/\">ksi\u0105\u017cka w druku na \u017cyczenie<\/a><\/p>\n","protected":false},"excerpt":{"rendered":"<h1 style=\"text-align: center;\">e-book Mobi KAWALER DO WZI\u0118CIA<\/h1>\n<h2 style=\"text-align: center;\">Ewelina C Lisowska<\/h2>\n<p style=\"text-align: center;\"><strong>komedia romantyczna<\/strong><\/p>\n<p>Tadeusz Gamo\u0144 (wiejski mechanik), zakocha\u0142 si\u0119 w modelce z gazety erotycznej \u201e\u015awiat M\u0119skich Pragnie\u0144\u201d. Niespodziewanie spotyka swoj\u0105 wymarzon\u0105 Samanth\u0119 (czyli Monik\u0119) w warsztacie, w kt\u00f3rym pracuje. Dziewczyna w\u0142a\u015bnie ko\u0144czy z dawnym zaj\u0119ciem i ma zamiar rozpocz\u0105\u0107 ca\u0142kiem nowe \u017cycie w K\u0142opotach Dolnych, tam gdzie mieszka Tadek. Ch\u0142opak zrobi wszystko, aby zdoby\u0107 serce ukochanej i wiele razy udzieli jej pomocy oraz wsparcia.<\/p>\n<p>Niestety zakochany Tadek dowie si\u0119, \u017ce Monika jest zaj\u0119ta. Ale opr\u00f3cz konkurenta Gamo\u0144 b\u0119dzie musia\u0142 zmierzy\u0107 si\u0119 z stereotypami i uprzedzeniami panny z wielkiego miasta.<\/p>\n<p>Seksowna komedia pechowych zdarze\u0144 (wiek 18+), pe\u0142na potocznego s\u0142ownictwa (z przypisami) i niespodziewanych zwrot\u00f3w akcji. Je\u015bli Czyta\u0142e\u015b\/Czyta\u0142a\u015b 49 WESTCHNIE\u0143 TECI Eweliny C Lisowskiej, KAWALER DO WZI\u0118CIA z pewno\u015bci\u0105 tak\u017ce przypadnie Ci do gustu. Ksi\u0105\u017cka dla doros\u0142ych, inspirowana popularnym reality Polsatu pt. CH\u0141OPAKI DO WZI\u0118CIA.<\/p>\n<p>&nbsp;<\/p>\n<p>&nbsp;<\/p>\n<p>&#x1f4d7;<a href=\"https:\/\/www.youtube.com\/watch?v=SKy55qqO2sc&amp;list=PL-Wfhy80J6Ik8MOX74fgF1-JSW1yhmEwX\">Odwied\u017a nasz YouTube, aby przeczyta\u0107 cytaty z komedii romantycznej KAWALER DO WZI\u0118CIA.<\/a>&#x1f4d7;<\/p>\n","protected":false},"featured_media":6821,"template":"","meta":[],"product_brand":[],"product_cat":[47,308,273],"product_tag":[50,137,309,271],"class_list":{"0":"post-6820","1":"product","2":"type-product","3":"status-publish","4":"has-post-thumbnail","6":"product_cat-ebooki","7":"product_cat-kawaler-do-wziecia","8":"product_cat-komedia-romantyczna","9":"product_tag-ebook","10":"product_tag-ebook-pdf","11":"product_tag-kawaler-do-wziecia","12":"product_tag-komedia-romantyczna","14":"first","15":"instock","16":"sale","17":"taxable","18":"shipping-taxable","19":"purchasable","20":"product-type-simple"},"_links":{"self":[{"href":"https:\/\/ecl-pisarka.pl\/index.php\/wp-json\/wp\/v2\/product\/6820","targetHints":{"allow":["GET"]}}],"collection":[{"href":"https:\/\/ecl-pisarka.pl\/index.php\/wp-json\/wp\/v2\/product"}],"about":[{"href":"https:\/\/ecl-pisarka.pl\/index.php\/wp-json\/wp\/v2\/types\/product"}],"wp:featuredmedia":[{"embeddable":true,"href":"https:\/\/ecl-pisarka.pl\/index.php\/wp-json\/wp\/v2\/media\/6821"}],"wp:attachment":[{"href":"https:\/\/ecl-pisarka.pl\/index.php\/wp-json\/wp\/v2\/media?parent=6820"}],"wp:term":[{"taxonomy":"product_brand","embeddable":true,"href":"https:\/\/ecl-pisarka.pl\/index.php\/wp-json\/wp\/v2\/product_brand?post=6820"},{"taxonomy":"product_cat","embeddable":true,"href":"https:\/\/ecl-pisarka.pl\/index.php\/wp-json\/wp\/v2\/product_cat?post=6820"},{"taxonomy":"product_tag","embeddable":true,"href":"https:\/\/ecl-pisarka.pl\/index.php\/wp-json\/wp\/v2\/product_tag?post=6820"}],"curies":[{"name":"wp","href":"https:\/\/api.w.org\/{rel}","templated":true}]}}