{"id":6822,"date":"2025-07-03T12:30:29","date_gmt":"2025-07-03T11:30:29","guid":{"rendered":"https:\/\/ecl-pisarka.pl\/?post_type=product&#038;p=6822"},"modified":"2025-11-17T13:19:14","modified_gmt":"2025-11-17T12:19:14","slug":"ebook-kawaler-do-wziecia","status":"publish","type":"product","link":"https:\/\/ecl-pisarka.pl\/index.php\/produkt\/ebook-kawaler-do-wziecia\/","title":{"rendered":"ePUB ebook KAWALER DO WZI\u0118CIA Ewelina C Lisowska"},"content":{"rendered":"<h2><strong>Ebook KAWALER DO WZI\u0118CIA <\/strong><strong>ePUB <\/strong><\/h2>\n<p><strong>Ewelina C. Lisowska<\/strong><\/p>\n<p><em>komedia romantyczna<\/em><\/p>\n<p><em>Wydawnictwo Romanse<\/em><\/p>\n<p>&#x1f525;PREMIERA 31 sierpnia 2025&#x1f525;<\/p>\n<p><img loading=\"lazy\" decoding=\"async\" class=\"alignnone wp-image-6838 size-full\" src=\"https:\/\/ecl-pisarka.pl\/wp-content\/uploads\/2025\/07\/2-1.jpg\" alt=\"komedia romantyczna kawaler do wzi\u0119cia\" width=\"1640\" height=\"924\" srcset=\"https:\/\/ecl-pisarka.pl\/wp-content\/uploads\/2025\/07\/2-1.jpg 1640w, https:\/\/ecl-pisarka.pl\/wp-content\/uploads\/2025\/07\/2-1-300x169.jpg 300w, https:\/\/ecl-pisarka.pl\/wp-content\/uploads\/2025\/07\/2-1-1024x577.jpg 1024w, https:\/\/ecl-pisarka.pl\/wp-content\/uploads\/2025\/07\/2-1-768x433.jpg 768w, https:\/\/ecl-pisarka.pl\/wp-content\/uploads\/2025\/07\/2-1-1536x865.jpg 1536w, https:\/\/ecl-pisarka.pl\/wp-content\/uploads\/2025\/07\/2-1-600x338.jpg 600w\" sizes=\"auto, (max-width: 1640px) 100vw, 1640px\" \/><\/p>\n<p><strong>Zobacz tak\u017ce:<\/strong><\/p>\n<p><a href=\"https:\/\/ecl-pisarka.pl\/index.php\/produkt\/pdf-kawaler-do-wziecia\/\">ebook PDF<\/a><\/p>\n<p><a href=\"https:\/\/ecl-pisarka.pl\/index.php\/produkt\/mobi-kawaler-do-wziecia\/\">ebook Mobi<\/a><\/p>\n<p><a href=\"https:\/\/allegrolokalnie.pl\/oferta\/ewelina-c-lisowska-kawalerd-do-wziecia-ksiazka-komedia-romantyczna-romans\" target=\"_blank\" rel=\"noopener\">ksi\u0105\u017cka Allegro<\/a><\/p>\n<p><a href=\"https:\/\/ecl-pisarka.pl\/index.php\/produkt\/ksiazka-kawaler-do-wziecia\/\">ksi\u0105\u017cka w druku na \u017cyczenie<\/a><\/p>\n","protected":false},"excerpt":{"rendered":"<h1 style=\"text-align: center;\">\u00a0ePUB ebook KAWALER DO WZI\u0118CIA<\/h1>\n<h2 style=\"text-align: center;\">Ewelina C Lisowska<\/h2>\n<p style=\"text-align: center;\"><strong>komedia romantyczna<\/strong><\/p>\n<p>Seksowna komedia romantyczna autorstwa polskiej pisarki romans\u00f3w Eweliny C. Lisowskiej. Po 49 WESTCHNIENIACH TECI przyszed\u0142 czas na KAWALERA DO WZI\u0118CIA. Ksi\u0105\u017cka opowiada o zakochanym w modelce erotycznej Tadeuszu Gamoniu. Pewnego dnia w warsztacie, gdzie pracuje Tadzio, zjawia si\u0119 jego wymarzona Samantha (czyli Monika) i prosi go o pomoc. Jak si\u0119 okazuje, dziewczyna chce sko\u0144czy\u0107 ze starym \u017cyciem i zamieszkuje naprzeciwko domu Tadka.<\/p>\n<p>Zakochany facet zrobi wszystko, aby zdoby\u0107 serce ukochanej, niestety najpierw b\u0119dzie musia\u0142 zmierzy\u0107 si\u0119 z ch\u0142opakiem wybranki oraz licznymi stereotypami.<\/p>\n<p>&nbsp;<\/p>\n<p>Ta lekka komedia obfituje w potoczne s\u0142ownictwo, niespodziewane zwroty akcji oraz \u015bmieszne scenki i seksafery. Romantyczna ksi\u0105\u017cka dla doros\u0142ych (18+), inspirowana reality Polsatu pt. CH\u0141OPAKI DO WZI\u0118CIA. Powie\u015b\u0107 ma obala\u0107 stereotypy i zapewni\u0107 spor\u0105 dawk\u0119 dobrego humoru. Podczas czytania Czytelnikom oraz Czytelniczkom przyda si\u0119 spora dawka rozs\u0105dnego dystansu.<\/p>\n<p>&#x1f4d7;<a href=\"https:\/\/www.youtube.com\/watch?v=SKy55qqO2sc&amp;list=PL-Wfhy80J6Ik8MOX74fgF1-JSW1yhmEwX\">Odwied\u017a nasz YouTube, aby przeczyta\u0107 cytaty z komedii romantycznej KAWALER DO WZI\u0118CIA.<\/a>&#x1f4d7;<\/p>\n","protected":false},"featured_media":6823,"template":"","meta":[],"product_brand":[],"product_cat":[47,308,273],"product_tag":[50,137,309,271],"class_list":{"0":"post-6822","1":"product","2":"type-product","3":"status-publish","4":"has-post-thumbnail","6":"product_cat-ebooki","7":"product_cat-kawaler-do-wziecia","8":"product_cat-komedia-romantyczna","9":"product_tag-ebook","10":"product_tag-ebook-pdf","11":"product_tag-kawaler-do-wziecia","12":"product_tag-komedia-romantyczna","14":"first","15":"instock","16":"sale","17":"taxable","18":"shipping-taxable","19":"purchasable","20":"product-type-simple"},"_links":{"self":[{"href":"https:\/\/ecl-pisarka.pl\/index.php\/wp-json\/wp\/v2\/product\/6822","targetHints":{"allow":["GET"]}}],"collection":[{"href":"https:\/\/ecl-pisarka.pl\/index.php\/wp-json\/wp\/v2\/product"}],"about":[{"href":"https:\/\/ecl-pisarka.pl\/index.php\/wp-json\/wp\/v2\/types\/product"}],"wp:featuredmedia":[{"embeddable":true,"href":"https:\/\/ecl-pisarka.pl\/index.php\/wp-json\/wp\/v2\/media\/6823"}],"wp:attachment":[{"href":"https:\/\/ecl-pisarka.pl\/index.php\/wp-json\/wp\/v2\/media?parent=6822"}],"wp:term":[{"taxonomy":"product_brand","embeddable":true,"href":"https:\/\/ecl-pisarka.pl\/index.php\/wp-json\/wp\/v2\/product_brand?post=6822"},{"taxonomy":"product_cat","embeddable":true,"href":"https:\/\/ecl-pisarka.pl\/index.php\/wp-json\/wp\/v2\/product_cat?post=6822"},{"taxonomy":"product_tag","embeddable":true,"href":"https:\/\/ecl-pisarka.pl\/index.php\/wp-json\/wp\/v2\/product_tag?post=6822"}],"curies":[{"name":"wp","href":"https:\/\/api.w.org\/{rel}","templated":true}]}}