{"id":6824,"date":"2025-07-03T12:41:52","date_gmt":"2025-07-03T11:41:52","guid":{"rendered":"https:\/\/ecl-pisarka.pl\/?post_type=product&#038;p=6824"},"modified":"2025-11-17T13:16:50","modified_gmt":"2025-11-17T12:16:50","slug":"ksiazka-kawaler-do-wziecia","status":"publish","type":"product","link":"https:\/\/ecl-pisarka.pl\/index.php\/produkt\/ksiazka-kawaler-do-wziecia\/","title":{"rendered":"ksi\u0105\u017cka KAWALER DO WZI\u0118CIA Ewelina C Lisowska"},"content":{"rendered":"<h2><strong>ksi\u0105\u017cka KAWALER DO WZI\u0118CIA <\/strong><\/h2>\n<h2>Druk na \u017cyczenie<\/h2>\n<p>&#x2b50;Ewelina C. Lisowska<\/p>\n<p>&#x2b50;komedia romantyczna<\/p>\n<p>&#x2b50;Wydawnictwo Romanse<\/p>\n<p>&#x1f525;PREMIERA 31 sierpnia 2025&#x1f525;<\/p>\n<p>&nbsp;<\/p>\n<h2>KSI\u0104\u017bKA W DRUKU NA \u017bYCZENIE<\/h2>\n<p><a href=\"https:\/\/ridero.eu\/pl\/books\/kawaler_do_wziecia\/\" target=\"_blank\" rel=\"noopener\">Ridero<\/a><\/p>\n<p><a href=\"https:\/\/www.amazon.pl\/dp\/B0FJ5GS1MX\" target=\"_blank\" rel=\"noopener\">Amazon<\/a><\/p>\n<p><img loading=\"lazy\" decoding=\"async\" class=\"alignnone wp-image-6837 size-full\" src=\"https:\/\/ecl-pisarka.pl\/wp-content\/uploads\/2025\/07\/1-1.jpg\" alt=\"ewelina c lisowska kawaler do wzi\u0119cia\" width=\"1640\" height=\"924\" srcset=\"https:\/\/ecl-pisarka.pl\/wp-content\/uploads\/2025\/07\/1-1.jpg 1640w, https:\/\/ecl-pisarka.pl\/wp-content\/uploads\/2025\/07\/1-1-300x169.jpg 300w, https:\/\/ecl-pisarka.pl\/wp-content\/uploads\/2025\/07\/1-1-1024x577.jpg 1024w, https:\/\/ecl-pisarka.pl\/wp-content\/uploads\/2025\/07\/1-1-768x433.jpg 768w, https:\/\/ecl-pisarka.pl\/wp-content\/uploads\/2025\/07\/1-1-1536x865.jpg 1536w, https:\/\/ecl-pisarka.pl\/wp-content\/uploads\/2025\/07\/1-1-600x338.jpg 600w\" sizes=\"auto, (max-width: 1640px) 100vw, 1640px\" \/><\/p>\n<p><strong>Zobacz tak\u017ce:<\/strong><\/p>\n<p><a href=\"https:\/\/ecl-pisarka.pl\/index.php\/produkt\/pdf-kawaler-do-wziecia\/\">ebook PDF<\/a><\/p>\n<p><a href=\"https:\/\/ecl-pisarka.pl\/index.php\/produkt\/mobi-kawaler-do-wziecia\/\">ebook Mobi<\/a><\/p>\n<p><a href=\"https:\/\/ecl-pisarka.pl\/index.php\/produkt\/ebook-kawaler-do-wziecia\/\">ebook ePUB<\/a><\/p>\n<p><a href=\"https:\/\/allegrolokalnie.pl\/oferta\/ewelina-c-lisowska-kawalerd-do-wziecia-ksiazka-komedia-romantyczna-romans\" target=\"_blank\" rel=\"noopener\">ksi\u0105\u017cka Allegro<\/a><\/p>\n<p>&nbsp;<\/p>\n","protected":false},"excerpt":{"rendered":"<h1 style=\"text-align: center;\">\u00a0ksi\u0105\u017cka KAWALER DO WZI\u0118CIA<\/h1>\n<h2 style=\"text-align: center;\">Ewelina C Lisowska<\/h2>\n<p style=\"text-align: center;\"><strong>komedia romantyczna<\/strong><\/p>\n<p>KAWALER DO WZI\u0118CIA to druga z seksownych komedii romantycznych autorstwa pisarki romans\u00f3w Eweliny C Lisowskiej. Po 49 WESTCHNIENIACH TECI przyszed\u0142 czas na komedi\u0119 pe\u0142n\u0105 seksafer, potocznego s\u0142ownictwa i pechowych zdarze\u0144. Ksi\u0105\u017cka opowiada o wiejskim mechaniku Tadeuszu Gamoniu, kt\u00f3ry zakochuje si\u0119 w Samanthcie (kt\u00f3ra tak naprawd\u0119 ma na imi\u0119 Monika), erotycznej modelce z gazety \u015aWIAT M\u0118SKICH PRAGNIE\u0143. Dziewczyna przyje\u017cd\u017ca do K\u0142opot\u00f3w Dolnych, aby zacz\u0105\u0107 tam ca\u0142kiem nowe \u017cycie, z nadziej\u0105, \u017ce nikt jej tam nie rozpozna. Ju\u017c pierwszego dnia poznaje Tadka i chce czy nie, zostaje skazana na pomoc dobrego i pracowitego kawalera.<\/p>\n<p>Lecz czy Gamo\u0144, oka\u017ce si\u0119 prawdziwym \u201egamoniem\u201d? Przed Monik\u0105 wiele przeciwno\u015bci losu. Przed Tadkiem za\u015b wiele przeszk\u00f3d do pokonania, aby zdoby\u0107 serce ukochanej. Monika ma ch\u0142opaka, w dodatku jest uprzedzona do ch\u0142opak\u00f3w takich jak Tadek.<\/p>\n<p>&nbsp;<\/p>\n<p>KAWALER DO WZI\u0118CIA to ksi\u0105\u017cka dla Czytelniczek i Czytelnik\u00f3w 18+! Inspirowana jest reality show Polsatu pt. CH\u0141OPAKI DO WZI\u0118CIA. Komedia ma za zadanie obala\u0107 krzywdz\u0105ce stereotypy, lecz podczas czytania przyda si\u0119 stosowna dawka dystansu. Przeczytaj do ko\u0144ca, zanim ocenisz.<\/p>\n<p>&#x1f4d7;<a href=\"https:\/\/www.youtube.com\/watch?v=SKy55qqO2sc&amp;list=PL-Wfhy80J6Ik8MOX74fgF1-JSW1yhmEwX\">Odwied\u017a nasz YouTube, aby przeczyta\u0107 cytaty z komedii romantycznej KAWALER DO WZI\u0118CIA.<\/a>&#x1f4d7;<\/p>\n","protected":false},"featured_media":6825,"template":"","meta":[],"product_brand":[],"product_cat":[308,273],"product_tag":[50,137,309,271],"class_list":{"0":"post-6824","1":"product","2":"type-product","3":"status-publish","4":"has-post-thumbnail","6":"product_cat-kawaler-do-wziecia","7":"product_cat-komedia-romantyczna","8":"product_tag-ebook","9":"product_tag-ebook-pdf","10":"product_tag-kawaler-do-wziecia","11":"product_tag-komedia-romantyczna","13":"first","14":"instock","15":"taxable","16":"shipping-taxable","17":"product-type-simple"},"_links":{"self":[{"href":"https:\/\/ecl-pisarka.pl\/index.php\/wp-json\/wp\/v2\/product\/6824","targetHints":{"allow":["GET"]}}],"collection":[{"href":"https:\/\/ecl-pisarka.pl\/index.php\/wp-json\/wp\/v2\/product"}],"about":[{"href":"https:\/\/ecl-pisarka.pl\/index.php\/wp-json\/wp\/v2\/types\/product"}],"wp:featuredmedia":[{"embeddable":true,"href":"https:\/\/ecl-pisarka.pl\/index.php\/wp-json\/wp\/v2\/media\/6825"}],"wp:attachment":[{"href":"https:\/\/ecl-pisarka.pl\/index.php\/wp-json\/wp\/v2\/media?parent=6824"}],"wp:term":[{"taxonomy":"product_brand","embeddable":true,"href":"https:\/\/ecl-pisarka.pl\/index.php\/wp-json\/wp\/v2\/product_brand?post=6824"},{"taxonomy":"product_cat","embeddable":true,"href":"https:\/\/ecl-pisarka.pl\/index.php\/wp-json\/wp\/v2\/product_cat?post=6824"},{"taxonomy":"product_tag","embeddable":true,"href":"https:\/\/ecl-pisarka.pl\/index.php\/wp-json\/wp\/v2\/product_tag?post=6824"}],"curies":[{"name":"wp","href":"https:\/\/api.w.org\/{rel}","templated":true}]}}