{"id":7255,"date":"2025-12-05T10:59:33","date_gmt":"2025-12-05T09:59:33","guid":{"rendered":"https:\/\/ecl-pisarka.pl\/?post_type=product&#038;p=7255"},"modified":"2025-12-05T11:00:00","modified_gmt":"2025-12-05T10:00:00","slug":"zakazany-maz","status":"publish","type":"product","link":"https:\/\/ecl-pisarka.pl\/index.php\/produkt\/zakazany-maz\/","title":{"rendered":"ZAKAZANY M\u0104\u017b Ewelina C Lisowska PDF"},"content":{"rendered":"<h2 style=\"text-align: center;\">Ewelina C Lisowska<\/h2>\n<h2 style=\"text-align: center;\">ZAKAZANY M\u0104\u017b<\/h2>\n<p style=\"text-align: center;\">Seria Mi\u0142osny Hiatus tom. 1.<\/p>\n<p><img loading=\"lazy\" decoding=\"async\" class=\"wp-image-7256 size-full\" src=\"https:\/\/ecl-pisarka.pl\/wp-content\/uploads\/2025\/11\/3-1.jpg\" alt=\"Zakazany m\u0105\u017c Ewelina C Lisowska\" width=\"2560\" height=\"1440\" srcset=\"https:\/\/ecl-pisarka.pl\/wp-content\/uploads\/2025\/11\/3-1.jpg 2560w, https:\/\/ecl-pisarka.pl\/wp-content\/uploads\/2025\/11\/3-1-300x169.jpg 300w, https:\/\/ecl-pisarka.pl\/wp-content\/uploads\/2025\/11\/3-1-1024x576.jpg 1024w, https:\/\/ecl-pisarka.pl\/wp-content\/uploads\/2025\/11\/3-1-768x432.jpg 768w, https:\/\/ecl-pisarka.pl\/wp-content\/uploads\/2025\/11\/3-1-1536x864.jpg 1536w, https:\/\/ecl-pisarka.pl\/wp-content\/uploads\/2025\/11\/3-1-2048x1152.jpg 2048w, https:\/\/ecl-pisarka.pl\/wp-content\/uploads\/2025\/11\/3-1-600x338.jpg 600w\" sizes=\"auto, (max-width: 2560px) 100vw, 2560px\" \/><\/p>\n<p>&nbsp;<\/p>\n<p>&nbsp;<\/p>\n<p>&nbsp;<\/p>\n","protected":false},"excerpt":{"rendered":"<p><strong>Ewelina C Lisowska<\/strong><\/p>\n<p><strong>ZAKAZANY M\u0104\u017b<\/strong><\/p>\n<p><strong>seria Mi\u0142osny Hiatus<\/strong><\/p>\n<p><strong>romans erotyczny<\/strong><\/p>\n<p><strong>Premiera 6 grudnia 2025<\/strong><\/p>\n<p><strong>Wydawnictwo Romanse<\/strong><\/p>\n<p>&nbsp;<\/p>\n<p><a href=\"https:\/\/ecl-pisarka.pl\/index.php\/produkt\/ebook-zakazany-maz\/\">Ebook Mobi<\/a><\/p>\n<p><a href=\"https:\/\/ridero.eu\/pl\/books\/zakazany_maz\/\">Druk Ridero Ksi\u0105\u017cki<\/a><\/p>\n<p>Druk Amazon<\/p>\n<p>&nbsp;<\/p>\n<h1>O czym jest ZAKAZNY M\u0104\u017b?<\/h1>\n<p>Romanse wsp\u00f3\u0142czesny okraszony scenami erotycznymi &#8211; dla czytelnik\u00f3w 18+. Historia Elizy (17 lat), kt\u00f3ra sp\u0119dzi\u0142a trzy lata w szkole prowadzonej przez zakonnice. Dziewczyna staje przed wyborem: zakon lub \u015blub z rozs\u0105dku. Kandydatem na m\u0119\u017ca jest Albert, kt\u00f3ry jest gejem. Albert musi wzi\u0105\u0107 \u015blub, \u017ceby zachowa\u0107 pozory normalno\u015bci w otaczaj\u0105cym go \u015bwiecie. Eliza musi dostosowa\u0107 si\u0119 do Kodeksu post\u0119powania i spe\u0142ni\u0107 wiele warunk\u00f3w Alberta. Jak na nieszcz\u0119\u015bcie Eliza zakochuje si\u0119 w swoim m\u0119\u017cu. Mi\u0142o\u015b\u0107 nie do spe\u0142nienia? Poczekajcie!<\/p>\n<p>Ka\u017cdego dnia Eliza coraz lepiej poznaje Alberta i przekonuje si\u0119, \u017ce skrywa on wiele tajemnic. Kim tak naprawd\u0119 jest Albert Broll?<\/p>\n<h2>Czym jest seria Mi\u0142osny Hiatus?<\/h2>\n<p>Hiatus to s\u0142owo, kt\u00f3re oznacza przerw\u0119. Jest to tak\u017ce rzadko wyst\u0119puj\u0105ce po\u0142\u0105czenie dw\u00f3ch samog\u0142osek w wyrazie. Zatem Mi\u0142osny Hiatus mo\u017cna rozumie\u0107 jako przerw\u0119 na ksi\u0105\u017ck\u0119 o mi\u0142o\u015bci. Mo\u017ce to by\u0107 tak\u017ce nawi\u0105zanie do historii g\u0142\u00f3wnych bohater\u00f3w. Bo musia\u0142 nast\u0105pi\u0107 hiatus, \u017ceby w tym szalonym \u015bwiecie po\u0142\u0105czy\u0142y si\u0119 tak pasuj\u0105ce do siebie, dwie r\u00f3\u017cne osoby.<\/p>\n<p><strong><a href=\"https:\/\/www.youtube.com\/watch?v=rXjb3aK4yGI\">Pos\u0142uchaj fragmentu ksi\u0105\u017cki<\/a><\/strong><\/p>\n<p>&nbsp;<\/p>\n","protected":false},"featured_media":7257,"template":"","meta":[],"product_brand":[],"product_cat":[317],"product_tag":[50,137,166],"class_list":{"0":"post-7255","1":"product","2":"type-product","3":"status-publish","4":"has-post-thumbnail","6":"product_cat-zakazany-maz","7":"product_tag-ebook","8":"product_tag-ebook-pdf","9":"product_tag-romans-wspolczesny","11":"first","12":"instock","13":"taxable","14":"shipping-taxable","15":"purchasable","16":"product-type-simple"},"_links":{"self":[{"href":"https:\/\/ecl-pisarka.pl\/index.php\/wp-json\/wp\/v2\/product\/7255","targetHints":{"allow":["GET"]}}],"collection":[{"href":"https:\/\/ecl-pisarka.pl\/index.php\/wp-json\/wp\/v2\/product"}],"about":[{"href":"https:\/\/ecl-pisarka.pl\/index.php\/wp-json\/wp\/v2\/types\/product"}],"wp:featuredmedia":[{"embeddable":true,"href":"https:\/\/ecl-pisarka.pl\/index.php\/wp-json\/wp\/v2\/media\/7257"}],"wp:attachment":[{"href":"https:\/\/ecl-pisarka.pl\/index.php\/wp-json\/wp\/v2\/media?parent=7255"}],"wp:term":[{"taxonomy":"product_brand","embeddable":true,"href":"https:\/\/ecl-pisarka.pl\/index.php\/wp-json\/wp\/v2\/product_brand?post=7255"},{"taxonomy":"product_cat","embeddable":true,"href":"https:\/\/ecl-pisarka.pl\/index.php\/wp-json\/wp\/v2\/product_cat?post=7255"},{"taxonomy":"product_tag","embeddable":true,"href":"https:\/\/ecl-pisarka.pl\/index.php\/wp-json\/wp\/v2\/product_tag?post=7255"}],"curies":[{"name":"wp","href":"https:\/\/api.w.org\/{rel}","templated":true}]}}